{"id":2298750,"date":"2024-10-15T06:00:23","date_gmt":"2024-10-15T03:00:23","guid":{"rendered":"https:\/\/horticom.ee\/e-pood\/toode\/pesakast-kuldnokk-17-x-15-x-32cm\/"},"modified":"2026-04-24T03:03:15","modified_gmt":"2026-04-24T00:03:15","slug":"pesakast-kuldnokk-17-x-15-x-32cm","status":"publish","type":"product","link":"https:\/\/horticom.ee\/e-pood\/ru\/toode\/pesakast-kuldnokk-17-x-15-x-32cm\/","title":{"rendered":"Pesakast Kuldnokk 17 x 15 x 32cm"},"content":{"rendered":"<p>Pesakast lindudele Kuldnokk, viltuse katusega suunaga ava ette, heledast okaspuu puidust. Ava suurus ca 5cm. Kasti k\u00f5rgus p\u00f5hjast katuse k\u00f5rgeima tipuni 32cm. Kasti p\u00f5hi puhastamiseks avatav, kinnitatud v\u00e4ikese kruviga.<\/p>\n","protected":false},"excerpt":{"rendered":"<p>Pesakast lindudele Kuldnokk, viltuse katusega suunaga ava ette, heledast okaspuu puidust. Ava suurus ca 5cm. Kasti k\u00f5rgus p\u00f5hjast katuse k\u00f5rgeima tipuni 32cm. Kasti p\u00f5hi puhastamiseks avatav, kinnitatud v\u00e4ikese kruviga.<\/p>\n","protected":false},"featured_media":2378470,"comment_status":"closed","ping_status":"closed","template":"","meta":{"_themeisle_gutenberg_block_has_review":false},"product_cat":[13402],"product_tag":[],"class_list":{"0":"post-2298750","1":"product","2":"type-product","3":"status-publish","4":"has-post-thumbnail","6":"product_cat-linnupesakastid","8":"first","9":"instock","10":"shipping-taxable","11":"purchasable","12":"product-type-simple"},"yoast_head":"<!-- This site is optimized with the Yoast SEO plugin v24.0 - https:\/\/yoast.com\/wordpress\/plugins\/seo\/ -->\n<title>Pesakast Kuldnokk 17 x 15 x 32cm - Horticom<\/title>\n<meta name=\"robots\" content=\"index, follow, max-snippet:-1, max-image-preview:large, max-video-preview:-1\" \/>\n<link rel=\"canonical\" href=\"https:\/\/horticom.ee\/e-pood\/toode\/pesakast-kuldnokk-17-x-15-x-32cm\/\" \/>\n<meta property=\"og:locale\" content=\"ru_RU\" \/>\n<meta property=\"og:type\" content=\"article\" \/>\n<meta property=\"og:title\" content=\"Pesakast Kuldnokk 17 x 15 x 32cm - Horticom\" \/>\n<meta property=\"og:description\" content=\"Pesakast lindudele Kuldnokk, viltuse katusega suunaga ava ette, heledast okaspuu puidust. Ava suurus ca 5cm. Kasti k\u00f5rgus p\u00f5hjast katuse k\u00f5rgeima tipuni 32cm. Kasti p\u00f5hi puhastamiseks avatav, kinnitatud v\u00e4ikese kruviga.\" \/>\n<meta property=\"og:url\" content=\"https:\/\/horticom.ee\/e-pood\/toode\/pesakast-kuldnokk-17-x-15-x-32cm\/\" \/>\n<meta property=\"og:site_name\" content=\"Horticom.ee\" \/>\n<meta property=\"article:publisher\" content=\"https:\/\/www.facebook.com\/horticom.ee\/e-pood\" \/>\n<meta property=\"article:modified_time\" content=\"2026-04-24T00:03:15+00:00\" \/>\n<meta property=\"og:image\" content=\"https:\/\/horticom.ee\/e-pood\/wp-content\/uploads\/importedmedia\/product-2298750_0-147063.jpg\" \/>\n\t<meta property=\"og:image:width\" content=\"999\" \/>\n\t<meta property=\"og:image:height\" content=\"1328\" \/>\n\t<meta property=\"og:image:type\" content=\"image\/jpeg\" \/>\n<meta name=\"twitter:card\" content=\"summary_large_image\" \/>\n<script type=\"application\/ld+json\" class=\"yoast-schema-graph\">{\"@context\":\"https:\/\/schema.org\",\"@graph\":[{\"@type\":\"WebPage\",\"@id\":\"https:\/\/horticom.ee\/e-pood\/toode\/pesakast-kuldnokk-17-x-15-x-32cm\/\",\"url\":\"https:\/\/horticom.ee\/e-pood\/toode\/pesakast-kuldnokk-17-x-15-x-32cm\/\",\"name\":\"Pesakast Kuldnokk 17 x 15 x 32cm - Horticom\",\"isPartOf\":{\"@id\":\"https:\/\/horticom.ee\/e-pood\/#website\"},\"primaryImageOfPage\":{\"@id\":\"https:\/\/horticom.ee\/e-pood\/toode\/pesakast-kuldnokk-17-x-15-x-32cm\/#primaryimage\"},\"image\":{\"@id\":\"https:\/\/horticom.ee\/e-pood\/toode\/pesakast-kuldnokk-17-x-15-x-32cm\/#primaryimage\"},\"thumbnailUrl\":\"https:\/\/horticom.ee\/e-pood\/wp-content\/uploads\/importedmedia\/product-2298750_0-147063.jpg\",\"datePublished\":\"2024-10-15T03:00:23+00:00\",\"dateModified\":\"2026-04-24T00:03:15+00:00\",\"breadcrumb\":{\"@id\":\"https:\/\/horticom.ee\/e-pood\/toode\/pesakast-kuldnokk-17-x-15-x-32cm\/#breadcrumb\"},\"inLanguage\":\"ru-RU\",\"potentialAction\":[{\"@type\":\"ReadAction\",\"target\":[\"https:\/\/horticom.ee\/e-pood\/toode\/pesakast-kuldnokk-17-x-15-x-32cm\/\"]}]},{\"@type\":\"ImageObject\",\"inLanguage\":\"ru-RU\",\"@id\":\"https:\/\/horticom.ee\/e-pood\/toode\/pesakast-kuldnokk-17-x-15-x-32cm\/#primaryimage\",\"url\":\"https:\/\/horticom.ee\/e-pood\/wp-content\/uploads\/importedmedia\/product-2298750_0-147063.jpg\",\"contentUrl\":\"https:\/\/horticom.ee\/e-pood\/wp-content\/uploads\/importedmedia\/product-2298750_0-147063.jpg\",\"width\":999,\"height\":1328},{\"@type\":\"BreadcrumbList\",\"@id\":\"https:\/\/horticom.ee\/e-pood\/toode\/pesakast-kuldnokk-17-x-15-x-32cm\/#breadcrumb\",\"itemListElement\":[{\"@type\":\"ListItem\",\"position\":1,\"name\":\"Home\",\"item\":\"https:\/\/horticom.ee\/e-pood\/\"},{\"@type\":\"ListItem\",\"position\":2,\"name\":\"Pood\",\"item\":\"https:\/\/horticom.ee\/e-pood\/pood\/\"},{\"@type\":\"ListItem\",\"position\":3,\"name\":\"Pesakast Kuldnokk 17 x 15 x 32cm\"}]},{\"@type\":\"WebSite\",\"@id\":\"https:\/\/horticom.ee\/e-pood\/#website\",\"url\":\"https:\/\/horticom.ee\/e-pood\/\",\"name\":\"Horticom.ee\",\"description\":\"Aianduskaubad ja kodukaubad nii harrastajatele kui professionaalidele\",\"potentialAction\":[{\"@type\":\"SearchAction\",\"target\":{\"@type\":\"EntryPoint\",\"urlTemplate\":\"https:\/\/horticom.ee\/e-pood\/?s={search_term_string}\"},\"query-input\":{\"@type\":\"PropertyValueSpecification\",\"valueRequired\":true,\"valueName\":\"search_term_string\"}}],\"inLanguage\":\"ru-RU\"}]}<\/script>\n<!-- \/ Yoast SEO plugin. -->","yoast_head_json":{"title":"Pesakast Kuldnokk 17 x 15 x 32cm - Horticom","robots":{"index":"index","follow":"follow","max-snippet":"max-snippet:-1","max-image-preview":"max-image-preview:large","max-video-preview":"max-video-preview:-1"},"canonical":"https:\/\/horticom.ee\/e-pood\/toode\/pesakast-kuldnokk-17-x-15-x-32cm\/","og_locale":"ru_RU","og_type":"article","og_title":"Pesakast Kuldnokk 17 x 15 x 32cm - Horticom","og_description":"Pesakast lindudele Kuldnokk, viltuse katusega suunaga ava ette, heledast okaspuu puidust. Ava suurus ca 5cm. Kasti k\u00f5rgus p\u00f5hjast katuse k\u00f5rgeima tipuni 32cm. Kasti p\u00f5hi puhastamiseks avatav, kinnitatud v\u00e4ikese kruviga.","og_url":"https:\/\/horticom.ee\/e-pood\/toode\/pesakast-kuldnokk-17-x-15-x-32cm\/","og_site_name":"Horticom.ee","article_publisher":"https:\/\/www.facebook.com\/horticom.ee\/e-pood","article_modified_time":"2026-04-24T00:03:15+00:00","og_image":[{"width":999,"height":1328,"url":"https:\/\/horticom.ee\/e-pood\/wp-content\/uploads\/importedmedia\/product-2298750_0-147063.jpg","type":"image\/jpeg"}],"twitter_card":"summary_large_image","schema":{"@context":"https:\/\/schema.org","@graph":[{"@type":"WebPage","@id":"https:\/\/horticom.ee\/e-pood\/toode\/pesakast-kuldnokk-17-x-15-x-32cm\/","url":"https:\/\/horticom.ee\/e-pood\/toode\/pesakast-kuldnokk-17-x-15-x-32cm\/","name":"Pesakast Kuldnokk 17 x 15 x 32cm - Horticom","isPartOf":{"@id":"https:\/\/horticom.ee\/e-pood\/#website"},"primaryImageOfPage":{"@id":"https:\/\/horticom.ee\/e-pood\/toode\/pesakast-kuldnokk-17-x-15-x-32cm\/#primaryimage"},"image":{"@id":"https:\/\/horticom.ee\/e-pood\/toode\/pesakast-kuldnokk-17-x-15-x-32cm\/#primaryimage"},"thumbnailUrl":"https:\/\/horticom.ee\/e-pood\/wp-content\/uploads\/importedmedia\/product-2298750_0-147063.jpg","datePublished":"2024-10-15T03:00:23+00:00","dateModified":"2026-04-24T00:03:15+00:00","breadcrumb":{"@id":"https:\/\/horticom.ee\/e-pood\/toode\/pesakast-kuldnokk-17-x-15-x-32cm\/#breadcrumb"},"inLanguage":"ru-RU","potentialAction":[{"@type":"ReadAction","target":["https:\/\/horticom.ee\/e-pood\/toode\/pesakast-kuldnokk-17-x-15-x-32cm\/"]}]},{"@type":"ImageObject","inLanguage":"ru-RU","@id":"https:\/\/horticom.ee\/e-pood\/toode\/pesakast-kuldnokk-17-x-15-x-32cm\/#primaryimage","url":"https:\/\/horticom.ee\/e-pood\/wp-content\/uploads\/importedmedia\/product-2298750_0-147063.jpg","contentUrl":"https:\/\/horticom.ee\/e-pood\/wp-content\/uploads\/importedmedia\/product-2298750_0-147063.jpg","width":999,"height":1328},{"@type":"BreadcrumbList","@id":"https:\/\/horticom.ee\/e-pood\/toode\/pesakast-kuldnokk-17-x-15-x-32cm\/#breadcrumb","itemListElement":[{"@type":"ListItem","position":1,"name":"Home","item":"https:\/\/horticom.ee\/e-pood\/"},{"@type":"ListItem","position":2,"name":"Pood","item":"https:\/\/horticom.ee\/e-pood\/pood\/"},{"@type":"ListItem","position":3,"name":"Pesakast Kuldnokk 17 x 15 x 32cm"}]},{"@type":"WebSite","@id":"https:\/\/horticom.ee\/e-pood\/#website","url":"https:\/\/horticom.ee\/e-pood\/","name":"Horticom.ee","description":"Aianduskaubad ja kodukaubad nii harrastajatele kui professionaalidele","potentialAction":[{"@type":"SearchAction","target":{"@type":"EntryPoint","urlTemplate":"https:\/\/horticom.ee\/e-pood\/?s={search_term_string}"},"query-input":{"@type":"PropertyValueSpecification","valueRequired":true,"valueName":"search_term_string"}}],"inLanguage":"ru-RU"}]}},"_links":{"self":[{"href":"https:\/\/horticom.ee\/e-pood\/ru\/wp-json\/wp\/v2\/product\/2298750","targetHints":{"allow":["GET"]}}],"collection":[{"href":"https:\/\/horticom.ee\/e-pood\/ru\/wp-json\/wp\/v2\/product"}],"about":[{"href":"https:\/\/horticom.ee\/e-pood\/ru\/wp-json\/wp\/v2\/types\/product"}],"replies":[{"embeddable":true,"href":"https:\/\/horticom.ee\/e-pood\/ru\/wp-json\/wp\/v2\/comments?post=2298750"}],"wp:featuredmedia":[{"embeddable":true,"href":"https:\/\/horticom.ee\/e-pood\/ru\/wp-json\/wp\/v2\/media\/2378470"}],"wp:attachment":[{"href":"https:\/\/horticom.ee\/e-pood\/ru\/wp-json\/wp\/v2\/media?parent=2298750"}],"wp:term":[{"taxonomy":"product_cat","embeddable":true,"href":"https:\/\/horticom.ee\/e-pood\/ru\/wp-json\/wp\/v2\/product_cat?post=2298750"},{"taxonomy":"product_tag","embeddable":true,"href":"https:\/\/horticom.ee\/e-pood\/ru\/wp-json\/wp\/v2\/product_tag?post=2298750"}],"curies":[{"name":"wp","href":"https:\/\/api.w.org\/{rel}","templated":true}]}}