{"id":2298838,"date":"2024-10-15T06:00:38","date_gmt":"2024-10-15T03:00:38","guid":{"rendered":"https:\/\/horticom.ee\/e-pood\/toode\/umbrispott-miu-d-9cm-045l-elevandiluu\/"},"modified":"2026-05-02T03:06:25","modified_gmt":"2026-05-02T00:06:25","slug":"umbrispott-miu-d-9cm-045l-elevandiluu","status":"publish","type":"product","link":"https:\/\/horticom.ee\/e-pood\/ru\/toode\/umbrispott-miu-d-9cm-045l-elevandiluu\/","title":{"rendered":"\u00dcmbrispott Miu d 9cm 0,45L elevandiluu"},"content":{"rendered":"<p>\u00dcmbrispott Miu on valmistatud kergest ja vastupidavast plastikust. Sobib h\u00e4sti v\u00e4ikeste kaktuste \u00fcmbrispotiks. Saadaval erinevad v\u00e4rvivalikud, mis kaunistavad sinu kodu. Pott on veereservuaariga, t\u00e4nu millele saab taim alati k\u00e4tte vajaliku vee. 100% taast\u00f6\u00f6deldav, kerge ja p\u00f5rutuskindel. UV-kindel ja kannatab kuni  -20 \u00b0C k\u00fclma.<\/p>\n","protected":false},"excerpt":{"rendered":"<p>\u00dcmbrispott Miu on valmistatud kergest ja vastupidavast plastikust. Sobib h\u00e4sti v\u00e4ikeste kaktuste \u00fcmbrispotiks. Saadaval erinevad v\u00e4rvivalikud, mis kaunistavad sinu kodu. Pott on veereservuaariga, t\u00e4nu millele saab taim alati k\u00e4tte vajaliku vee. 100% taast\u00f6\u00f6deldav, kerge ja p\u00f5rutuskindel. UV-kindel ja kannatab kuni -20 \u00b0C k\u00fclma.<\/p>\n","protected":false},"featured_media":2381872,"comment_status":"closed","ping_status":"closed","template":"","meta":{"_themeisle_gutenberg_block_has_review":false},"product_cat":[18563,14994],"product_tag":[],"class_list":{"0":"post-2298838","1":"product","2":"type-product","3":"status-publish","4":"has-post-thumbnail","6":"product_cat-lopumuugitooted","7":"product_cat-plastikust-umbrispotid","9":"first","10":"instock","11":"sale","12":"shipping-taxable","13":"purchasable","14":"product-type-simple"},"yoast_head":"<!-- This site is optimized with the Yoast SEO plugin v24.0 - https:\/\/yoast.com\/wordpress\/plugins\/seo\/ -->\n<title>\u00dcmbrispott Miu d 9cm 0,45L elevandiluu - Horticom<\/title>\n<meta name=\"robots\" content=\"index, follow, max-snippet:-1, max-image-preview:large, max-video-preview:-1\" \/>\n<link rel=\"canonical\" href=\"https:\/\/horticom.ee\/e-pood\/toode\/umbrispott-miu-d-9cm-045l-elevandiluu\/\" \/>\n<meta property=\"og:locale\" content=\"ru_RU\" \/>\n<meta property=\"og:type\" content=\"article\" \/>\n<meta property=\"og:title\" content=\"\u00dcmbrispott Miu d 9cm 0,45L elevandiluu - Horticom\" \/>\n<meta property=\"og:description\" content=\"\u00dcmbrispott Miu on valmistatud kergest ja vastupidavast plastikust. Sobib h\u00e4sti v\u00e4ikeste kaktuste \u00fcmbrispotiks. Saadaval erinevad v\u00e4rvivalikud, mis kaunistavad sinu kodu. Pott on veereservuaariga, t\u00e4nu millele saab taim alati k\u00e4tte vajaliku vee. 100% taast\u00f6\u00f6deldav, kerge ja p\u00f5rutuskindel. UV-kindel ja kannatab kuni -20 \u00b0C k\u00fclma.\" \/>\n<meta property=\"og:url\" content=\"https:\/\/horticom.ee\/e-pood\/toode\/umbrispott-miu-d-9cm-045l-elevandiluu\/\" \/>\n<meta property=\"og:site_name\" content=\"Horticom.ee\" \/>\n<meta property=\"article:publisher\" content=\"https:\/\/www.facebook.com\/horticom.ee\/e-pood\" \/>\n<meta property=\"article:modified_time\" content=\"2026-05-02T00:06:25+00:00\" \/>\n<meta property=\"og:image\" content=\"https:\/\/horticom.ee\/e-pood\/wp-content\/uploads\/importedmedia\/product-2298838_0-284069.jpg\" \/>\n\t<meta property=\"og:image:width\" content=\"999\" \/>\n\t<meta property=\"og:image:height\" content=\"666\" \/>\n\t<meta property=\"og:image:type\" content=\"image\/jpeg\" \/>\n<meta name=\"twitter:card\" content=\"summary_large_image\" \/>\n<script type=\"application\/ld+json\" class=\"yoast-schema-graph\">{\"@context\":\"https:\/\/schema.org\",\"@graph\":[{\"@type\":\"WebPage\",\"@id\":\"https:\/\/horticom.ee\/e-pood\/toode\/umbrispott-miu-d-9cm-045l-elevandiluu\/\",\"url\":\"https:\/\/horticom.ee\/e-pood\/toode\/umbrispott-miu-d-9cm-045l-elevandiluu\/\",\"name\":\"\u00dcmbrispott Miu d 9cm 0,45L elevandiluu - Horticom\",\"isPartOf\":{\"@id\":\"https:\/\/horticom.ee\/e-pood\/#website\"},\"primaryImageOfPage\":{\"@id\":\"https:\/\/horticom.ee\/e-pood\/toode\/umbrispott-miu-d-9cm-045l-elevandiluu\/#primaryimage\"},\"image\":{\"@id\":\"https:\/\/horticom.ee\/e-pood\/toode\/umbrispott-miu-d-9cm-045l-elevandiluu\/#primaryimage\"},\"thumbnailUrl\":\"https:\/\/horticom.ee\/e-pood\/wp-content\/uploads\/importedmedia\/product-2298838_0-284069.jpg\",\"datePublished\":\"2024-10-15T03:00:38+00:00\",\"dateModified\":\"2026-05-02T00:06:25+00:00\",\"breadcrumb\":{\"@id\":\"https:\/\/horticom.ee\/e-pood\/toode\/umbrispott-miu-d-9cm-045l-elevandiluu\/#breadcrumb\"},\"inLanguage\":\"ru-RU\",\"potentialAction\":[{\"@type\":\"ReadAction\",\"target\":[\"https:\/\/horticom.ee\/e-pood\/toode\/umbrispott-miu-d-9cm-045l-elevandiluu\/\"]}]},{\"@type\":\"ImageObject\",\"inLanguage\":\"ru-RU\",\"@id\":\"https:\/\/horticom.ee\/e-pood\/toode\/umbrispott-miu-d-9cm-045l-elevandiluu\/#primaryimage\",\"url\":\"https:\/\/horticom.ee\/e-pood\/wp-content\/uploads\/importedmedia\/product-2298838_0-284069.jpg\",\"contentUrl\":\"https:\/\/horticom.ee\/e-pood\/wp-content\/uploads\/importedmedia\/product-2298838_0-284069.jpg\",\"width\":999,\"height\":666},{\"@type\":\"BreadcrumbList\",\"@id\":\"https:\/\/horticom.ee\/e-pood\/toode\/umbrispott-miu-d-9cm-045l-elevandiluu\/#breadcrumb\",\"itemListElement\":[{\"@type\":\"ListItem\",\"position\":1,\"name\":\"Home\",\"item\":\"https:\/\/horticom.ee\/e-pood\/\"},{\"@type\":\"ListItem\",\"position\":2,\"name\":\"Pood\",\"item\":\"https:\/\/horticom.ee\/e-pood\/pood\/\"},{\"@type\":\"ListItem\",\"position\":3,\"name\":\"\u00dcmbrispott Miu d 9cm 0,45L elevandiluu\"}]},{\"@type\":\"WebSite\",\"@id\":\"https:\/\/horticom.ee\/e-pood\/#website\",\"url\":\"https:\/\/horticom.ee\/e-pood\/\",\"name\":\"Horticom.ee\",\"description\":\"Aianduskaubad ja kodukaubad nii harrastajatele kui professionaalidele\",\"potentialAction\":[{\"@type\":\"SearchAction\",\"target\":{\"@type\":\"EntryPoint\",\"urlTemplate\":\"https:\/\/horticom.ee\/e-pood\/?s={search_term_string}\"},\"query-input\":{\"@type\":\"PropertyValueSpecification\",\"valueRequired\":true,\"valueName\":\"search_term_string\"}}],\"inLanguage\":\"ru-RU\"}]}<\/script>\n<!-- \/ Yoast SEO plugin. -->","yoast_head_json":{"title":"\u00dcmbrispott Miu d 9cm 0,45L elevandiluu - Horticom","robots":{"index":"index","follow":"follow","max-snippet":"max-snippet:-1","max-image-preview":"max-image-preview:large","max-video-preview":"max-video-preview:-1"},"canonical":"https:\/\/horticom.ee\/e-pood\/toode\/umbrispott-miu-d-9cm-045l-elevandiluu\/","og_locale":"ru_RU","og_type":"article","og_title":"\u00dcmbrispott Miu d 9cm 0,45L elevandiluu - Horticom","og_description":"\u00dcmbrispott Miu on valmistatud kergest ja vastupidavast plastikust. Sobib h\u00e4sti v\u00e4ikeste kaktuste \u00fcmbrispotiks. Saadaval erinevad v\u00e4rvivalikud, mis kaunistavad sinu kodu. Pott on veereservuaariga, t\u00e4nu millele saab taim alati k\u00e4tte vajaliku vee. 100% taast\u00f6\u00f6deldav, kerge ja p\u00f5rutuskindel. UV-kindel ja kannatab kuni -20 \u00b0C k\u00fclma.","og_url":"https:\/\/horticom.ee\/e-pood\/toode\/umbrispott-miu-d-9cm-045l-elevandiluu\/","og_site_name":"Horticom.ee","article_publisher":"https:\/\/www.facebook.com\/horticom.ee\/e-pood","article_modified_time":"2026-05-02T00:06:25+00:00","og_image":[{"width":999,"height":666,"url":"https:\/\/horticom.ee\/e-pood\/wp-content\/uploads\/importedmedia\/product-2298838_0-284069.jpg","type":"image\/jpeg"}],"twitter_card":"summary_large_image","schema":{"@context":"https:\/\/schema.org","@graph":[{"@type":"WebPage","@id":"https:\/\/horticom.ee\/e-pood\/toode\/umbrispott-miu-d-9cm-045l-elevandiluu\/","url":"https:\/\/horticom.ee\/e-pood\/toode\/umbrispott-miu-d-9cm-045l-elevandiluu\/","name":"\u00dcmbrispott Miu d 9cm 0,45L elevandiluu - Horticom","isPartOf":{"@id":"https:\/\/horticom.ee\/e-pood\/#website"},"primaryImageOfPage":{"@id":"https:\/\/horticom.ee\/e-pood\/toode\/umbrispott-miu-d-9cm-045l-elevandiluu\/#primaryimage"},"image":{"@id":"https:\/\/horticom.ee\/e-pood\/toode\/umbrispott-miu-d-9cm-045l-elevandiluu\/#primaryimage"},"thumbnailUrl":"https:\/\/horticom.ee\/e-pood\/wp-content\/uploads\/importedmedia\/product-2298838_0-284069.jpg","datePublished":"2024-10-15T03:00:38+00:00","dateModified":"2026-05-02T00:06:25+00:00","breadcrumb":{"@id":"https:\/\/horticom.ee\/e-pood\/toode\/umbrispott-miu-d-9cm-045l-elevandiluu\/#breadcrumb"},"inLanguage":"ru-RU","potentialAction":[{"@type":"ReadAction","target":["https:\/\/horticom.ee\/e-pood\/toode\/umbrispott-miu-d-9cm-045l-elevandiluu\/"]}]},{"@type":"ImageObject","inLanguage":"ru-RU","@id":"https:\/\/horticom.ee\/e-pood\/toode\/umbrispott-miu-d-9cm-045l-elevandiluu\/#primaryimage","url":"https:\/\/horticom.ee\/e-pood\/wp-content\/uploads\/importedmedia\/product-2298838_0-284069.jpg","contentUrl":"https:\/\/horticom.ee\/e-pood\/wp-content\/uploads\/importedmedia\/product-2298838_0-284069.jpg","width":999,"height":666},{"@type":"BreadcrumbList","@id":"https:\/\/horticom.ee\/e-pood\/toode\/umbrispott-miu-d-9cm-045l-elevandiluu\/#breadcrumb","itemListElement":[{"@type":"ListItem","position":1,"name":"Home","item":"https:\/\/horticom.ee\/e-pood\/"},{"@type":"ListItem","position":2,"name":"Pood","item":"https:\/\/horticom.ee\/e-pood\/pood\/"},{"@type":"ListItem","position":3,"name":"\u00dcmbrispott Miu d 9cm 0,45L elevandiluu"}]},{"@type":"WebSite","@id":"https:\/\/horticom.ee\/e-pood\/#website","url":"https:\/\/horticom.ee\/e-pood\/","name":"Horticom.ee","description":"Aianduskaubad ja kodukaubad nii harrastajatele kui professionaalidele","potentialAction":[{"@type":"SearchAction","target":{"@type":"EntryPoint","urlTemplate":"https:\/\/horticom.ee\/e-pood\/?s={search_term_string}"},"query-input":{"@type":"PropertyValueSpecification","valueRequired":true,"valueName":"search_term_string"}}],"inLanguage":"ru-RU"}]}},"_links":{"self":[{"href":"https:\/\/horticom.ee\/e-pood\/ru\/wp-json\/wp\/v2\/product\/2298838","targetHints":{"allow":["GET"]}}],"collection":[{"href":"https:\/\/horticom.ee\/e-pood\/ru\/wp-json\/wp\/v2\/product"}],"about":[{"href":"https:\/\/horticom.ee\/e-pood\/ru\/wp-json\/wp\/v2\/types\/product"}],"replies":[{"embeddable":true,"href":"https:\/\/horticom.ee\/e-pood\/ru\/wp-json\/wp\/v2\/comments?post=2298838"}],"wp:featuredmedia":[{"embeddable":true,"href":"https:\/\/horticom.ee\/e-pood\/ru\/wp-json\/wp\/v2\/media\/2381872"}],"wp:attachment":[{"href":"https:\/\/horticom.ee\/e-pood\/ru\/wp-json\/wp\/v2\/media?parent=2298838"}],"wp:term":[{"taxonomy":"product_cat","embeddable":true,"href":"https:\/\/horticom.ee\/e-pood\/ru\/wp-json\/wp\/v2\/product_cat?post=2298838"},{"taxonomy":"product_tag","embeddable":true,"href":"https:\/\/horticom.ee\/e-pood\/ru\/wp-json\/wp\/v2\/product_tag?post=2298838"}],"curies":[{"name":"wp","href":"https:\/\/api.w.org\/{rel}","templated":true}]}}