{"id":2298873,"date":"2024-10-15T06:00:43","date_gmt":"2024-10-15T03:00:43","guid":{"rendered":"https:\/\/horticom.ee\/e-pood\/toode\/istutuspoti-alus-d-24cm-fuksia\/"},"modified":"2026-05-03T03:08:45","modified_gmt":"2026-05-03T00:08:45","slug":"istutuspoti-alus-d-24cm-fuksia","status":"publish","type":"product","link":"https:\/\/horticom.ee\/e-pood\/ru\/toode\/istutuspoti-alus-d-24cm-fuksia\/","title":{"rendered":"Istutuspoti alus d 24cm fuksia"},"content":{"rendered":"<p>Istutuspoti alus SV on valmistatud vastupidavast plastikust. Alustaldrik on parim taimede jootmise s\u00fcsteem, mis mahutab alusele vee \u00fclej\u00e4\u00e4gi ja salvestab selle taime jaoks. See t\u00e4hendab, et taim saab alati vajalikul ajal oma vee k\u00e4tte.<\/p>\n","protected":false},"excerpt":{"rendered":"<p>Istutuspoti alus SV on valmistatud vastupidavast plastikust. Alustaldrik on parim taimede jootmise s\u00fcsteem, mis mahutab alusele vee \u00fclej\u00e4\u00e4gi ja salvestab selle taime jaoks. See t\u00e4hendab, et taim saab alati vajalikul ajal oma vee k\u00e4tte.<\/p>\n","protected":false},"featured_media":2382154,"comment_status":"closed","ping_status":"closed","template":"","meta":{"_themeisle_gutenberg_block_has_review":false},"product_cat":[13474],"product_tag":[],"class_list":{"0":"post-2298873","1":"product","2":"type-product","3":"status-publish","4":"has-post-thumbnail","6":"product_cat-potialused","8":"first","9":"instock","10":"shipping-taxable","11":"purchasable","12":"product-type-simple"},"yoast_head":"<!-- This site is optimized with the Yoast SEO plugin v24.0 - https:\/\/yoast.com\/wordpress\/plugins\/seo\/ -->\n<title>Istutuspoti alus d 24cm fuksia - Horticom.ee\/e-pood<\/title>\n<meta name=\"description\" content=\"Istutuspoti alus SV on vastupidavast plastikust. Alustaldrik on parim taimede jootmise s\u00fcsteem, hoiab vee \u00fclej\u00e4\u00e4ki taime jaoks.\" \/>\n<meta name=\"robots\" content=\"index, follow, max-snippet:-1, max-image-preview:large, max-video-preview:-1\" \/>\n<link rel=\"canonical\" href=\"https:\/\/horticom.ee\/e-pood\/toode\/istutuspoti-alus-d-24cm-fuksia\/\" \/>\n<meta property=\"og:locale\" content=\"ru_RU\" \/>\n<meta property=\"og:type\" content=\"article\" \/>\n<meta property=\"og:title\" content=\"Istutuspoti alus d 24cm fuksia - Horticom.ee\/e-pood\" \/>\n<meta property=\"og:description\" content=\"Istutuspoti alus SV on vastupidavast plastikust. Alustaldrik on parim taimede jootmise s\u00fcsteem, hoiab vee \u00fclej\u00e4\u00e4ki taime jaoks.\" \/>\n<meta property=\"og:url\" content=\"https:\/\/horticom.ee\/e-pood\/toode\/istutuspoti-alus-d-24cm-fuksia\/\" \/>\n<meta property=\"og:site_name\" content=\"Horticom.ee\" \/>\n<meta property=\"article:publisher\" content=\"https:\/\/www.facebook.com\/horticom.ee\/e-pood\" \/>\n<meta property=\"article:modified_time\" content=\"2026-05-03T00:08:45+00:00\" \/>\n<meta property=\"og:image\" content=\"https:\/\/horticom.ee\/e-pood\/wp-content\/uploads\/importedmedia\/product-2298873_0-644206_54.jpg\" \/>\n\t<meta property=\"og:image:width\" content=\"999\" \/>\n\t<meta property=\"og:image:height\" content=\"860\" \/>\n\t<meta property=\"og:image:type\" content=\"image\/jpeg\" \/>\n<meta name=\"twitter:card\" content=\"summary_large_image\" \/>\n<script type=\"application\/ld+json\" class=\"yoast-schema-graph\">{\"@context\":\"https:\/\/schema.org\",\"@graph\":[{\"@type\":\"WebPage\",\"@id\":\"https:\/\/horticom.ee\/e-pood\/toode\/istutuspoti-alus-d-24cm-fuksia\/\",\"url\":\"https:\/\/horticom.ee\/e-pood\/toode\/istutuspoti-alus-d-24cm-fuksia\/\",\"name\":\"Istutuspoti alus d 24cm fuksia - Horticom.ee\/e-pood\",\"isPartOf\":{\"@id\":\"https:\/\/horticom.ee\/e-pood\/#website\"},\"primaryImageOfPage\":{\"@id\":\"https:\/\/horticom.ee\/e-pood\/toode\/istutuspoti-alus-d-24cm-fuksia\/#primaryimage\"},\"image\":{\"@id\":\"https:\/\/horticom.ee\/e-pood\/toode\/istutuspoti-alus-d-24cm-fuksia\/#primaryimage\"},\"thumbnailUrl\":\"https:\/\/horticom.ee\/e-pood\/wp-content\/uploads\/importedmedia\/product-2298873_0-644206_54.jpg\",\"datePublished\":\"2024-10-15T03:00:43+00:00\",\"dateModified\":\"2026-05-03T00:08:45+00:00\",\"description\":\"Istutuspoti alus SV on vastupidavast plastikust. Alustaldrik on parim taimede jootmise s\u00fcsteem, hoiab vee \u00fclej\u00e4\u00e4ki taime jaoks.\",\"breadcrumb\":{\"@id\":\"https:\/\/horticom.ee\/e-pood\/toode\/istutuspoti-alus-d-24cm-fuksia\/#breadcrumb\"},\"inLanguage\":\"ru-RU\",\"potentialAction\":[{\"@type\":\"ReadAction\",\"target\":[\"https:\/\/horticom.ee\/e-pood\/toode\/istutuspoti-alus-d-24cm-fuksia\/\"]}]},{\"@type\":\"ImageObject\",\"inLanguage\":\"ru-RU\",\"@id\":\"https:\/\/horticom.ee\/e-pood\/toode\/istutuspoti-alus-d-24cm-fuksia\/#primaryimage\",\"url\":\"https:\/\/horticom.ee\/e-pood\/wp-content\/uploads\/importedmedia\/product-2298873_0-644206_54.jpg\",\"contentUrl\":\"https:\/\/horticom.ee\/e-pood\/wp-content\/uploads\/importedmedia\/product-2298873_0-644206_54.jpg\",\"width\":999,\"height\":860},{\"@type\":\"BreadcrumbList\",\"@id\":\"https:\/\/horticom.ee\/e-pood\/toode\/istutuspoti-alus-d-24cm-fuksia\/#breadcrumb\",\"itemListElement\":[{\"@type\":\"ListItem\",\"position\":1,\"name\":\"Home\",\"item\":\"https:\/\/horticom.ee\/e-pood\/\"},{\"@type\":\"ListItem\",\"position\":2,\"name\":\"Pood\",\"item\":\"https:\/\/horticom.ee\/e-pood\/pood\/\"},{\"@type\":\"ListItem\",\"position\":3,\"name\":\"Istutuspoti alus d 24cm fuksia\"}]},{\"@type\":\"WebSite\",\"@id\":\"https:\/\/horticom.ee\/e-pood\/#website\",\"url\":\"https:\/\/horticom.ee\/e-pood\/\",\"name\":\"Horticom.ee\",\"description\":\"Aianduskaubad ja kodukaubad nii harrastajatele kui professionaalidele\",\"potentialAction\":[{\"@type\":\"SearchAction\",\"target\":{\"@type\":\"EntryPoint\",\"urlTemplate\":\"https:\/\/horticom.ee\/e-pood\/?s={search_term_string}\"},\"query-input\":{\"@type\":\"PropertyValueSpecification\",\"valueRequired\":true,\"valueName\":\"search_term_string\"}}],\"inLanguage\":\"ru-RU\"}]}<\/script>\n<!-- \/ Yoast SEO plugin. -->","yoast_head_json":{"title":"Istutuspoti alus d 24cm fuksia - Horticom.ee\/e-pood","description":"Istutuspoti alus SV on vastupidavast plastikust. Alustaldrik on parim taimede jootmise s\u00fcsteem, hoiab vee \u00fclej\u00e4\u00e4ki taime jaoks.","robots":{"index":"index","follow":"follow","max-snippet":"max-snippet:-1","max-image-preview":"max-image-preview:large","max-video-preview":"max-video-preview:-1"},"canonical":"https:\/\/horticom.ee\/e-pood\/toode\/istutuspoti-alus-d-24cm-fuksia\/","og_locale":"ru_RU","og_type":"article","og_title":"Istutuspoti alus d 24cm fuksia - Horticom.ee\/e-pood","og_description":"Istutuspoti alus SV on vastupidavast plastikust. Alustaldrik on parim taimede jootmise s\u00fcsteem, hoiab vee \u00fclej\u00e4\u00e4ki taime jaoks.","og_url":"https:\/\/horticom.ee\/e-pood\/toode\/istutuspoti-alus-d-24cm-fuksia\/","og_site_name":"Horticom.ee","article_publisher":"https:\/\/www.facebook.com\/horticom.ee\/e-pood","article_modified_time":"2026-05-03T00:08:45+00:00","og_image":[{"width":999,"height":860,"url":"https:\/\/horticom.ee\/e-pood\/wp-content\/uploads\/importedmedia\/product-2298873_0-644206_54.jpg","type":"image\/jpeg"}],"twitter_card":"summary_large_image","schema":{"@context":"https:\/\/schema.org","@graph":[{"@type":"WebPage","@id":"https:\/\/horticom.ee\/e-pood\/toode\/istutuspoti-alus-d-24cm-fuksia\/","url":"https:\/\/horticom.ee\/e-pood\/toode\/istutuspoti-alus-d-24cm-fuksia\/","name":"Istutuspoti alus d 24cm fuksia - Horticom.ee\/e-pood","isPartOf":{"@id":"https:\/\/horticom.ee\/e-pood\/#website"},"primaryImageOfPage":{"@id":"https:\/\/horticom.ee\/e-pood\/toode\/istutuspoti-alus-d-24cm-fuksia\/#primaryimage"},"image":{"@id":"https:\/\/horticom.ee\/e-pood\/toode\/istutuspoti-alus-d-24cm-fuksia\/#primaryimage"},"thumbnailUrl":"https:\/\/horticom.ee\/e-pood\/wp-content\/uploads\/importedmedia\/product-2298873_0-644206_54.jpg","datePublished":"2024-10-15T03:00:43+00:00","dateModified":"2026-05-03T00:08:45+00:00","description":"Istutuspoti alus SV on vastupidavast plastikust. Alustaldrik on parim taimede jootmise s\u00fcsteem, hoiab vee \u00fclej\u00e4\u00e4ki taime jaoks.","breadcrumb":{"@id":"https:\/\/horticom.ee\/e-pood\/toode\/istutuspoti-alus-d-24cm-fuksia\/#breadcrumb"},"inLanguage":"ru-RU","potentialAction":[{"@type":"ReadAction","target":["https:\/\/horticom.ee\/e-pood\/toode\/istutuspoti-alus-d-24cm-fuksia\/"]}]},{"@type":"ImageObject","inLanguage":"ru-RU","@id":"https:\/\/horticom.ee\/e-pood\/toode\/istutuspoti-alus-d-24cm-fuksia\/#primaryimage","url":"https:\/\/horticom.ee\/e-pood\/wp-content\/uploads\/importedmedia\/product-2298873_0-644206_54.jpg","contentUrl":"https:\/\/horticom.ee\/e-pood\/wp-content\/uploads\/importedmedia\/product-2298873_0-644206_54.jpg","width":999,"height":860},{"@type":"BreadcrumbList","@id":"https:\/\/horticom.ee\/e-pood\/toode\/istutuspoti-alus-d-24cm-fuksia\/#breadcrumb","itemListElement":[{"@type":"ListItem","position":1,"name":"Home","item":"https:\/\/horticom.ee\/e-pood\/"},{"@type":"ListItem","position":2,"name":"Pood","item":"https:\/\/horticom.ee\/e-pood\/pood\/"},{"@type":"ListItem","position":3,"name":"Istutuspoti alus d 24cm fuksia"}]},{"@type":"WebSite","@id":"https:\/\/horticom.ee\/e-pood\/#website","url":"https:\/\/horticom.ee\/e-pood\/","name":"Horticom.ee","description":"Aianduskaubad ja kodukaubad nii harrastajatele kui professionaalidele","potentialAction":[{"@type":"SearchAction","target":{"@type":"EntryPoint","urlTemplate":"https:\/\/horticom.ee\/e-pood\/?s={search_term_string}"},"query-input":{"@type":"PropertyValueSpecification","valueRequired":true,"valueName":"search_term_string"}}],"inLanguage":"ru-RU"}]}},"_links":{"self":[{"href":"https:\/\/horticom.ee\/e-pood\/ru\/wp-json\/wp\/v2\/product\/2298873","targetHints":{"allow":["GET"]}}],"collection":[{"href":"https:\/\/horticom.ee\/e-pood\/ru\/wp-json\/wp\/v2\/product"}],"about":[{"href":"https:\/\/horticom.ee\/e-pood\/ru\/wp-json\/wp\/v2\/types\/product"}],"replies":[{"embeddable":true,"href":"https:\/\/horticom.ee\/e-pood\/ru\/wp-json\/wp\/v2\/comments?post=2298873"}],"wp:featuredmedia":[{"embeddable":true,"href":"https:\/\/horticom.ee\/e-pood\/ru\/wp-json\/wp\/v2\/media\/2382154"}],"wp:attachment":[{"href":"https:\/\/horticom.ee\/e-pood\/ru\/wp-json\/wp\/v2\/media?parent=2298873"}],"wp:term":[{"taxonomy":"product_cat","embeddable":true,"href":"https:\/\/horticom.ee\/e-pood\/ru\/wp-json\/wp\/v2\/product_cat?post=2298873"},{"taxonomy":"product_tag","embeddable":true,"href":"https:\/\/horticom.ee\/e-pood\/ru\/wp-json\/wp\/v2\/product_tag?post=2298873"}],"curies":[{"name":"wp","href":"https:\/\/api.w.org\/{rel}","templated":true}]}}