{"id":2298946,"date":"2024-10-15T06:00:56","date_gmt":"2024-10-15T03:00:56","guid":{"rendered":"https:\/\/horticom.ee\/e-pood\/toode\/voolik-pritsile-45m\/"},"modified":"2026-05-13T03:08:17","modified_gmt":"2026-05-13T00:08:17","slug":"voolik-pritsile-45m","status":"publish","type":"product","link":"https:\/\/horticom.ee\/e-pood\/ru\/toode\/voolik-pritsile-45m\/","title":{"rendered":"Voolik pritsile 4,5m"},"content":{"rendered":"<p>Voolik Kwazar on valmistatud kvaliteetsest PVC-st, mis on tugevdatud nailonist punutisega. Pihusti tagab vedeliku juhtimise paagist pihustisse. Vooliku sisel\u00e4bim\u00f5\u00f5t on 5mm, v\u00e4lisl\u00e4bim\u00f5\u00f5t 9mm. Sobib Orion Super, R\u00f3za, Slonecznik, Gaja, Neptune Super, Neptune Super El pristile.<\/p>\n","protected":false},"excerpt":{"rendered":"<p>Voolik Kwazar on valmistatud kvaliteetsest PVC-st, mis on tugevdatud nailonist punutisega. Pihusti tagab vedeliku juhtimise paagist pihustisse. Vooliku sisel\u00e4bim\u00f5\u00f5t on 5mm, v\u00e4lisl\u00e4bim\u00f5\u00f5t 9mm. Sobib Orion Super, R\u00f3za, Slonecznik, Gaja, Neptune Super, Neptune Super El pristile.<\/p>\n","protected":false},"featured_media":2381014,"comment_status":"closed","ping_status":"closed","template":"","meta":{"_themeisle_gutenberg_block_has_review":false},"product_cat":[18563,13390],"product_tag":[],"class_list":{"0":"post-2298946","1":"product","2":"type-product","3":"status-publish","4":"has-post-thumbnail","6":"product_cat-lopumuugitooted","7":"product_cat-voolikud","9":"first","10":"instock","11":"sale","12":"shipping-taxable","13":"purchasable","14":"product-type-simple"},"yoast_head":"<!-- This site is optimized with the Yoast SEO plugin v24.0 - https:\/\/yoast.com\/wordpress\/plugins\/seo\/ -->\n<title>Voolik pritsile 4,5m - Horticom<\/title>\n<meta name=\"robots\" content=\"index, follow, max-snippet:-1, max-image-preview:large, max-video-preview:-1\" \/>\n<link rel=\"canonical\" href=\"https:\/\/horticom.ee\/e-pood\/toode\/voolik-pritsile-45m\/\" \/>\n<meta property=\"og:locale\" content=\"ru_RU\" \/>\n<meta property=\"og:type\" content=\"article\" \/>\n<meta property=\"og:title\" content=\"Voolik pritsile 4,5m - Horticom\" \/>\n<meta property=\"og:description\" content=\"Voolik Kwazar on valmistatud kvaliteetsest PVC-st, mis on tugevdatud nailonist punutisega. Pihusti tagab vedeliku juhtimise paagist pihustisse. Vooliku sisel\u00e4bim\u00f5\u00f5t on 5mm, v\u00e4lisl\u00e4bim\u00f5\u00f5t 9mm. Sobib Orion Super, R\u00f3za, Slonecznik, Gaja, Neptune Super, Neptune Super El pristile.\" \/>\n<meta property=\"og:url\" content=\"https:\/\/horticom.ee\/e-pood\/toode\/voolik-pritsile-45m\/\" \/>\n<meta property=\"og:site_name\" content=\"Horticom.ee\" \/>\n<meta property=\"article:publisher\" content=\"https:\/\/www.facebook.com\/horticom.ee\/e-pood\" \/>\n<meta property=\"article:modified_time\" content=\"2026-05-13T00:08:17+00:00\" \/>\n<meta property=\"og:image\" content=\"https:\/\/horticom.ee\/e-pood\/wp-content\/uploads\/importedmedia\/product-2298946_0-825080.jpg\" \/>\n\t<meta property=\"og:image:width\" content=\"1000\" \/>\n\t<meta property=\"og:image:height\" content=\"1000\" \/>\n\t<meta property=\"og:image:type\" content=\"image\/jpeg\" \/>\n<meta name=\"twitter:card\" content=\"summary_large_image\" \/>\n<script type=\"application\/ld+json\" class=\"yoast-schema-graph\">{\"@context\":\"https:\/\/schema.org\",\"@graph\":[{\"@type\":\"WebPage\",\"@id\":\"https:\/\/horticom.ee\/e-pood\/toode\/voolik-pritsile-45m\/\",\"url\":\"https:\/\/horticom.ee\/e-pood\/toode\/voolik-pritsile-45m\/\",\"name\":\"Voolik pritsile 4,5m - Horticom\",\"isPartOf\":{\"@id\":\"https:\/\/horticom.ee\/e-pood\/#website\"},\"primaryImageOfPage\":{\"@id\":\"https:\/\/horticom.ee\/e-pood\/toode\/voolik-pritsile-45m\/#primaryimage\"},\"image\":{\"@id\":\"https:\/\/horticom.ee\/e-pood\/toode\/voolik-pritsile-45m\/#primaryimage\"},\"thumbnailUrl\":\"https:\/\/horticom.ee\/e-pood\/wp-content\/uploads\/importedmedia\/product-2298946_0-825080.jpg\",\"datePublished\":\"2024-10-15T03:00:56+00:00\",\"dateModified\":\"2026-05-13T00:08:17+00:00\",\"breadcrumb\":{\"@id\":\"https:\/\/horticom.ee\/e-pood\/toode\/voolik-pritsile-45m\/#breadcrumb\"},\"inLanguage\":\"ru-RU\",\"potentialAction\":[{\"@type\":\"ReadAction\",\"target\":[\"https:\/\/horticom.ee\/e-pood\/toode\/voolik-pritsile-45m\/\"]}]},{\"@type\":\"ImageObject\",\"inLanguage\":\"ru-RU\",\"@id\":\"https:\/\/horticom.ee\/e-pood\/toode\/voolik-pritsile-45m\/#primaryimage\",\"url\":\"https:\/\/horticom.ee\/e-pood\/wp-content\/uploads\/importedmedia\/product-2298946_0-825080.jpg\",\"contentUrl\":\"https:\/\/horticom.ee\/e-pood\/wp-content\/uploads\/importedmedia\/product-2298946_0-825080.jpg\",\"width\":1000,\"height\":1000},{\"@type\":\"BreadcrumbList\",\"@id\":\"https:\/\/horticom.ee\/e-pood\/toode\/voolik-pritsile-45m\/#breadcrumb\",\"itemListElement\":[{\"@type\":\"ListItem\",\"position\":1,\"name\":\"Home\",\"item\":\"https:\/\/horticom.ee\/e-pood\/\"},{\"@type\":\"ListItem\",\"position\":2,\"name\":\"Pood\",\"item\":\"https:\/\/horticom.ee\/e-pood\/pood\/\"},{\"@type\":\"ListItem\",\"position\":3,\"name\":\"Voolik pritsile 4,5m\"}]},{\"@type\":\"WebSite\",\"@id\":\"https:\/\/horticom.ee\/e-pood\/#website\",\"url\":\"https:\/\/horticom.ee\/e-pood\/\",\"name\":\"Horticom.ee\",\"description\":\"Aianduskaubad ja kodukaubad nii harrastajatele kui professionaalidele\",\"potentialAction\":[{\"@type\":\"SearchAction\",\"target\":{\"@type\":\"EntryPoint\",\"urlTemplate\":\"https:\/\/horticom.ee\/e-pood\/?s={search_term_string}\"},\"query-input\":{\"@type\":\"PropertyValueSpecification\",\"valueRequired\":true,\"valueName\":\"search_term_string\"}}],\"inLanguage\":\"ru-RU\"}]}<\/script>\n<!-- \/ Yoast SEO plugin. -->","yoast_head_json":{"title":"Voolik pritsile 4,5m - Horticom","robots":{"index":"index","follow":"follow","max-snippet":"max-snippet:-1","max-image-preview":"max-image-preview:large","max-video-preview":"max-video-preview:-1"},"canonical":"https:\/\/horticom.ee\/e-pood\/toode\/voolik-pritsile-45m\/","og_locale":"ru_RU","og_type":"article","og_title":"Voolik pritsile 4,5m - Horticom","og_description":"Voolik Kwazar on valmistatud kvaliteetsest PVC-st, mis on tugevdatud nailonist punutisega. Pihusti tagab vedeliku juhtimise paagist pihustisse. Vooliku sisel\u00e4bim\u00f5\u00f5t on 5mm, v\u00e4lisl\u00e4bim\u00f5\u00f5t 9mm. Sobib Orion Super, R\u00f3za, Slonecznik, Gaja, Neptune Super, Neptune Super El pristile.","og_url":"https:\/\/horticom.ee\/e-pood\/toode\/voolik-pritsile-45m\/","og_site_name":"Horticom.ee","article_publisher":"https:\/\/www.facebook.com\/horticom.ee\/e-pood","article_modified_time":"2026-05-13T00:08:17+00:00","og_image":[{"width":1000,"height":1000,"url":"https:\/\/horticom.ee\/e-pood\/wp-content\/uploads\/importedmedia\/product-2298946_0-825080.jpg","type":"image\/jpeg"}],"twitter_card":"summary_large_image","schema":{"@context":"https:\/\/schema.org","@graph":[{"@type":"WebPage","@id":"https:\/\/horticom.ee\/e-pood\/toode\/voolik-pritsile-45m\/","url":"https:\/\/horticom.ee\/e-pood\/toode\/voolik-pritsile-45m\/","name":"Voolik pritsile 4,5m - Horticom","isPartOf":{"@id":"https:\/\/horticom.ee\/e-pood\/#website"},"primaryImageOfPage":{"@id":"https:\/\/horticom.ee\/e-pood\/toode\/voolik-pritsile-45m\/#primaryimage"},"image":{"@id":"https:\/\/horticom.ee\/e-pood\/toode\/voolik-pritsile-45m\/#primaryimage"},"thumbnailUrl":"https:\/\/horticom.ee\/e-pood\/wp-content\/uploads\/importedmedia\/product-2298946_0-825080.jpg","datePublished":"2024-10-15T03:00:56+00:00","dateModified":"2026-05-13T00:08:17+00:00","breadcrumb":{"@id":"https:\/\/horticom.ee\/e-pood\/toode\/voolik-pritsile-45m\/#breadcrumb"},"inLanguage":"ru-RU","potentialAction":[{"@type":"ReadAction","target":["https:\/\/horticom.ee\/e-pood\/toode\/voolik-pritsile-45m\/"]}]},{"@type":"ImageObject","inLanguage":"ru-RU","@id":"https:\/\/horticom.ee\/e-pood\/toode\/voolik-pritsile-45m\/#primaryimage","url":"https:\/\/horticom.ee\/e-pood\/wp-content\/uploads\/importedmedia\/product-2298946_0-825080.jpg","contentUrl":"https:\/\/horticom.ee\/e-pood\/wp-content\/uploads\/importedmedia\/product-2298946_0-825080.jpg","width":1000,"height":1000},{"@type":"BreadcrumbList","@id":"https:\/\/horticom.ee\/e-pood\/toode\/voolik-pritsile-45m\/#breadcrumb","itemListElement":[{"@type":"ListItem","position":1,"name":"Home","item":"https:\/\/horticom.ee\/e-pood\/"},{"@type":"ListItem","position":2,"name":"Pood","item":"https:\/\/horticom.ee\/e-pood\/pood\/"},{"@type":"ListItem","position":3,"name":"Voolik pritsile 4,5m"}]},{"@type":"WebSite","@id":"https:\/\/horticom.ee\/e-pood\/#website","url":"https:\/\/horticom.ee\/e-pood\/","name":"Horticom.ee","description":"Aianduskaubad ja kodukaubad nii harrastajatele kui professionaalidele","potentialAction":[{"@type":"SearchAction","target":{"@type":"EntryPoint","urlTemplate":"https:\/\/horticom.ee\/e-pood\/?s={search_term_string}"},"query-input":{"@type":"PropertyValueSpecification","valueRequired":true,"valueName":"search_term_string"}}],"inLanguage":"ru-RU"}]}},"_links":{"self":[{"href":"https:\/\/horticom.ee\/e-pood\/ru\/wp-json\/wp\/v2\/product\/2298946","targetHints":{"allow":["GET"]}}],"collection":[{"href":"https:\/\/horticom.ee\/e-pood\/ru\/wp-json\/wp\/v2\/product"}],"about":[{"href":"https:\/\/horticom.ee\/e-pood\/ru\/wp-json\/wp\/v2\/types\/product"}],"replies":[{"embeddable":true,"href":"https:\/\/horticom.ee\/e-pood\/ru\/wp-json\/wp\/v2\/comments?post=2298946"}],"wp:featuredmedia":[{"embeddable":true,"href":"https:\/\/horticom.ee\/e-pood\/ru\/wp-json\/wp\/v2\/media\/2381014"}],"wp:attachment":[{"href":"https:\/\/horticom.ee\/e-pood\/ru\/wp-json\/wp\/v2\/media?parent=2298946"}],"wp:term":[{"taxonomy":"product_cat","embeddable":true,"href":"https:\/\/horticom.ee\/e-pood\/ru\/wp-json\/wp\/v2\/product_cat?post=2298946"},{"taxonomy":"product_tag","embeddable":true,"href":"https:\/\/horticom.ee\/e-pood\/ru\/wp-json\/wp\/v2\/product_tag?post=2298946"}],"curies":[{"name":"wp","href":"https:\/\/api.w.org\/{rel}","templated":true}]}}