{"id":2298962,"date":"2024-10-15T06:00:58","date_gmt":"2024-10-15T03:00:58","guid":{"rendered":"https:\/\/horticom.ee\/e-pood\/toode\/vihmaveetunn-kaanega-kraaniga-210l-roheline\/"},"modified":"2026-05-13T15:01:18","modified_gmt":"2026-05-13T12:01:18","slug":"vihmaveetunn-kaanega-kraaniga-210l-roheline","status":"publish","type":"product","link":"https:\/\/horticom.ee\/e-pood\/ru\/toode\/vihmaveetunn-kaanega-kraaniga-210l-roheline\/","title":{"rendered":"Vihmaveet\u00fcnn kaanega kraaniga 210L roheline"},"content":{"rendered":"<p>Vihmaveet\u00fcnn kaanega ning kraaniga on valmistatud kvaliteetsest plastikust ja on mahukas vihmaveet\u00fcnn vee kogumiseks mille mahutavus on 200L. Kraani paigaldamiseks on t\u00fcnni alaosas spetsiaalselt m\u00e4rgistatud koht. Veet\u00fcnn tuleb paigaldada t\u00fcnni p\u00f5hjast suuremale tugevale pinnale.<\/p>\n","protected":false},"excerpt":{"rendered":"<p>Vihmaveet\u00fcnn kaanega ning kraaniga on valmistatud kvaliteetsest plastikust ja on mahukas vihmaveet\u00fcnn vee kogumiseks mille mahutavus on 200L. Kraani paigaldamiseks on t\u00fcnni alaosas spetsiaalselt m\u00e4rgistatud koht. Veet\u00fcnn tuleb paigaldada t\u00fcnni p\u00f5hjast suuremale tugevale pinnale.<\/p>\n","protected":false},"featured_media":2305149,"comment_status":"closed","ping_status":"closed","template":"","meta":{"_themeisle_gutenberg_block_has_review":false},"product_cat":[13392],"product_tag":[],"class_list":{"0":"post-2298962","1":"product","2":"type-product","3":"status-publish","4":"has-post-thumbnail","6":"product_cat-vihmaveetunnid","8":"first","9":"instock","10":"shipping-taxable","11":"purchasable","12":"product-type-simple"},"yoast_head":"<!-- This site is optimized with the Yoast SEO plugin v24.0 - https:\/\/yoast.com\/wordpress\/plugins\/seo\/ -->\n<title>Vihmaveet\u00fcnn kaanega kraaniga 210L roheline - Horticom<\/title>\n<meta name=\"robots\" content=\"index, follow, max-snippet:-1, max-image-preview:large, max-video-preview:-1\" \/>\n<link rel=\"canonical\" href=\"https:\/\/horticom.ee\/e-pood\/toode\/vihmaveetunn-kaanega-kraaniga-210l-roheline\/\" \/>\n<meta property=\"og:locale\" content=\"ru_RU\" \/>\n<meta property=\"og:type\" content=\"article\" \/>\n<meta property=\"og:title\" content=\"Vihmaveet\u00fcnn kaanega kraaniga 210L roheline - Horticom\" \/>\n<meta property=\"og:description\" content=\"Vihmaveet\u00fcnn kaanega ning kraaniga on valmistatud kvaliteetsest plastikust ja on mahukas vihmaveet\u00fcnn vee kogumiseks mille mahutavus on 200L. Kraani paigaldamiseks on t\u00fcnni alaosas spetsiaalselt m\u00e4rgistatud koht. Veet\u00fcnn tuleb paigaldada t\u00fcnni p\u00f5hjast suuremale tugevale pinnale.\" \/>\n<meta property=\"og:url\" content=\"https:\/\/horticom.ee\/e-pood\/toode\/vihmaveetunn-kaanega-kraaniga-210l-roheline\/\" \/>\n<meta property=\"og:site_name\" content=\"Horticom.ee\" \/>\n<meta property=\"article:publisher\" content=\"https:\/\/www.facebook.com\/horticom.ee\/e-pood\" \/>\n<meta property=\"article:modified_time\" content=\"2026-05-13T12:01:18+00:00\" \/>\n<meta property=\"og:image\" content=\"https:\/\/horticom.ee\/e-pood\/wp-content\/uploads\/importedmedia\/product-2298962_0-672298.jpg\" \/>\n\t<meta property=\"og:image:width\" content=\"1000\" \/>\n\t<meta property=\"og:image:height\" content=\"1000\" \/>\n\t<meta property=\"og:image:type\" content=\"image\/jpeg\" \/>\n<meta name=\"twitter:card\" content=\"summary_large_image\" \/>\n<script type=\"application\/ld+json\" class=\"yoast-schema-graph\">{\"@context\":\"https:\/\/schema.org\",\"@graph\":[{\"@type\":\"WebPage\",\"@id\":\"https:\/\/horticom.ee\/e-pood\/toode\/vihmaveetunn-kaanega-kraaniga-210l-roheline\/\",\"url\":\"https:\/\/horticom.ee\/e-pood\/toode\/vihmaveetunn-kaanega-kraaniga-210l-roheline\/\",\"name\":\"Vihmaveet\u00fcnn kaanega kraaniga 210L roheline - Horticom\",\"isPartOf\":{\"@id\":\"https:\/\/horticom.ee\/e-pood\/#website\"},\"primaryImageOfPage\":{\"@id\":\"https:\/\/horticom.ee\/e-pood\/toode\/vihmaveetunn-kaanega-kraaniga-210l-roheline\/#primaryimage\"},\"image\":{\"@id\":\"https:\/\/horticom.ee\/e-pood\/toode\/vihmaveetunn-kaanega-kraaniga-210l-roheline\/#primaryimage\"},\"thumbnailUrl\":\"https:\/\/horticom.ee\/e-pood\/wp-content\/uploads\/importedmedia\/product-2298962_0-672298.jpg\",\"datePublished\":\"2024-10-15T03:00:58+00:00\",\"dateModified\":\"2026-05-13T12:01:18+00:00\",\"breadcrumb\":{\"@id\":\"https:\/\/horticom.ee\/e-pood\/toode\/vihmaveetunn-kaanega-kraaniga-210l-roheline\/#breadcrumb\"},\"inLanguage\":\"ru-RU\",\"potentialAction\":[{\"@type\":\"ReadAction\",\"target\":[\"https:\/\/horticom.ee\/e-pood\/toode\/vihmaveetunn-kaanega-kraaniga-210l-roheline\/\"]}]},{\"@type\":\"ImageObject\",\"inLanguage\":\"ru-RU\",\"@id\":\"https:\/\/horticom.ee\/e-pood\/toode\/vihmaveetunn-kaanega-kraaniga-210l-roheline\/#primaryimage\",\"url\":\"https:\/\/horticom.ee\/e-pood\/wp-content\/uploads\/importedmedia\/product-2298962_0-672298.jpg\",\"contentUrl\":\"https:\/\/horticom.ee\/e-pood\/wp-content\/uploads\/importedmedia\/product-2298962_0-672298.jpg\",\"width\":1000,\"height\":1000},{\"@type\":\"BreadcrumbList\",\"@id\":\"https:\/\/horticom.ee\/e-pood\/toode\/vihmaveetunn-kaanega-kraaniga-210l-roheline\/#breadcrumb\",\"itemListElement\":[{\"@type\":\"ListItem\",\"position\":1,\"name\":\"Home\",\"item\":\"https:\/\/horticom.ee\/e-pood\/\"},{\"@type\":\"ListItem\",\"position\":2,\"name\":\"Pood\",\"item\":\"https:\/\/horticom.ee\/e-pood\/pood\/\"},{\"@type\":\"ListItem\",\"position\":3,\"name\":\"Vihmaveet\u00fcnn kaanega kraaniga 210L roheline\"}]},{\"@type\":\"WebSite\",\"@id\":\"https:\/\/horticom.ee\/e-pood\/#website\",\"url\":\"https:\/\/horticom.ee\/e-pood\/\",\"name\":\"Horticom.ee\",\"description\":\"Aianduskaubad ja kodukaubad nii harrastajatele kui professionaalidele\",\"potentialAction\":[{\"@type\":\"SearchAction\",\"target\":{\"@type\":\"EntryPoint\",\"urlTemplate\":\"https:\/\/horticom.ee\/e-pood\/?s={search_term_string}\"},\"query-input\":{\"@type\":\"PropertyValueSpecification\",\"valueRequired\":true,\"valueName\":\"search_term_string\"}}],\"inLanguage\":\"ru-RU\"}]}<\/script>\n<!-- \/ Yoast SEO plugin. -->","yoast_head_json":{"title":"Vihmaveet\u00fcnn kaanega kraaniga 210L roheline - Horticom","robots":{"index":"index","follow":"follow","max-snippet":"max-snippet:-1","max-image-preview":"max-image-preview:large","max-video-preview":"max-video-preview:-1"},"canonical":"https:\/\/horticom.ee\/e-pood\/toode\/vihmaveetunn-kaanega-kraaniga-210l-roheline\/","og_locale":"ru_RU","og_type":"article","og_title":"Vihmaveet\u00fcnn kaanega kraaniga 210L roheline - Horticom","og_description":"Vihmaveet\u00fcnn kaanega ning kraaniga on valmistatud kvaliteetsest plastikust ja on mahukas vihmaveet\u00fcnn vee kogumiseks mille mahutavus on 200L. Kraani paigaldamiseks on t\u00fcnni alaosas spetsiaalselt m\u00e4rgistatud koht. Veet\u00fcnn tuleb paigaldada t\u00fcnni p\u00f5hjast suuremale tugevale pinnale.","og_url":"https:\/\/horticom.ee\/e-pood\/toode\/vihmaveetunn-kaanega-kraaniga-210l-roheline\/","og_site_name":"Horticom.ee","article_publisher":"https:\/\/www.facebook.com\/horticom.ee\/e-pood","article_modified_time":"2026-05-13T12:01:18+00:00","og_image":[{"width":1000,"height":1000,"url":"https:\/\/horticom.ee\/e-pood\/wp-content\/uploads\/importedmedia\/product-2298962_0-672298.jpg","type":"image\/jpeg"}],"twitter_card":"summary_large_image","schema":{"@context":"https:\/\/schema.org","@graph":[{"@type":"WebPage","@id":"https:\/\/horticom.ee\/e-pood\/toode\/vihmaveetunn-kaanega-kraaniga-210l-roheline\/","url":"https:\/\/horticom.ee\/e-pood\/toode\/vihmaveetunn-kaanega-kraaniga-210l-roheline\/","name":"Vihmaveet\u00fcnn kaanega kraaniga 210L roheline - Horticom","isPartOf":{"@id":"https:\/\/horticom.ee\/e-pood\/#website"},"primaryImageOfPage":{"@id":"https:\/\/horticom.ee\/e-pood\/toode\/vihmaveetunn-kaanega-kraaniga-210l-roheline\/#primaryimage"},"image":{"@id":"https:\/\/horticom.ee\/e-pood\/toode\/vihmaveetunn-kaanega-kraaniga-210l-roheline\/#primaryimage"},"thumbnailUrl":"https:\/\/horticom.ee\/e-pood\/wp-content\/uploads\/importedmedia\/product-2298962_0-672298.jpg","datePublished":"2024-10-15T03:00:58+00:00","dateModified":"2026-05-13T12:01:18+00:00","breadcrumb":{"@id":"https:\/\/horticom.ee\/e-pood\/toode\/vihmaveetunn-kaanega-kraaniga-210l-roheline\/#breadcrumb"},"inLanguage":"ru-RU","potentialAction":[{"@type":"ReadAction","target":["https:\/\/horticom.ee\/e-pood\/toode\/vihmaveetunn-kaanega-kraaniga-210l-roheline\/"]}]},{"@type":"ImageObject","inLanguage":"ru-RU","@id":"https:\/\/horticom.ee\/e-pood\/toode\/vihmaveetunn-kaanega-kraaniga-210l-roheline\/#primaryimage","url":"https:\/\/horticom.ee\/e-pood\/wp-content\/uploads\/importedmedia\/product-2298962_0-672298.jpg","contentUrl":"https:\/\/horticom.ee\/e-pood\/wp-content\/uploads\/importedmedia\/product-2298962_0-672298.jpg","width":1000,"height":1000},{"@type":"BreadcrumbList","@id":"https:\/\/horticom.ee\/e-pood\/toode\/vihmaveetunn-kaanega-kraaniga-210l-roheline\/#breadcrumb","itemListElement":[{"@type":"ListItem","position":1,"name":"Home","item":"https:\/\/horticom.ee\/e-pood\/"},{"@type":"ListItem","position":2,"name":"Pood","item":"https:\/\/horticom.ee\/e-pood\/pood\/"},{"@type":"ListItem","position":3,"name":"Vihmaveet\u00fcnn kaanega kraaniga 210L roheline"}]},{"@type":"WebSite","@id":"https:\/\/horticom.ee\/e-pood\/#website","url":"https:\/\/horticom.ee\/e-pood\/","name":"Horticom.ee","description":"Aianduskaubad ja kodukaubad nii harrastajatele kui professionaalidele","potentialAction":[{"@type":"SearchAction","target":{"@type":"EntryPoint","urlTemplate":"https:\/\/horticom.ee\/e-pood\/?s={search_term_string}"},"query-input":{"@type":"PropertyValueSpecification","valueRequired":true,"valueName":"search_term_string"}}],"inLanguage":"ru-RU"}]}},"_links":{"self":[{"href":"https:\/\/horticom.ee\/e-pood\/ru\/wp-json\/wp\/v2\/product\/2298962","targetHints":{"allow":["GET"]}}],"collection":[{"href":"https:\/\/horticom.ee\/e-pood\/ru\/wp-json\/wp\/v2\/product"}],"about":[{"href":"https:\/\/horticom.ee\/e-pood\/ru\/wp-json\/wp\/v2\/types\/product"}],"replies":[{"embeddable":true,"href":"https:\/\/horticom.ee\/e-pood\/ru\/wp-json\/wp\/v2\/comments?post=2298962"}],"wp:featuredmedia":[{"embeddable":true,"href":"https:\/\/horticom.ee\/e-pood\/ru\/wp-json\/wp\/v2\/media\/2305149"}],"wp:attachment":[{"href":"https:\/\/horticom.ee\/e-pood\/ru\/wp-json\/wp\/v2\/media?parent=2298962"}],"wp:term":[{"taxonomy":"product_cat","embeddable":true,"href":"https:\/\/horticom.ee\/e-pood\/ru\/wp-json\/wp\/v2\/product_cat?post=2298962"},{"taxonomy":"product_tag","embeddable":true,"href":"https:\/\/horticom.ee\/e-pood\/ru\/wp-json\/wp\/v2\/product_tag?post=2298962"}],"curies":[{"name":"wp","href":"https:\/\/api.w.org\/{rel}","templated":true}]}}