{"id":2298963,"date":"2024-10-15T06:00:58","date_gmt":"2024-10-15T03:00:58","guid":{"rendered":"https:\/\/horticom.ee\/e-pood\/toode\/polvealus-aiatoodepink-kokkupandav-59-x-27cm\/"},"modified":"2026-04-09T03:09:35","modified_gmt":"2026-04-09T00:09:35","slug":"polvealus-aiatoodepink-kokkupandav-59-x-27cm","status":"publish","type":"product","link":"https:\/\/horticom.ee\/e-pood\/ru\/toode\/polvealus-aiatoodepink-kokkupandav-59-x-27cm\/","title":{"rendered":"P\u00f5lvealus\/ aiat\u00f6\u00f6depink kokkupandav 59 x 27cm"},"content":{"rendered":"<p>P\u00f5lvealus\/ aiat\u00f6\u00f6depink kokkupandav, millega muudad aiat\u00f6\u00f6d lihtsasti teostavaks. Aiapink on kerge ja vastupidav, valmistatud roostekindlast alumiiniumist.  Aiat\u00f6\u00f6depink kaitseb p\u00f5lvi, k\u00e4epidemed aitavad lihtsalt \u00fcles t\u00f5usta, \u00fcmber p\u00f6\u00f6rates saab kasutada pingina, kokkupandav. Lihtne hoiustada- v\u00f5tab v\u00e4he ruumi.<\/p>\n","protected":false},"excerpt":{"rendered":"<p>P\u00f5lvealus\/ aiat\u00f6\u00f6depink kokkupandav, millega muudad aiat\u00f6\u00f6d lihtsasti teostavaks. Aiapink on kerge ja vastupidav, valmistatud roostekindlast alumiiniumist. Aiat\u00f6\u00f6depink kaitseb p\u00f5lvi, k\u00e4epidemed aitavad lihtsalt \u00fcles t\u00f5usta, \u00fcmber p\u00f6\u00f6rates saab kasutada pingina, kokkupandav. Lihtne hoiustada- v\u00f5tab v\u00e4he ruumi.<\/p>\n","protected":false},"featured_media":2379956,"comment_status":"closed","ping_status":"closed","template":"","meta":{"_themeisle_gutenberg_block_has_review":false},"product_cat":[13416,13345],"product_tag":[],"class_list":{"0":"post-2298963","1":"product","2":"type-product","3":"status-publish","4":"has-post-thumbnail","6":"product_cat-polvekaitsmed","7":"product_cat-muud-tooriistad","9":"first","10":"instock","11":"shipping-taxable","12":"purchasable","13":"product-type-simple"},"yoast_head":"<!-- This site is optimized with the Yoast SEO plugin v24.0 - https:\/\/yoast.com\/wordpress\/plugins\/seo\/ -->\n<title>P\u00f5lvealus\/ aiat\u00f6\u00f6depink kokkupandav 59 x 27cm - Horticom<\/title>\n<meta name=\"robots\" content=\"index, follow, max-snippet:-1, max-image-preview:large, max-video-preview:-1\" \/>\n<link rel=\"canonical\" href=\"https:\/\/horticom.ee\/e-pood\/toode\/polvealus-aiatoodepink-kokkupandav-59-x-27cm\/\" \/>\n<meta property=\"og:locale\" content=\"ru_RU\" \/>\n<meta property=\"og:type\" content=\"article\" \/>\n<meta property=\"og:title\" content=\"P\u00f5lvealus\/ aiat\u00f6\u00f6depink kokkupandav 59 x 27cm - Horticom\" \/>\n<meta property=\"og:description\" content=\"P\u00f5lvealus\/ aiat\u00f6\u00f6depink kokkupandav, millega muudad aiat\u00f6\u00f6d lihtsasti teostavaks. Aiapink on kerge ja vastupidav, valmistatud roostekindlast alumiiniumist. Aiat\u00f6\u00f6depink kaitseb p\u00f5lvi, k\u00e4epidemed aitavad lihtsalt \u00fcles t\u00f5usta, \u00fcmber p\u00f6\u00f6rates saab kasutada pingina, kokkupandav. Lihtne hoiustada- v\u00f5tab v\u00e4he ruumi.\" \/>\n<meta property=\"og:url\" content=\"https:\/\/horticom.ee\/e-pood\/toode\/polvealus-aiatoodepink-kokkupandav-59-x-27cm\/\" \/>\n<meta property=\"og:site_name\" content=\"Horticom.ee\" \/>\n<meta property=\"article:publisher\" content=\"https:\/\/www.facebook.com\/horticom.ee\/e-pood\" \/>\n<meta property=\"article:modified_time\" content=\"2026-04-09T00:09:35+00:00\" \/>\n<meta property=\"og:image\" content=\"https:\/\/horticom.ee\/e-pood\/wp-content\/uploads\/importedmedia\/product-2298963_0-64534599.jpg\" \/>\n\t<meta property=\"og:image:width\" content=\"1000\" \/>\n\t<meta property=\"og:image:height\" content=\"1000\" \/>\n\t<meta property=\"og:image:type\" content=\"image\/jpeg\" \/>\n<meta name=\"twitter:card\" content=\"summary_large_image\" \/>\n<script type=\"application\/ld+json\" class=\"yoast-schema-graph\">{\"@context\":\"https:\/\/schema.org\",\"@graph\":[{\"@type\":\"WebPage\",\"@id\":\"https:\/\/horticom.ee\/e-pood\/toode\/polvealus-aiatoodepink-kokkupandav-59-x-27cm\/\",\"url\":\"https:\/\/horticom.ee\/e-pood\/toode\/polvealus-aiatoodepink-kokkupandav-59-x-27cm\/\",\"name\":\"P\u00f5lvealus\/ aiat\u00f6\u00f6depink kokkupandav 59 x 27cm - Horticom\",\"isPartOf\":{\"@id\":\"https:\/\/horticom.ee\/e-pood\/#website\"},\"primaryImageOfPage\":{\"@id\":\"https:\/\/horticom.ee\/e-pood\/toode\/polvealus-aiatoodepink-kokkupandav-59-x-27cm\/#primaryimage\"},\"image\":{\"@id\":\"https:\/\/horticom.ee\/e-pood\/toode\/polvealus-aiatoodepink-kokkupandav-59-x-27cm\/#primaryimage\"},\"thumbnailUrl\":\"https:\/\/horticom.ee\/e-pood\/wp-content\/uploads\/importedmedia\/product-2298963_0-64534599.jpg\",\"datePublished\":\"2024-10-15T03:00:58+00:00\",\"dateModified\":\"2026-04-09T00:09:35+00:00\",\"breadcrumb\":{\"@id\":\"https:\/\/horticom.ee\/e-pood\/toode\/polvealus-aiatoodepink-kokkupandav-59-x-27cm\/#breadcrumb\"},\"inLanguage\":\"ru-RU\",\"potentialAction\":[{\"@type\":\"ReadAction\",\"target\":[\"https:\/\/horticom.ee\/e-pood\/toode\/polvealus-aiatoodepink-kokkupandav-59-x-27cm\/\"]}]},{\"@type\":\"ImageObject\",\"inLanguage\":\"ru-RU\",\"@id\":\"https:\/\/horticom.ee\/e-pood\/toode\/polvealus-aiatoodepink-kokkupandav-59-x-27cm\/#primaryimage\",\"url\":\"https:\/\/horticom.ee\/e-pood\/wp-content\/uploads\/importedmedia\/product-2298963_0-64534599.jpg\",\"contentUrl\":\"https:\/\/horticom.ee\/e-pood\/wp-content\/uploads\/importedmedia\/product-2298963_0-64534599.jpg\",\"width\":1000,\"height\":1000},{\"@type\":\"BreadcrumbList\",\"@id\":\"https:\/\/horticom.ee\/e-pood\/toode\/polvealus-aiatoodepink-kokkupandav-59-x-27cm\/#breadcrumb\",\"itemListElement\":[{\"@type\":\"ListItem\",\"position\":1,\"name\":\"Home\",\"item\":\"https:\/\/horticom.ee\/e-pood\/\"},{\"@type\":\"ListItem\",\"position\":2,\"name\":\"Pood\",\"item\":\"https:\/\/horticom.ee\/e-pood\/pood\/\"},{\"@type\":\"ListItem\",\"position\":3,\"name\":\"P\u00f5lvealus\/ aiat\u00f6\u00f6depink kokkupandav 59 x 27cm\"}]},{\"@type\":\"WebSite\",\"@id\":\"https:\/\/horticom.ee\/e-pood\/#website\",\"url\":\"https:\/\/horticom.ee\/e-pood\/\",\"name\":\"Horticom.ee\",\"description\":\"Aianduskaubad ja kodukaubad nii harrastajatele kui professionaalidele\",\"potentialAction\":[{\"@type\":\"SearchAction\",\"target\":{\"@type\":\"EntryPoint\",\"urlTemplate\":\"https:\/\/horticom.ee\/e-pood\/?s={search_term_string}\"},\"query-input\":{\"@type\":\"PropertyValueSpecification\",\"valueRequired\":true,\"valueName\":\"search_term_string\"}}],\"inLanguage\":\"ru-RU\"}]}<\/script>\n<!-- \/ Yoast SEO plugin. -->","yoast_head_json":{"title":"P\u00f5lvealus\/ aiat\u00f6\u00f6depink kokkupandav 59 x 27cm - Horticom","robots":{"index":"index","follow":"follow","max-snippet":"max-snippet:-1","max-image-preview":"max-image-preview:large","max-video-preview":"max-video-preview:-1"},"canonical":"https:\/\/horticom.ee\/e-pood\/toode\/polvealus-aiatoodepink-kokkupandav-59-x-27cm\/","og_locale":"ru_RU","og_type":"article","og_title":"P\u00f5lvealus\/ aiat\u00f6\u00f6depink kokkupandav 59 x 27cm - Horticom","og_description":"P\u00f5lvealus\/ aiat\u00f6\u00f6depink kokkupandav, millega muudad aiat\u00f6\u00f6d lihtsasti teostavaks. Aiapink on kerge ja vastupidav, valmistatud roostekindlast alumiiniumist. Aiat\u00f6\u00f6depink kaitseb p\u00f5lvi, k\u00e4epidemed aitavad lihtsalt \u00fcles t\u00f5usta, \u00fcmber p\u00f6\u00f6rates saab kasutada pingina, kokkupandav. Lihtne hoiustada- v\u00f5tab v\u00e4he ruumi.","og_url":"https:\/\/horticom.ee\/e-pood\/toode\/polvealus-aiatoodepink-kokkupandav-59-x-27cm\/","og_site_name":"Horticom.ee","article_publisher":"https:\/\/www.facebook.com\/horticom.ee\/e-pood","article_modified_time":"2026-04-09T00:09:35+00:00","og_image":[{"width":1000,"height":1000,"url":"https:\/\/horticom.ee\/e-pood\/wp-content\/uploads\/importedmedia\/product-2298963_0-64534599.jpg","type":"image\/jpeg"}],"twitter_card":"summary_large_image","schema":{"@context":"https:\/\/schema.org","@graph":[{"@type":"WebPage","@id":"https:\/\/horticom.ee\/e-pood\/toode\/polvealus-aiatoodepink-kokkupandav-59-x-27cm\/","url":"https:\/\/horticom.ee\/e-pood\/toode\/polvealus-aiatoodepink-kokkupandav-59-x-27cm\/","name":"P\u00f5lvealus\/ aiat\u00f6\u00f6depink kokkupandav 59 x 27cm - Horticom","isPartOf":{"@id":"https:\/\/horticom.ee\/e-pood\/#website"},"primaryImageOfPage":{"@id":"https:\/\/horticom.ee\/e-pood\/toode\/polvealus-aiatoodepink-kokkupandav-59-x-27cm\/#primaryimage"},"image":{"@id":"https:\/\/horticom.ee\/e-pood\/toode\/polvealus-aiatoodepink-kokkupandav-59-x-27cm\/#primaryimage"},"thumbnailUrl":"https:\/\/horticom.ee\/e-pood\/wp-content\/uploads\/importedmedia\/product-2298963_0-64534599.jpg","datePublished":"2024-10-15T03:00:58+00:00","dateModified":"2026-04-09T00:09:35+00:00","breadcrumb":{"@id":"https:\/\/horticom.ee\/e-pood\/toode\/polvealus-aiatoodepink-kokkupandav-59-x-27cm\/#breadcrumb"},"inLanguage":"ru-RU","potentialAction":[{"@type":"ReadAction","target":["https:\/\/horticom.ee\/e-pood\/toode\/polvealus-aiatoodepink-kokkupandav-59-x-27cm\/"]}]},{"@type":"ImageObject","inLanguage":"ru-RU","@id":"https:\/\/horticom.ee\/e-pood\/toode\/polvealus-aiatoodepink-kokkupandav-59-x-27cm\/#primaryimage","url":"https:\/\/horticom.ee\/e-pood\/wp-content\/uploads\/importedmedia\/product-2298963_0-64534599.jpg","contentUrl":"https:\/\/horticom.ee\/e-pood\/wp-content\/uploads\/importedmedia\/product-2298963_0-64534599.jpg","width":1000,"height":1000},{"@type":"BreadcrumbList","@id":"https:\/\/horticom.ee\/e-pood\/toode\/polvealus-aiatoodepink-kokkupandav-59-x-27cm\/#breadcrumb","itemListElement":[{"@type":"ListItem","position":1,"name":"Home","item":"https:\/\/horticom.ee\/e-pood\/"},{"@type":"ListItem","position":2,"name":"Pood","item":"https:\/\/horticom.ee\/e-pood\/pood\/"},{"@type":"ListItem","position":3,"name":"P\u00f5lvealus\/ aiat\u00f6\u00f6depink kokkupandav 59 x 27cm"}]},{"@type":"WebSite","@id":"https:\/\/horticom.ee\/e-pood\/#website","url":"https:\/\/horticom.ee\/e-pood\/","name":"Horticom.ee","description":"Aianduskaubad ja kodukaubad nii harrastajatele kui professionaalidele","potentialAction":[{"@type":"SearchAction","target":{"@type":"EntryPoint","urlTemplate":"https:\/\/horticom.ee\/e-pood\/?s={search_term_string}"},"query-input":{"@type":"PropertyValueSpecification","valueRequired":true,"valueName":"search_term_string"}}],"inLanguage":"ru-RU"}]}},"_links":{"self":[{"href":"https:\/\/horticom.ee\/e-pood\/ru\/wp-json\/wp\/v2\/product\/2298963","targetHints":{"allow":["GET"]}}],"collection":[{"href":"https:\/\/horticom.ee\/e-pood\/ru\/wp-json\/wp\/v2\/product"}],"about":[{"href":"https:\/\/horticom.ee\/e-pood\/ru\/wp-json\/wp\/v2\/types\/product"}],"replies":[{"embeddable":true,"href":"https:\/\/horticom.ee\/e-pood\/ru\/wp-json\/wp\/v2\/comments?post=2298963"}],"wp:featuredmedia":[{"embeddable":true,"href":"https:\/\/horticom.ee\/e-pood\/ru\/wp-json\/wp\/v2\/media\/2379956"}],"wp:attachment":[{"href":"https:\/\/horticom.ee\/e-pood\/ru\/wp-json\/wp\/v2\/media?parent=2298963"}],"wp:term":[{"taxonomy":"product_cat","embeddable":true,"href":"https:\/\/horticom.ee\/e-pood\/ru\/wp-json\/wp\/v2\/product_cat?post=2298963"},{"taxonomy":"product_tag","embeddable":true,"href":"https:\/\/horticom.ee\/e-pood\/ru\/wp-json\/wp\/v2\/product_tag?post=2298963"}],"curies":[{"name":"wp","href":"https:\/\/api.w.org\/{rel}","templated":true}]}}