{"id":2299028,"date":"2024-10-15T06:01:10","date_gmt":"2024-10-15T03:01:10","guid":{"rendered":"https:\/\/horticom.ee\/e-pood\/toode\/selgpritsi-kaepide-manomeetriga\/"},"modified":"2026-05-08T03:07:54","modified_gmt":"2026-05-08T00:07:54","slug":"selgpritsi-kaepide-manomeetriga","status":"publish","type":"product","link":"https:\/\/horticom.ee\/e-pood\/ru\/toode\/selgpritsi-kaepide-manomeetriga\/","title":{"rendered":"Selgpritsi k\u00e4epide manomeetriga"},"content":{"rendered":"<p>Selgpritsi k\u00e4epide on varustatud kvaliteetse kolbventiiliga ja selle k\u00e4epide on varustatud tahkete osakeste filtriga, mis hoiab \u00e4ra mustuse sattumise pritsimisotsakusse. K\u00e4epideme kangil on lukk, mis h\u00f5lbustab t\u00f6\u00f6vedeliku pikaajalist kasutamist, ja k\u00e4epidemel asuv manomeeter v\u00f5imaldab teil kontrollida vedeliku r\u00f5hku. K\u00e4epidemel on kangilukk, mis h\u00f5lbustab vedelike pikaajalist kasutamist. Manomeeter v\u00f5imaldab teil t\u00f6\u00f6 ajal r\u00f5hku kontrollida.<\/p>\n","protected":false},"excerpt":{"rendered":"<p>Selgpritsi k\u00e4epide on varustatud kvaliteetse kolbventiiliga ja selle k\u00e4epide on varustatud tahkete osakeste filtriga, mis hoiab \u00e4ra mustuse sattumise pritsimisotsakusse. K\u00e4epideme kangil on lukk, mis h\u00f5lbustab t\u00f6\u00f6vedeliku pikaajalist kasutamist, ja k\u00e4epidemel asuv manomeeter v\u00f5imaldab teil kontrollida vedeliku r\u00f5hku. K\u00e4epidemel on kangilukk, mis h\u00f5lbustab vedelike pikaajalist kasutamist. Manomeeter v\u00f5imaldab teil t\u00f6\u00f6 ajal r\u00f5hku kontrollida.<\/p>\n","protected":false},"featured_media":2381012,"comment_status":"closed","ping_status":"closed","template":"","meta":{"_themeisle_gutenberg_block_has_review":false},"product_cat":[18563,14015,13620],"product_tag":[],"class_list":{"0":"post-2299028","1":"product","2":"type-product","3":"status-publish","4":"has-post-thumbnail","6":"product_cat-lopumuugitooted","7":"product_cat-pritsid","8":"product_cat-survepritsid-tootjale","10":"first","11":"instock","12":"sale","13":"shipping-taxable","14":"purchasable","15":"product-type-simple"},"yoast_head":"<!-- This site is optimized with the Yoast SEO plugin v24.0 - https:\/\/yoast.com\/wordpress\/plugins\/seo\/ -->\n<title>Selgpritsi k\u00e4epide manomeetriga - Horticom<\/title>\n<meta name=\"robots\" content=\"index, follow, max-snippet:-1, max-image-preview:large, max-video-preview:-1\" \/>\n<link rel=\"canonical\" href=\"https:\/\/horticom.ee\/e-pood\/toode\/selgpritsi-kaepide-manomeetriga\/\" \/>\n<meta property=\"og:locale\" content=\"ru_RU\" \/>\n<meta property=\"og:type\" content=\"article\" \/>\n<meta property=\"og:title\" content=\"Selgpritsi k\u00e4epide manomeetriga - Horticom\" \/>\n<meta property=\"og:description\" content=\"Selgpritsi k\u00e4epide on varustatud kvaliteetse kolbventiiliga ja selle k\u00e4epide on varustatud tahkete osakeste filtriga, mis hoiab \u00e4ra mustuse sattumise pritsimisotsakusse. K\u00e4epideme kangil on lukk, mis h\u00f5lbustab t\u00f6\u00f6vedeliku pikaajalist kasutamist, ja k\u00e4epidemel asuv manomeeter v\u00f5imaldab teil kontrollida vedeliku r\u00f5hku. K\u00e4epidemel on kangilukk, mis h\u00f5lbustab vedelike pikaajalist kasutamist. Manomeeter v\u00f5imaldab teil t\u00f6\u00f6 ajal r\u00f5hku kontrollida.\" \/>\n<meta property=\"og:url\" content=\"https:\/\/horticom.ee\/e-pood\/toode\/selgpritsi-kaepide-manomeetriga\/\" \/>\n<meta property=\"og:site_name\" content=\"Horticom.ee\" \/>\n<meta property=\"article:publisher\" content=\"https:\/\/www.facebook.com\/horticom.ee\/e-pood\" \/>\n<meta property=\"article:modified_time\" content=\"2026-05-08T00:07:54+00:00\" \/>\n<meta property=\"og:image\" content=\"https:\/\/horticom.ee\/e-pood\/wp-content\/uploads\/importedmedia\/product-2299028_0-825078.jpg\" \/>\n\t<meta property=\"og:image:width\" content=\"1000\" \/>\n\t<meta property=\"og:image:height\" content=\"1000\" \/>\n\t<meta property=\"og:image:type\" content=\"image\/jpeg\" \/>\n<meta name=\"twitter:card\" content=\"summary_large_image\" \/>\n<script type=\"application\/ld+json\" class=\"yoast-schema-graph\">{\"@context\":\"https:\/\/schema.org\",\"@graph\":[{\"@type\":\"WebPage\",\"@id\":\"https:\/\/horticom.ee\/e-pood\/toode\/selgpritsi-kaepide-manomeetriga\/\",\"url\":\"https:\/\/horticom.ee\/e-pood\/toode\/selgpritsi-kaepide-manomeetriga\/\",\"name\":\"Selgpritsi k\u00e4epide manomeetriga - Horticom\",\"isPartOf\":{\"@id\":\"https:\/\/horticom.ee\/e-pood\/#website\"},\"primaryImageOfPage\":{\"@id\":\"https:\/\/horticom.ee\/e-pood\/toode\/selgpritsi-kaepide-manomeetriga\/#primaryimage\"},\"image\":{\"@id\":\"https:\/\/horticom.ee\/e-pood\/toode\/selgpritsi-kaepide-manomeetriga\/#primaryimage\"},\"thumbnailUrl\":\"https:\/\/horticom.ee\/e-pood\/wp-content\/uploads\/importedmedia\/product-2299028_0-825078.jpg\",\"datePublished\":\"2024-10-15T03:01:10+00:00\",\"dateModified\":\"2026-05-08T00:07:54+00:00\",\"breadcrumb\":{\"@id\":\"https:\/\/horticom.ee\/e-pood\/toode\/selgpritsi-kaepide-manomeetriga\/#breadcrumb\"},\"inLanguage\":\"ru-RU\",\"potentialAction\":[{\"@type\":\"ReadAction\",\"target\":[\"https:\/\/horticom.ee\/e-pood\/toode\/selgpritsi-kaepide-manomeetriga\/\"]}]},{\"@type\":\"ImageObject\",\"inLanguage\":\"ru-RU\",\"@id\":\"https:\/\/horticom.ee\/e-pood\/toode\/selgpritsi-kaepide-manomeetriga\/#primaryimage\",\"url\":\"https:\/\/horticom.ee\/e-pood\/wp-content\/uploads\/importedmedia\/product-2299028_0-825078.jpg\",\"contentUrl\":\"https:\/\/horticom.ee\/e-pood\/wp-content\/uploads\/importedmedia\/product-2299028_0-825078.jpg\",\"width\":1000,\"height\":1000},{\"@type\":\"BreadcrumbList\",\"@id\":\"https:\/\/horticom.ee\/e-pood\/toode\/selgpritsi-kaepide-manomeetriga\/#breadcrumb\",\"itemListElement\":[{\"@type\":\"ListItem\",\"position\":1,\"name\":\"Home\",\"item\":\"https:\/\/horticom.ee\/e-pood\/\"},{\"@type\":\"ListItem\",\"position\":2,\"name\":\"Pood\",\"item\":\"https:\/\/horticom.ee\/e-pood\/pood\/\"},{\"@type\":\"ListItem\",\"position\":3,\"name\":\"Selgpritsi k\u00e4epide manomeetriga\"}]},{\"@type\":\"WebSite\",\"@id\":\"https:\/\/horticom.ee\/e-pood\/#website\",\"url\":\"https:\/\/horticom.ee\/e-pood\/\",\"name\":\"Horticom.ee\",\"description\":\"Aianduskaubad ja kodukaubad nii harrastajatele kui professionaalidele\",\"potentialAction\":[{\"@type\":\"SearchAction\",\"target\":{\"@type\":\"EntryPoint\",\"urlTemplate\":\"https:\/\/horticom.ee\/e-pood\/?s={search_term_string}\"},\"query-input\":{\"@type\":\"PropertyValueSpecification\",\"valueRequired\":true,\"valueName\":\"search_term_string\"}}],\"inLanguage\":\"ru-RU\"}]}<\/script>\n<!-- \/ Yoast SEO plugin. -->","yoast_head_json":{"title":"Selgpritsi k\u00e4epide manomeetriga - Horticom","robots":{"index":"index","follow":"follow","max-snippet":"max-snippet:-1","max-image-preview":"max-image-preview:large","max-video-preview":"max-video-preview:-1"},"canonical":"https:\/\/horticom.ee\/e-pood\/toode\/selgpritsi-kaepide-manomeetriga\/","og_locale":"ru_RU","og_type":"article","og_title":"Selgpritsi k\u00e4epide manomeetriga - Horticom","og_description":"Selgpritsi k\u00e4epide on varustatud kvaliteetse kolbventiiliga ja selle k\u00e4epide on varustatud tahkete osakeste filtriga, mis hoiab \u00e4ra mustuse sattumise pritsimisotsakusse. K\u00e4epideme kangil on lukk, mis h\u00f5lbustab t\u00f6\u00f6vedeliku pikaajalist kasutamist, ja k\u00e4epidemel asuv manomeeter v\u00f5imaldab teil kontrollida vedeliku r\u00f5hku. K\u00e4epidemel on kangilukk, mis h\u00f5lbustab vedelike pikaajalist kasutamist. Manomeeter v\u00f5imaldab teil t\u00f6\u00f6 ajal r\u00f5hku kontrollida.","og_url":"https:\/\/horticom.ee\/e-pood\/toode\/selgpritsi-kaepide-manomeetriga\/","og_site_name":"Horticom.ee","article_publisher":"https:\/\/www.facebook.com\/horticom.ee\/e-pood","article_modified_time":"2026-05-08T00:07:54+00:00","og_image":[{"width":1000,"height":1000,"url":"https:\/\/horticom.ee\/e-pood\/wp-content\/uploads\/importedmedia\/product-2299028_0-825078.jpg","type":"image\/jpeg"}],"twitter_card":"summary_large_image","schema":{"@context":"https:\/\/schema.org","@graph":[{"@type":"WebPage","@id":"https:\/\/horticom.ee\/e-pood\/toode\/selgpritsi-kaepide-manomeetriga\/","url":"https:\/\/horticom.ee\/e-pood\/toode\/selgpritsi-kaepide-manomeetriga\/","name":"Selgpritsi k\u00e4epide manomeetriga - Horticom","isPartOf":{"@id":"https:\/\/horticom.ee\/e-pood\/#website"},"primaryImageOfPage":{"@id":"https:\/\/horticom.ee\/e-pood\/toode\/selgpritsi-kaepide-manomeetriga\/#primaryimage"},"image":{"@id":"https:\/\/horticom.ee\/e-pood\/toode\/selgpritsi-kaepide-manomeetriga\/#primaryimage"},"thumbnailUrl":"https:\/\/horticom.ee\/e-pood\/wp-content\/uploads\/importedmedia\/product-2299028_0-825078.jpg","datePublished":"2024-10-15T03:01:10+00:00","dateModified":"2026-05-08T00:07:54+00:00","breadcrumb":{"@id":"https:\/\/horticom.ee\/e-pood\/toode\/selgpritsi-kaepide-manomeetriga\/#breadcrumb"},"inLanguage":"ru-RU","potentialAction":[{"@type":"ReadAction","target":["https:\/\/horticom.ee\/e-pood\/toode\/selgpritsi-kaepide-manomeetriga\/"]}]},{"@type":"ImageObject","inLanguage":"ru-RU","@id":"https:\/\/horticom.ee\/e-pood\/toode\/selgpritsi-kaepide-manomeetriga\/#primaryimage","url":"https:\/\/horticom.ee\/e-pood\/wp-content\/uploads\/importedmedia\/product-2299028_0-825078.jpg","contentUrl":"https:\/\/horticom.ee\/e-pood\/wp-content\/uploads\/importedmedia\/product-2299028_0-825078.jpg","width":1000,"height":1000},{"@type":"BreadcrumbList","@id":"https:\/\/horticom.ee\/e-pood\/toode\/selgpritsi-kaepide-manomeetriga\/#breadcrumb","itemListElement":[{"@type":"ListItem","position":1,"name":"Home","item":"https:\/\/horticom.ee\/e-pood\/"},{"@type":"ListItem","position":2,"name":"Pood","item":"https:\/\/horticom.ee\/e-pood\/pood\/"},{"@type":"ListItem","position":3,"name":"Selgpritsi k\u00e4epide manomeetriga"}]},{"@type":"WebSite","@id":"https:\/\/horticom.ee\/e-pood\/#website","url":"https:\/\/horticom.ee\/e-pood\/","name":"Horticom.ee","description":"Aianduskaubad ja kodukaubad nii harrastajatele kui professionaalidele","potentialAction":[{"@type":"SearchAction","target":{"@type":"EntryPoint","urlTemplate":"https:\/\/horticom.ee\/e-pood\/?s={search_term_string}"},"query-input":{"@type":"PropertyValueSpecification","valueRequired":true,"valueName":"search_term_string"}}],"inLanguage":"ru-RU"}]}},"_links":{"self":[{"href":"https:\/\/horticom.ee\/e-pood\/ru\/wp-json\/wp\/v2\/product\/2299028","targetHints":{"allow":["GET"]}}],"collection":[{"href":"https:\/\/horticom.ee\/e-pood\/ru\/wp-json\/wp\/v2\/product"}],"about":[{"href":"https:\/\/horticom.ee\/e-pood\/ru\/wp-json\/wp\/v2\/types\/product"}],"replies":[{"embeddable":true,"href":"https:\/\/horticom.ee\/e-pood\/ru\/wp-json\/wp\/v2\/comments?post=2299028"}],"wp:featuredmedia":[{"embeddable":true,"href":"https:\/\/horticom.ee\/e-pood\/ru\/wp-json\/wp\/v2\/media\/2381012"}],"wp:attachment":[{"href":"https:\/\/horticom.ee\/e-pood\/ru\/wp-json\/wp\/v2\/media?parent=2299028"}],"wp:term":[{"taxonomy":"product_cat","embeddable":true,"href":"https:\/\/horticom.ee\/e-pood\/ru\/wp-json\/wp\/v2\/product_cat?post=2299028"},{"taxonomy":"product_tag","embeddable":true,"href":"https:\/\/horticom.ee\/e-pood\/ru\/wp-json\/wp\/v2\/product_tag?post=2299028"}],"curies":[{"name":"wp","href":"https:\/\/api.w.org\/{rel}","templated":true}]}}