{"id":2299051,"date":"2024-10-15T06:01:13","date_gmt":"2024-10-15T03:01:13","guid":{"rendered":"https:\/\/horticom.ee\/e-pood\/toode\/rodukast-inis-80cm-terra\/"},"modified":"2026-04-08T03:10:23","modified_gmt":"2026-04-08T00:10:23","slug":"rodukast-inis-80cm-terra","status":"publish","type":"product","link":"https:\/\/horticom.ee\/e-pood\/ru\/toode\/rodukast-inis-80cm-terra\/","title":{"rendered":"R\u00f5dukast Inis 80cm terra"},"content":{"rendered":"<p>R\u00f5dukast Inis on modernne kuid lihtne ja vastupidav plastikust r\u00f5dukast sinu aia kaunistamiseks. Saadaval erinevad v\u00e4rvivalikud. 100% \u00fcmbert\u00f6\u00f6deldav, kerge ja p\u00f5rutuskindel. UV-kindel ja kannatab k\u00fclma kuni -20C.<\/p>\n","protected":false},"excerpt":{"rendered":"<p>R\u00f5dukast Inis on modernne kuid lihtne ja vastupidav plastikust r\u00f5dukast sinu aia kaunistamiseks. Saadaval erinevad v\u00e4rvivalikud. 100% \u00fcmbert\u00f6\u00f6deldav, kerge ja p\u00f5rutuskindel. UV-kindel ja kannatab k\u00fclma kuni -20C.<\/p>\n","protected":false},"featured_media":2398268,"comment_status":"closed","ping_status":"closed","template":"","meta":{"_themeisle_gutenberg_block_has_review":false},"product_cat":[13444],"product_tag":[],"class_list":{"0":"post-2299051","1":"product","2":"type-product","3":"status-publish","4":"has-post-thumbnail","6":"product_cat-rodukastid","8":"first","9":"instock","10":"shipping-taxable","11":"purchasable","12":"product-type-simple"},"yoast_head":"<!-- This site is optimized with the Yoast SEO plugin v24.0 - https:\/\/yoast.com\/wordpress\/plugins\/seo\/ -->\n<title>R\u00f5dukast Inis 80cm terra - Horticom.ee\/e-pood<\/title>\n<meta name=\"description\" content=\"R\u00f5dukast Inis on modernne, lihtne ja vastupidav plastikust r\u00f5dukast. 100% \u00fcmbert\u00f6\u00f6deldav, kerge ja p\u00f5rutuskindel. UV-kindel ja k\u00fclmakindel.\" \/>\n<meta name=\"robots\" content=\"index, follow, max-snippet:-1, max-image-preview:large, max-video-preview:-1\" \/>\n<link rel=\"canonical\" href=\"https:\/\/horticom.ee\/e-pood\/toode\/rodukast-inis-80cm-terra\/\" \/>\n<meta property=\"og:locale\" content=\"ru_RU\" \/>\n<meta property=\"og:type\" content=\"article\" \/>\n<meta property=\"og:title\" content=\"R\u00f5dukast Inis 80cm terra - Horticom.ee\/e-pood\" \/>\n<meta property=\"og:description\" content=\"R\u00f5dukast Inis on modernne, lihtne ja vastupidav plastikust r\u00f5dukast. 100% \u00fcmbert\u00f6\u00f6deldav, kerge ja p\u00f5rutuskindel. UV-kindel ja k\u00fclmakindel.\" \/>\n<meta property=\"og:url\" content=\"https:\/\/horticom.ee\/e-pood\/toode\/rodukast-inis-80cm-terra\/\" \/>\n<meta property=\"og:site_name\" content=\"Horticom.ee\" \/>\n<meta property=\"article:publisher\" content=\"https:\/\/www.facebook.com\/horticom.ee\/e-pood\" \/>\n<meta property=\"article:modified_time\" content=\"2026-04-08T00:10:23+00:00\" \/>\n<meta property=\"og:image\" content=\"https:\/\/horticom.ee\/e-pood\/wp-content\/uploads\/2024\/10\/8000072220551-scaled.jpg\" \/>\n\t<meta property=\"og:image:width\" content=\"1705\" \/>\n\t<meta property=\"og:image:height\" content=\"2560\" \/>\n\t<meta property=\"og:image:type\" content=\"image\/jpeg\" \/>\n<meta name=\"twitter:card\" content=\"summary_large_image\" \/>\n<meta name=\"twitter:label1\" content=\"\u041f\u0440\u0438\u043c\u0435\u0440\u043d\u043e\u0435 \u0432\u0440\u0435\u043c\u044f \u0434\u043b\u044f \u0447\u0442\u0435\u043d\u0438\u044f\" \/>\n\t<meta name=\"twitter:data1\" content=\"1 \u043c\u0438\u043d\u0443\u0442\u0430\" \/>\n<script type=\"application\/ld+json\" class=\"yoast-schema-graph\">{\"@context\":\"https:\/\/schema.org\",\"@graph\":[{\"@type\":\"WebPage\",\"@id\":\"https:\/\/horticom.ee\/e-pood\/toode\/rodukast-inis-80cm-terra\/\",\"url\":\"https:\/\/horticom.ee\/e-pood\/toode\/rodukast-inis-80cm-terra\/\",\"name\":\"R\u00f5dukast Inis 80cm terra - Horticom.ee\/e-pood\",\"isPartOf\":{\"@id\":\"https:\/\/horticom.ee\/e-pood\/#website\"},\"primaryImageOfPage\":{\"@id\":\"https:\/\/horticom.ee\/e-pood\/toode\/rodukast-inis-80cm-terra\/#primaryimage\"},\"image\":{\"@id\":\"https:\/\/horticom.ee\/e-pood\/toode\/rodukast-inis-80cm-terra\/#primaryimage\"},\"thumbnailUrl\":\"https:\/\/horticom.ee\/e-pood\/wp-content\/uploads\/2024\/10\/8000072220551-scaled.jpg\",\"datePublished\":\"2024-10-15T03:01:13+00:00\",\"dateModified\":\"2026-04-08T00:10:23+00:00\",\"description\":\"R\u00f5dukast Inis on modernne, lihtne ja vastupidav plastikust r\u00f5dukast. 100% \u00fcmbert\u00f6\u00f6deldav, kerge ja p\u00f5rutuskindel. UV-kindel ja k\u00fclmakindel.\",\"breadcrumb\":{\"@id\":\"https:\/\/horticom.ee\/e-pood\/toode\/rodukast-inis-80cm-terra\/#breadcrumb\"},\"inLanguage\":\"ru-RU\",\"potentialAction\":[{\"@type\":\"ReadAction\",\"target\":[\"https:\/\/horticom.ee\/e-pood\/toode\/rodukast-inis-80cm-terra\/\"]}]},{\"@type\":\"ImageObject\",\"inLanguage\":\"ru-RU\",\"@id\":\"https:\/\/horticom.ee\/e-pood\/toode\/rodukast-inis-80cm-terra\/#primaryimage\",\"url\":\"https:\/\/horticom.ee\/e-pood\/wp-content\/uploads\/2024\/10\/8000072220551-scaled.jpg\",\"contentUrl\":\"https:\/\/horticom.ee\/e-pood\/wp-content\/uploads\/2024\/10\/8000072220551-scaled.jpg\",\"width\":1705,\"height\":2560},{\"@type\":\"BreadcrumbList\",\"@id\":\"https:\/\/horticom.ee\/e-pood\/toode\/rodukast-inis-80cm-terra\/#breadcrumb\",\"itemListElement\":[{\"@type\":\"ListItem\",\"position\":1,\"name\":\"Home\",\"item\":\"https:\/\/horticom.ee\/e-pood\/\"},{\"@type\":\"ListItem\",\"position\":2,\"name\":\"Pood\",\"item\":\"https:\/\/horticom.ee\/e-pood\/pood\/\"},{\"@type\":\"ListItem\",\"position\":3,\"name\":\"R\u00f5dukast Inis 80cm terra\"}]},{\"@type\":\"WebSite\",\"@id\":\"https:\/\/horticom.ee\/e-pood\/#website\",\"url\":\"https:\/\/horticom.ee\/e-pood\/\",\"name\":\"Horticom.ee\",\"description\":\"Aianduskaubad ja kodukaubad nii harrastajatele kui professionaalidele\",\"potentialAction\":[{\"@type\":\"SearchAction\",\"target\":{\"@type\":\"EntryPoint\",\"urlTemplate\":\"https:\/\/horticom.ee\/e-pood\/?s={search_term_string}\"},\"query-input\":{\"@type\":\"PropertyValueSpecification\",\"valueRequired\":true,\"valueName\":\"search_term_string\"}}],\"inLanguage\":\"ru-RU\"}]}<\/script>\n<!-- \/ Yoast SEO plugin. -->","yoast_head_json":{"title":"R\u00f5dukast Inis 80cm terra - Horticom.ee\/e-pood","description":"R\u00f5dukast Inis on modernne, lihtne ja vastupidav plastikust r\u00f5dukast. 100% \u00fcmbert\u00f6\u00f6deldav, kerge ja p\u00f5rutuskindel. UV-kindel ja k\u00fclmakindel.","robots":{"index":"index","follow":"follow","max-snippet":"max-snippet:-1","max-image-preview":"max-image-preview:large","max-video-preview":"max-video-preview:-1"},"canonical":"https:\/\/horticom.ee\/e-pood\/toode\/rodukast-inis-80cm-terra\/","og_locale":"ru_RU","og_type":"article","og_title":"R\u00f5dukast Inis 80cm terra - Horticom.ee\/e-pood","og_description":"R\u00f5dukast Inis on modernne, lihtne ja vastupidav plastikust r\u00f5dukast. 100% \u00fcmbert\u00f6\u00f6deldav, kerge ja p\u00f5rutuskindel. UV-kindel ja k\u00fclmakindel.","og_url":"https:\/\/horticom.ee\/e-pood\/toode\/rodukast-inis-80cm-terra\/","og_site_name":"Horticom.ee","article_publisher":"https:\/\/www.facebook.com\/horticom.ee\/e-pood","article_modified_time":"2026-04-08T00:10:23+00:00","og_image":[{"width":1705,"height":2560,"url":"https:\/\/horticom.ee\/e-pood\/wp-content\/uploads\/2024\/10\/8000072220551-scaled.jpg","type":"image\/jpeg"}],"twitter_card":"summary_large_image","twitter_misc":{"\u041f\u0440\u0438\u043c\u0435\u0440\u043d\u043e\u0435 \u0432\u0440\u0435\u043c\u044f \u0434\u043b\u044f \u0447\u0442\u0435\u043d\u0438\u044f":"1 \u043c\u0438\u043d\u0443\u0442\u0430"},"schema":{"@context":"https:\/\/schema.org","@graph":[{"@type":"WebPage","@id":"https:\/\/horticom.ee\/e-pood\/toode\/rodukast-inis-80cm-terra\/","url":"https:\/\/horticom.ee\/e-pood\/toode\/rodukast-inis-80cm-terra\/","name":"R\u00f5dukast Inis 80cm terra - Horticom.ee\/e-pood","isPartOf":{"@id":"https:\/\/horticom.ee\/e-pood\/#website"},"primaryImageOfPage":{"@id":"https:\/\/horticom.ee\/e-pood\/toode\/rodukast-inis-80cm-terra\/#primaryimage"},"image":{"@id":"https:\/\/horticom.ee\/e-pood\/toode\/rodukast-inis-80cm-terra\/#primaryimage"},"thumbnailUrl":"https:\/\/horticom.ee\/e-pood\/wp-content\/uploads\/2024\/10\/8000072220551-scaled.jpg","datePublished":"2024-10-15T03:01:13+00:00","dateModified":"2026-04-08T00:10:23+00:00","description":"R\u00f5dukast Inis on modernne, lihtne ja vastupidav plastikust r\u00f5dukast. 100% \u00fcmbert\u00f6\u00f6deldav, kerge ja p\u00f5rutuskindel. UV-kindel ja k\u00fclmakindel.","breadcrumb":{"@id":"https:\/\/horticom.ee\/e-pood\/toode\/rodukast-inis-80cm-terra\/#breadcrumb"},"inLanguage":"ru-RU","potentialAction":[{"@type":"ReadAction","target":["https:\/\/horticom.ee\/e-pood\/toode\/rodukast-inis-80cm-terra\/"]}]},{"@type":"ImageObject","inLanguage":"ru-RU","@id":"https:\/\/horticom.ee\/e-pood\/toode\/rodukast-inis-80cm-terra\/#primaryimage","url":"https:\/\/horticom.ee\/e-pood\/wp-content\/uploads\/2024\/10\/8000072220551-scaled.jpg","contentUrl":"https:\/\/horticom.ee\/e-pood\/wp-content\/uploads\/2024\/10\/8000072220551-scaled.jpg","width":1705,"height":2560},{"@type":"BreadcrumbList","@id":"https:\/\/horticom.ee\/e-pood\/toode\/rodukast-inis-80cm-terra\/#breadcrumb","itemListElement":[{"@type":"ListItem","position":1,"name":"Home","item":"https:\/\/horticom.ee\/e-pood\/"},{"@type":"ListItem","position":2,"name":"Pood","item":"https:\/\/horticom.ee\/e-pood\/pood\/"},{"@type":"ListItem","position":3,"name":"R\u00f5dukast Inis 80cm terra"}]},{"@type":"WebSite","@id":"https:\/\/horticom.ee\/e-pood\/#website","url":"https:\/\/horticom.ee\/e-pood\/","name":"Horticom.ee","description":"Aianduskaubad ja kodukaubad nii harrastajatele kui professionaalidele","potentialAction":[{"@type":"SearchAction","target":{"@type":"EntryPoint","urlTemplate":"https:\/\/horticom.ee\/e-pood\/?s={search_term_string}"},"query-input":{"@type":"PropertyValueSpecification","valueRequired":true,"valueName":"search_term_string"}}],"inLanguage":"ru-RU"}]}},"_links":{"self":[{"href":"https:\/\/horticom.ee\/e-pood\/ru\/wp-json\/wp\/v2\/product\/2299051","targetHints":{"allow":["GET"]}}],"collection":[{"href":"https:\/\/horticom.ee\/e-pood\/ru\/wp-json\/wp\/v2\/product"}],"about":[{"href":"https:\/\/horticom.ee\/e-pood\/ru\/wp-json\/wp\/v2\/types\/product"}],"replies":[{"embeddable":true,"href":"https:\/\/horticom.ee\/e-pood\/ru\/wp-json\/wp\/v2\/comments?post=2299051"}],"wp:featuredmedia":[{"embeddable":true,"href":"https:\/\/horticom.ee\/e-pood\/ru\/wp-json\/wp\/v2\/media\/2398268"}],"wp:attachment":[{"href":"https:\/\/horticom.ee\/e-pood\/ru\/wp-json\/wp\/v2\/media?parent=2299051"}],"wp:term":[{"taxonomy":"product_cat","embeddable":true,"href":"https:\/\/horticom.ee\/e-pood\/ru\/wp-json\/wp\/v2\/product_cat?post=2299051"},{"taxonomy":"product_tag","embeddable":true,"href":"https:\/\/horticom.ee\/e-pood\/ru\/wp-json\/wp\/v2\/product_tag?post=2299051"}],"curies":[{"name":"wp","href":"https:\/\/api.w.org\/{rel}","templated":true}]}}