{"id":2299075,"date":"2024-10-15T06:01:18","date_gmt":"2024-10-15T03:01:18","guid":{"rendered":"https:\/\/horticom.ee\/e-pood\/toode\/voolikute-kaksikkraan-19mm-ja-25-mm\/"},"modified":"2026-04-08T03:10:33","modified_gmt":"2026-04-08T00:10:33","slug":"voolikute-kaksikkraan-19mm-ja-25-mm","status":"publish","type":"product","link":"https:\/\/horticom.ee\/e-pood\/ru\/toode\/voolikute-kaksikkraan-19mm-ja-25-mm\/","title":{"rendered":"Voolikute kaksikkraan 19mm ja 25mm"},"content":{"rendered":"<p>Voolikute kaksikraan 19mm ja 25mm (1&#8243; ja 3\/4&#8243;) voolikute \u00fchendamiseks. Kraaniliide sisekeermega, sobib kahe erinevat m\u00f5\u00f5tu vooliku \u00fchendamiseks v\u00e4liskraani.<\/p>\n","protected":false},"excerpt":{"rendered":"<p>Voolikute kaksikraan 19mm ja 25mm (1&#8243; ja 3\/4&#8243;) voolikute \u00fchendamiseks. Kraaniliide sisekeermega, sobib kahe erinevat m\u00f5\u00f5tu vooliku \u00fchendamiseks v\u00e4liskraani.<\/p>\n","protected":false},"featured_media":2381540,"comment_status":"closed","ping_status":"closed","template":"","meta":{"_themeisle_gutenberg_block_has_review":false},"product_cat":[18563,13389],"product_tag":[],"class_list":{"0":"post-2299075","1":"product","2":"type-product","3":"status-publish","4":"has-post-thumbnail","6":"product_cat-lopumuugitooted","7":"product_cat-voolikute-uhendused","9":"first","10":"instock","11":"sale","12":"shipping-taxable","13":"purchasable","14":"product-type-simple"},"yoast_head":"<!-- This site is optimized with the Yoast SEO plugin v24.0 - https:\/\/yoast.com\/wordpress\/plugins\/seo\/ -->\n<title>Voolikute kaksikkraan 19mm ja 25mm - Horticom<\/title>\n<meta name=\"robots\" content=\"index, follow, max-snippet:-1, max-image-preview:large, max-video-preview:-1\" \/>\n<link rel=\"canonical\" href=\"https:\/\/horticom.ee\/e-pood\/toode\/voolikute-kaksikkraan-19mm-ja-25-mm\/\" \/>\n<meta property=\"og:locale\" content=\"ru_RU\" \/>\n<meta property=\"og:type\" content=\"article\" \/>\n<meta property=\"og:title\" content=\"Voolikute kaksikkraan 19mm ja 25mm - Horticom\" \/>\n<meta property=\"og:description\" content=\"Voolikute kaksikraan 19mm ja 25mm (1&#8243; ja 3\/4&#8243;) voolikute \u00fchendamiseks. Kraaniliide sisekeermega, sobib kahe erinevat m\u00f5\u00f5tu vooliku \u00fchendamiseks v\u00e4liskraani.\" \/>\n<meta property=\"og:url\" content=\"https:\/\/horticom.ee\/e-pood\/toode\/voolikute-kaksikkraan-19mm-ja-25-mm\/\" \/>\n<meta property=\"og:site_name\" content=\"Horticom.ee\" \/>\n<meta property=\"article:publisher\" content=\"https:\/\/www.facebook.com\/horticom.ee\/e-pood\" \/>\n<meta property=\"article:modified_time\" content=\"2026-04-08T00:10:33+00:00\" \/>\n<meta property=\"og:image\" content=\"https:\/\/horticom.ee\/e-pood\/wp-content\/uploads\/importedmedia\/product-2299075_0-820017.jpg\" \/>\n\t<meta property=\"og:image:width\" content=\"999\" \/>\n\t<meta property=\"og:image:height\" content=\"860\" \/>\n\t<meta property=\"og:image:type\" content=\"image\/jpeg\" \/>\n<meta name=\"twitter:card\" content=\"summary_large_image\" \/>\n<script type=\"application\/ld+json\" class=\"yoast-schema-graph\">{\"@context\":\"https:\/\/schema.org\",\"@graph\":[{\"@type\":\"WebPage\",\"@id\":\"https:\/\/horticom.ee\/e-pood\/toode\/voolikute-kaksikkraan-19mm-ja-25-mm\/\",\"url\":\"https:\/\/horticom.ee\/e-pood\/toode\/voolikute-kaksikkraan-19mm-ja-25-mm\/\",\"name\":\"Voolikute kaksikkraan 19mm ja 25mm - Horticom\",\"isPartOf\":{\"@id\":\"https:\/\/horticom.ee\/e-pood\/#website\"},\"primaryImageOfPage\":{\"@id\":\"https:\/\/horticom.ee\/e-pood\/toode\/voolikute-kaksikkraan-19mm-ja-25-mm\/#primaryimage\"},\"image\":{\"@id\":\"https:\/\/horticom.ee\/e-pood\/toode\/voolikute-kaksikkraan-19mm-ja-25-mm\/#primaryimage\"},\"thumbnailUrl\":\"https:\/\/horticom.ee\/e-pood\/wp-content\/uploads\/importedmedia\/product-2299075_0-820017.jpg\",\"datePublished\":\"2024-10-15T03:01:18+00:00\",\"dateModified\":\"2026-04-08T00:10:33+00:00\",\"breadcrumb\":{\"@id\":\"https:\/\/horticom.ee\/e-pood\/toode\/voolikute-kaksikkraan-19mm-ja-25-mm\/#breadcrumb\"},\"inLanguage\":\"ru-RU\",\"potentialAction\":[{\"@type\":\"ReadAction\",\"target\":[\"https:\/\/horticom.ee\/e-pood\/toode\/voolikute-kaksikkraan-19mm-ja-25-mm\/\"]}]},{\"@type\":\"ImageObject\",\"inLanguage\":\"ru-RU\",\"@id\":\"https:\/\/horticom.ee\/e-pood\/toode\/voolikute-kaksikkraan-19mm-ja-25-mm\/#primaryimage\",\"url\":\"https:\/\/horticom.ee\/e-pood\/wp-content\/uploads\/importedmedia\/product-2299075_0-820017.jpg\",\"contentUrl\":\"https:\/\/horticom.ee\/e-pood\/wp-content\/uploads\/importedmedia\/product-2299075_0-820017.jpg\",\"width\":999,\"height\":860},{\"@type\":\"BreadcrumbList\",\"@id\":\"https:\/\/horticom.ee\/e-pood\/toode\/voolikute-kaksikkraan-19mm-ja-25-mm\/#breadcrumb\",\"itemListElement\":[{\"@type\":\"ListItem\",\"position\":1,\"name\":\"Home\",\"item\":\"https:\/\/horticom.ee\/e-pood\/\"},{\"@type\":\"ListItem\",\"position\":2,\"name\":\"Pood\",\"item\":\"https:\/\/horticom.ee\/e-pood\/pood\/\"},{\"@type\":\"ListItem\",\"position\":3,\"name\":\"Voolikute kaksikkraan 19mm ja 25mm\"}]},{\"@type\":\"WebSite\",\"@id\":\"https:\/\/horticom.ee\/e-pood\/#website\",\"url\":\"https:\/\/horticom.ee\/e-pood\/\",\"name\":\"Horticom.ee\",\"description\":\"Aianduskaubad ja kodukaubad nii harrastajatele kui professionaalidele\",\"potentialAction\":[{\"@type\":\"SearchAction\",\"target\":{\"@type\":\"EntryPoint\",\"urlTemplate\":\"https:\/\/horticom.ee\/e-pood\/?s={search_term_string}\"},\"query-input\":{\"@type\":\"PropertyValueSpecification\",\"valueRequired\":true,\"valueName\":\"search_term_string\"}}],\"inLanguage\":\"ru-RU\"}]}<\/script>\n<!-- \/ Yoast SEO plugin. -->","yoast_head_json":{"title":"Voolikute kaksikkraan 19mm ja 25mm - Horticom","robots":{"index":"index","follow":"follow","max-snippet":"max-snippet:-1","max-image-preview":"max-image-preview:large","max-video-preview":"max-video-preview:-1"},"canonical":"https:\/\/horticom.ee\/e-pood\/toode\/voolikute-kaksikkraan-19mm-ja-25-mm\/","og_locale":"ru_RU","og_type":"article","og_title":"Voolikute kaksikkraan 19mm ja 25mm - Horticom","og_description":"Voolikute kaksikraan 19mm ja 25mm (1&#8243; ja 3\/4&#8243;) voolikute \u00fchendamiseks. Kraaniliide sisekeermega, sobib kahe erinevat m\u00f5\u00f5tu vooliku \u00fchendamiseks v\u00e4liskraani.","og_url":"https:\/\/horticom.ee\/e-pood\/toode\/voolikute-kaksikkraan-19mm-ja-25-mm\/","og_site_name":"Horticom.ee","article_publisher":"https:\/\/www.facebook.com\/horticom.ee\/e-pood","article_modified_time":"2026-04-08T00:10:33+00:00","og_image":[{"width":999,"height":860,"url":"https:\/\/horticom.ee\/e-pood\/wp-content\/uploads\/importedmedia\/product-2299075_0-820017.jpg","type":"image\/jpeg"}],"twitter_card":"summary_large_image","schema":{"@context":"https:\/\/schema.org","@graph":[{"@type":"WebPage","@id":"https:\/\/horticom.ee\/e-pood\/toode\/voolikute-kaksikkraan-19mm-ja-25-mm\/","url":"https:\/\/horticom.ee\/e-pood\/toode\/voolikute-kaksikkraan-19mm-ja-25-mm\/","name":"Voolikute kaksikkraan 19mm ja 25mm - Horticom","isPartOf":{"@id":"https:\/\/horticom.ee\/e-pood\/#website"},"primaryImageOfPage":{"@id":"https:\/\/horticom.ee\/e-pood\/toode\/voolikute-kaksikkraan-19mm-ja-25-mm\/#primaryimage"},"image":{"@id":"https:\/\/horticom.ee\/e-pood\/toode\/voolikute-kaksikkraan-19mm-ja-25-mm\/#primaryimage"},"thumbnailUrl":"https:\/\/horticom.ee\/e-pood\/wp-content\/uploads\/importedmedia\/product-2299075_0-820017.jpg","datePublished":"2024-10-15T03:01:18+00:00","dateModified":"2026-04-08T00:10:33+00:00","breadcrumb":{"@id":"https:\/\/horticom.ee\/e-pood\/toode\/voolikute-kaksikkraan-19mm-ja-25-mm\/#breadcrumb"},"inLanguage":"ru-RU","potentialAction":[{"@type":"ReadAction","target":["https:\/\/horticom.ee\/e-pood\/toode\/voolikute-kaksikkraan-19mm-ja-25-mm\/"]}]},{"@type":"ImageObject","inLanguage":"ru-RU","@id":"https:\/\/horticom.ee\/e-pood\/toode\/voolikute-kaksikkraan-19mm-ja-25-mm\/#primaryimage","url":"https:\/\/horticom.ee\/e-pood\/wp-content\/uploads\/importedmedia\/product-2299075_0-820017.jpg","contentUrl":"https:\/\/horticom.ee\/e-pood\/wp-content\/uploads\/importedmedia\/product-2299075_0-820017.jpg","width":999,"height":860},{"@type":"BreadcrumbList","@id":"https:\/\/horticom.ee\/e-pood\/toode\/voolikute-kaksikkraan-19mm-ja-25-mm\/#breadcrumb","itemListElement":[{"@type":"ListItem","position":1,"name":"Home","item":"https:\/\/horticom.ee\/e-pood\/"},{"@type":"ListItem","position":2,"name":"Pood","item":"https:\/\/horticom.ee\/e-pood\/pood\/"},{"@type":"ListItem","position":3,"name":"Voolikute kaksikkraan 19mm ja 25mm"}]},{"@type":"WebSite","@id":"https:\/\/horticom.ee\/e-pood\/#website","url":"https:\/\/horticom.ee\/e-pood\/","name":"Horticom.ee","description":"Aianduskaubad ja kodukaubad nii harrastajatele kui professionaalidele","potentialAction":[{"@type":"SearchAction","target":{"@type":"EntryPoint","urlTemplate":"https:\/\/horticom.ee\/e-pood\/?s={search_term_string}"},"query-input":{"@type":"PropertyValueSpecification","valueRequired":true,"valueName":"search_term_string"}}],"inLanguage":"ru-RU"}]}},"_links":{"self":[{"href":"https:\/\/horticom.ee\/e-pood\/ru\/wp-json\/wp\/v2\/product\/2299075","targetHints":{"allow":["GET"]}}],"collection":[{"href":"https:\/\/horticom.ee\/e-pood\/ru\/wp-json\/wp\/v2\/product"}],"about":[{"href":"https:\/\/horticom.ee\/e-pood\/ru\/wp-json\/wp\/v2\/types\/product"}],"replies":[{"embeddable":true,"href":"https:\/\/horticom.ee\/e-pood\/ru\/wp-json\/wp\/v2\/comments?post=2299075"}],"wp:featuredmedia":[{"embeddable":true,"href":"https:\/\/horticom.ee\/e-pood\/ru\/wp-json\/wp\/v2\/media\/2381540"}],"wp:attachment":[{"href":"https:\/\/horticom.ee\/e-pood\/ru\/wp-json\/wp\/v2\/media?parent=2299075"}],"wp:term":[{"taxonomy":"product_cat","embeddable":true,"href":"https:\/\/horticom.ee\/e-pood\/ru\/wp-json\/wp\/v2\/product_cat?post=2299075"},{"taxonomy":"product_tag","embeddable":true,"href":"https:\/\/horticom.ee\/e-pood\/ru\/wp-json\/wp\/v2\/product_tag?post=2299075"}],"curies":[{"name":"wp","href":"https:\/\/api.w.org\/{rel}","templated":true}]}}