{"id":2299084,"date":"2024-10-15T06:01:19","date_gmt":"2024-10-15T03:01:19","guid":{"rendered":"https:\/\/horticom.ee\/e-pood\/toode\/umbrispott-miu-d-9cm-045l-rosmariin-roheline\/"},"modified":"2026-05-02T03:07:58","modified_gmt":"2026-05-02T00:07:58","slug":"umbrispott-miu-d-9cm-045l-rosmariin-roheline","status":"publish","type":"product","link":"https:\/\/horticom.ee\/e-pood\/ru\/toode\/umbrispott-miu-d-9cm-045l-rosmariin-roheline\/","title":{"rendered":"\u00dcmbrispott Miu d 9cm 0,45L rosmariin roheline"},"content":{"rendered":"<p>\u00dcmbrispott Miu on modernse ja sirgejoonelise disainiga \u00fcmbrispott v\u00e4ikestele taimedele.<br \/>\n100% taast\u00f6\u00f6deldatav, p\u00f5rutus- ja UV-kiirguse kindel. Kasutamiseks siseruumides.<\/p>\n","protected":false},"excerpt":{"rendered":"<p>\u00dcmbrispott Miu on modernse ja sirgejoonelise disainiga \u00fcmbrispott v\u00e4ikestele taimedele. 100% taast\u00f6\u00f6deldatav, p\u00f5rutus- ja UV-kiirguse kindel. Kasutamiseks siseruumides.<\/p>\n","protected":false},"featured_media":2398807,"comment_status":"closed","ping_status":"closed","template":"","meta":{"_themeisle_gutenberg_block_has_review":false},"product_cat":[18563,14994],"product_tag":[],"class_list":{"0":"post-2299084","1":"product","2":"type-product","3":"status-publish","4":"has-post-thumbnail","6":"product_cat-lopumuugitooted","7":"product_cat-plastikust-umbrispotid","9":"first","10":"instock","11":"sale","12":"shipping-taxable","13":"purchasable","14":"product-type-simple"},"yoast_head":"<!-- This site is optimized with the Yoast SEO plugin v24.0 - https:\/\/yoast.com\/wordpress\/plugins\/seo\/ -->\n<title>\u00dcmbrispott Miu d 9cm 0,45L rosmariin roheline - Horticom<\/title>\n<meta name=\"description\" content=\"\u00dcmbrispott Miu on modernse ja sirgejoonelise disainiga \u00fcmbrispott v\u00e4ikestele taimedele. 100% taast\u00f6\u00f6deldatav, p\u00f5rutus- ja UV-kiirguse kindel.\" \/>\n<meta name=\"robots\" content=\"index, follow, max-snippet:-1, max-image-preview:large, max-video-preview:-1\" \/>\n<link rel=\"canonical\" href=\"https:\/\/horticom.ee\/e-pood\/toode\/umbrispott-miu-d-9cm-045l-rosmariin-roheline\/\" \/>\n<meta property=\"og:locale\" content=\"ru_RU\" \/>\n<meta property=\"og:type\" content=\"article\" \/>\n<meta property=\"og:title\" content=\"\u00dcmbrispott Miu d 9cm 0,45L rosmariin roheline - Horticom\" \/>\n<meta property=\"og:description\" content=\"\u00dcmbrispott Miu on modernse ja sirgejoonelise disainiga \u00fcmbrispott v\u00e4ikestele taimedele. 100% taast\u00f6\u00f6deldatav, p\u00f5rutus- ja UV-kiirguse kindel.\" \/>\n<meta property=\"og:url\" content=\"https:\/\/horticom.ee\/e-pood\/toode\/umbrispott-miu-d-9cm-045l-rosmariin-roheline\/\" \/>\n<meta property=\"og:site_name\" content=\"Horticom.ee\" \/>\n<meta property=\"article:publisher\" content=\"https:\/\/www.facebook.com\/horticom.ee\/e-pood\" \/>\n<meta property=\"article:modified_time\" content=\"2026-05-02T00:07:58+00:00\" \/>\n<meta property=\"og:image\" content=\"https:\/\/horticom.ee\/e-pood\/wp-content\/uploads\/2024\/10\/8000072096682.jpg\" \/>\n\t<meta property=\"og:image:width\" content=\"459\" \/>\n\t<meta property=\"og:image:height\" content=\"480\" \/>\n\t<meta property=\"og:image:type\" content=\"image\/jpeg\" \/>\n<meta name=\"twitter:card\" content=\"summary_large_image\" \/>\n<meta name=\"twitter:label1\" content=\"\u041f\u0440\u0438\u043c\u0435\u0440\u043d\u043e\u0435 \u0432\u0440\u0435\u043c\u044f \u0434\u043b\u044f \u0447\u0442\u0435\u043d\u0438\u044f\" \/>\n\t<meta name=\"twitter:data1\" content=\"1 \u043c\u0438\u043d\u0443\u0442\u0430\" \/>\n<script type=\"application\/ld+json\" class=\"yoast-schema-graph\">{\"@context\":\"https:\/\/schema.org\",\"@graph\":[{\"@type\":\"WebPage\",\"@id\":\"https:\/\/horticom.ee\/e-pood\/toode\/umbrispott-miu-d-9cm-045l-rosmariin-roheline\/\",\"url\":\"https:\/\/horticom.ee\/e-pood\/toode\/umbrispott-miu-d-9cm-045l-rosmariin-roheline\/\",\"name\":\"\u00dcmbrispott Miu d 9cm 0,45L rosmariin roheline - Horticom\",\"isPartOf\":{\"@id\":\"https:\/\/horticom.ee\/e-pood\/#website\"},\"primaryImageOfPage\":{\"@id\":\"https:\/\/horticom.ee\/e-pood\/toode\/umbrispott-miu-d-9cm-045l-rosmariin-roheline\/#primaryimage\"},\"image\":{\"@id\":\"https:\/\/horticom.ee\/e-pood\/toode\/umbrispott-miu-d-9cm-045l-rosmariin-roheline\/#primaryimage\"},\"thumbnailUrl\":\"https:\/\/horticom.ee\/e-pood\/wp-content\/uploads\/2024\/10\/8000072096682.jpg\",\"datePublished\":\"2024-10-15T03:01:19+00:00\",\"dateModified\":\"2026-05-02T00:07:58+00:00\",\"description\":\"\u00dcmbrispott Miu on modernse ja sirgejoonelise disainiga \u00fcmbrispott v\u00e4ikestele taimedele. 100% taast\u00f6\u00f6deldatav, p\u00f5rutus- ja UV-kiirguse kindel.\",\"breadcrumb\":{\"@id\":\"https:\/\/horticom.ee\/e-pood\/toode\/umbrispott-miu-d-9cm-045l-rosmariin-roheline\/#breadcrumb\"},\"inLanguage\":\"ru-RU\",\"potentialAction\":[{\"@type\":\"ReadAction\",\"target\":[\"https:\/\/horticom.ee\/e-pood\/toode\/umbrispott-miu-d-9cm-045l-rosmariin-roheline\/\"]}]},{\"@type\":\"ImageObject\",\"inLanguage\":\"ru-RU\",\"@id\":\"https:\/\/horticom.ee\/e-pood\/toode\/umbrispott-miu-d-9cm-045l-rosmariin-roheline\/#primaryimage\",\"url\":\"https:\/\/horticom.ee\/e-pood\/wp-content\/uploads\/2024\/10\/8000072096682.jpg\",\"contentUrl\":\"https:\/\/horticom.ee\/e-pood\/wp-content\/uploads\/2024\/10\/8000072096682.jpg\",\"width\":459,\"height\":480},{\"@type\":\"BreadcrumbList\",\"@id\":\"https:\/\/horticom.ee\/e-pood\/toode\/umbrispott-miu-d-9cm-045l-rosmariin-roheline\/#breadcrumb\",\"itemListElement\":[{\"@type\":\"ListItem\",\"position\":1,\"name\":\"Home\",\"item\":\"https:\/\/horticom.ee\/e-pood\/\"},{\"@type\":\"ListItem\",\"position\":2,\"name\":\"Pood\",\"item\":\"https:\/\/horticom.ee\/e-pood\/pood\/\"},{\"@type\":\"ListItem\",\"position\":3,\"name\":\"\u00dcmbrispott Miu d 9cm 0,45L rosmariin roheline\"}]},{\"@type\":\"WebSite\",\"@id\":\"https:\/\/horticom.ee\/e-pood\/#website\",\"url\":\"https:\/\/horticom.ee\/e-pood\/\",\"name\":\"Horticom.ee\",\"description\":\"Aianduskaubad ja kodukaubad nii harrastajatele kui professionaalidele\",\"potentialAction\":[{\"@type\":\"SearchAction\",\"target\":{\"@type\":\"EntryPoint\",\"urlTemplate\":\"https:\/\/horticom.ee\/e-pood\/?s={search_term_string}\"},\"query-input\":{\"@type\":\"PropertyValueSpecification\",\"valueRequired\":true,\"valueName\":\"search_term_string\"}}],\"inLanguage\":\"ru-RU\"}]}<\/script>\n<!-- \/ Yoast SEO plugin. -->","yoast_head_json":{"title":"\u00dcmbrispott Miu d 9cm 0,45L rosmariin roheline - Horticom","description":"\u00dcmbrispott Miu on modernse ja sirgejoonelise disainiga \u00fcmbrispott v\u00e4ikestele taimedele. 100% taast\u00f6\u00f6deldatav, p\u00f5rutus- ja UV-kiirguse kindel.","robots":{"index":"index","follow":"follow","max-snippet":"max-snippet:-1","max-image-preview":"max-image-preview:large","max-video-preview":"max-video-preview:-1"},"canonical":"https:\/\/horticom.ee\/e-pood\/toode\/umbrispott-miu-d-9cm-045l-rosmariin-roheline\/","og_locale":"ru_RU","og_type":"article","og_title":"\u00dcmbrispott Miu d 9cm 0,45L rosmariin roheline - Horticom","og_description":"\u00dcmbrispott Miu on modernse ja sirgejoonelise disainiga \u00fcmbrispott v\u00e4ikestele taimedele. 100% taast\u00f6\u00f6deldatav, p\u00f5rutus- ja UV-kiirguse kindel.","og_url":"https:\/\/horticom.ee\/e-pood\/toode\/umbrispott-miu-d-9cm-045l-rosmariin-roheline\/","og_site_name":"Horticom.ee","article_publisher":"https:\/\/www.facebook.com\/horticom.ee\/e-pood","article_modified_time":"2026-05-02T00:07:58+00:00","og_image":[{"width":459,"height":480,"url":"https:\/\/horticom.ee\/e-pood\/wp-content\/uploads\/2024\/10\/8000072096682.jpg","type":"image\/jpeg"}],"twitter_card":"summary_large_image","twitter_misc":{"\u041f\u0440\u0438\u043c\u0435\u0440\u043d\u043e\u0435 \u0432\u0440\u0435\u043c\u044f \u0434\u043b\u044f \u0447\u0442\u0435\u043d\u0438\u044f":"1 \u043c\u0438\u043d\u0443\u0442\u0430"},"schema":{"@context":"https:\/\/schema.org","@graph":[{"@type":"WebPage","@id":"https:\/\/horticom.ee\/e-pood\/toode\/umbrispott-miu-d-9cm-045l-rosmariin-roheline\/","url":"https:\/\/horticom.ee\/e-pood\/toode\/umbrispott-miu-d-9cm-045l-rosmariin-roheline\/","name":"\u00dcmbrispott Miu d 9cm 0,45L rosmariin roheline - Horticom","isPartOf":{"@id":"https:\/\/horticom.ee\/e-pood\/#website"},"primaryImageOfPage":{"@id":"https:\/\/horticom.ee\/e-pood\/toode\/umbrispott-miu-d-9cm-045l-rosmariin-roheline\/#primaryimage"},"image":{"@id":"https:\/\/horticom.ee\/e-pood\/toode\/umbrispott-miu-d-9cm-045l-rosmariin-roheline\/#primaryimage"},"thumbnailUrl":"https:\/\/horticom.ee\/e-pood\/wp-content\/uploads\/2024\/10\/8000072096682.jpg","datePublished":"2024-10-15T03:01:19+00:00","dateModified":"2026-05-02T00:07:58+00:00","description":"\u00dcmbrispott Miu on modernse ja sirgejoonelise disainiga \u00fcmbrispott v\u00e4ikestele taimedele. 100% taast\u00f6\u00f6deldatav, p\u00f5rutus- ja UV-kiirguse kindel.","breadcrumb":{"@id":"https:\/\/horticom.ee\/e-pood\/toode\/umbrispott-miu-d-9cm-045l-rosmariin-roheline\/#breadcrumb"},"inLanguage":"ru-RU","potentialAction":[{"@type":"ReadAction","target":["https:\/\/horticom.ee\/e-pood\/toode\/umbrispott-miu-d-9cm-045l-rosmariin-roheline\/"]}]},{"@type":"ImageObject","inLanguage":"ru-RU","@id":"https:\/\/horticom.ee\/e-pood\/toode\/umbrispott-miu-d-9cm-045l-rosmariin-roheline\/#primaryimage","url":"https:\/\/horticom.ee\/e-pood\/wp-content\/uploads\/2024\/10\/8000072096682.jpg","contentUrl":"https:\/\/horticom.ee\/e-pood\/wp-content\/uploads\/2024\/10\/8000072096682.jpg","width":459,"height":480},{"@type":"BreadcrumbList","@id":"https:\/\/horticom.ee\/e-pood\/toode\/umbrispott-miu-d-9cm-045l-rosmariin-roheline\/#breadcrumb","itemListElement":[{"@type":"ListItem","position":1,"name":"Home","item":"https:\/\/horticom.ee\/e-pood\/"},{"@type":"ListItem","position":2,"name":"Pood","item":"https:\/\/horticom.ee\/e-pood\/pood\/"},{"@type":"ListItem","position":3,"name":"\u00dcmbrispott Miu d 9cm 0,45L rosmariin roheline"}]},{"@type":"WebSite","@id":"https:\/\/horticom.ee\/e-pood\/#website","url":"https:\/\/horticom.ee\/e-pood\/","name":"Horticom.ee","description":"Aianduskaubad ja kodukaubad nii harrastajatele kui professionaalidele","potentialAction":[{"@type":"SearchAction","target":{"@type":"EntryPoint","urlTemplate":"https:\/\/horticom.ee\/e-pood\/?s={search_term_string}"},"query-input":{"@type":"PropertyValueSpecification","valueRequired":true,"valueName":"search_term_string"}}],"inLanguage":"ru-RU"}]}},"_links":{"self":[{"href":"https:\/\/horticom.ee\/e-pood\/ru\/wp-json\/wp\/v2\/product\/2299084","targetHints":{"allow":["GET"]}}],"collection":[{"href":"https:\/\/horticom.ee\/e-pood\/ru\/wp-json\/wp\/v2\/product"}],"about":[{"href":"https:\/\/horticom.ee\/e-pood\/ru\/wp-json\/wp\/v2\/types\/product"}],"replies":[{"embeddable":true,"href":"https:\/\/horticom.ee\/e-pood\/ru\/wp-json\/wp\/v2\/comments?post=2299084"}],"wp:featuredmedia":[{"embeddable":true,"href":"https:\/\/horticom.ee\/e-pood\/ru\/wp-json\/wp\/v2\/media\/2398807"}],"wp:attachment":[{"href":"https:\/\/horticom.ee\/e-pood\/ru\/wp-json\/wp\/v2\/media?parent=2299084"}],"wp:term":[{"taxonomy":"product_cat","embeddable":true,"href":"https:\/\/horticom.ee\/e-pood\/ru\/wp-json\/wp\/v2\/product_cat?post=2299084"},{"taxonomy":"product_tag","embeddable":true,"href":"https:\/\/horticom.ee\/e-pood\/ru\/wp-json\/wp\/v2\/product_tag?post=2299084"}],"curies":[{"name":"wp","href":"https:\/\/api.w.org\/{rel}","templated":true}]}}