{"id":2299139,"date":"2024-10-15T06:01:28","date_gmt":"2024-10-15T03:01:28","guid":{"rendered":"https:\/\/horticom.ee\/e-pood\/toode\/uputus-survepump-tdp-800\/"},"modified":"2026-04-25T03:12:48","modified_gmt":"2026-04-25T00:12:48","slug":"uputus-survepump-tdp-800","status":"publish","type":"product","link":"https:\/\/horticom.ee\/e-pood\/ru\/toode\/uputus-survepump-tdp-800\/","title":{"rendered":"Uputus survepump TDP 800"},"content":{"rendered":"<p>Uputus survepump TDP 800 on vee alla paigaldatav v\u00e4ljalaskepump.Pump on varustatud tagasiulatuva ventiiliga, mis takistab v\u00e4ljalaskevooliku t\u00fchjenemist p\u00e4rast pumba v\u00e4ljal\u00fclitamist.<\/p>\n","protected":false},"excerpt":{"rendered":"<p>Uputus survepump TDP 800 on vee alla paigaldatav v\u00e4ljalaskepump.Pump on varustatud tagasiulatuva ventiiliga, mis takistab v\u00e4ljalaskevooliku t\u00fchjenemist p\u00e4rast pumba v\u00e4ljal\u00fclitamist.<\/p>\n","protected":false},"featured_media":2382348,"comment_status":"closed","ping_status":"closed","template":"","meta":{"_themeisle_gutenberg_block_has_review":false},"product_cat":[18563,13364],"product_tag":[],"class_list":{"0":"post-2299139","1":"product","2":"type-product","3":"status-publish","4":"has-post-thumbnail","6":"product_cat-lopumuugitooted","7":"product_cat-tiigipumbad","9":"first","10":"instock","11":"sale","12":"shipping-taxable","13":"purchasable","14":"product-type-simple"},"yoast_head":"<!-- This site is optimized with the Yoast SEO plugin v24.0 - https:\/\/yoast.com\/wordpress\/plugins\/seo\/ -->\n<title>\u00dcmbrispott keraamiline maitsetaime pildiga - Horticom.ee<\/title>\n<meta name=\"description\" content=\"Keraamiline pott maitsetaime pildiga on dekoratiivne poti\u00fcmbris. Potid on saadaval erinevate maitsetaimede piltidega.\" \/>\n<meta name=\"robots\" content=\"index, follow, max-snippet:-1, max-image-preview:large, max-video-preview:-1\" \/>\n<link rel=\"canonical\" href=\"https:\/\/horticom.ee\/e-pood\/toode\/uputus-survepump-tdp-800\/\" \/>\n<meta property=\"og:locale\" content=\"ru_RU\" \/>\n<meta property=\"og:type\" content=\"article\" \/>\n<meta property=\"og:title\" content=\"\u00dcmbrispott keraamiline maitsetaime pildiga - Horticom.ee\" \/>\n<meta property=\"og:description\" content=\"Keraamiline pott maitsetaime pildiga on dekoratiivne poti\u00fcmbris. Potid on saadaval erinevate maitsetaimede piltidega.\" \/>\n<meta property=\"og:url\" content=\"https:\/\/horticom.ee\/e-pood\/toode\/uputus-survepump-tdp-800\/\" \/>\n<meta property=\"og:site_name\" content=\"Horticom.ee\" \/>\n<meta property=\"article:publisher\" content=\"https:\/\/www.facebook.com\/horticom.ee\/e-pood\" \/>\n<meta property=\"article:modified_time\" content=\"2026-04-25T00:12:48+00:00\" \/>\n<meta property=\"og:image\" content=\"https:\/\/horticom.ee\/e-pood\/wp-content\/uploads\/importedmedia\/product-2299139_0-801475.jpg\" \/>\n\t<meta property=\"og:image:width\" content=\"1000\" \/>\n\t<meta property=\"og:image:height\" content=\"735\" \/>\n\t<meta property=\"og:image:type\" content=\"image\/jpeg\" \/>\n<meta name=\"twitter:card\" content=\"summary_large_image\" \/>\n<script type=\"application\/ld+json\" class=\"yoast-schema-graph\">{\"@context\":\"https:\/\/schema.org\",\"@graph\":[{\"@type\":\"WebPage\",\"@id\":\"https:\/\/horticom.ee\/e-pood\/toode\/uputus-survepump-tdp-800\/\",\"url\":\"https:\/\/horticom.ee\/e-pood\/toode\/uputus-survepump-tdp-800\/\",\"name\":\"\u00dcmbrispott keraamiline maitsetaime pildiga - Horticom.ee\",\"isPartOf\":{\"@id\":\"https:\/\/horticom.ee\/e-pood\/#website\"},\"primaryImageOfPage\":{\"@id\":\"https:\/\/horticom.ee\/e-pood\/toode\/uputus-survepump-tdp-800\/#primaryimage\"},\"image\":{\"@id\":\"https:\/\/horticom.ee\/e-pood\/toode\/uputus-survepump-tdp-800\/#primaryimage\"},\"thumbnailUrl\":\"https:\/\/horticom.ee\/e-pood\/wp-content\/uploads\/importedmedia\/product-2299139_0-801475.jpg\",\"datePublished\":\"2024-10-15T03:01:28+00:00\",\"dateModified\":\"2026-04-25T00:12:48+00:00\",\"description\":\"Keraamiline pott maitsetaime pildiga on dekoratiivne poti\u00fcmbris. Potid on saadaval erinevate maitsetaimede piltidega.\",\"breadcrumb\":{\"@id\":\"https:\/\/horticom.ee\/e-pood\/toode\/uputus-survepump-tdp-800\/#breadcrumb\"},\"inLanguage\":\"ru-RU\",\"potentialAction\":[{\"@type\":\"ReadAction\",\"target\":[\"https:\/\/horticom.ee\/e-pood\/toode\/uputus-survepump-tdp-800\/\"]}]},{\"@type\":\"ImageObject\",\"inLanguage\":\"ru-RU\",\"@id\":\"https:\/\/horticom.ee\/e-pood\/toode\/uputus-survepump-tdp-800\/#primaryimage\",\"url\":\"https:\/\/horticom.ee\/e-pood\/wp-content\/uploads\/importedmedia\/product-2299139_0-801475.jpg\",\"contentUrl\":\"https:\/\/horticom.ee\/e-pood\/wp-content\/uploads\/importedmedia\/product-2299139_0-801475.jpg\",\"width\":1000,\"height\":735},{\"@type\":\"BreadcrumbList\",\"@id\":\"https:\/\/horticom.ee\/e-pood\/toode\/uputus-survepump-tdp-800\/#breadcrumb\",\"itemListElement\":[{\"@type\":\"ListItem\",\"position\":1,\"name\":\"Home\",\"item\":\"https:\/\/horticom.ee\/e-pood\/\"},{\"@type\":\"ListItem\",\"position\":2,\"name\":\"Pood\",\"item\":\"https:\/\/horticom.ee\/e-pood\/pood\/\"},{\"@type\":\"ListItem\",\"position\":3,\"name\":\"Uputus survepump TDP 800\"}]},{\"@type\":\"WebSite\",\"@id\":\"https:\/\/horticom.ee\/e-pood\/#website\",\"url\":\"https:\/\/horticom.ee\/e-pood\/\",\"name\":\"Horticom.ee\",\"description\":\"Aianduskaubad ja kodukaubad nii harrastajatele kui professionaalidele\",\"potentialAction\":[{\"@type\":\"SearchAction\",\"target\":{\"@type\":\"EntryPoint\",\"urlTemplate\":\"https:\/\/horticom.ee\/e-pood\/?s={search_term_string}\"},\"query-input\":{\"@type\":\"PropertyValueSpecification\",\"valueRequired\":true,\"valueName\":\"search_term_string\"}}],\"inLanguage\":\"ru-RU\"}]}<\/script>\n<!-- \/ Yoast SEO plugin. -->","yoast_head_json":{"title":"\u00dcmbrispott keraamiline maitsetaime pildiga - Horticom.ee","description":"Keraamiline pott maitsetaime pildiga on dekoratiivne poti\u00fcmbris. Potid on saadaval erinevate maitsetaimede piltidega.","robots":{"index":"index","follow":"follow","max-snippet":"max-snippet:-1","max-image-preview":"max-image-preview:large","max-video-preview":"max-video-preview:-1"},"canonical":"https:\/\/horticom.ee\/e-pood\/toode\/uputus-survepump-tdp-800\/","og_locale":"ru_RU","og_type":"article","og_title":"\u00dcmbrispott keraamiline maitsetaime pildiga - Horticom.ee","og_description":"Keraamiline pott maitsetaime pildiga on dekoratiivne poti\u00fcmbris. Potid on saadaval erinevate maitsetaimede piltidega.","og_url":"https:\/\/horticom.ee\/e-pood\/toode\/uputus-survepump-tdp-800\/","og_site_name":"Horticom.ee","article_publisher":"https:\/\/www.facebook.com\/horticom.ee\/e-pood","article_modified_time":"2026-04-25T00:12:48+00:00","og_image":[{"width":1000,"height":735,"url":"https:\/\/horticom.ee\/e-pood\/wp-content\/uploads\/importedmedia\/product-2299139_0-801475.jpg","type":"image\/jpeg"}],"twitter_card":"summary_large_image","schema":{"@context":"https:\/\/schema.org","@graph":[{"@type":"WebPage","@id":"https:\/\/horticom.ee\/e-pood\/toode\/uputus-survepump-tdp-800\/","url":"https:\/\/horticom.ee\/e-pood\/toode\/uputus-survepump-tdp-800\/","name":"\u00dcmbrispott keraamiline maitsetaime pildiga - Horticom.ee","isPartOf":{"@id":"https:\/\/horticom.ee\/e-pood\/#website"},"primaryImageOfPage":{"@id":"https:\/\/horticom.ee\/e-pood\/toode\/uputus-survepump-tdp-800\/#primaryimage"},"image":{"@id":"https:\/\/horticom.ee\/e-pood\/toode\/uputus-survepump-tdp-800\/#primaryimage"},"thumbnailUrl":"https:\/\/horticom.ee\/e-pood\/wp-content\/uploads\/importedmedia\/product-2299139_0-801475.jpg","datePublished":"2024-10-15T03:01:28+00:00","dateModified":"2026-04-25T00:12:48+00:00","description":"Keraamiline pott maitsetaime pildiga on dekoratiivne poti\u00fcmbris. Potid on saadaval erinevate maitsetaimede piltidega.","breadcrumb":{"@id":"https:\/\/horticom.ee\/e-pood\/toode\/uputus-survepump-tdp-800\/#breadcrumb"},"inLanguage":"ru-RU","potentialAction":[{"@type":"ReadAction","target":["https:\/\/horticom.ee\/e-pood\/toode\/uputus-survepump-tdp-800\/"]}]},{"@type":"ImageObject","inLanguage":"ru-RU","@id":"https:\/\/horticom.ee\/e-pood\/toode\/uputus-survepump-tdp-800\/#primaryimage","url":"https:\/\/horticom.ee\/e-pood\/wp-content\/uploads\/importedmedia\/product-2299139_0-801475.jpg","contentUrl":"https:\/\/horticom.ee\/e-pood\/wp-content\/uploads\/importedmedia\/product-2299139_0-801475.jpg","width":1000,"height":735},{"@type":"BreadcrumbList","@id":"https:\/\/horticom.ee\/e-pood\/toode\/uputus-survepump-tdp-800\/#breadcrumb","itemListElement":[{"@type":"ListItem","position":1,"name":"Home","item":"https:\/\/horticom.ee\/e-pood\/"},{"@type":"ListItem","position":2,"name":"Pood","item":"https:\/\/horticom.ee\/e-pood\/pood\/"},{"@type":"ListItem","position":3,"name":"Uputus survepump TDP 800"}]},{"@type":"WebSite","@id":"https:\/\/horticom.ee\/e-pood\/#website","url":"https:\/\/horticom.ee\/e-pood\/","name":"Horticom.ee","description":"Aianduskaubad ja kodukaubad nii harrastajatele kui professionaalidele","potentialAction":[{"@type":"SearchAction","target":{"@type":"EntryPoint","urlTemplate":"https:\/\/horticom.ee\/e-pood\/?s={search_term_string}"},"query-input":{"@type":"PropertyValueSpecification","valueRequired":true,"valueName":"search_term_string"}}],"inLanguage":"ru-RU"}]}},"_links":{"self":[{"href":"https:\/\/horticom.ee\/e-pood\/ru\/wp-json\/wp\/v2\/product\/2299139","targetHints":{"allow":["GET"]}}],"collection":[{"href":"https:\/\/horticom.ee\/e-pood\/ru\/wp-json\/wp\/v2\/product"}],"about":[{"href":"https:\/\/horticom.ee\/e-pood\/ru\/wp-json\/wp\/v2\/types\/product"}],"replies":[{"embeddable":true,"href":"https:\/\/horticom.ee\/e-pood\/ru\/wp-json\/wp\/v2\/comments?post=2299139"}],"wp:featuredmedia":[{"embeddable":true,"href":"https:\/\/horticom.ee\/e-pood\/ru\/wp-json\/wp\/v2\/media\/2382348"}],"wp:attachment":[{"href":"https:\/\/horticom.ee\/e-pood\/ru\/wp-json\/wp\/v2\/media?parent=2299139"}],"wp:term":[{"taxonomy":"product_cat","embeddable":true,"href":"https:\/\/horticom.ee\/e-pood\/ru\/wp-json\/wp\/v2\/product_cat?post=2299139"},{"taxonomy":"product_tag","embeddable":true,"href":"https:\/\/horticom.ee\/e-pood\/ru\/wp-json\/wp\/v2\/product_tag?post=2299139"}],"curies":[{"name":"wp","href":"https:\/\/api.w.org\/{rel}","templated":true}]}}