{"id":2299163,"date":"2024-10-15T06:01:32","date_gmt":"2024-10-15T03:01:32","guid":{"rendered":"https:\/\/horticom.ee\/e-pood\/toode\/taimelamp-fiora-led-ip20-10w-3500k-800lm-e27-15000h-valge\/"},"modified":"2026-04-29T03:10:42","modified_gmt":"2026-04-29T00:10:42","slug":"taimelamp-fiora-led-ip20-10w-3500k-800lm-e27-15000h-valge","status":"publish","type":"product","link":"https:\/\/horticom.ee\/e-pood\/ru\/toode\/taimelamp-fiora-led-ip20-10w-3500k-800lm-e27-15000h-valge\/","title":{"rendered":"Taimelamp Fiora LED IP20 10W 3500K 800lm E27 15000h valge"},"content":{"rendered":"<p>Taimelamp Fiora LED 10W E27 on spetsiaalne taimelamp, millel on taimedele sobiv valguskiirte v\u00e4rvispekter, mis tugevdab taimevarsi ja kiirendab fotos\u00fcnteesi taimedes. Taimelamp ei muutu ka liiga kuumaks, v\u00e4ltimaks, et liigne soojus v\u00f5iks k\u00f5rvetada taimede lehti v\u00f5i venitada v\u00e4lja kasvukuju. Pakend sisaldab pistikut ja juhet.<\/p>\n","protected":false},"excerpt":{"rendered":"<p>Taimelamp Fiora LED 10W E27 on spetsiaalne taimelamp, millel on taimedele sobiv valguskiirte v\u00e4rvispekter, mis tugevdab taimevarsi ja kiirendab fotos\u00fcnteesi taimedes. Taimelamp ei muutu ka liiga kuumaks, v\u00e4ltimaks, et liigne soojus v\u00f5iks k\u00f5rvetada taimede lehti v\u00f5i venitada v\u00e4lja kasvukuju. Pakend sisaldab pistikut ja juhet.<\/p>\n","protected":false},"featured_media":2381500,"comment_status":"closed","ping_status":"closed","template":"","meta":{"_themeisle_gutenberg_block_has_review":false},"product_cat":[13371],"product_tag":[],"class_list":{"0":"post-2299163","1":"product","2":"type-product","3":"status-publish","4":"has-post-thumbnail","6":"product_cat-ettekasvastuse-abivahendid","8":"first","9":"instock","10":"shipping-taxable","11":"purchasable","12":"product-type-simple"},"yoast_head":"<!-- This site is optimized with the Yoast SEO plugin v24.0 - https:\/\/yoast.com\/wordpress\/plugins\/seo\/ -->\n<title>Taimelamp Fiora LED IP20 10W 3500K 800lm E27 15000h valge - Horticom<\/title>\n<meta name=\"robots\" content=\"index, follow, max-snippet:-1, max-image-preview:large, max-video-preview:-1\" \/>\n<link rel=\"canonical\" href=\"https:\/\/horticom.ee\/e-pood\/toode\/taimelamp-fiora-led-ip20-10w-3500k-800lm-e27-15000h-valge\/\" \/>\n<meta property=\"og:locale\" content=\"ru_RU\" \/>\n<meta property=\"og:type\" content=\"article\" \/>\n<meta property=\"og:title\" content=\"Taimelamp Fiora LED IP20 10W 3500K 800lm E27 15000h valge - Horticom\" \/>\n<meta property=\"og:description\" content=\"Taimelamp Fiora LED 10W E27 on spetsiaalne taimelamp, millel on taimedele sobiv valguskiirte v\u00e4rvispekter, mis tugevdab taimevarsi ja kiirendab fotos\u00fcnteesi taimedes. Taimelamp ei muutu ka liiga kuumaks, v\u00e4ltimaks, et liigne soojus v\u00f5iks k\u00f5rvetada taimede lehti v\u00f5i venitada v\u00e4lja kasvukuju. Pakend sisaldab pistikut ja juhet.\" \/>\n<meta property=\"og:url\" content=\"https:\/\/horticom.ee\/e-pood\/toode\/taimelamp-fiora-led-ip20-10w-3500k-800lm-e27-15000h-valge\/\" \/>\n<meta property=\"og:site_name\" content=\"Horticom.ee\" \/>\n<meta property=\"article:publisher\" content=\"https:\/\/www.facebook.com\/horticom.ee\/e-pood\" \/>\n<meta property=\"article:modified_time\" content=\"2026-04-29T00:10:42+00:00\" \/>\n<meta property=\"og:image\" content=\"https:\/\/horticom.ee\/e-pood\/wp-content\/uploads\/importedmedia\/product-2299163_0-21518787.jpg\" \/>\n\t<meta property=\"og:image:width\" content=\"1000\" \/>\n\t<meta property=\"og:image:height\" content=\"2487\" \/>\n\t<meta property=\"og:image:type\" content=\"image\/jpeg\" \/>\n<meta name=\"twitter:card\" content=\"summary_large_image\" \/>\n<script type=\"application\/ld+json\" class=\"yoast-schema-graph\">{\"@context\":\"https:\/\/schema.org\",\"@graph\":[{\"@type\":\"WebPage\",\"@id\":\"https:\/\/horticom.ee\/e-pood\/toode\/taimelamp-fiora-led-ip20-10w-3500k-800lm-e27-15000h-valge\/\",\"url\":\"https:\/\/horticom.ee\/e-pood\/toode\/taimelamp-fiora-led-ip20-10w-3500k-800lm-e27-15000h-valge\/\",\"name\":\"Taimelamp Fiora LED IP20 10W 3500K 800lm E27 15000h valge - Horticom\",\"isPartOf\":{\"@id\":\"https:\/\/horticom.ee\/e-pood\/#website\"},\"primaryImageOfPage\":{\"@id\":\"https:\/\/horticom.ee\/e-pood\/toode\/taimelamp-fiora-led-ip20-10w-3500k-800lm-e27-15000h-valge\/#primaryimage\"},\"image\":{\"@id\":\"https:\/\/horticom.ee\/e-pood\/toode\/taimelamp-fiora-led-ip20-10w-3500k-800lm-e27-15000h-valge\/#primaryimage\"},\"thumbnailUrl\":\"https:\/\/horticom.ee\/e-pood\/wp-content\/uploads\/importedmedia\/product-2299163_0-21518787.jpg\",\"datePublished\":\"2024-10-15T03:01:32+00:00\",\"dateModified\":\"2026-04-29T00:10:42+00:00\",\"breadcrumb\":{\"@id\":\"https:\/\/horticom.ee\/e-pood\/toode\/taimelamp-fiora-led-ip20-10w-3500k-800lm-e27-15000h-valge\/#breadcrumb\"},\"inLanguage\":\"ru-RU\",\"potentialAction\":[{\"@type\":\"ReadAction\",\"target\":[\"https:\/\/horticom.ee\/e-pood\/toode\/taimelamp-fiora-led-ip20-10w-3500k-800lm-e27-15000h-valge\/\"]}]},{\"@type\":\"ImageObject\",\"inLanguage\":\"ru-RU\",\"@id\":\"https:\/\/horticom.ee\/e-pood\/toode\/taimelamp-fiora-led-ip20-10w-3500k-800lm-e27-15000h-valge\/#primaryimage\",\"url\":\"https:\/\/horticom.ee\/e-pood\/wp-content\/uploads\/importedmedia\/product-2299163_0-21518787.jpg\",\"contentUrl\":\"https:\/\/horticom.ee\/e-pood\/wp-content\/uploads\/importedmedia\/product-2299163_0-21518787.jpg\",\"width\":1000,\"height\":2487},{\"@type\":\"BreadcrumbList\",\"@id\":\"https:\/\/horticom.ee\/e-pood\/toode\/taimelamp-fiora-led-ip20-10w-3500k-800lm-e27-15000h-valge\/#breadcrumb\",\"itemListElement\":[{\"@type\":\"ListItem\",\"position\":1,\"name\":\"Home\",\"item\":\"https:\/\/horticom.ee\/e-pood\/\"},{\"@type\":\"ListItem\",\"position\":2,\"name\":\"Pood\",\"item\":\"https:\/\/horticom.ee\/e-pood\/pood\/\"},{\"@type\":\"ListItem\",\"position\":3,\"name\":\"Taimelamp Fiora LED IP20 10W 3500K 800lm E27 15000h valge\"}]},{\"@type\":\"WebSite\",\"@id\":\"https:\/\/horticom.ee\/e-pood\/#website\",\"url\":\"https:\/\/horticom.ee\/e-pood\/\",\"name\":\"Horticom.ee\",\"description\":\"Aianduskaubad ja kodukaubad nii harrastajatele kui professionaalidele\",\"potentialAction\":[{\"@type\":\"SearchAction\",\"target\":{\"@type\":\"EntryPoint\",\"urlTemplate\":\"https:\/\/horticom.ee\/e-pood\/?s={search_term_string}\"},\"query-input\":{\"@type\":\"PropertyValueSpecification\",\"valueRequired\":true,\"valueName\":\"search_term_string\"}}],\"inLanguage\":\"ru-RU\"}]}<\/script>\n<!-- \/ Yoast SEO plugin. -->","yoast_head_json":{"title":"Taimelamp Fiora LED IP20 10W 3500K 800lm E27 15000h valge - Horticom","robots":{"index":"index","follow":"follow","max-snippet":"max-snippet:-1","max-image-preview":"max-image-preview:large","max-video-preview":"max-video-preview:-1"},"canonical":"https:\/\/horticom.ee\/e-pood\/toode\/taimelamp-fiora-led-ip20-10w-3500k-800lm-e27-15000h-valge\/","og_locale":"ru_RU","og_type":"article","og_title":"Taimelamp Fiora LED IP20 10W 3500K 800lm E27 15000h valge - Horticom","og_description":"Taimelamp Fiora LED 10W E27 on spetsiaalne taimelamp, millel on taimedele sobiv valguskiirte v\u00e4rvispekter, mis tugevdab taimevarsi ja kiirendab fotos\u00fcnteesi taimedes. Taimelamp ei muutu ka liiga kuumaks, v\u00e4ltimaks, et liigne soojus v\u00f5iks k\u00f5rvetada taimede lehti v\u00f5i venitada v\u00e4lja kasvukuju. Pakend sisaldab pistikut ja juhet.","og_url":"https:\/\/horticom.ee\/e-pood\/toode\/taimelamp-fiora-led-ip20-10w-3500k-800lm-e27-15000h-valge\/","og_site_name":"Horticom.ee","article_publisher":"https:\/\/www.facebook.com\/horticom.ee\/e-pood","article_modified_time":"2026-04-29T00:10:42+00:00","og_image":[{"width":1000,"height":2487,"url":"https:\/\/horticom.ee\/e-pood\/wp-content\/uploads\/importedmedia\/product-2299163_0-21518787.jpg","type":"image\/jpeg"}],"twitter_card":"summary_large_image","schema":{"@context":"https:\/\/schema.org","@graph":[{"@type":"WebPage","@id":"https:\/\/horticom.ee\/e-pood\/toode\/taimelamp-fiora-led-ip20-10w-3500k-800lm-e27-15000h-valge\/","url":"https:\/\/horticom.ee\/e-pood\/toode\/taimelamp-fiora-led-ip20-10w-3500k-800lm-e27-15000h-valge\/","name":"Taimelamp Fiora LED IP20 10W 3500K 800lm E27 15000h valge - Horticom","isPartOf":{"@id":"https:\/\/horticom.ee\/e-pood\/#website"},"primaryImageOfPage":{"@id":"https:\/\/horticom.ee\/e-pood\/toode\/taimelamp-fiora-led-ip20-10w-3500k-800lm-e27-15000h-valge\/#primaryimage"},"image":{"@id":"https:\/\/horticom.ee\/e-pood\/toode\/taimelamp-fiora-led-ip20-10w-3500k-800lm-e27-15000h-valge\/#primaryimage"},"thumbnailUrl":"https:\/\/horticom.ee\/e-pood\/wp-content\/uploads\/importedmedia\/product-2299163_0-21518787.jpg","datePublished":"2024-10-15T03:01:32+00:00","dateModified":"2026-04-29T00:10:42+00:00","breadcrumb":{"@id":"https:\/\/horticom.ee\/e-pood\/toode\/taimelamp-fiora-led-ip20-10w-3500k-800lm-e27-15000h-valge\/#breadcrumb"},"inLanguage":"ru-RU","potentialAction":[{"@type":"ReadAction","target":["https:\/\/horticom.ee\/e-pood\/toode\/taimelamp-fiora-led-ip20-10w-3500k-800lm-e27-15000h-valge\/"]}]},{"@type":"ImageObject","inLanguage":"ru-RU","@id":"https:\/\/horticom.ee\/e-pood\/toode\/taimelamp-fiora-led-ip20-10w-3500k-800lm-e27-15000h-valge\/#primaryimage","url":"https:\/\/horticom.ee\/e-pood\/wp-content\/uploads\/importedmedia\/product-2299163_0-21518787.jpg","contentUrl":"https:\/\/horticom.ee\/e-pood\/wp-content\/uploads\/importedmedia\/product-2299163_0-21518787.jpg","width":1000,"height":2487},{"@type":"BreadcrumbList","@id":"https:\/\/horticom.ee\/e-pood\/toode\/taimelamp-fiora-led-ip20-10w-3500k-800lm-e27-15000h-valge\/#breadcrumb","itemListElement":[{"@type":"ListItem","position":1,"name":"Home","item":"https:\/\/horticom.ee\/e-pood\/"},{"@type":"ListItem","position":2,"name":"Pood","item":"https:\/\/horticom.ee\/e-pood\/pood\/"},{"@type":"ListItem","position":3,"name":"Taimelamp Fiora LED IP20 10W 3500K 800lm E27 15000h valge"}]},{"@type":"WebSite","@id":"https:\/\/horticom.ee\/e-pood\/#website","url":"https:\/\/horticom.ee\/e-pood\/","name":"Horticom.ee","description":"Aianduskaubad ja kodukaubad nii harrastajatele kui professionaalidele","potentialAction":[{"@type":"SearchAction","target":{"@type":"EntryPoint","urlTemplate":"https:\/\/horticom.ee\/e-pood\/?s={search_term_string}"},"query-input":{"@type":"PropertyValueSpecification","valueRequired":true,"valueName":"search_term_string"}}],"inLanguage":"ru-RU"}]}},"_links":{"self":[{"href":"https:\/\/horticom.ee\/e-pood\/ru\/wp-json\/wp\/v2\/product\/2299163","targetHints":{"allow":["GET"]}}],"collection":[{"href":"https:\/\/horticom.ee\/e-pood\/ru\/wp-json\/wp\/v2\/product"}],"about":[{"href":"https:\/\/horticom.ee\/e-pood\/ru\/wp-json\/wp\/v2\/types\/product"}],"replies":[{"embeddable":true,"href":"https:\/\/horticom.ee\/e-pood\/ru\/wp-json\/wp\/v2\/comments?post=2299163"}],"wp:featuredmedia":[{"embeddable":true,"href":"https:\/\/horticom.ee\/e-pood\/ru\/wp-json\/wp\/v2\/media\/2381500"}],"wp:attachment":[{"href":"https:\/\/horticom.ee\/e-pood\/ru\/wp-json\/wp\/v2\/media?parent=2299163"}],"wp:term":[{"taxonomy":"product_cat","embeddable":true,"href":"https:\/\/horticom.ee\/e-pood\/ru\/wp-json\/wp\/v2\/product_cat?post=2299163"},{"taxonomy":"product_tag","embeddable":true,"href":"https:\/\/horticom.ee\/e-pood\/ru\/wp-json\/wp\/v2\/product_tag?post=2299163"}],"curies":[{"name":"wp","href":"https:\/\/api.w.org\/{rel}","templated":true}]}}