{"id":2299243,"date":"2024-10-15T06:01:47","date_gmt":"2024-10-15T03:01:47","guid":{"rendered":"https:\/\/horticom.ee\/e-pood\/toode\/hudrogeel-amplisse-ja-rodukasti-250g-2\/"},"modified":"2026-04-25T03:13:29","modified_gmt":"2026-04-25T00:13:29","slug":"hudrogeel-amplisse-ja-rodukasti-250g-2","status":"publish","type":"product","link":"https:\/\/horticom.ee\/e-pood\/ru\/toode\/hudrogeel-amplisse-ja-rodukasti-250g-2\/","title":{"rendered":"H\u00fcdrogeel amplisse ja r\u00f5dukasti 250g"},"content":{"rendered":"<p>Vesi hoiustub geelipallikeses ning ei aurustu niisama vaid vabaneb alles siis, kui taim seda vajab v\u00e4hendades nii taimede l\u00e4bikuivamise ohtu. Graanulid peavad mullas vastu terve hooaja! Hea lahendus lillepottidesse ja amplitesse lisamiseks.<br \/>\nGeel paisub ca 25% nii et j\u00e4ta potti veidi ruumi. \u00dchest 250g pakist jagub ca 72 istutuspoti t\u00e4itmiseks.<\/p>\n","protected":false},"excerpt":{"rendered":"<p>Vesi hoiustub geelipallikeses ning ei aurustu niisama vaid vabaneb alles siis, kui taim seda vajab v\u00e4hendades nii taimede l\u00e4bikuivamise ohtu. Graanulid peavad mullas vastu terve hooaja! Hea lahendus lillepottidesse ja amplitesse lisamiseks. Geel paisub ca 25% nii et j\u00e4ta potti veidi ruumi. \u00dchest 250g pakist jagub ca 72 istutuspoti t\u00e4itmiseks.<\/p>\n","protected":false},"featured_media":2379918,"comment_status":"closed","ping_status":"closed","template":"","meta":{"_themeisle_gutenberg_block_has_review":false},"product_cat":[13569,13647],"product_tag":[],"class_list":{"0":"post-2299243","1":"product","2":"type-product","3":"status-publish","4":"has-post-thumbnail","6":"product_cat-mullaparandajad","7":"product_cat-mullaparandusained","9":"first","10":"instock","11":"shipping-taxable","12":"purchasable","13":"product-type-simple"},"yoast_head":"<!-- This site is optimized with the Yoast SEO plugin v24.0 - https:\/\/yoast.com\/wordpress\/plugins\/seo\/ -->\n<title>H\u00fcdrogeel amplisse ja r\u00f5dukasti 250g - Horticom<\/title>\n<meta name=\"robots\" content=\"index, follow, max-snippet:-1, max-image-preview:large, max-video-preview:-1\" \/>\n<link rel=\"canonical\" href=\"https:\/\/horticom.ee\/e-pood\/toode\/hudrogeel-amplisse-ja-rodukasti-250g-2\/\" \/>\n<meta property=\"og:locale\" content=\"ru_RU\" \/>\n<meta property=\"og:type\" content=\"article\" \/>\n<meta property=\"og:title\" content=\"H\u00fcdrogeel amplisse ja r\u00f5dukasti 250g - Horticom\" \/>\n<meta property=\"og:description\" content=\"Vesi hoiustub geelipallikeses ning ei aurustu niisama vaid vabaneb alles siis, kui taim seda vajab v\u00e4hendades nii taimede l\u00e4bikuivamise ohtu. Graanulid peavad mullas vastu terve hooaja! Hea lahendus lillepottidesse ja amplitesse lisamiseks. Geel paisub ca 25% nii et j\u00e4ta potti veidi ruumi. \u00dchest 250g pakist jagub ca 72 istutuspoti t\u00e4itmiseks.\" \/>\n<meta property=\"og:url\" content=\"https:\/\/horticom.ee\/e-pood\/toode\/hudrogeel-amplisse-ja-rodukasti-250g-2\/\" \/>\n<meta property=\"og:site_name\" content=\"Horticom.ee\" \/>\n<meta property=\"article:publisher\" content=\"https:\/\/www.facebook.com\/horticom.ee\/e-pood\" \/>\n<meta property=\"article:modified_time\" content=\"2026-04-25T00:13:29+00:00\" \/>\n<meta property=\"og:image\" content=\"https:\/\/horticom.ee\/e-pood\/wp-content\/uploads\/importedmedia\/product-2299243_0-6452326.jpg\" \/>\n\t<meta property=\"og:image:width\" content=\"1000\" \/>\n\t<meta property=\"og:image:height\" content=\"1000\" \/>\n\t<meta property=\"og:image:type\" content=\"image\/jpeg\" \/>\n<meta name=\"twitter:card\" content=\"summary_large_image\" \/>\n<script type=\"application\/ld+json\" class=\"yoast-schema-graph\">{\"@context\":\"https:\/\/schema.org\",\"@graph\":[{\"@type\":\"WebPage\",\"@id\":\"https:\/\/horticom.ee\/e-pood\/toode\/hudrogeel-amplisse-ja-rodukasti-250g-2\/\",\"url\":\"https:\/\/horticom.ee\/e-pood\/toode\/hudrogeel-amplisse-ja-rodukasti-250g-2\/\",\"name\":\"H\u00fcdrogeel amplisse ja r\u00f5dukasti 250g - Horticom\",\"isPartOf\":{\"@id\":\"https:\/\/horticom.ee\/e-pood\/#website\"},\"primaryImageOfPage\":{\"@id\":\"https:\/\/horticom.ee\/e-pood\/toode\/hudrogeel-amplisse-ja-rodukasti-250g-2\/#primaryimage\"},\"image\":{\"@id\":\"https:\/\/horticom.ee\/e-pood\/toode\/hudrogeel-amplisse-ja-rodukasti-250g-2\/#primaryimage\"},\"thumbnailUrl\":\"https:\/\/horticom.ee\/e-pood\/wp-content\/uploads\/importedmedia\/product-2299243_0-6452326.jpg\",\"datePublished\":\"2024-10-15T03:01:47+00:00\",\"dateModified\":\"2026-04-25T00:13:29+00:00\",\"breadcrumb\":{\"@id\":\"https:\/\/horticom.ee\/e-pood\/toode\/hudrogeel-amplisse-ja-rodukasti-250g-2\/#breadcrumb\"},\"inLanguage\":\"ru-RU\",\"potentialAction\":[{\"@type\":\"ReadAction\",\"target\":[\"https:\/\/horticom.ee\/e-pood\/toode\/hudrogeel-amplisse-ja-rodukasti-250g-2\/\"]}]},{\"@type\":\"ImageObject\",\"inLanguage\":\"ru-RU\",\"@id\":\"https:\/\/horticom.ee\/e-pood\/toode\/hudrogeel-amplisse-ja-rodukasti-250g-2\/#primaryimage\",\"url\":\"https:\/\/horticom.ee\/e-pood\/wp-content\/uploads\/importedmedia\/product-2299243_0-6452326.jpg\",\"contentUrl\":\"https:\/\/horticom.ee\/e-pood\/wp-content\/uploads\/importedmedia\/product-2299243_0-6452326.jpg\",\"width\":1000,\"height\":1000},{\"@type\":\"BreadcrumbList\",\"@id\":\"https:\/\/horticom.ee\/e-pood\/toode\/hudrogeel-amplisse-ja-rodukasti-250g-2\/#breadcrumb\",\"itemListElement\":[{\"@type\":\"ListItem\",\"position\":1,\"name\":\"Home\",\"item\":\"https:\/\/horticom.ee\/e-pood\/\"},{\"@type\":\"ListItem\",\"position\":2,\"name\":\"Pood\",\"item\":\"https:\/\/horticom.ee\/e-pood\/pood\/\"},{\"@type\":\"ListItem\",\"position\":3,\"name\":\"H\u00fcdrogeel amplisse ja r\u00f5dukasti 250g\"}]},{\"@type\":\"WebSite\",\"@id\":\"https:\/\/horticom.ee\/e-pood\/#website\",\"url\":\"https:\/\/horticom.ee\/e-pood\/\",\"name\":\"Horticom.ee\",\"description\":\"Aianduskaubad ja kodukaubad nii harrastajatele kui professionaalidele\",\"potentialAction\":[{\"@type\":\"SearchAction\",\"target\":{\"@type\":\"EntryPoint\",\"urlTemplate\":\"https:\/\/horticom.ee\/e-pood\/?s={search_term_string}\"},\"query-input\":{\"@type\":\"PropertyValueSpecification\",\"valueRequired\":true,\"valueName\":\"search_term_string\"}}],\"inLanguage\":\"ru-RU\"}]}<\/script>\n<!-- \/ Yoast SEO plugin. -->","yoast_head_json":{"title":"H\u00fcdrogeel amplisse ja r\u00f5dukasti 250g - Horticom","robots":{"index":"index","follow":"follow","max-snippet":"max-snippet:-1","max-image-preview":"max-image-preview:large","max-video-preview":"max-video-preview:-1"},"canonical":"https:\/\/horticom.ee\/e-pood\/toode\/hudrogeel-amplisse-ja-rodukasti-250g-2\/","og_locale":"ru_RU","og_type":"article","og_title":"H\u00fcdrogeel amplisse ja r\u00f5dukasti 250g - Horticom","og_description":"Vesi hoiustub geelipallikeses ning ei aurustu niisama vaid vabaneb alles siis, kui taim seda vajab v\u00e4hendades nii taimede l\u00e4bikuivamise ohtu. Graanulid peavad mullas vastu terve hooaja! Hea lahendus lillepottidesse ja amplitesse lisamiseks. Geel paisub ca 25% nii et j\u00e4ta potti veidi ruumi. \u00dchest 250g pakist jagub ca 72 istutuspoti t\u00e4itmiseks.","og_url":"https:\/\/horticom.ee\/e-pood\/toode\/hudrogeel-amplisse-ja-rodukasti-250g-2\/","og_site_name":"Horticom.ee","article_publisher":"https:\/\/www.facebook.com\/horticom.ee\/e-pood","article_modified_time":"2026-04-25T00:13:29+00:00","og_image":[{"width":1000,"height":1000,"url":"https:\/\/horticom.ee\/e-pood\/wp-content\/uploads\/importedmedia\/product-2299243_0-6452326.jpg","type":"image\/jpeg"}],"twitter_card":"summary_large_image","schema":{"@context":"https:\/\/schema.org","@graph":[{"@type":"WebPage","@id":"https:\/\/horticom.ee\/e-pood\/toode\/hudrogeel-amplisse-ja-rodukasti-250g-2\/","url":"https:\/\/horticom.ee\/e-pood\/toode\/hudrogeel-amplisse-ja-rodukasti-250g-2\/","name":"H\u00fcdrogeel amplisse ja r\u00f5dukasti 250g - Horticom","isPartOf":{"@id":"https:\/\/horticom.ee\/e-pood\/#website"},"primaryImageOfPage":{"@id":"https:\/\/horticom.ee\/e-pood\/toode\/hudrogeel-amplisse-ja-rodukasti-250g-2\/#primaryimage"},"image":{"@id":"https:\/\/horticom.ee\/e-pood\/toode\/hudrogeel-amplisse-ja-rodukasti-250g-2\/#primaryimage"},"thumbnailUrl":"https:\/\/horticom.ee\/e-pood\/wp-content\/uploads\/importedmedia\/product-2299243_0-6452326.jpg","datePublished":"2024-10-15T03:01:47+00:00","dateModified":"2026-04-25T00:13:29+00:00","breadcrumb":{"@id":"https:\/\/horticom.ee\/e-pood\/toode\/hudrogeel-amplisse-ja-rodukasti-250g-2\/#breadcrumb"},"inLanguage":"ru-RU","potentialAction":[{"@type":"ReadAction","target":["https:\/\/horticom.ee\/e-pood\/toode\/hudrogeel-amplisse-ja-rodukasti-250g-2\/"]}]},{"@type":"ImageObject","inLanguage":"ru-RU","@id":"https:\/\/horticom.ee\/e-pood\/toode\/hudrogeel-amplisse-ja-rodukasti-250g-2\/#primaryimage","url":"https:\/\/horticom.ee\/e-pood\/wp-content\/uploads\/importedmedia\/product-2299243_0-6452326.jpg","contentUrl":"https:\/\/horticom.ee\/e-pood\/wp-content\/uploads\/importedmedia\/product-2299243_0-6452326.jpg","width":1000,"height":1000},{"@type":"BreadcrumbList","@id":"https:\/\/horticom.ee\/e-pood\/toode\/hudrogeel-amplisse-ja-rodukasti-250g-2\/#breadcrumb","itemListElement":[{"@type":"ListItem","position":1,"name":"Home","item":"https:\/\/horticom.ee\/e-pood\/"},{"@type":"ListItem","position":2,"name":"Pood","item":"https:\/\/horticom.ee\/e-pood\/pood\/"},{"@type":"ListItem","position":3,"name":"H\u00fcdrogeel amplisse ja r\u00f5dukasti 250g"}]},{"@type":"WebSite","@id":"https:\/\/horticom.ee\/e-pood\/#website","url":"https:\/\/horticom.ee\/e-pood\/","name":"Horticom.ee","description":"Aianduskaubad ja kodukaubad nii harrastajatele kui professionaalidele","potentialAction":[{"@type":"SearchAction","target":{"@type":"EntryPoint","urlTemplate":"https:\/\/horticom.ee\/e-pood\/?s={search_term_string}"},"query-input":{"@type":"PropertyValueSpecification","valueRequired":true,"valueName":"search_term_string"}}],"inLanguage":"ru-RU"}]}},"_links":{"self":[{"href":"https:\/\/horticom.ee\/e-pood\/ru\/wp-json\/wp\/v2\/product\/2299243","targetHints":{"allow":["GET"]}}],"collection":[{"href":"https:\/\/horticom.ee\/e-pood\/ru\/wp-json\/wp\/v2\/product"}],"about":[{"href":"https:\/\/horticom.ee\/e-pood\/ru\/wp-json\/wp\/v2\/types\/product"}],"replies":[{"embeddable":true,"href":"https:\/\/horticom.ee\/e-pood\/ru\/wp-json\/wp\/v2\/comments?post=2299243"}],"wp:featuredmedia":[{"embeddable":true,"href":"https:\/\/horticom.ee\/e-pood\/ru\/wp-json\/wp\/v2\/media\/2379918"}],"wp:attachment":[{"href":"https:\/\/horticom.ee\/e-pood\/ru\/wp-json\/wp\/v2\/media?parent=2299243"}],"wp:term":[{"taxonomy":"product_cat","embeddable":true,"href":"https:\/\/horticom.ee\/e-pood\/ru\/wp-json\/wp\/v2\/product_cat?post=2299243"},{"taxonomy":"product_tag","embeddable":true,"href":"https:\/\/horticom.ee\/e-pood\/ru\/wp-json\/wp\/v2\/product_tag?post=2299243"}],"curies":[{"name":"wp","href":"https:\/\/api.w.org\/{rel}","templated":true}]}}