{"id":2301778,"date":"2024-11-01T12:00:33","date_gmt":"2024-11-01T10:00:33","guid":{"rendered":"https:\/\/horticom.ee\/e-pood\/toode\/istutuspott-elho-green-basics-silinder-d-30cm-9l-must\/"},"modified":"2026-04-30T03:10:46","modified_gmt":"2026-04-30T00:10:46","slug":"istutuspott-elho-green-basics-silinder-d-30cm-9l-must","status":"publish","type":"product","link":"https:\/\/horticom.ee\/e-pood\/ru\/toode\/istutuspott-elho-green-basics-silinder-d-30cm-9l-must\/","title":{"rendered":"Istutuspott Elho Green Basics silinder d 30cm 9L must"},"content":{"rendered":"<p>Istutuspott Green Basics cilinder on klassikalise disainiga, kuid unikaalse p\u00f5hja disainiga, saab taim optimaalse hoolitsuse. Toote valmistamisel kasutatakse erilisi v\u00e4rvipigmente, mist\u00f5ttu toodetel p\u00fcsib originaalv\u00e4rv kauem. Toodetud taaskasutatud materjalidest rohelise energia abil ning on 100% taaskasutatav toormaterjalina. Sobilik alustaldrik d 25cm.<\/p>\n","protected":false},"excerpt":{"rendered":"<p>Istutuspott Green Basics cilinder on klassikalise disainiga, kuid unikaalse p\u00f5hja disainiga, saab taim optimaalse hoolitsuse. Toote valmistamisel kasutatakse erilisi v\u00e4rvipigmente, mist\u00f5ttu toodetel p\u00fcsib originaalv\u00e4rv kauem. Toodetud taaskasutatud materjalidest rohelise energia abil ning on 100% taaskasutatav toormaterjalina. Sobilik alustaldrik d 25cm.<\/p>\n","protected":false},"featured_media":2392704,"comment_status":"closed","ping_status":"closed","template":"","meta":{"_themeisle_gutenberg_block_has_review":false},"product_cat":[13475],"product_tag":[],"class_list":{"0":"post-2301778","1":"product","2":"type-product","3":"status-publish","4":"has-post-thumbnail","6":"product_cat-istutuspotid","8":"first","9":"instock","10":"shipping-taxable","11":"purchasable","12":"product-type-simple"},"yoast_head":"<!-- This site is optimized with the Yoast SEO plugin v24.0 - https:\/\/yoast.com\/wordpress\/plugins\/seo\/ -->\n<title>Istutuspott Elho Green Basics silinder d 30cm 9L must - Horticom<\/title>\n<meta name=\"robots\" content=\"index, follow, max-snippet:-1, max-image-preview:large, max-video-preview:-1\" \/>\n<link rel=\"canonical\" href=\"https:\/\/horticom.ee\/e-pood\/toode\/istutuspott-elho-green-basics-silinder-d-30cm-9l-must\/\" \/>\n<meta property=\"og:locale\" content=\"ru_RU\" \/>\n<meta property=\"og:type\" content=\"article\" \/>\n<meta property=\"og:title\" content=\"Istutuspott Elho Green Basics silinder d 30cm 9L must - Horticom\" \/>\n<meta property=\"og:description\" content=\"Istutuspott Green Basics cilinder on klassikalise disainiga, kuid unikaalse p\u00f5hja disainiga, saab taim optimaalse hoolitsuse. Toote valmistamisel kasutatakse erilisi v\u00e4rvipigmente, mist\u00f5ttu toodetel p\u00fcsib originaalv\u00e4rv kauem. Toodetud taaskasutatud materjalidest rohelise energia abil ning on 100% taaskasutatav toormaterjalina. Sobilik alustaldrik d 25cm.\" \/>\n<meta property=\"og:url\" content=\"https:\/\/horticom.ee\/e-pood\/toode\/istutuspott-elho-green-basics-silinder-d-30cm-9l-must\/\" \/>\n<meta property=\"og:site_name\" content=\"Horticom.ee\" \/>\n<meta property=\"article:publisher\" content=\"https:\/\/www.facebook.com\/horticom.ee\/e-pood\" \/>\n<meta property=\"article:modified_time\" content=\"2026-04-30T00:10:46+00:00\" \/>\n<meta property=\"og:image\" content=\"https:\/\/horticom.ee\/e-pood\/wp-content\/uploads\/2024\/11\/8711904138646-scaled.jpg\" \/>\n\t<meta property=\"og:image:width\" content=\"2560\" \/>\n\t<meta property=\"og:image:height\" content=\"2560\" \/>\n\t<meta property=\"og:image:type\" content=\"image\/jpeg\" \/>\n<meta name=\"twitter:card\" content=\"summary_large_image\" \/>\n<meta name=\"twitter:label1\" content=\"\u041f\u0440\u0438\u043c\u0435\u0440\u043d\u043e\u0435 \u0432\u0440\u0435\u043c\u044f \u0434\u043b\u044f \u0447\u0442\u0435\u043d\u0438\u044f\" \/>\n\t<meta name=\"twitter:data1\" content=\"1 \u043c\u0438\u043d\u0443\u0442\u0430\" \/>\n<script type=\"application\/ld+json\" class=\"yoast-schema-graph\">{\"@context\":\"https:\/\/schema.org\",\"@graph\":[{\"@type\":\"WebPage\",\"@id\":\"https:\/\/horticom.ee\/e-pood\/toode\/istutuspott-elho-green-basics-silinder-d-30cm-9l-must\/\",\"url\":\"https:\/\/horticom.ee\/e-pood\/toode\/istutuspott-elho-green-basics-silinder-d-30cm-9l-must\/\",\"name\":\"Istutuspott Elho Green Basics silinder d 30cm 9L must - Horticom\",\"isPartOf\":{\"@id\":\"https:\/\/horticom.ee\/e-pood\/#website\"},\"primaryImageOfPage\":{\"@id\":\"https:\/\/horticom.ee\/e-pood\/toode\/istutuspott-elho-green-basics-silinder-d-30cm-9l-must\/#primaryimage\"},\"image\":{\"@id\":\"https:\/\/horticom.ee\/e-pood\/toode\/istutuspott-elho-green-basics-silinder-d-30cm-9l-must\/#primaryimage\"},\"thumbnailUrl\":\"https:\/\/horticom.ee\/e-pood\/wp-content\/uploads\/2024\/11\/8711904138646-scaled.jpg\",\"datePublished\":\"2024-11-01T10:00:33+00:00\",\"dateModified\":\"2026-04-30T00:10:46+00:00\",\"breadcrumb\":{\"@id\":\"https:\/\/horticom.ee\/e-pood\/toode\/istutuspott-elho-green-basics-silinder-d-30cm-9l-must\/#breadcrumb\"},\"inLanguage\":\"ru-RU\",\"potentialAction\":[{\"@type\":\"ReadAction\",\"target\":[\"https:\/\/horticom.ee\/e-pood\/toode\/istutuspott-elho-green-basics-silinder-d-30cm-9l-must\/\"]}]},{\"@type\":\"ImageObject\",\"inLanguage\":\"ru-RU\",\"@id\":\"https:\/\/horticom.ee\/e-pood\/toode\/istutuspott-elho-green-basics-silinder-d-30cm-9l-must\/#primaryimage\",\"url\":\"https:\/\/horticom.ee\/e-pood\/wp-content\/uploads\/2024\/11\/8711904138646-scaled.jpg\",\"contentUrl\":\"https:\/\/horticom.ee\/e-pood\/wp-content\/uploads\/2024\/11\/8711904138646-scaled.jpg\",\"width\":2560,\"height\":2560},{\"@type\":\"BreadcrumbList\",\"@id\":\"https:\/\/horticom.ee\/e-pood\/toode\/istutuspott-elho-green-basics-silinder-d-30cm-9l-must\/#breadcrumb\",\"itemListElement\":[{\"@type\":\"ListItem\",\"position\":1,\"name\":\"Home\",\"item\":\"https:\/\/horticom.ee\/e-pood\/\"},{\"@type\":\"ListItem\",\"position\":2,\"name\":\"Pood\",\"item\":\"https:\/\/horticom.ee\/e-pood\/pood\/\"},{\"@type\":\"ListItem\",\"position\":3,\"name\":\"Istutuspott Elho Green Basics silinder d 30cm 9L must\"}]},{\"@type\":\"WebSite\",\"@id\":\"https:\/\/horticom.ee\/e-pood\/#website\",\"url\":\"https:\/\/horticom.ee\/e-pood\/\",\"name\":\"Horticom.ee\",\"description\":\"Aianduskaubad ja kodukaubad nii harrastajatele kui professionaalidele\",\"potentialAction\":[{\"@type\":\"SearchAction\",\"target\":{\"@type\":\"EntryPoint\",\"urlTemplate\":\"https:\/\/horticom.ee\/e-pood\/?s={search_term_string}\"},\"query-input\":{\"@type\":\"PropertyValueSpecification\",\"valueRequired\":true,\"valueName\":\"search_term_string\"}}],\"inLanguage\":\"ru-RU\"}]}<\/script>\n<!-- \/ Yoast SEO plugin. -->","yoast_head_json":{"title":"Istutuspott Elho Green Basics silinder d 30cm 9L must - Horticom","robots":{"index":"index","follow":"follow","max-snippet":"max-snippet:-1","max-image-preview":"max-image-preview:large","max-video-preview":"max-video-preview:-1"},"canonical":"https:\/\/horticom.ee\/e-pood\/toode\/istutuspott-elho-green-basics-silinder-d-30cm-9l-must\/","og_locale":"ru_RU","og_type":"article","og_title":"Istutuspott Elho Green Basics silinder d 30cm 9L must - Horticom","og_description":"Istutuspott Green Basics cilinder on klassikalise disainiga, kuid unikaalse p\u00f5hja disainiga, saab taim optimaalse hoolitsuse. Toote valmistamisel kasutatakse erilisi v\u00e4rvipigmente, mist\u00f5ttu toodetel p\u00fcsib originaalv\u00e4rv kauem. Toodetud taaskasutatud materjalidest rohelise energia abil ning on 100% taaskasutatav toormaterjalina. Sobilik alustaldrik d 25cm.","og_url":"https:\/\/horticom.ee\/e-pood\/toode\/istutuspott-elho-green-basics-silinder-d-30cm-9l-must\/","og_site_name":"Horticom.ee","article_publisher":"https:\/\/www.facebook.com\/horticom.ee\/e-pood","article_modified_time":"2026-04-30T00:10:46+00:00","og_image":[{"width":2560,"height":2560,"url":"https:\/\/horticom.ee\/e-pood\/wp-content\/uploads\/2024\/11\/8711904138646-scaled.jpg","type":"image\/jpeg"}],"twitter_card":"summary_large_image","twitter_misc":{"\u041f\u0440\u0438\u043c\u0435\u0440\u043d\u043e\u0435 \u0432\u0440\u0435\u043c\u044f \u0434\u043b\u044f \u0447\u0442\u0435\u043d\u0438\u044f":"1 \u043c\u0438\u043d\u0443\u0442\u0430"},"schema":{"@context":"https:\/\/schema.org","@graph":[{"@type":"WebPage","@id":"https:\/\/horticom.ee\/e-pood\/toode\/istutuspott-elho-green-basics-silinder-d-30cm-9l-must\/","url":"https:\/\/horticom.ee\/e-pood\/toode\/istutuspott-elho-green-basics-silinder-d-30cm-9l-must\/","name":"Istutuspott Elho Green Basics silinder d 30cm 9L must - Horticom","isPartOf":{"@id":"https:\/\/horticom.ee\/e-pood\/#website"},"primaryImageOfPage":{"@id":"https:\/\/horticom.ee\/e-pood\/toode\/istutuspott-elho-green-basics-silinder-d-30cm-9l-must\/#primaryimage"},"image":{"@id":"https:\/\/horticom.ee\/e-pood\/toode\/istutuspott-elho-green-basics-silinder-d-30cm-9l-must\/#primaryimage"},"thumbnailUrl":"https:\/\/horticom.ee\/e-pood\/wp-content\/uploads\/2024\/11\/8711904138646-scaled.jpg","datePublished":"2024-11-01T10:00:33+00:00","dateModified":"2026-04-30T00:10:46+00:00","breadcrumb":{"@id":"https:\/\/horticom.ee\/e-pood\/toode\/istutuspott-elho-green-basics-silinder-d-30cm-9l-must\/#breadcrumb"},"inLanguage":"ru-RU","potentialAction":[{"@type":"ReadAction","target":["https:\/\/horticom.ee\/e-pood\/toode\/istutuspott-elho-green-basics-silinder-d-30cm-9l-must\/"]}]},{"@type":"ImageObject","inLanguage":"ru-RU","@id":"https:\/\/horticom.ee\/e-pood\/toode\/istutuspott-elho-green-basics-silinder-d-30cm-9l-must\/#primaryimage","url":"https:\/\/horticom.ee\/e-pood\/wp-content\/uploads\/2024\/11\/8711904138646-scaled.jpg","contentUrl":"https:\/\/horticom.ee\/e-pood\/wp-content\/uploads\/2024\/11\/8711904138646-scaled.jpg","width":2560,"height":2560},{"@type":"BreadcrumbList","@id":"https:\/\/horticom.ee\/e-pood\/toode\/istutuspott-elho-green-basics-silinder-d-30cm-9l-must\/#breadcrumb","itemListElement":[{"@type":"ListItem","position":1,"name":"Home","item":"https:\/\/horticom.ee\/e-pood\/"},{"@type":"ListItem","position":2,"name":"Pood","item":"https:\/\/horticom.ee\/e-pood\/pood\/"},{"@type":"ListItem","position":3,"name":"Istutuspott Elho Green Basics silinder d 30cm 9L must"}]},{"@type":"WebSite","@id":"https:\/\/horticom.ee\/e-pood\/#website","url":"https:\/\/horticom.ee\/e-pood\/","name":"Horticom.ee","description":"Aianduskaubad ja kodukaubad nii harrastajatele kui professionaalidele","potentialAction":[{"@type":"SearchAction","target":{"@type":"EntryPoint","urlTemplate":"https:\/\/horticom.ee\/e-pood\/?s={search_term_string}"},"query-input":{"@type":"PropertyValueSpecification","valueRequired":true,"valueName":"search_term_string"}}],"inLanguage":"ru-RU"}]}},"_links":{"self":[{"href":"https:\/\/horticom.ee\/e-pood\/ru\/wp-json\/wp\/v2\/product\/2301778","targetHints":{"allow":["GET"]}}],"collection":[{"href":"https:\/\/horticom.ee\/e-pood\/ru\/wp-json\/wp\/v2\/product"}],"about":[{"href":"https:\/\/horticom.ee\/e-pood\/ru\/wp-json\/wp\/v2\/types\/product"}],"replies":[{"embeddable":true,"href":"https:\/\/horticom.ee\/e-pood\/ru\/wp-json\/wp\/v2\/comments?post=2301778"}],"wp:featuredmedia":[{"embeddable":true,"href":"https:\/\/horticom.ee\/e-pood\/ru\/wp-json\/wp\/v2\/media\/2392704"}],"wp:attachment":[{"href":"https:\/\/horticom.ee\/e-pood\/ru\/wp-json\/wp\/v2\/media?parent=2301778"}],"wp:term":[{"taxonomy":"product_cat","embeddable":true,"href":"https:\/\/horticom.ee\/e-pood\/ru\/wp-json\/wp\/v2\/product_cat?post=2301778"},{"taxonomy":"product_tag","embeddable":true,"href":"https:\/\/horticom.ee\/e-pood\/ru\/wp-json\/wp\/v2\/product_tag?post=2301778"}],"curies":[{"name":"wp","href":"https:\/\/api.w.org\/{rel}","templated":true}]}}