{"id":2301863,"date":"2024-11-01T12:00:52","date_gmt":"2024-11-01T10:00:52","guid":{"rendered":"https:\/\/horticom.ee\/e-pood\/toode\/amplikonks-seinale-artevasi-kukk-lattrauast-34cm-metallik-antratsiit\/"},"modified":"2026-04-12T03:12:49","modified_gmt":"2026-04-12T00:12:49","slug":"amplikonks-seinale-artevasi-kukk-lattrauast-34cm-metallik-antratsiit","status":"publish","type":"product","link":"https:\/\/horticom.ee\/e-pood\/ru\/toode\/amplikonks-seinale-artevasi-kukk-lattrauast-34cm-metallik-antratsiit\/","title":{"rendered":"Amplikonks seinale Artevasi Kukk lattrauast 34cm metallik antratsiit"},"content":{"rendered":"<p>Kaunis ja praktiline Artevasi Kukk amplikonks on ideaalne lisand igasse aeda v\u00f5i terrassile. See 34 cm pikkune lattrauast seinakinnitus on loodud vastupidavaks ja stiilseks lahenduseks amplite, laternate v\u00f5i dekoratiivesemete riputamiseks. Kvaliteetne metallik antratsiidiv\u00e4rvi viimistlus annab konksule elegantse ja moodsa v\u00e4limuse, mis sobitub suurep\u00e4raselt erinevate stiilidega kodudes ja aedades. Konksu erip\u00e4raks on kaunistav figuur \u2013 stiliseeritud kukk, mis lisab disainile unikaalse ja maal\u00e4hedase v\u00f5lu. See ei ole ainult praktiline riputuskoht, vaid ka silmapaistev detail teie \u00f5uekujunduses. Toode on kaetud roostevastase pinnat\u00f6\u00f6tlusega, mis tagab pikaajalise vastupidavuse ka karmimates ilmastikuoludes. See muudab konksu vastupidavaks ja hooldusvabaks, sobides h\u00e4sti aastaringseks kasutamiseks. Kandev\u00f5ime kuni 10kg.<\/p>\n","protected":false},"excerpt":{"rendered":"<p>Kaunis ja praktiline Artevasi Kukk amplikonks on ideaalne lisand igasse aeda v\u00f5i terrassile. See 34 cm pikkune lattrauast seinakinnitus on loodud vastupidavaks ja stiilseks lahenduseks amplite, laternate v\u00f5i dekoratiivesemete riputamiseks. Kvaliteetne metallik antratsiidiv\u00e4rvi viimistlus annab konksule elegantse ja moodsa v\u00e4limuse, mis sobitub suurep\u00e4raselt erinevate stiilidega kodudes ja aedades. Konksu erip\u00e4raks on kaunistav figuur \u2013 stiliseeritud [&hellip;]<\/p>\n","protected":false},"featured_media":2380678,"comment_status":"closed","ping_status":"closed","template":"","meta":{"_themeisle_gutenberg_block_has_review":false},"product_cat":[13369],"product_tag":[],"class_list":{"0":"post-2301863","1":"product","2":"type-product","3":"status-publish","4":"has-post-thumbnail","6":"product_cat-ampli-sisud-ja-konksud","8":"first","9":"instock","10":"sale","11":"shipping-taxable","12":"purchasable","13":"product-type-simple"},"yoast_head":"<!-- This site is optimized with the Yoast SEO plugin v24.0 - https:\/\/yoast.com\/wordpress\/plugins\/seo\/ -->\n<title>Amplikonks seinale Artevasi Kukk lattrauast 34cm metallik antratsiit - Horticom<\/title>\n<meta name=\"robots\" content=\"index, follow, max-snippet:-1, max-image-preview:large, max-video-preview:-1\" \/>\n<link rel=\"canonical\" href=\"https:\/\/horticom.ee\/e-pood\/toode\/amplikonks-seinale-artevasi-kukk-lattrauast-34cm-metallik-antratsiit\/\" \/>\n<meta property=\"og:locale\" content=\"ru_RU\" \/>\n<meta property=\"og:type\" content=\"article\" \/>\n<meta property=\"og:title\" content=\"Amplikonks seinale Artevasi Kukk lattrauast 34cm metallik antratsiit - Horticom\" \/>\n<meta property=\"og:description\" content=\"Kaunis ja praktiline Artevasi Kukk amplikonks on ideaalne lisand igasse aeda v\u00f5i terrassile. See 34 cm pikkune lattrauast seinakinnitus on loodud vastupidavaks ja stiilseks lahenduseks amplite, laternate v\u00f5i dekoratiivesemete riputamiseks. Kvaliteetne metallik antratsiidiv\u00e4rvi viimistlus annab konksule elegantse ja moodsa v\u00e4limuse, mis sobitub suurep\u00e4raselt erinevate stiilidega kodudes ja aedades. Konksu erip\u00e4raks on kaunistav figuur \u2013 stiliseeritud [&hellip;]\" \/>\n<meta property=\"og:url\" content=\"https:\/\/horticom.ee\/e-pood\/toode\/amplikonks-seinale-artevasi-kukk-lattrauast-34cm-metallik-antratsiit\/\" \/>\n<meta property=\"og:site_name\" content=\"Horticom.ee\" \/>\n<meta property=\"article:publisher\" content=\"https:\/\/www.facebook.com\/horticom.ee\/e-pood\" \/>\n<meta property=\"article:modified_time\" content=\"2026-04-12T00:12:49+00:00\" \/>\n<meta property=\"og:image\" content=\"https:\/\/horticom.ee\/e-pood\/wp-content\/uploads\/importedmedia\/product-2301863_0-532829662.jpg\" \/>\n\t<meta property=\"og:image:width\" content=\"999\" \/>\n\t<meta property=\"og:image:height\" content=\"562\" \/>\n\t<meta property=\"og:image:type\" content=\"image\/jpeg\" \/>\n<meta name=\"twitter:card\" content=\"summary_large_image\" \/>\n<meta name=\"twitter:label1\" content=\"\u041f\u0440\u0438\u043c\u0435\u0440\u043d\u043e\u0435 \u0432\u0440\u0435\u043c\u044f \u0434\u043b\u044f \u0447\u0442\u0435\u043d\u0438\u044f\" \/>\n\t<meta name=\"twitter:data1\" content=\"1 \u043c\u0438\u043d\u0443\u0442\u0430\" \/>\n<script type=\"application\/ld+json\" class=\"yoast-schema-graph\">{\"@context\":\"https:\/\/schema.org\",\"@graph\":[{\"@type\":\"WebPage\",\"@id\":\"https:\/\/horticom.ee\/e-pood\/toode\/amplikonks-seinale-artevasi-kukk-lattrauast-34cm-metallik-antratsiit\/\",\"url\":\"https:\/\/horticom.ee\/e-pood\/toode\/amplikonks-seinale-artevasi-kukk-lattrauast-34cm-metallik-antratsiit\/\",\"name\":\"Amplikonks seinale Artevasi Kukk lattrauast 34cm metallik antratsiit - Horticom\",\"isPartOf\":{\"@id\":\"https:\/\/horticom.ee\/e-pood\/#website\"},\"primaryImageOfPage\":{\"@id\":\"https:\/\/horticom.ee\/e-pood\/toode\/amplikonks-seinale-artevasi-kukk-lattrauast-34cm-metallik-antratsiit\/#primaryimage\"},\"image\":{\"@id\":\"https:\/\/horticom.ee\/e-pood\/toode\/amplikonks-seinale-artevasi-kukk-lattrauast-34cm-metallik-antratsiit\/#primaryimage\"},\"thumbnailUrl\":\"https:\/\/horticom.ee\/e-pood\/wp-content\/uploads\/importedmedia\/product-2301863_0-532829662.jpg\",\"datePublished\":\"2024-11-01T10:00:52+00:00\",\"dateModified\":\"2026-04-12T00:12:49+00:00\",\"breadcrumb\":{\"@id\":\"https:\/\/horticom.ee\/e-pood\/toode\/amplikonks-seinale-artevasi-kukk-lattrauast-34cm-metallik-antratsiit\/#breadcrumb\"},\"inLanguage\":\"ru-RU\",\"potentialAction\":[{\"@type\":\"ReadAction\",\"target\":[\"https:\/\/horticom.ee\/e-pood\/toode\/amplikonks-seinale-artevasi-kukk-lattrauast-34cm-metallik-antratsiit\/\"]}]},{\"@type\":\"ImageObject\",\"inLanguage\":\"ru-RU\",\"@id\":\"https:\/\/horticom.ee\/e-pood\/toode\/amplikonks-seinale-artevasi-kukk-lattrauast-34cm-metallik-antratsiit\/#primaryimage\",\"url\":\"https:\/\/horticom.ee\/e-pood\/wp-content\/uploads\/importedmedia\/product-2301863_0-532829662.jpg\",\"contentUrl\":\"https:\/\/horticom.ee\/e-pood\/wp-content\/uploads\/importedmedia\/product-2301863_0-532829662.jpg\",\"width\":999,\"height\":562},{\"@type\":\"BreadcrumbList\",\"@id\":\"https:\/\/horticom.ee\/e-pood\/toode\/amplikonks-seinale-artevasi-kukk-lattrauast-34cm-metallik-antratsiit\/#breadcrumb\",\"itemListElement\":[{\"@type\":\"ListItem\",\"position\":1,\"name\":\"Home\",\"item\":\"https:\/\/horticom.ee\/e-pood\/\"},{\"@type\":\"ListItem\",\"position\":2,\"name\":\"Pood\",\"item\":\"https:\/\/horticom.ee\/e-pood\/pood\/\"},{\"@type\":\"ListItem\",\"position\":3,\"name\":\"Amplikonks seinale Artevasi Kukk lattrauast 34cm metallik antratsiit\"}]},{\"@type\":\"WebSite\",\"@id\":\"https:\/\/horticom.ee\/e-pood\/#website\",\"url\":\"https:\/\/horticom.ee\/e-pood\/\",\"name\":\"Horticom.ee\",\"description\":\"Aianduskaubad ja kodukaubad nii harrastajatele kui professionaalidele\",\"potentialAction\":[{\"@type\":\"SearchAction\",\"target\":{\"@type\":\"EntryPoint\",\"urlTemplate\":\"https:\/\/horticom.ee\/e-pood\/?s={search_term_string}\"},\"query-input\":{\"@type\":\"PropertyValueSpecification\",\"valueRequired\":true,\"valueName\":\"search_term_string\"}}],\"inLanguage\":\"ru-RU\"}]}<\/script>\n<!-- \/ Yoast SEO plugin. -->","yoast_head_json":{"title":"Amplikonks seinale Artevasi Kukk lattrauast 34cm metallik antratsiit - Horticom","robots":{"index":"index","follow":"follow","max-snippet":"max-snippet:-1","max-image-preview":"max-image-preview:large","max-video-preview":"max-video-preview:-1"},"canonical":"https:\/\/horticom.ee\/e-pood\/toode\/amplikonks-seinale-artevasi-kukk-lattrauast-34cm-metallik-antratsiit\/","og_locale":"ru_RU","og_type":"article","og_title":"Amplikonks seinale Artevasi Kukk lattrauast 34cm metallik antratsiit - Horticom","og_description":"Kaunis ja praktiline Artevasi Kukk amplikonks on ideaalne lisand igasse aeda v\u00f5i terrassile. See 34 cm pikkune lattrauast seinakinnitus on loodud vastupidavaks ja stiilseks lahenduseks amplite, laternate v\u00f5i dekoratiivesemete riputamiseks. Kvaliteetne metallik antratsiidiv\u00e4rvi viimistlus annab konksule elegantse ja moodsa v\u00e4limuse, mis sobitub suurep\u00e4raselt erinevate stiilidega kodudes ja aedades. Konksu erip\u00e4raks on kaunistav figuur \u2013 stiliseeritud [&hellip;]","og_url":"https:\/\/horticom.ee\/e-pood\/toode\/amplikonks-seinale-artevasi-kukk-lattrauast-34cm-metallik-antratsiit\/","og_site_name":"Horticom.ee","article_publisher":"https:\/\/www.facebook.com\/horticom.ee\/e-pood","article_modified_time":"2026-04-12T00:12:49+00:00","og_image":[{"width":999,"height":562,"url":"https:\/\/horticom.ee\/e-pood\/wp-content\/uploads\/importedmedia\/product-2301863_0-532829662.jpg","type":"image\/jpeg"}],"twitter_card":"summary_large_image","twitter_misc":{"\u041f\u0440\u0438\u043c\u0435\u0440\u043d\u043e\u0435 \u0432\u0440\u0435\u043c\u044f \u0434\u043b\u044f \u0447\u0442\u0435\u043d\u0438\u044f":"1 \u043c\u0438\u043d\u0443\u0442\u0430"},"schema":{"@context":"https:\/\/schema.org","@graph":[{"@type":"WebPage","@id":"https:\/\/horticom.ee\/e-pood\/toode\/amplikonks-seinale-artevasi-kukk-lattrauast-34cm-metallik-antratsiit\/","url":"https:\/\/horticom.ee\/e-pood\/toode\/amplikonks-seinale-artevasi-kukk-lattrauast-34cm-metallik-antratsiit\/","name":"Amplikonks seinale Artevasi Kukk lattrauast 34cm metallik antratsiit - Horticom","isPartOf":{"@id":"https:\/\/horticom.ee\/e-pood\/#website"},"primaryImageOfPage":{"@id":"https:\/\/horticom.ee\/e-pood\/toode\/amplikonks-seinale-artevasi-kukk-lattrauast-34cm-metallik-antratsiit\/#primaryimage"},"image":{"@id":"https:\/\/horticom.ee\/e-pood\/toode\/amplikonks-seinale-artevasi-kukk-lattrauast-34cm-metallik-antratsiit\/#primaryimage"},"thumbnailUrl":"https:\/\/horticom.ee\/e-pood\/wp-content\/uploads\/importedmedia\/product-2301863_0-532829662.jpg","datePublished":"2024-11-01T10:00:52+00:00","dateModified":"2026-04-12T00:12:49+00:00","breadcrumb":{"@id":"https:\/\/horticom.ee\/e-pood\/toode\/amplikonks-seinale-artevasi-kukk-lattrauast-34cm-metallik-antratsiit\/#breadcrumb"},"inLanguage":"ru-RU","potentialAction":[{"@type":"ReadAction","target":["https:\/\/horticom.ee\/e-pood\/toode\/amplikonks-seinale-artevasi-kukk-lattrauast-34cm-metallik-antratsiit\/"]}]},{"@type":"ImageObject","inLanguage":"ru-RU","@id":"https:\/\/horticom.ee\/e-pood\/toode\/amplikonks-seinale-artevasi-kukk-lattrauast-34cm-metallik-antratsiit\/#primaryimage","url":"https:\/\/horticom.ee\/e-pood\/wp-content\/uploads\/importedmedia\/product-2301863_0-532829662.jpg","contentUrl":"https:\/\/horticom.ee\/e-pood\/wp-content\/uploads\/importedmedia\/product-2301863_0-532829662.jpg","width":999,"height":562},{"@type":"BreadcrumbList","@id":"https:\/\/horticom.ee\/e-pood\/toode\/amplikonks-seinale-artevasi-kukk-lattrauast-34cm-metallik-antratsiit\/#breadcrumb","itemListElement":[{"@type":"ListItem","position":1,"name":"Home","item":"https:\/\/horticom.ee\/e-pood\/"},{"@type":"ListItem","position":2,"name":"Pood","item":"https:\/\/horticom.ee\/e-pood\/pood\/"},{"@type":"ListItem","position":3,"name":"Amplikonks seinale Artevasi Kukk lattrauast 34cm metallik antratsiit"}]},{"@type":"WebSite","@id":"https:\/\/horticom.ee\/e-pood\/#website","url":"https:\/\/horticom.ee\/e-pood\/","name":"Horticom.ee","description":"Aianduskaubad ja kodukaubad nii harrastajatele kui professionaalidele","potentialAction":[{"@type":"SearchAction","target":{"@type":"EntryPoint","urlTemplate":"https:\/\/horticom.ee\/e-pood\/?s={search_term_string}"},"query-input":{"@type":"PropertyValueSpecification","valueRequired":true,"valueName":"search_term_string"}}],"inLanguage":"ru-RU"}]}},"_links":{"self":[{"href":"https:\/\/horticom.ee\/e-pood\/ru\/wp-json\/wp\/v2\/product\/2301863","targetHints":{"allow":["GET"]}}],"collection":[{"href":"https:\/\/horticom.ee\/e-pood\/ru\/wp-json\/wp\/v2\/product"}],"about":[{"href":"https:\/\/horticom.ee\/e-pood\/ru\/wp-json\/wp\/v2\/types\/product"}],"replies":[{"embeddable":true,"href":"https:\/\/horticom.ee\/e-pood\/ru\/wp-json\/wp\/v2\/comments?post=2301863"}],"wp:featuredmedia":[{"embeddable":true,"href":"https:\/\/horticom.ee\/e-pood\/ru\/wp-json\/wp\/v2\/media\/2380678"}],"wp:attachment":[{"href":"https:\/\/horticom.ee\/e-pood\/ru\/wp-json\/wp\/v2\/media?parent=2301863"}],"wp:term":[{"taxonomy":"product_cat","embeddable":true,"href":"https:\/\/horticom.ee\/e-pood\/ru\/wp-json\/wp\/v2\/product_cat?post=2301863"},{"taxonomy":"product_tag","embeddable":true,"href":"https:\/\/horticom.ee\/e-pood\/ru\/wp-json\/wp\/v2\/product_tag?post=2301863"}],"curies":[{"name":"wp","href":"https:\/\/api.w.org\/{rel}","templated":true}]}}