{"id":2301953,"date":"2024-11-01T12:01:14","date_gmt":"2024-11-01T10:01:14","guid":{"rendered":"https:\/\/horticom.ee\/e-pood\/toode\/rodukast-elho-greenville-easy-balcony-52cm-betoonihall\/"},"modified":"2026-03-30T03:12:25","modified_gmt":"2026-03-30T00:12:25","slug":"rodukast-elho-greenville-easy-balcony-52cm-betoonihall","status":"publish","type":"product","link":"https:\/\/horticom.ee\/e-pood\/ru\/toode\/rodukast-elho-greenville-easy-balcony-52cm-betoonihall\/","title":{"rendered":"R\u00f5dukast Elho Greenville Easy Balcony 52cm 15L betoonihall"},"content":{"rendered":"<p>R\u00f5dukast Elho Greenville Easy Balcony sobib \u00e4\u00e4rele, mis on kuni 12cm lai. Sisaldab veereservuaari, t\u00e4nu millele saab taim alati vajaliku vee k\u00e4tte. Valmistatud \u00fcmbert\u00f6\u00f6deldud plastikust ja on 100% \u00fcmbert\u00f6\u00f6deldav.<\/p>\n","protected":false},"excerpt":{"rendered":"<p>R\u00f5dukast Elho Greenville Easy Balcony sobib \u00e4\u00e4rele, mis on kuni 12cm lai. Sisaldab veereservuaari, t\u00e4nu millele saab taim alati vajaliku vee k\u00e4tte. Valmistatud \u00fcmbert\u00f6\u00f6deldud plastikust ja on 100% \u00fcmbert\u00f6\u00f6deldav.<\/p>\n","protected":false},"featured_media":2384233,"comment_status":"closed","ping_status":"closed","template":"","meta":{"_themeisle_gutenberg_block_has_review":false},"product_cat":[18563,13444],"product_tag":[],"class_list":{"0":"post-2301953","1":"product","2":"type-product","3":"status-publish","4":"has-post-thumbnail","6":"product_cat-lopumuugitooted","7":"product_cat-rodukastid","9":"first","10":"outofstock","11":"sale","12":"shipping-taxable","13":"purchasable","14":"product-type-simple"},"yoast_head":"<!-- This site is optimized with the Yoast SEO plugin v24.0 - https:\/\/yoast.com\/wordpress\/plugins\/seo\/ -->\n<title>R\u00f5dukast Elho Greenville Easy Balcony 52cm 15L betoonihall - Horticom<\/title>\n<meta name=\"robots\" content=\"index, follow, max-snippet:-1, max-image-preview:large, max-video-preview:-1\" \/>\n<link rel=\"canonical\" href=\"https:\/\/horticom.ee\/e-pood\/toode\/rodukast-elho-greenville-easy-balcony-52cm-betoonihall\/\" \/>\n<meta property=\"og:locale\" content=\"ru_RU\" \/>\n<meta property=\"og:type\" content=\"article\" \/>\n<meta property=\"og:title\" content=\"R\u00f5dukast Elho Greenville Easy Balcony 52cm 15L betoonihall - Horticom\" \/>\n<meta property=\"og:description\" content=\"R\u00f5dukast Elho Greenville Easy Balcony sobib \u00e4\u00e4rele, mis on kuni 12cm lai. Sisaldab veereservuaari, t\u00e4nu millele saab taim alati vajaliku vee k\u00e4tte. Valmistatud \u00fcmbert\u00f6\u00f6deldud plastikust ja on 100% \u00fcmbert\u00f6\u00f6deldav.\" \/>\n<meta property=\"og:url\" content=\"https:\/\/horticom.ee\/e-pood\/toode\/rodukast-elho-greenville-easy-balcony-52cm-betoonihall\/\" \/>\n<meta property=\"og:site_name\" content=\"Horticom.ee\" \/>\n<meta property=\"article:publisher\" content=\"https:\/\/www.facebook.com\/horticom.ee\/e-pood\" \/>\n<meta property=\"article:modified_time\" content=\"2026-03-30T00:12:25+00:00\" \/>\n<meta property=\"og:image\" content=\"https:\/\/horticom.ee\/e-pood\/wp-content\/uploads\/importedmedia\/product-2301953_0-64308180_431.jpg\" \/>\n\t<meta property=\"og:image:width\" content=\"1000\" \/>\n\t<meta property=\"og:image:height\" content=\"1000\" \/>\n\t<meta property=\"og:image:type\" content=\"image\/jpeg\" \/>\n<meta name=\"twitter:card\" content=\"summary_large_image\" \/>\n<script type=\"application\/ld+json\" class=\"yoast-schema-graph\">{\"@context\":\"https:\/\/schema.org\",\"@graph\":[{\"@type\":\"WebPage\",\"@id\":\"https:\/\/horticom.ee\/e-pood\/toode\/rodukast-elho-greenville-easy-balcony-52cm-betoonihall\/\",\"url\":\"https:\/\/horticom.ee\/e-pood\/toode\/rodukast-elho-greenville-easy-balcony-52cm-betoonihall\/\",\"name\":\"R\u00f5dukast Elho Greenville Easy Balcony 52cm 15L betoonihall - Horticom\",\"isPartOf\":{\"@id\":\"https:\/\/horticom.ee\/e-pood\/#website\"},\"primaryImageOfPage\":{\"@id\":\"https:\/\/horticom.ee\/e-pood\/toode\/rodukast-elho-greenville-easy-balcony-52cm-betoonihall\/#primaryimage\"},\"image\":{\"@id\":\"https:\/\/horticom.ee\/e-pood\/toode\/rodukast-elho-greenville-easy-balcony-52cm-betoonihall\/#primaryimage\"},\"thumbnailUrl\":\"https:\/\/horticom.ee\/e-pood\/wp-content\/uploads\/importedmedia\/product-2301953_0-64308180_431.jpg\",\"datePublished\":\"2024-11-01T10:01:14+00:00\",\"dateModified\":\"2026-03-30T00:12:25+00:00\",\"breadcrumb\":{\"@id\":\"https:\/\/horticom.ee\/e-pood\/toode\/rodukast-elho-greenville-easy-balcony-52cm-betoonihall\/#breadcrumb\"},\"inLanguage\":\"ru-RU\",\"potentialAction\":[{\"@type\":\"ReadAction\",\"target\":[\"https:\/\/horticom.ee\/e-pood\/toode\/rodukast-elho-greenville-easy-balcony-52cm-betoonihall\/\"]}]},{\"@type\":\"ImageObject\",\"inLanguage\":\"ru-RU\",\"@id\":\"https:\/\/horticom.ee\/e-pood\/toode\/rodukast-elho-greenville-easy-balcony-52cm-betoonihall\/#primaryimage\",\"url\":\"https:\/\/horticom.ee\/e-pood\/wp-content\/uploads\/importedmedia\/product-2301953_0-64308180_431.jpg\",\"contentUrl\":\"https:\/\/horticom.ee\/e-pood\/wp-content\/uploads\/importedmedia\/product-2301953_0-64308180_431.jpg\",\"width\":1000,\"height\":1000},{\"@type\":\"BreadcrumbList\",\"@id\":\"https:\/\/horticom.ee\/e-pood\/toode\/rodukast-elho-greenville-easy-balcony-52cm-betoonihall\/#breadcrumb\",\"itemListElement\":[{\"@type\":\"ListItem\",\"position\":1,\"name\":\"Home\",\"item\":\"https:\/\/horticom.ee\/e-pood\/\"},{\"@type\":\"ListItem\",\"position\":2,\"name\":\"Pood\",\"item\":\"https:\/\/horticom.ee\/e-pood\/pood\/\"},{\"@type\":\"ListItem\",\"position\":3,\"name\":\"R\u00f5dukast Elho Greenville Easy Balcony 52cm 15L betoonihall\"}]},{\"@type\":\"WebSite\",\"@id\":\"https:\/\/horticom.ee\/e-pood\/#website\",\"url\":\"https:\/\/horticom.ee\/e-pood\/\",\"name\":\"Horticom.ee\",\"description\":\"Aianduskaubad ja kodukaubad nii harrastajatele kui professionaalidele\",\"potentialAction\":[{\"@type\":\"SearchAction\",\"target\":{\"@type\":\"EntryPoint\",\"urlTemplate\":\"https:\/\/horticom.ee\/e-pood\/?s={search_term_string}\"},\"query-input\":{\"@type\":\"PropertyValueSpecification\",\"valueRequired\":true,\"valueName\":\"search_term_string\"}}],\"inLanguage\":\"ru-RU\"}]}<\/script>\n<!-- \/ Yoast SEO plugin. -->","yoast_head_json":{"title":"R\u00f5dukast Elho Greenville Easy Balcony 52cm 15L betoonihall - Horticom","robots":{"index":"index","follow":"follow","max-snippet":"max-snippet:-1","max-image-preview":"max-image-preview:large","max-video-preview":"max-video-preview:-1"},"canonical":"https:\/\/horticom.ee\/e-pood\/toode\/rodukast-elho-greenville-easy-balcony-52cm-betoonihall\/","og_locale":"ru_RU","og_type":"article","og_title":"R\u00f5dukast Elho Greenville Easy Balcony 52cm 15L betoonihall - Horticom","og_description":"R\u00f5dukast Elho Greenville Easy Balcony sobib \u00e4\u00e4rele, mis on kuni 12cm lai. Sisaldab veereservuaari, t\u00e4nu millele saab taim alati vajaliku vee k\u00e4tte. Valmistatud \u00fcmbert\u00f6\u00f6deldud plastikust ja on 100% \u00fcmbert\u00f6\u00f6deldav.","og_url":"https:\/\/horticom.ee\/e-pood\/toode\/rodukast-elho-greenville-easy-balcony-52cm-betoonihall\/","og_site_name":"Horticom.ee","article_publisher":"https:\/\/www.facebook.com\/horticom.ee\/e-pood","article_modified_time":"2026-03-30T00:12:25+00:00","og_image":[{"width":1000,"height":1000,"url":"https:\/\/horticom.ee\/e-pood\/wp-content\/uploads\/importedmedia\/product-2301953_0-64308180_431.jpg","type":"image\/jpeg"}],"twitter_card":"summary_large_image","schema":{"@context":"https:\/\/schema.org","@graph":[{"@type":"WebPage","@id":"https:\/\/horticom.ee\/e-pood\/toode\/rodukast-elho-greenville-easy-balcony-52cm-betoonihall\/","url":"https:\/\/horticom.ee\/e-pood\/toode\/rodukast-elho-greenville-easy-balcony-52cm-betoonihall\/","name":"R\u00f5dukast Elho Greenville Easy Balcony 52cm 15L betoonihall - Horticom","isPartOf":{"@id":"https:\/\/horticom.ee\/e-pood\/#website"},"primaryImageOfPage":{"@id":"https:\/\/horticom.ee\/e-pood\/toode\/rodukast-elho-greenville-easy-balcony-52cm-betoonihall\/#primaryimage"},"image":{"@id":"https:\/\/horticom.ee\/e-pood\/toode\/rodukast-elho-greenville-easy-balcony-52cm-betoonihall\/#primaryimage"},"thumbnailUrl":"https:\/\/horticom.ee\/e-pood\/wp-content\/uploads\/importedmedia\/product-2301953_0-64308180_431.jpg","datePublished":"2024-11-01T10:01:14+00:00","dateModified":"2026-03-30T00:12:25+00:00","breadcrumb":{"@id":"https:\/\/horticom.ee\/e-pood\/toode\/rodukast-elho-greenville-easy-balcony-52cm-betoonihall\/#breadcrumb"},"inLanguage":"ru-RU","potentialAction":[{"@type":"ReadAction","target":["https:\/\/horticom.ee\/e-pood\/toode\/rodukast-elho-greenville-easy-balcony-52cm-betoonihall\/"]}]},{"@type":"ImageObject","inLanguage":"ru-RU","@id":"https:\/\/horticom.ee\/e-pood\/toode\/rodukast-elho-greenville-easy-balcony-52cm-betoonihall\/#primaryimage","url":"https:\/\/horticom.ee\/e-pood\/wp-content\/uploads\/importedmedia\/product-2301953_0-64308180_431.jpg","contentUrl":"https:\/\/horticom.ee\/e-pood\/wp-content\/uploads\/importedmedia\/product-2301953_0-64308180_431.jpg","width":1000,"height":1000},{"@type":"BreadcrumbList","@id":"https:\/\/horticom.ee\/e-pood\/toode\/rodukast-elho-greenville-easy-balcony-52cm-betoonihall\/#breadcrumb","itemListElement":[{"@type":"ListItem","position":1,"name":"Home","item":"https:\/\/horticom.ee\/e-pood\/"},{"@type":"ListItem","position":2,"name":"Pood","item":"https:\/\/horticom.ee\/e-pood\/pood\/"},{"@type":"ListItem","position":3,"name":"R\u00f5dukast Elho Greenville Easy Balcony 52cm 15L betoonihall"}]},{"@type":"WebSite","@id":"https:\/\/horticom.ee\/e-pood\/#website","url":"https:\/\/horticom.ee\/e-pood\/","name":"Horticom.ee","description":"Aianduskaubad ja kodukaubad nii harrastajatele kui professionaalidele","potentialAction":[{"@type":"SearchAction","target":{"@type":"EntryPoint","urlTemplate":"https:\/\/horticom.ee\/e-pood\/?s={search_term_string}"},"query-input":{"@type":"PropertyValueSpecification","valueRequired":true,"valueName":"search_term_string"}}],"inLanguage":"ru-RU"}]}},"_links":{"self":[{"href":"https:\/\/horticom.ee\/e-pood\/ru\/wp-json\/wp\/v2\/product\/2301953","targetHints":{"allow":["GET"]}}],"collection":[{"href":"https:\/\/horticom.ee\/e-pood\/ru\/wp-json\/wp\/v2\/product"}],"about":[{"href":"https:\/\/horticom.ee\/e-pood\/ru\/wp-json\/wp\/v2\/types\/product"}],"replies":[{"embeddable":true,"href":"https:\/\/horticom.ee\/e-pood\/ru\/wp-json\/wp\/v2\/comments?post=2301953"}],"wp:featuredmedia":[{"embeddable":true,"href":"https:\/\/horticom.ee\/e-pood\/ru\/wp-json\/wp\/v2\/media\/2384233"}],"wp:attachment":[{"href":"https:\/\/horticom.ee\/e-pood\/ru\/wp-json\/wp\/v2\/media?parent=2301953"}],"wp:term":[{"taxonomy":"product_cat","embeddable":true,"href":"https:\/\/horticom.ee\/e-pood\/ru\/wp-json\/wp\/v2\/product_cat?post=2301953"},{"taxonomy":"product_tag","embeddable":true,"href":"https:\/\/horticom.ee\/e-pood\/ru\/wp-json\/wp\/v2\/product_tag?post=2301953"}],"curies":[{"name":"wp","href":"https:\/\/api.w.org\/{rel}","templated":true}]}}