{"id":2301954,"date":"2024-11-01T12:01:14","date_gmt":"2024-11-01T10:01:14","guid":{"rendered":"https:\/\/horticom.ee\/e-pood\/toode\/vihmavee-aravooluuhendus-elho-green-basics\/"},"modified":"2026-05-12T03:12:24","modified_gmt":"2026-05-12T00:12:24","slug":"vihmavee-aravooluuhendus-elho-green-basics","status":"publish","type":"product","link":"https:\/\/horticom.ee\/e-pood\/ru\/toode\/vihmavee-aravooluuhendus-elho-green-basics\/","title":{"rendered":"Vihmavee \u00e4ravoolu\u00fchendus Elho Green Basics"},"content":{"rendered":"<p>Vihmavee \u00e4ravoolu\u00fchendus sobib torule m\u00f5\u00f5dus 70-80-100cm. Lihtne paigaldada.<br \/>\nTaask\u00e4ideldatav, toodetud 100% taaskasutatud materjalidest tuuleenergia abil.<br \/>\nToote originaalv\u00e4rv p\u00fcsib kauem, kuna valmistamisel kasutatakse erilisi v\u00e4rvipigmente.<\/p>\n","protected":false},"excerpt":{"rendered":"<p>Vihmavee \u00e4ravoolu\u00fchendus sobib torule m\u00f5\u00f5dus 70-80-100cm. Lihtne paigaldada. Taask\u00e4ideldatav, toodetud 100% taaskasutatud materjalidest tuuleenergia abil. Toote originaalv\u00e4rv p\u00fcsib kauem, kuna valmistamisel kasutatakse erilisi v\u00e4rvipigmente.<\/p>\n","protected":false},"featured_media":2384333,"comment_status":"closed","ping_status":"closed","template":"","meta":{"_themeisle_gutenberg_block_has_review":false},"product_cat":[13392],"product_tag":[],"class_list":{"0":"post-2301954","1":"product","2":"type-product","3":"status-publish","4":"has-post-thumbnail","6":"product_cat-vihmaveetunnid","8":"first","9":"instock","10":"shipping-taxable","11":"purchasable","12":"product-type-simple"},"yoast_head":"<!-- This site is optimized with the Yoast SEO plugin v24.0 - https:\/\/yoast.com\/wordpress\/plugins\/seo\/ -->\n<title>Vihmavee \u00e4ravoolu\u00fchendus Elho Green Basics - Horticom<\/title>\n<meta name=\"robots\" content=\"index, follow, max-snippet:-1, max-image-preview:large, max-video-preview:-1\" \/>\n<link rel=\"canonical\" href=\"https:\/\/horticom.ee\/e-pood\/toode\/vihmavee-aravooluuhendus-elho-green-basics\/\" \/>\n<meta property=\"og:locale\" content=\"ru_RU\" \/>\n<meta property=\"og:type\" content=\"article\" \/>\n<meta property=\"og:title\" content=\"Vihmavee \u00e4ravoolu\u00fchendus Elho Green Basics - Horticom\" \/>\n<meta property=\"og:description\" content=\"Vihmavee \u00e4ravoolu\u00fchendus sobib torule m\u00f5\u00f5dus 70-80-100cm. Lihtne paigaldada. Taask\u00e4ideldatav, toodetud 100% taaskasutatud materjalidest tuuleenergia abil. Toote originaalv\u00e4rv p\u00fcsib kauem, kuna valmistamisel kasutatakse erilisi v\u00e4rvipigmente.\" \/>\n<meta property=\"og:url\" content=\"https:\/\/horticom.ee\/e-pood\/toode\/vihmavee-aravooluuhendus-elho-green-basics\/\" \/>\n<meta property=\"og:site_name\" content=\"Horticom.ee\" \/>\n<meta property=\"article:publisher\" content=\"https:\/\/www.facebook.com\/horticom.ee\/e-pood\" \/>\n<meta property=\"article:modified_time\" content=\"2026-05-12T00:12:24+00:00\" \/>\n<meta property=\"og:image\" content=\"https:\/\/horticom.ee\/e-pood\/wp-content\/uploads\/importedmedia\/product-2301954_0-64861070_433.jpg\" \/>\n\t<meta property=\"og:image:width\" content=\"1000\" \/>\n\t<meta property=\"og:image:height\" content=\"1000\" \/>\n\t<meta property=\"og:image:type\" content=\"image\/jpeg\" \/>\n<meta name=\"twitter:card\" content=\"summary_large_image\" \/>\n<script type=\"application\/ld+json\" class=\"yoast-schema-graph\">{\"@context\":\"https:\/\/schema.org\",\"@graph\":[{\"@type\":\"WebPage\",\"@id\":\"https:\/\/horticom.ee\/e-pood\/toode\/vihmavee-aravooluuhendus-elho-green-basics\/\",\"url\":\"https:\/\/horticom.ee\/e-pood\/toode\/vihmavee-aravooluuhendus-elho-green-basics\/\",\"name\":\"Vihmavee \u00e4ravoolu\u00fchendus Elho Green Basics - Horticom\",\"isPartOf\":{\"@id\":\"https:\/\/horticom.ee\/e-pood\/#website\"},\"primaryImageOfPage\":{\"@id\":\"https:\/\/horticom.ee\/e-pood\/toode\/vihmavee-aravooluuhendus-elho-green-basics\/#primaryimage\"},\"image\":{\"@id\":\"https:\/\/horticom.ee\/e-pood\/toode\/vihmavee-aravooluuhendus-elho-green-basics\/#primaryimage\"},\"thumbnailUrl\":\"https:\/\/horticom.ee\/e-pood\/wp-content\/uploads\/importedmedia\/product-2301954_0-64861070_433.jpg\",\"datePublished\":\"2024-11-01T10:01:14+00:00\",\"dateModified\":\"2026-05-12T00:12:24+00:00\",\"breadcrumb\":{\"@id\":\"https:\/\/horticom.ee\/e-pood\/toode\/vihmavee-aravooluuhendus-elho-green-basics\/#breadcrumb\"},\"inLanguage\":\"ru-RU\",\"potentialAction\":[{\"@type\":\"ReadAction\",\"target\":[\"https:\/\/horticom.ee\/e-pood\/toode\/vihmavee-aravooluuhendus-elho-green-basics\/\"]}]},{\"@type\":\"ImageObject\",\"inLanguage\":\"ru-RU\",\"@id\":\"https:\/\/horticom.ee\/e-pood\/toode\/vihmavee-aravooluuhendus-elho-green-basics\/#primaryimage\",\"url\":\"https:\/\/horticom.ee\/e-pood\/wp-content\/uploads\/importedmedia\/product-2301954_0-64861070_433.jpg\",\"contentUrl\":\"https:\/\/horticom.ee\/e-pood\/wp-content\/uploads\/importedmedia\/product-2301954_0-64861070_433.jpg\",\"width\":1000,\"height\":1000},{\"@type\":\"BreadcrumbList\",\"@id\":\"https:\/\/horticom.ee\/e-pood\/toode\/vihmavee-aravooluuhendus-elho-green-basics\/#breadcrumb\",\"itemListElement\":[{\"@type\":\"ListItem\",\"position\":1,\"name\":\"Home\",\"item\":\"https:\/\/horticom.ee\/e-pood\/\"},{\"@type\":\"ListItem\",\"position\":2,\"name\":\"Pood\",\"item\":\"https:\/\/horticom.ee\/e-pood\/pood\/\"},{\"@type\":\"ListItem\",\"position\":3,\"name\":\"Vihmavee \u00e4ravoolu\u00fchendus Elho Green Basics\"}]},{\"@type\":\"WebSite\",\"@id\":\"https:\/\/horticom.ee\/e-pood\/#website\",\"url\":\"https:\/\/horticom.ee\/e-pood\/\",\"name\":\"Horticom.ee\",\"description\":\"Aianduskaubad ja kodukaubad nii harrastajatele kui professionaalidele\",\"potentialAction\":[{\"@type\":\"SearchAction\",\"target\":{\"@type\":\"EntryPoint\",\"urlTemplate\":\"https:\/\/horticom.ee\/e-pood\/?s={search_term_string}\"},\"query-input\":{\"@type\":\"PropertyValueSpecification\",\"valueRequired\":true,\"valueName\":\"search_term_string\"}}],\"inLanguage\":\"ru-RU\"}]}<\/script>\n<!-- \/ Yoast SEO plugin. -->","yoast_head_json":{"title":"Vihmavee \u00e4ravoolu\u00fchendus Elho Green Basics - Horticom","robots":{"index":"index","follow":"follow","max-snippet":"max-snippet:-1","max-image-preview":"max-image-preview:large","max-video-preview":"max-video-preview:-1"},"canonical":"https:\/\/horticom.ee\/e-pood\/toode\/vihmavee-aravooluuhendus-elho-green-basics\/","og_locale":"ru_RU","og_type":"article","og_title":"Vihmavee \u00e4ravoolu\u00fchendus Elho Green Basics - Horticom","og_description":"Vihmavee \u00e4ravoolu\u00fchendus sobib torule m\u00f5\u00f5dus 70-80-100cm. Lihtne paigaldada. Taask\u00e4ideldatav, toodetud 100% taaskasutatud materjalidest tuuleenergia abil. Toote originaalv\u00e4rv p\u00fcsib kauem, kuna valmistamisel kasutatakse erilisi v\u00e4rvipigmente.","og_url":"https:\/\/horticom.ee\/e-pood\/toode\/vihmavee-aravooluuhendus-elho-green-basics\/","og_site_name":"Horticom.ee","article_publisher":"https:\/\/www.facebook.com\/horticom.ee\/e-pood","article_modified_time":"2026-05-12T00:12:24+00:00","og_image":[{"width":1000,"height":1000,"url":"https:\/\/horticom.ee\/e-pood\/wp-content\/uploads\/importedmedia\/product-2301954_0-64861070_433.jpg","type":"image\/jpeg"}],"twitter_card":"summary_large_image","schema":{"@context":"https:\/\/schema.org","@graph":[{"@type":"WebPage","@id":"https:\/\/horticom.ee\/e-pood\/toode\/vihmavee-aravooluuhendus-elho-green-basics\/","url":"https:\/\/horticom.ee\/e-pood\/toode\/vihmavee-aravooluuhendus-elho-green-basics\/","name":"Vihmavee \u00e4ravoolu\u00fchendus Elho Green Basics - Horticom","isPartOf":{"@id":"https:\/\/horticom.ee\/e-pood\/#website"},"primaryImageOfPage":{"@id":"https:\/\/horticom.ee\/e-pood\/toode\/vihmavee-aravooluuhendus-elho-green-basics\/#primaryimage"},"image":{"@id":"https:\/\/horticom.ee\/e-pood\/toode\/vihmavee-aravooluuhendus-elho-green-basics\/#primaryimage"},"thumbnailUrl":"https:\/\/horticom.ee\/e-pood\/wp-content\/uploads\/importedmedia\/product-2301954_0-64861070_433.jpg","datePublished":"2024-11-01T10:01:14+00:00","dateModified":"2026-05-12T00:12:24+00:00","breadcrumb":{"@id":"https:\/\/horticom.ee\/e-pood\/toode\/vihmavee-aravooluuhendus-elho-green-basics\/#breadcrumb"},"inLanguage":"ru-RU","potentialAction":[{"@type":"ReadAction","target":["https:\/\/horticom.ee\/e-pood\/toode\/vihmavee-aravooluuhendus-elho-green-basics\/"]}]},{"@type":"ImageObject","inLanguage":"ru-RU","@id":"https:\/\/horticom.ee\/e-pood\/toode\/vihmavee-aravooluuhendus-elho-green-basics\/#primaryimage","url":"https:\/\/horticom.ee\/e-pood\/wp-content\/uploads\/importedmedia\/product-2301954_0-64861070_433.jpg","contentUrl":"https:\/\/horticom.ee\/e-pood\/wp-content\/uploads\/importedmedia\/product-2301954_0-64861070_433.jpg","width":1000,"height":1000},{"@type":"BreadcrumbList","@id":"https:\/\/horticom.ee\/e-pood\/toode\/vihmavee-aravooluuhendus-elho-green-basics\/#breadcrumb","itemListElement":[{"@type":"ListItem","position":1,"name":"Home","item":"https:\/\/horticom.ee\/e-pood\/"},{"@type":"ListItem","position":2,"name":"Pood","item":"https:\/\/horticom.ee\/e-pood\/pood\/"},{"@type":"ListItem","position":3,"name":"Vihmavee \u00e4ravoolu\u00fchendus Elho Green Basics"}]},{"@type":"WebSite","@id":"https:\/\/horticom.ee\/e-pood\/#website","url":"https:\/\/horticom.ee\/e-pood\/","name":"Horticom.ee","description":"Aianduskaubad ja kodukaubad nii harrastajatele kui professionaalidele","potentialAction":[{"@type":"SearchAction","target":{"@type":"EntryPoint","urlTemplate":"https:\/\/horticom.ee\/e-pood\/?s={search_term_string}"},"query-input":{"@type":"PropertyValueSpecification","valueRequired":true,"valueName":"search_term_string"}}],"inLanguage":"ru-RU"}]}},"_links":{"self":[{"href":"https:\/\/horticom.ee\/e-pood\/ru\/wp-json\/wp\/v2\/product\/2301954","targetHints":{"allow":["GET"]}}],"collection":[{"href":"https:\/\/horticom.ee\/e-pood\/ru\/wp-json\/wp\/v2\/product"}],"about":[{"href":"https:\/\/horticom.ee\/e-pood\/ru\/wp-json\/wp\/v2\/types\/product"}],"replies":[{"embeddable":true,"href":"https:\/\/horticom.ee\/e-pood\/ru\/wp-json\/wp\/v2\/comments?post=2301954"}],"wp:featuredmedia":[{"embeddable":true,"href":"https:\/\/horticom.ee\/e-pood\/ru\/wp-json\/wp\/v2\/media\/2384333"}],"wp:attachment":[{"href":"https:\/\/horticom.ee\/e-pood\/ru\/wp-json\/wp\/v2\/media?parent=2301954"}],"wp:term":[{"taxonomy":"product_cat","embeddable":true,"href":"https:\/\/horticom.ee\/e-pood\/ru\/wp-json\/wp\/v2\/product_cat?post=2301954"},{"taxonomy":"product_tag","embeddable":true,"href":"https:\/\/horticom.ee\/e-pood\/ru\/wp-json\/wp\/v2\/product_tag?post=2301954"}],"curies":[{"name":"wp","href":"https:\/\/api.w.org\/{rel}","templated":true}]}}