{"id":2301981,"date":"2024-11-01T12:01:19","date_gmt":"2024-11-01T10:01:19","guid":{"rendered":"https:\/\/horticom.ee\/e-pood\/toode\/ouepott-keraamiline-shanghai-1-01da-tumeroheline-4tk-kmpl\/"},"modified":"2026-05-06T13:17:01","modified_gmt":"2026-05-06T10:17:01","slug":"ouepott-keraamiline-shanghai-1-01da-tumeroheline-4tk-kmpl","status":"publish","type":"product","link":"https:\/\/horticom.ee\/e-pood\/ru\/toode\/ouepott-keraamiline-shanghai-1-01da-tumeroheline-4tk-kmpl\/","title":{"rendered":"\u00d5uepott keraamiline Shanghai 1-01DA tumeroheline 4tk\/kmpl"},"content":{"rendered":"<p>Lihtsa disainiga glasuuritud \u00f5uepott. K\u00fclmakindel. Talvel talub \u201320C aga kui pott ei ole m\u00e4rg s.t et ei kasteta v\u00f5i ei ole vihma k\u00e4es ning on \u00f5ues varju all siis kuni \u201330C.<br \/>\nKomplekt koosneb: \u00d824cm\/H16cm ; \u00d832cm\/H24cm ; \u00d843cm\/H32cm ; \u00d856cm\/H40cm<\/p>\n","protected":false},"excerpt":{"rendered":"<p>Lihtsa disainiga glasuuritud \u00f5uepott. K\u00fclmakindel. Talvel talub \u201320C aga kui pott ei ole m\u00e4rg s.t et ei kasteta v\u00f5i ei ole vihma k\u00e4es ning on \u00f5ues varju all siis kuni \u201330C. Komplekt koosneb: \u00d824cm\/H16cm ; \u00d832cm\/H24cm ; \u00d843cm\/H32cm ; \u00d856cm\/H40cm<\/p>\n","protected":false},"featured_media":2384595,"comment_status":"closed","ping_status":"closed","template":"","meta":{"_themeisle_gutenberg_block_has_review":false},"product_cat":[13476],"product_tag":[],"class_list":{"0":"post-2301981","1":"product","2":"type-product","3":"status-publish","4":"has-post-thumbnail","6":"product_cat-umbrispotid","8":"first","9":"outofstock","10":"sale","11":"shipping-taxable","12":"purchasable","13":"product-type-simple"},"yoast_head":"<!-- This site is optimized with the Yoast SEO plugin v24.0 - https:\/\/yoast.com\/wordpress\/plugins\/seo\/ -->\n<title>\u00d5uepott keraamiline Shanghai 1-01DA tumeroheline 4tk\/kmpl - Horticom<\/title>\n<meta name=\"robots\" content=\"index, follow, max-snippet:-1, max-image-preview:large, max-video-preview:-1\" \/>\n<link rel=\"canonical\" href=\"https:\/\/horticom.ee\/e-pood\/toode\/ouepott-keraamiline-shanghai-1-01da-tumeroheline-4tk-kmpl\/\" \/>\n<meta property=\"og:locale\" content=\"ru_RU\" \/>\n<meta property=\"og:type\" content=\"article\" \/>\n<meta property=\"og:title\" content=\"\u00d5uepott keraamiline Shanghai 1-01DA tumeroheline 4tk\/kmpl - Horticom\" \/>\n<meta property=\"og:description\" content=\"Lihtsa disainiga glasuuritud \u00f5uepott. K\u00fclmakindel. Talvel talub \u201320C aga kui pott ei ole m\u00e4rg s.t et ei kasteta v\u00f5i ei ole vihma k\u00e4es ning on \u00f5ues varju all siis kuni \u201330C. Komplekt koosneb: \u00d824cm\/H16cm ; \u00d832cm\/H24cm ; \u00d843cm\/H32cm ; \u00d856cm\/H40cm\" \/>\n<meta property=\"og:url\" content=\"https:\/\/horticom.ee\/e-pood\/toode\/ouepott-keraamiline-shanghai-1-01da-tumeroheline-4tk-kmpl\/\" \/>\n<meta property=\"og:site_name\" content=\"Horticom.ee\" \/>\n<meta property=\"article:publisher\" content=\"https:\/\/www.facebook.com\/horticom.ee\/e-pood\" \/>\n<meta property=\"article:modified_time\" content=\"2026-05-06T10:17:01+00:00\" \/>\n<meta property=\"og:image\" content=\"https:\/\/horticom.ee\/e-pood\/wp-content\/uploads\/importedmedia\/product-2301981_0-65680180.jpg\" \/>\n\t<meta property=\"og:image:width\" content=\"1000\" \/>\n\t<meta property=\"og:image:height\" content=\"1000\" \/>\n\t<meta property=\"og:image:type\" content=\"image\/jpeg\" \/>\n<meta name=\"twitter:card\" content=\"summary_large_image\" \/>\n<script type=\"application\/ld+json\" class=\"yoast-schema-graph\">{\"@context\":\"https:\/\/schema.org\",\"@graph\":[{\"@type\":\"WebPage\",\"@id\":\"https:\/\/horticom.ee\/e-pood\/toode\/ouepott-keraamiline-shanghai-1-01da-tumeroheline-4tk-kmpl\/\",\"url\":\"https:\/\/horticom.ee\/e-pood\/toode\/ouepott-keraamiline-shanghai-1-01da-tumeroheline-4tk-kmpl\/\",\"name\":\"\u00d5uepott keraamiline Shanghai 1-01DA tumeroheline 4tk\/kmpl - Horticom\",\"isPartOf\":{\"@id\":\"https:\/\/horticom.ee\/e-pood\/#website\"},\"primaryImageOfPage\":{\"@id\":\"https:\/\/horticom.ee\/e-pood\/toode\/ouepott-keraamiline-shanghai-1-01da-tumeroheline-4tk-kmpl\/#primaryimage\"},\"image\":{\"@id\":\"https:\/\/horticom.ee\/e-pood\/toode\/ouepott-keraamiline-shanghai-1-01da-tumeroheline-4tk-kmpl\/#primaryimage\"},\"thumbnailUrl\":\"https:\/\/horticom.ee\/e-pood\/wp-content\/uploads\/importedmedia\/product-2301981_0-65680180.jpg\",\"datePublished\":\"2024-11-01T10:01:19+00:00\",\"dateModified\":\"2026-05-06T10:17:01+00:00\",\"breadcrumb\":{\"@id\":\"https:\/\/horticom.ee\/e-pood\/toode\/ouepott-keraamiline-shanghai-1-01da-tumeroheline-4tk-kmpl\/#breadcrumb\"},\"inLanguage\":\"ru-RU\",\"potentialAction\":[{\"@type\":\"ReadAction\",\"target\":[\"https:\/\/horticom.ee\/e-pood\/toode\/ouepott-keraamiline-shanghai-1-01da-tumeroheline-4tk-kmpl\/\"]}]},{\"@type\":\"ImageObject\",\"inLanguage\":\"ru-RU\",\"@id\":\"https:\/\/horticom.ee\/e-pood\/toode\/ouepott-keraamiline-shanghai-1-01da-tumeroheline-4tk-kmpl\/#primaryimage\",\"url\":\"https:\/\/horticom.ee\/e-pood\/wp-content\/uploads\/importedmedia\/product-2301981_0-65680180.jpg\",\"contentUrl\":\"https:\/\/horticom.ee\/e-pood\/wp-content\/uploads\/importedmedia\/product-2301981_0-65680180.jpg\",\"width\":1000,\"height\":1000},{\"@type\":\"BreadcrumbList\",\"@id\":\"https:\/\/horticom.ee\/e-pood\/toode\/ouepott-keraamiline-shanghai-1-01da-tumeroheline-4tk-kmpl\/#breadcrumb\",\"itemListElement\":[{\"@type\":\"ListItem\",\"position\":1,\"name\":\"Home\",\"item\":\"https:\/\/horticom.ee\/e-pood\/\"},{\"@type\":\"ListItem\",\"position\":2,\"name\":\"Pood\",\"item\":\"https:\/\/horticom.ee\/e-pood\/pood\/\"},{\"@type\":\"ListItem\",\"position\":3,\"name\":\"\u00d5uepott keraamiline Shanghai 1-01DA tumeroheline 4tk\/kmpl\"}]},{\"@type\":\"WebSite\",\"@id\":\"https:\/\/horticom.ee\/e-pood\/#website\",\"url\":\"https:\/\/horticom.ee\/e-pood\/\",\"name\":\"Horticom.ee\",\"description\":\"Aianduskaubad ja kodukaubad nii harrastajatele kui professionaalidele\",\"potentialAction\":[{\"@type\":\"SearchAction\",\"target\":{\"@type\":\"EntryPoint\",\"urlTemplate\":\"https:\/\/horticom.ee\/e-pood\/?s={search_term_string}\"},\"query-input\":{\"@type\":\"PropertyValueSpecification\",\"valueRequired\":true,\"valueName\":\"search_term_string\"}}],\"inLanguage\":\"ru-RU\"}]}<\/script>\n<!-- \/ Yoast SEO plugin. -->","yoast_head_json":{"title":"\u00d5uepott keraamiline Shanghai 1-01DA tumeroheline 4tk\/kmpl - Horticom","robots":{"index":"index","follow":"follow","max-snippet":"max-snippet:-1","max-image-preview":"max-image-preview:large","max-video-preview":"max-video-preview:-1"},"canonical":"https:\/\/horticom.ee\/e-pood\/toode\/ouepott-keraamiline-shanghai-1-01da-tumeroheline-4tk-kmpl\/","og_locale":"ru_RU","og_type":"article","og_title":"\u00d5uepott keraamiline Shanghai 1-01DA tumeroheline 4tk\/kmpl - Horticom","og_description":"Lihtsa disainiga glasuuritud \u00f5uepott. K\u00fclmakindel. Talvel talub \u201320C aga kui pott ei ole m\u00e4rg s.t et ei kasteta v\u00f5i ei ole vihma k\u00e4es ning on \u00f5ues varju all siis kuni \u201330C. Komplekt koosneb: \u00d824cm\/H16cm ; \u00d832cm\/H24cm ; \u00d843cm\/H32cm ; \u00d856cm\/H40cm","og_url":"https:\/\/horticom.ee\/e-pood\/toode\/ouepott-keraamiline-shanghai-1-01da-tumeroheline-4tk-kmpl\/","og_site_name":"Horticom.ee","article_publisher":"https:\/\/www.facebook.com\/horticom.ee\/e-pood","article_modified_time":"2026-05-06T10:17:01+00:00","og_image":[{"width":1000,"height":1000,"url":"https:\/\/horticom.ee\/e-pood\/wp-content\/uploads\/importedmedia\/product-2301981_0-65680180.jpg","type":"image\/jpeg"}],"twitter_card":"summary_large_image","schema":{"@context":"https:\/\/schema.org","@graph":[{"@type":"WebPage","@id":"https:\/\/horticom.ee\/e-pood\/toode\/ouepott-keraamiline-shanghai-1-01da-tumeroheline-4tk-kmpl\/","url":"https:\/\/horticom.ee\/e-pood\/toode\/ouepott-keraamiline-shanghai-1-01da-tumeroheline-4tk-kmpl\/","name":"\u00d5uepott keraamiline Shanghai 1-01DA tumeroheline 4tk\/kmpl - Horticom","isPartOf":{"@id":"https:\/\/horticom.ee\/e-pood\/#website"},"primaryImageOfPage":{"@id":"https:\/\/horticom.ee\/e-pood\/toode\/ouepott-keraamiline-shanghai-1-01da-tumeroheline-4tk-kmpl\/#primaryimage"},"image":{"@id":"https:\/\/horticom.ee\/e-pood\/toode\/ouepott-keraamiline-shanghai-1-01da-tumeroheline-4tk-kmpl\/#primaryimage"},"thumbnailUrl":"https:\/\/horticom.ee\/e-pood\/wp-content\/uploads\/importedmedia\/product-2301981_0-65680180.jpg","datePublished":"2024-11-01T10:01:19+00:00","dateModified":"2026-05-06T10:17:01+00:00","breadcrumb":{"@id":"https:\/\/horticom.ee\/e-pood\/toode\/ouepott-keraamiline-shanghai-1-01da-tumeroheline-4tk-kmpl\/#breadcrumb"},"inLanguage":"ru-RU","potentialAction":[{"@type":"ReadAction","target":["https:\/\/horticom.ee\/e-pood\/toode\/ouepott-keraamiline-shanghai-1-01da-tumeroheline-4tk-kmpl\/"]}]},{"@type":"ImageObject","inLanguage":"ru-RU","@id":"https:\/\/horticom.ee\/e-pood\/toode\/ouepott-keraamiline-shanghai-1-01da-tumeroheline-4tk-kmpl\/#primaryimage","url":"https:\/\/horticom.ee\/e-pood\/wp-content\/uploads\/importedmedia\/product-2301981_0-65680180.jpg","contentUrl":"https:\/\/horticom.ee\/e-pood\/wp-content\/uploads\/importedmedia\/product-2301981_0-65680180.jpg","width":1000,"height":1000},{"@type":"BreadcrumbList","@id":"https:\/\/horticom.ee\/e-pood\/toode\/ouepott-keraamiline-shanghai-1-01da-tumeroheline-4tk-kmpl\/#breadcrumb","itemListElement":[{"@type":"ListItem","position":1,"name":"Home","item":"https:\/\/horticom.ee\/e-pood\/"},{"@type":"ListItem","position":2,"name":"Pood","item":"https:\/\/horticom.ee\/e-pood\/pood\/"},{"@type":"ListItem","position":3,"name":"\u00d5uepott keraamiline Shanghai 1-01DA tumeroheline 4tk\/kmpl"}]},{"@type":"WebSite","@id":"https:\/\/horticom.ee\/e-pood\/#website","url":"https:\/\/horticom.ee\/e-pood\/","name":"Horticom.ee","description":"Aianduskaubad ja kodukaubad nii harrastajatele kui professionaalidele","potentialAction":[{"@type":"SearchAction","target":{"@type":"EntryPoint","urlTemplate":"https:\/\/horticom.ee\/e-pood\/?s={search_term_string}"},"query-input":{"@type":"PropertyValueSpecification","valueRequired":true,"valueName":"search_term_string"}}],"inLanguage":"ru-RU"}]}},"_links":{"self":[{"href":"https:\/\/horticom.ee\/e-pood\/ru\/wp-json\/wp\/v2\/product\/2301981","targetHints":{"allow":["GET"]}}],"collection":[{"href":"https:\/\/horticom.ee\/e-pood\/ru\/wp-json\/wp\/v2\/product"}],"about":[{"href":"https:\/\/horticom.ee\/e-pood\/ru\/wp-json\/wp\/v2\/types\/product"}],"replies":[{"embeddable":true,"href":"https:\/\/horticom.ee\/e-pood\/ru\/wp-json\/wp\/v2\/comments?post=2301981"}],"wp:featuredmedia":[{"embeddable":true,"href":"https:\/\/horticom.ee\/e-pood\/ru\/wp-json\/wp\/v2\/media\/2384595"}],"wp:attachment":[{"href":"https:\/\/horticom.ee\/e-pood\/ru\/wp-json\/wp\/v2\/media?parent=2301981"}],"wp:term":[{"taxonomy":"product_cat","embeddable":true,"href":"https:\/\/horticom.ee\/e-pood\/ru\/wp-json\/wp\/v2\/product_cat?post=2301981"},{"taxonomy":"product_tag","embeddable":true,"href":"https:\/\/horticom.ee\/e-pood\/ru\/wp-json\/wp\/v2\/product_tag?post=2301981"}],"curies":[{"name":"wp","href":"https:\/\/api.w.org\/{rel}","templated":true}]}}