{"id":2302044,"date":"2024-11-01T12:01:33","date_gmt":"2024-11-01T10:01:33","guid":{"rendered":"https:\/\/horticom.ee\/e-pood\/toode\/kvartsliiv-3-6-mm-horticom-75kg-ambris\/"},"modified":"2026-05-02T03:11:04","modified_gmt":"2026-05-02T00:11:04","slug":"kvartsliiv-3-6-mm-horticom-75kg-ambris","status":"publish","type":"product","link":"https:\/\/horticom.ee\/e-pood\/ru\/toode\/kvartsliiv-3-6-mm-horticom-75kg-ambris\/","title":{"rendered":"Kvartsliiv 3-6 mm Horticom 7,5kg \u00e4mbris"},"content":{"rendered":"<p>Kasutatakse libeduse t\u00f5rjeks, haljastuseks, lillepoti p\u00f5hjas drenaa\u017eiks, kalmude killustiku pinna tasandamiseks.<br \/>\nLibeduse t\u00f5rjena on eriti sobilik lemmikloomadega majapidamistes, kuna kivi servad on \u00fcmarad ja need ei ole valusad lemmikute k\u00e4ppadele.<br \/>\nToode ei sisalda tervisele kahjulikke aineid<\/p>\n","protected":false},"excerpt":{"rendered":"<p>Kasutatakse libeduse t\u00f5rjeks, haljastuseks, lillepoti p\u00f5hjas drenaa\u017eiks, kalmude killustiku pinna tasandamiseks. Libeduse t\u00f5rjena on eriti sobilik lemmikloomadega majapidamistes, kuna kivi servad on \u00fcmarad ja need ei ole valusad lemmikute k\u00e4ppadele. Toode ei sisalda tervisele kahjulikke aineid<\/p>\n","protected":false},"featured_media":2378682,"comment_status":"closed","ping_status":"closed","template":"","meta":{"_themeisle_gutenberg_block_has_review":false},"product_cat":[13445],"product_tag":[],"class_list":{"0":"post-2302044","1":"product","2":"type-product","3":"status-publish","4":"has-post-thumbnail","6":"product_cat-jaasulatajad","8":"first","9":"instock","10":"shipping-taxable","11":"purchasable","12":"product-type-simple"},"yoast_head":"<!-- This site is optimized with the Yoast SEO plugin v24.0 - https:\/\/yoast.com\/wordpress\/plugins\/seo\/ -->\n<title>Kvartsliiv 3-6 mm Horticom 7,5kg \u00e4mbris - Horticom<\/title>\n<meta name=\"robots\" content=\"index, follow, max-snippet:-1, max-image-preview:large, max-video-preview:-1\" \/>\n<link rel=\"canonical\" href=\"https:\/\/horticom.ee\/e-pood\/toode\/kvartsliiv-3-6-mm-horticom-75kg-ambris\/\" \/>\n<meta property=\"og:locale\" content=\"ru_RU\" \/>\n<meta property=\"og:type\" content=\"article\" \/>\n<meta property=\"og:title\" content=\"Kvartsliiv 3-6 mm Horticom 7,5kg \u00e4mbris - Horticom\" \/>\n<meta property=\"og:description\" content=\"Kasutatakse libeduse t\u00f5rjeks, haljastuseks, lillepoti p\u00f5hjas drenaa\u017eiks, kalmude killustiku pinna tasandamiseks. Libeduse t\u00f5rjena on eriti sobilik lemmikloomadega majapidamistes, kuna kivi servad on \u00fcmarad ja need ei ole valusad lemmikute k\u00e4ppadele. Toode ei sisalda tervisele kahjulikke aineid\" \/>\n<meta property=\"og:url\" content=\"https:\/\/horticom.ee\/e-pood\/toode\/kvartsliiv-3-6-mm-horticom-75kg-ambris\/\" \/>\n<meta property=\"og:site_name\" content=\"Horticom.ee\" \/>\n<meta property=\"article:publisher\" content=\"https:\/\/www.facebook.com\/horticom.ee\/e-pood\" \/>\n<meta property=\"article:modified_time\" content=\"2026-05-02T00:11:04+00:00\" \/>\n<meta property=\"og:image\" content=\"https:\/\/horticom.ee\/e-pood\/wp-content\/uploads\/importedmedia\/product-2302044_0-97696_6.jpg\" \/>\n\t<meta property=\"og:image:width\" content=\"1000\" \/>\n\t<meta property=\"og:image:height\" content=\"1000\" \/>\n\t<meta property=\"og:image:type\" content=\"image\/jpeg\" \/>\n<meta name=\"twitter:card\" content=\"summary_large_image\" \/>\n<script type=\"application\/ld+json\" class=\"yoast-schema-graph\">{\"@context\":\"https:\/\/schema.org\",\"@graph\":[{\"@type\":\"WebPage\",\"@id\":\"https:\/\/horticom.ee\/e-pood\/toode\/kvartsliiv-3-6-mm-horticom-75kg-ambris\/\",\"url\":\"https:\/\/horticom.ee\/e-pood\/toode\/kvartsliiv-3-6-mm-horticom-75kg-ambris\/\",\"name\":\"Kvartsliiv 3-6 mm Horticom 7,5kg \u00e4mbris - Horticom\",\"isPartOf\":{\"@id\":\"https:\/\/horticom.ee\/e-pood\/#website\"},\"primaryImageOfPage\":{\"@id\":\"https:\/\/horticom.ee\/e-pood\/toode\/kvartsliiv-3-6-mm-horticom-75kg-ambris\/#primaryimage\"},\"image\":{\"@id\":\"https:\/\/horticom.ee\/e-pood\/toode\/kvartsliiv-3-6-mm-horticom-75kg-ambris\/#primaryimage\"},\"thumbnailUrl\":\"https:\/\/horticom.ee\/e-pood\/wp-content\/uploads\/importedmedia\/product-2302044_0-97696_6.jpg\",\"datePublished\":\"2024-11-01T10:01:33+00:00\",\"dateModified\":\"2026-05-02T00:11:04+00:00\",\"breadcrumb\":{\"@id\":\"https:\/\/horticom.ee\/e-pood\/toode\/kvartsliiv-3-6-mm-horticom-75kg-ambris\/#breadcrumb\"},\"inLanguage\":\"ru-RU\",\"potentialAction\":[{\"@type\":\"ReadAction\",\"target\":[\"https:\/\/horticom.ee\/e-pood\/toode\/kvartsliiv-3-6-mm-horticom-75kg-ambris\/\"]}]},{\"@type\":\"ImageObject\",\"inLanguage\":\"ru-RU\",\"@id\":\"https:\/\/horticom.ee\/e-pood\/toode\/kvartsliiv-3-6-mm-horticom-75kg-ambris\/#primaryimage\",\"url\":\"https:\/\/horticom.ee\/e-pood\/wp-content\/uploads\/importedmedia\/product-2302044_0-97696_6.jpg\",\"contentUrl\":\"https:\/\/horticom.ee\/e-pood\/wp-content\/uploads\/importedmedia\/product-2302044_0-97696_6.jpg\",\"width\":1000,\"height\":1000},{\"@type\":\"BreadcrumbList\",\"@id\":\"https:\/\/horticom.ee\/e-pood\/toode\/kvartsliiv-3-6-mm-horticom-75kg-ambris\/#breadcrumb\",\"itemListElement\":[{\"@type\":\"ListItem\",\"position\":1,\"name\":\"Home\",\"item\":\"https:\/\/horticom.ee\/e-pood\/\"},{\"@type\":\"ListItem\",\"position\":2,\"name\":\"Pood\",\"item\":\"https:\/\/horticom.ee\/e-pood\/pood\/\"},{\"@type\":\"ListItem\",\"position\":3,\"name\":\"Kvartsliiv 3-6 mm Horticom 7,5kg \u00e4mbris\"}]},{\"@type\":\"WebSite\",\"@id\":\"https:\/\/horticom.ee\/e-pood\/#website\",\"url\":\"https:\/\/horticom.ee\/e-pood\/\",\"name\":\"Horticom.ee\",\"description\":\"Aianduskaubad ja kodukaubad nii harrastajatele kui professionaalidele\",\"potentialAction\":[{\"@type\":\"SearchAction\",\"target\":{\"@type\":\"EntryPoint\",\"urlTemplate\":\"https:\/\/horticom.ee\/e-pood\/?s={search_term_string}\"},\"query-input\":{\"@type\":\"PropertyValueSpecification\",\"valueRequired\":true,\"valueName\":\"search_term_string\"}}],\"inLanguage\":\"ru-RU\"}]}<\/script>\n<!-- \/ Yoast SEO plugin. -->","yoast_head_json":{"title":"Kvartsliiv 3-6 mm Horticom 7,5kg \u00e4mbris - Horticom","robots":{"index":"index","follow":"follow","max-snippet":"max-snippet:-1","max-image-preview":"max-image-preview:large","max-video-preview":"max-video-preview:-1"},"canonical":"https:\/\/horticom.ee\/e-pood\/toode\/kvartsliiv-3-6-mm-horticom-75kg-ambris\/","og_locale":"ru_RU","og_type":"article","og_title":"Kvartsliiv 3-6 mm Horticom 7,5kg \u00e4mbris - Horticom","og_description":"Kasutatakse libeduse t\u00f5rjeks, haljastuseks, lillepoti p\u00f5hjas drenaa\u017eiks, kalmude killustiku pinna tasandamiseks. Libeduse t\u00f5rjena on eriti sobilik lemmikloomadega majapidamistes, kuna kivi servad on \u00fcmarad ja need ei ole valusad lemmikute k\u00e4ppadele. Toode ei sisalda tervisele kahjulikke aineid","og_url":"https:\/\/horticom.ee\/e-pood\/toode\/kvartsliiv-3-6-mm-horticom-75kg-ambris\/","og_site_name":"Horticom.ee","article_publisher":"https:\/\/www.facebook.com\/horticom.ee\/e-pood","article_modified_time":"2026-05-02T00:11:04+00:00","og_image":[{"width":1000,"height":1000,"url":"https:\/\/horticom.ee\/e-pood\/wp-content\/uploads\/importedmedia\/product-2302044_0-97696_6.jpg","type":"image\/jpeg"}],"twitter_card":"summary_large_image","schema":{"@context":"https:\/\/schema.org","@graph":[{"@type":"WebPage","@id":"https:\/\/horticom.ee\/e-pood\/toode\/kvartsliiv-3-6-mm-horticom-75kg-ambris\/","url":"https:\/\/horticom.ee\/e-pood\/toode\/kvartsliiv-3-6-mm-horticom-75kg-ambris\/","name":"Kvartsliiv 3-6 mm Horticom 7,5kg \u00e4mbris - Horticom","isPartOf":{"@id":"https:\/\/horticom.ee\/e-pood\/#website"},"primaryImageOfPage":{"@id":"https:\/\/horticom.ee\/e-pood\/toode\/kvartsliiv-3-6-mm-horticom-75kg-ambris\/#primaryimage"},"image":{"@id":"https:\/\/horticom.ee\/e-pood\/toode\/kvartsliiv-3-6-mm-horticom-75kg-ambris\/#primaryimage"},"thumbnailUrl":"https:\/\/horticom.ee\/e-pood\/wp-content\/uploads\/importedmedia\/product-2302044_0-97696_6.jpg","datePublished":"2024-11-01T10:01:33+00:00","dateModified":"2026-05-02T00:11:04+00:00","breadcrumb":{"@id":"https:\/\/horticom.ee\/e-pood\/toode\/kvartsliiv-3-6-mm-horticom-75kg-ambris\/#breadcrumb"},"inLanguage":"ru-RU","potentialAction":[{"@type":"ReadAction","target":["https:\/\/horticom.ee\/e-pood\/toode\/kvartsliiv-3-6-mm-horticom-75kg-ambris\/"]}]},{"@type":"ImageObject","inLanguage":"ru-RU","@id":"https:\/\/horticom.ee\/e-pood\/toode\/kvartsliiv-3-6-mm-horticom-75kg-ambris\/#primaryimage","url":"https:\/\/horticom.ee\/e-pood\/wp-content\/uploads\/importedmedia\/product-2302044_0-97696_6.jpg","contentUrl":"https:\/\/horticom.ee\/e-pood\/wp-content\/uploads\/importedmedia\/product-2302044_0-97696_6.jpg","width":1000,"height":1000},{"@type":"BreadcrumbList","@id":"https:\/\/horticom.ee\/e-pood\/toode\/kvartsliiv-3-6-mm-horticom-75kg-ambris\/#breadcrumb","itemListElement":[{"@type":"ListItem","position":1,"name":"Home","item":"https:\/\/horticom.ee\/e-pood\/"},{"@type":"ListItem","position":2,"name":"Pood","item":"https:\/\/horticom.ee\/e-pood\/pood\/"},{"@type":"ListItem","position":3,"name":"Kvartsliiv 3-6 mm Horticom 7,5kg \u00e4mbris"}]},{"@type":"WebSite","@id":"https:\/\/horticom.ee\/e-pood\/#website","url":"https:\/\/horticom.ee\/e-pood\/","name":"Horticom.ee","description":"Aianduskaubad ja kodukaubad nii harrastajatele kui professionaalidele","potentialAction":[{"@type":"SearchAction","target":{"@type":"EntryPoint","urlTemplate":"https:\/\/horticom.ee\/e-pood\/?s={search_term_string}"},"query-input":{"@type":"PropertyValueSpecification","valueRequired":true,"valueName":"search_term_string"}}],"inLanguage":"ru-RU"}]}},"_links":{"self":[{"href":"https:\/\/horticom.ee\/e-pood\/ru\/wp-json\/wp\/v2\/product\/2302044","targetHints":{"allow":["GET"]}}],"collection":[{"href":"https:\/\/horticom.ee\/e-pood\/ru\/wp-json\/wp\/v2\/product"}],"about":[{"href":"https:\/\/horticom.ee\/e-pood\/ru\/wp-json\/wp\/v2\/types\/product"}],"replies":[{"embeddable":true,"href":"https:\/\/horticom.ee\/e-pood\/ru\/wp-json\/wp\/v2\/comments?post=2302044"}],"wp:featuredmedia":[{"embeddable":true,"href":"https:\/\/horticom.ee\/e-pood\/ru\/wp-json\/wp\/v2\/media\/2378682"}],"wp:attachment":[{"href":"https:\/\/horticom.ee\/e-pood\/ru\/wp-json\/wp\/v2\/media?parent=2302044"}],"wp:term":[{"taxonomy":"product_cat","embeddable":true,"href":"https:\/\/horticom.ee\/e-pood\/ru\/wp-json\/wp\/v2\/product_cat?post=2302044"},{"taxonomy":"product_tag","embeddable":true,"href":"https:\/\/horticom.ee\/e-pood\/ru\/wp-json\/wp\/v2\/product_tag?post=2302044"}],"curies":[{"name":"wp","href":"https:\/\/api.w.org\/{rel}","templated":true}]}}