{"id":2302157,"date":"2024-11-01T12:01:54","date_gmt":"2024-11-01T10:01:54","guid":{"rendered":"https:\/\/horticom.ee\/e-pood\/toode\/istutuspoti-alus-keraamiline-artevasi-d-17cm-hele-terrakota\/"},"modified":"2026-04-09T03:13:38","modified_gmt":"2026-04-09T00:13:38","slug":"istutuspoti-alus-keraamiline-artevasi-d-17cm-hele-terrakota","status":"publish","type":"product","link":"https:\/\/horticom.ee\/e-pood\/ru\/toode\/istutuspoti-alus-keraamiline-artevasi-d-17cm-hele-terrakota\/","title":{"rendered":"Istutuspoti alus keraamiline Artevasi d 17cm hele terrakota"},"content":{"rendered":"<p>Alused on ideaalseks t\u00e4ienduseks keraamilistele pottidele pakkudes mitmek\u00fclgsust ja funktsionaalsust igas dekoratiivses kontekstis. T\u00e4nu veekindlale viimistlusele v\u00f5imaldavad need kasutada kogu Artevasi keraamilist kollektsiooni siseruumides. Valmistatud naturaalsest toormest.<\/p>\n","protected":false},"excerpt":{"rendered":"<p>Alused on ideaalseks t\u00e4ienduseks keraamilistele pottidele pakkudes mitmek\u00fclgsust ja funktsionaalsust igas dekoratiivses kontekstis. T\u00e4nu veekindlale viimistlusele v\u00f5imaldavad need kasutada kogu Artevasi keraamilist kollektsiooni siseruumides. Valmistatud naturaalsest toormest.<\/p>\n","protected":false},"featured_media":2380822,"comment_status":"closed","ping_status":"closed","template":"","meta":{"_themeisle_gutenberg_block_has_review":false},"product_cat":[13436],"product_tag":[],"class_list":{"0":"post-2302157","1":"product","2":"type-product","3":"status-publish","4":"has-post-thumbnail","6":"product_cat-keraamilised-alused","8":"first","9":"instock","10":"shipping-taxable","11":"purchasable","12":"product-type-simple"},"yoast_head":"<!-- This site is optimized with the Yoast SEO plugin v24.0 - https:\/\/yoast.com\/wordpress\/plugins\/seo\/ -->\n<title>Istutuspoti alus keraamiline Artevasi d 17cm hele terrakota - Horticom<\/title>\n<meta name=\"robots\" content=\"index, follow, max-snippet:-1, max-image-preview:large, max-video-preview:-1\" \/>\n<link rel=\"canonical\" href=\"https:\/\/horticom.ee\/e-pood\/toode\/istutuspoti-alus-keraamiline-artevasi-d-17cm-hele-terrakota\/\" \/>\n<meta property=\"og:locale\" content=\"ru_RU\" \/>\n<meta property=\"og:type\" content=\"article\" \/>\n<meta property=\"og:title\" content=\"Istutuspoti alus keraamiline Artevasi d 17cm hele terrakota - Horticom\" \/>\n<meta property=\"og:description\" content=\"Alused on ideaalseks t\u00e4ienduseks keraamilistele pottidele pakkudes mitmek\u00fclgsust ja funktsionaalsust igas dekoratiivses kontekstis. T\u00e4nu veekindlale viimistlusele v\u00f5imaldavad need kasutada kogu Artevasi keraamilist kollektsiooni siseruumides. Valmistatud naturaalsest toormest.\" \/>\n<meta property=\"og:url\" content=\"https:\/\/horticom.ee\/e-pood\/toode\/istutuspoti-alus-keraamiline-artevasi-d-17cm-hele-terrakota\/\" \/>\n<meta property=\"og:site_name\" content=\"Horticom.ee\" \/>\n<meta property=\"article:publisher\" content=\"https:\/\/www.facebook.com\/horticom.ee\/e-pood\" \/>\n<meta property=\"article:modified_time\" content=\"2026-04-09T00:13:38+00:00\" \/>\n<meta property=\"og:image\" content=\"https:\/\/horticom.ee\/e-pood\/wp-content\/uploads\/importedmedia\/product-2302157_0-537333101.jpg\" \/>\n\t<meta property=\"og:image:width\" content=\"1000\" \/>\n\t<meta property=\"og:image:height\" content=\"1000\" \/>\n\t<meta property=\"og:image:type\" content=\"image\/jpeg\" \/>\n<meta name=\"twitter:card\" content=\"summary_large_image\" \/>\n<script type=\"application\/ld+json\" class=\"yoast-schema-graph\">{\"@context\":\"https:\/\/schema.org\",\"@graph\":[{\"@type\":\"WebPage\",\"@id\":\"https:\/\/horticom.ee\/e-pood\/toode\/istutuspoti-alus-keraamiline-artevasi-d-17cm-hele-terrakota\/\",\"url\":\"https:\/\/horticom.ee\/e-pood\/toode\/istutuspoti-alus-keraamiline-artevasi-d-17cm-hele-terrakota\/\",\"name\":\"Istutuspoti alus keraamiline Artevasi d 17cm hele terrakota - Horticom\",\"isPartOf\":{\"@id\":\"https:\/\/horticom.ee\/e-pood\/#website\"},\"primaryImageOfPage\":{\"@id\":\"https:\/\/horticom.ee\/e-pood\/toode\/istutuspoti-alus-keraamiline-artevasi-d-17cm-hele-terrakota\/#primaryimage\"},\"image\":{\"@id\":\"https:\/\/horticom.ee\/e-pood\/toode\/istutuspoti-alus-keraamiline-artevasi-d-17cm-hele-terrakota\/#primaryimage\"},\"thumbnailUrl\":\"https:\/\/horticom.ee\/e-pood\/wp-content\/uploads\/importedmedia\/product-2302157_0-537333101.jpg\",\"datePublished\":\"2024-11-01T10:01:54+00:00\",\"dateModified\":\"2026-04-09T00:13:38+00:00\",\"breadcrumb\":{\"@id\":\"https:\/\/horticom.ee\/e-pood\/toode\/istutuspoti-alus-keraamiline-artevasi-d-17cm-hele-terrakota\/#breadcrumb\"},\"inLanguage\":\"ru-RU\",\"potentialAction\":[{\"@type\":\"ReadAction\",\"target\":[\"https:\/\/horticom.ee\/e-pood\/toode\/istutuspoti-alus-keraamiline-artevasi-d-17cm-hele-terrakota\/\"]}]},{\"@type\":\"ImageObject\",\"inLanguage\":\"ru-RU\",\"@id\":\"https:\/\/horticom.ee\/e-pood\/toode\/istutuspoti-alus-keraamiline-artevasi-d-17cm-hele-terrakota\/#primaryimage\",\"url\":\"https:\/\/horticom.ee\/e-pood\/wp-content\/uploads\/importedmedia\/product-2302157_0-537333101.jpg\",\"contentUrl\":\"https:\/\/horticom.ee\/e-pood\/wp-content\/uploads\/importedmedia\/product-2302157_0-537333101.jpg\",\"width\":1000,\"height\":1000},{\"@type\":\"BreadcrumbList\",\"@id\":\"https:\/\/horticom.ee\/e-pood\/toode\/istutuspoti-alus-keraamiline-artevasi-d-17cm-hele-terrakota\/#breadcrumb\",\"itemListElement\":[{\"@type\":\"ListItem\",\"position\":1,\"name\":\"Home\",\"item\":\"https:\/\/horticom.ee\/e-pood\/\"},{\"@type\":\"ListItem\",\"position\":2,\"name\":\"Pood\",\"item\":\"https:\/\/horticom.ee\/e-pood\/pood\/\"},{\"@type\":\"ListItem\",\"position\":3,\"name\":\"Istutuspoti alus keraamiline Artevasi d 17cm hele terrakota\"}]},{\"@type\":\"WebSite\",\"@id\":\"https:\/\/horticom.ee\/e-pood\/#website\",\"url\":\"https:\/\/horticom.ee\/e-pood\/\",\"name\":\"Horticom.ee\",\"description\":\"Aianduskaubad ja kodukaubad nii harrastajatele kui professionaalidele\",\"potentialAction\":[{\"@type\":\"SearchAction\",\"target\":{\"@type\":\"EntryPoint\",\"urlTemplate\":\"https:\/\/horticom.ee\/e-pood\/?s={search_term_string}\"},\"query-input\":{\"@type\":\"PropertyValueSpecification\",\"valueRequired\":true,\"valueName\":\"search_term_string\"}}],\"inLanguage\":\"ru-RU\"}]}<\/script>\n<!-- \/ Yoast SEO plugin. -->","yoast_head_json":{"title":"Istutuspoti alus keraamiline Artevasi d 17cm hele terrakota - Horticom","robots":{"index":"index","follow":"follow","max-snippet":"max-snippet:-1","max-image-preview":"max-image-preview:large","max-video-preview":"max-video-preview:-1"},"canonical":"https:\/\/horticom.ee\/e-pood\/toode\/istutuspoti-alus-keraamiline-artevasi-d-17cm-hele-terrakota\/","og_locale":"ru_RU","og_type":"article","og_title":"Istutuspoti alus keraamiline Artevasi d 17cm hele terrakota - Horticom","og_description":"Alused on ideaalseks t\u00e4ienduseks keraamilistele pottidele pakkudes mitmek\u00fclgsust ja funktsionaalsust igas dekoratiivses kontekstis. T\u00e4nu veekindlale viimistlusele v\u00f5imaldavad need kasutada kogu Artevasi keraamilist kollektsiooni siseruumides. Valmistatud naturaalsest toormest.","og_url":"https:\/\/horticom.ee\/e-pood\/toode\/istutuspoti-alus-keraamiline-artevasi-d-17cm-hele-terrakota\/","og_site_name":"Horticom.ee","article_publisher":"https:\/\/www.facebook.com\/horticom.ee\/e-pood","article_modified_time":"2026-04-09T00:13:38+00:00","og_image":[{"width":1000,"height":1000,"url":"https:\/\/horticom.ee\/e-pood\/wp-content\/uploads\/importedmedia\/product-2302157_0-537333101.jpg","type":"image\/jpeg"}],"twitter_card":"summary_large_image","schema":{"@context":"https:\/\/schema.org","@graph":[{"@type":"WebPage","@id":"https:\/\/horticom.ee\/e-pood\/toode\/istutuspoti-alus-keraamiline-artevasi-d-17cm-hele-terrakota\/","url":"https:\/\/horticom.ee\/e-pood\/toode\/istutuspoti-alus-keraamiline-artevasi-d-17cm-hele-terrakota\/","name":"Istutuspoti alus keraamiline Artevasi d 17cm hele terrakota - Horticom","isPartOf":{"@id":"https:\/\/horticom.ee\/e-pood\/#website"},"primaryImageOfPage":{"@id":"https:\/\/horticom.ee\/e-pood\/toode\/istutuspoti-alus-keraamiline-artevasi-d-17cm-hele-terrakota\/#primaryimage"},"image":{"@id":"https:\/\/horticom.ee\/e-pood\/toode\/istutuspoti-alus-keraamiline-artevasi-d-17cm-hele-terrakota\/#primaryimage"},"thumbnailUrl":"https:\/\/horticom.ee\/e-pood\/wp-content\/uploads\/importedmedia\/product-2302157_0-537333101.jpg","datePublished":"2024-11-01T10:01:54+00:00","dateModified":"2026-04-09T00:13:38+00:00","breadcrumb":{"@id":"https:\/\/horticom.ee\/e-pood\/toode\/istutuspoti-alus-keraamiline-artevasi-d-17cm-hele-terrakota\/#breadcrumb"},"inLanguage":"ru-RU","potentialAction":[{"@type":"ReadAction","target":["https:\/\/horticom.ee\/e-pood\/toode\/istutuspoti-alus-keraamiline-artevasi-d-17cm-hele-terrakota\/"]}]},{"@type":"ImageObject","inLanguage":"ru-RU","@id":"https:\/\/horticom.ee\/e-pood\/toode\/istutuspoti-alus-keraamiline-artevasi-d-17cm-hele-terrakota\/#primaryimage","url":"https:\/\/horticom.ee\/e-pood\/wp-content\/uploads\/importedmedia\/product-2302157_0-537333101.jpg","contentUrl":"https:\/\/horticom.ee\/e-pood\/wp-content\/uploads\/importedmedia\/product-2302157_0-537333101.jpg","width":1000,"height":1000},{"@type":"BreadcrumbList","@id":"https:\/\/horticom.ee\/e-pood\/toode\/istutuspoti-alus-keraamiline-artevasi-d-17cm-hele-terrakota\/#breadcrumb","itemListElement":[{"@type":"ListItem","position":1,"name":"Home","item":"https:\/\/horticom.ee\/e-pood\/"},{"@type":"ListItem","position":2,"name":"Pood","item":"https:\/\/horticom.ee\/e-pood\/pood\/"},{"@type":"ListItem","position":3,"name":"Istutuspoti alus keraamiline Artevasi d 17cm hele terrakota"}]},{"@type":"WebSite","@id":"https:\/\/horticom.ee\/e-pood\/#website","url":"https:\/\/horticom.ee\/e-pood\/","name":"Horticom.ee","description":"Aianduskaubad ja kodukaubad nii harrastajatele kui professionaalidele","potentialAction":[{"@type":"SearchAction","target":{"@type":"EntryPoint","urlTemplate":"https:\/\/horticom.ee\/e-pood\/?s={search_term_string}"},"query-input":{"@type":"PropertyValueSpecification","valueRequired":true,"valueName":"search_term_string"}}],"inLanguage":"ru-RU"}]}},"_links":{"self":[{"href":"https:\/\/horticom.ee\/e-pood\/ru\/wp-json\/wp\/v2\/product\/2302157","targetHints":{"allow":["GET"]}}],"collection":[{"href":"https:\/\/horticom.ee\/e-pood\/ru\/wp-json\/wp\/v2\/product"}],"about":[{"href":"https:\/\/horticom.ee\/e-pood\/ru\/wp-json\/wp\/v2\/types\/product"}],"replies":[{"embeddable":true,"href":"https:\/\/horticom.ee\/e-pood\/ru\/wp-json\/wp\/v2\/comments?post=2302157"}],"wp:featuredmedia":[{"embeddable":true,"href":"https:\/\/horticom.ee\/e-pood\/ru\/wp-json\/wp\/v2\/media\/2380822"}],"wp:attachment":[{"href":"https:\/\/horticom.ee\/e-pood\/ru\/wp-json\/wp\/v2\/media?parent=2302157"}],"wp:term":[{"taxonomy":"product_cat","embeddable":true,"href":"https:\/\/horticom.ee\/e-pood\/ru\/wp-json\/wp\/v2\/product_cat?post=2302157"},{"taxonomy":"product_tag","embeddable":true,"href":"https:\/\/horticom.ee\/e-pood\/ru\/wp-json\/wp\/v2\/product_tag?post=2302157"}],"curies":[{"name":"wp","href":"https:\/\/api.w.org\/{rel}","templated":true}]}}