{"id":2316350,"date":"2024-11-18T16:00:46","date_gmt":"2024-11-18T14:00:46","guid":{"rendered":"https:\/\/horticom.ee\/e-pood\/toode\/orhideepoti-umbris-elho-brussels-diamond-d-125cm-13l-korge-orn-roheline\/"},"modified":"2026-04-30T03:11:13","modified_gmt":"2026-04-30T00:11:13","slug":"orhideepoti-umbris-elho-brussels-diamond-d-125cm-13l-korge-orn-roheline","status":"publish","type":"product","link":"https:\/\/horticom.ee\/e-pood\/ru\/toode\/orhideepoti-umbris-elho-brussels-diamond-d-125cm-13l-korge-orn-roheline\/","title":{"rendered":"Orhideepoti \u00fcmbris Elho Brussels Diamond d 12,5cm 1,3L k\u00f5rge \u00f5rn roheline"},"content":{"rendered":"<p>Orhideepott Brussels on valmistatud \u00fcmbert\u00f6\u00f6deldud vastupidavast plastikust ning on v\u00e4ljat\u00f6\u00f6tatud ja disainitud koos professionaalsete kasvatajatega. Pott on k\u00f5rgendatud p\u00f5hjaga, et taimel oleks \u00f5hutus ja drenaaz. Toote valmistamisel kasutatakse erilisi v\u00e4rvipigmente, mist\u00f5ttu toodetel p\u00fcsib originaalv\u00e4rv kauem. Kuna orhideed vajavad palju valgust, siis on see pott l\u00e4bipaistev, et ka taime juured saaksid palju valgust.<\/p>\n","protected":false},"excerpt":{"rendered":"<p>Orhideepott Brussels on valmistatud \u00fcmbert\u00f6\u00f6deldud vastupidavast plastikust ning on v\u00e4ljat\u00f6\u00f6tatud ja disainitud koos professionaalsete kasvatajatega. Pott on k\u00f5rgendatud p\u00f5hjaga, et taimel oleks \u00f5hutus ja drenaaz. Toote valmistamisel kasutatakse erilisi v\u00e4rvipigmente, mist\u00f5ttu toodetel p\u00fcsib originaalv\u00e4rv kauem. Kuna orhideed vajavad palju valgust, siis on see pott l\u00e4bipaistev, et ka taime juured saaksid palju valgust.<\/p>\n","protected":false},"featured_media":2384042,"comment_status":"closed","ping_status":"closed","template":"","meta":{"_themeisle_gutenberg_block_has_review":false},"product_cat":[18563,13438],"product_tag":[],"class_list":{"0":"post-2316350","1":"product","2":"type-product","3":"status-publish","4":"has-post-thumbnail","6":"product_cat-lopumuugitooted","7":"product_cat-orhideepotid-ja-tarvikud","9":"first","10":"instock","11":"sale","12":"shipping-taxable","13":"purchasable","14":"product-type-simple"},"yoast_head":"<!-- This site is optimized with the Yoast SEO plugin v24.0 - https:\/\/yoast.com\/wordpress\/plugins\/seo\/ -->\n<title>Orhideepoti \u00fcmbris Elho Brussels Diamond d 12,5cm 1,3L k\u00f5rge \u00f5rn roheline - Horticom<\/title>\n<meta name=\"robots\" content=\"index, follow, max-snippet:-1, max-image-preview:large, max-video-preview:-1\" \/>\n<link rel=\"canonical\" href=\"https:\/\/horticom.ee\/e-pood\/toode\/orhideepoti-umbris-elho-brussels-diamond-d-125cm-13l-korge-orn-roheline\/\" \/>\n<meta property=\"og:locale\" content=\"ru_RU\" \/>\n<meta property=\"og:type\" content=\"article\" \/>\n<meta property=\"og:title\" content=\"Orhideepoti \u00fcmbris Elho Brussels Diamond d 12,5cm 1,3L k\u00f5rge \u00f5rn roheline - Horticom\" \/>\n<meta property=\"og:description\" content=\"Orhideepott Brussels on valmistatud \u00fcmbert\u00f6\u00f6deldud vastupidavast plastikust ning on v\u00e4ljat\u00f6\u00f6tatud ja disainitud koos professionaalsete kasvatajatega. Pott on k\u00f5rgendatud p\u00f5hjaga, et taimel oleks \u00f5hutus ja drenaaz. Toote valmistamisel kasutatakse erilisi v\u00e4rvipigmente, mist\u00f5ttu toodetel p\u00fcsib originaalv\u00e4rv kauem. Kuna orhideed vajavad palju valgust, siis on see pott l\u00e4bipaistev, et ka taime juured saaksid palju valgust.\" \/>\n<meta property=\"og:url\" content=\"https:\/\/horticom.ee\/e-pood\/toode\/orhideepoti-umbris-elho-brussels-diamond-d-125cm-13l-korge-orn-roheline\/\" \/>\n<meta property=\"og:site_name\" content=\"Horticom.ee\" \/>\n<meta property=\"article:publisher\" content=\"https:\/\/www.facebook.com\/horticom.ee\/e-pood\" \/>\n<meta property=\"article:modified_time\" content=\"2026-04-30T00:11:13+00:00\" \/>\n<meta property=\"og:image\" content=\"https:\/\/horticom.ee\/e-pood\/wp-content\/uploads\/importedmedia\/product-2316350_0-6481415_362.jpg\" \/>\n\t<meta property=\"og:image:width\" content=\"1000\" \/>\n\t<meta property=\"og:image:height\" content=\"1000\" \/>\n\t<meta property=\"og:image:type\" content=\"image\/jpeg\" \/>\n<meta name=\"twitter:card\" content=\"summary_large_image\" \/>\n<script type=\"application\/ld+json\" class=\"yoast-schema-graph\">{\"@context\":\"https:\/\/schema.org\",\"@graph\":[{\"@type\":\"WebPage\",\"@id\":\"https:\/\/horticom.ee\/e-pood\/toode\/orhideepoti-umbris-elho-brussels-diamond-d-125cm-13l-korge-orn-roheline\/\",\"url\":\"https:\/\/horticom.ee\/e-pood\/toode\/orhideepoti-umbris-elho-brussels-diamond-d-125cm-13l-korge-orn-roheline\/\",\"name\":\"Orhideepoti \u00fcmbris Elho Brussels Diamond d 12,5cm 1,3L k\u00f5rge \u00f5rn roheline - Horticom\",\"isPartOf\":{\"@id\":\"https:\/\/horticom.ee\/e-pood\/#website\"},\"primaryImageOfPage\":{\"@id\":\"https:\/\/horticom.ee\/e-pood\/toode\/orhideepoti-umbris-elho-brussels-diamond-d-125cm-13l-korge-orn-roheline\/#primaryimage\"},\"image\":{\"@id\":\"https:\/\/horticom.ee\/e-pood\/toode\/orhideepoti-umbris-elho-brussels-diamond-d-125cm-13l-korge-orn-roheline\/#primaryimage\"},\"thumbnailUrl\":\"https:\/\/horticom.ee\/e-pood\/wp-content\/uploads\/importedmedia\/product-2316350_0-6481415_362.jpg\",\"datePublished\":\"2024-11-18T14:00:46+00:00\",\"dateModified\":\"2026-04-30T00:11:13+00:00\",\"breadcrumb\":{\"@id\":\"https:\/\/horticom.ee\/e-pood\/toode\/orhideepoti-umbris-elho-brussels-diamond-d-125cm-13l-korge-orn-roheline\/#breadcrumb\"},\"inLanguage\":\"ru-RU\",\"potentialAction\":[{\"@type\":\"ReadAction\",\"target\":[\"https:\/\/horticom.ee\/e-pood\/toode\/orhideepoti-umbris-elho-brussels-diamond-d-125cm-13l-korge-orn-roheline\/\"]}]},{\"@type\":\"ImageObject\",\"inLanguage\":\"ru-RU\",\"@id\":\"https:\/\/horticom.ee\/e-pood\/toode\/orhideepoti-umbris-elho-brussels-diamond-d-125cm-13l-korge-orn-roheline\/#primaryimage\",\"url\":\"https:\/\/horticom.ee\/e-pood\/wp-content\/uploads\/importedmedia\/product-2316350_0-6481415_362.jpg\",\"contentUrl\":\"https:\/\/horticom.ee\/e-pood\/wp-content\/uploads\/importedmedia\/product-2316350_0-6481415_362.jpg\",\"width\":1000,\"height\":1000},{\"@type\":\"BreadcrumbList\",\"@id\":\"https:\/\/horticom.ee\/e-pood\/toode\/orhideepoti-umbris-elho-brussels-diamond-d-125cm-13l-korge-orn-roheline\/#breadcrumb\",\"itemListElement\":[{\"@type\":\"ListItem\",\"position\":1,\"name\":\"Home\",\"item\":\"https:\/\/horticom.ee\/e-pood\/\"},{\"@type\":\"ListItem\",\"position\":2,\"name\":\"Pood\",\"item\":\"https:\/\/horticom.ee\/e-pood\/pood\/\"},{\"@type\":\"ListItem\",\"position\":3,\"name\":\"Orhideepoti \u00fcmbris Elho Brussels Diamond d 12,5cm 1,3L k\u00f5rge \u00f5rn roheline\"}]},{\"@type\":\"WebSite\",\"@id\":\"https:\/\/horticom.ee\/e-pood\/#website\",\"url\":\"https:\/\/horticom.ee\/e-pood\/\",\"name\":\"Horticom.ee\",\"description\":\"Aianduskaubad ja kodukaubad nii harrastajatele kui professionaalidele\",\"potentialAction\":[{\"@type\":\"SearchAction\",\"target\":{\"@type\":\"EntryPoint\",\"urlTemplate\":\"https:\/\/horticom.ee\/e-pood\/?s={search_term_string}\"},\"query-input\":{\"@type\":\"PropertyValueSpecification\",\"valueRequired\":true,\"valueName\":\"search_term_string\"}}],\"inLanguage\":\"ru-RU\"}]}<\/script>\n<!-- \/ Yoast SEO plugin. -->","yoast_head_json":{"title":"Orhideepoti \u00fcmbris Elho Brussels Diamond d 12,5cm 1,3L k\u00f5rge \u00f5rn roheline - Horticom","robots":{"index":"index","follow":"follow","max-snippet":"max-snippet:-1","max-image-preview":"max-image-preview:large","max-video-preview":"max-video-preview:-1"},"canonical":"https:\/\/horticom.ee\/e-pood\/toode\/orhideepoti-umbris-elho-brussels-diamond-d-125cm-13l-korge-orn-roheline\/","og_locale":"ru_RU","og_type":"article","og_title":"Orhideepoti \u00fcmbris Elho Brussels Diamond d 12,5cm 1,3L k\u00f5rge \u00f5rn roheline - Horticom","og_description":"Orhideepott Brussels on valmistatud \u00fcmbert\u00f6\u00f6deldud vastupidavast plastikust ning on v\u00e4ljat\u00f6\u00f6tatud ja disainitud koos professionaalsete kasvatajatega. Pott on k\u00f5rgendatud p\u00f5hjaga, et taimel oleks \u00f5hutus ja drenaaz. Toote valmistamisel kasutatakse erilisi v\u00e4rvipigmente, mist\u00f5ttu toodetel p\u00fcsib originaalv\u00e4rv kauem. Kuna orhideed vajavad palju valgust, siis on see pott l\u00e4bipaistev, et ka taime juured saaksid palju valgust.","og_url":"https:\/\/horticom.ee\/e-pood\/toode\/orhideepoti-umbris-elho-brussels-diamond-d-125cm-13l-korge-orn-roheline\/","og_site_name":"Horticom.ee","article_publisher":"https:\/\/www.facebook.com\/horticom.ee\/e-pood","article_modified_time":"2026-04-30T00:11:13+00:00","og_image":[{"width":1000,"height":1000,"url":"https:\/\/horticom.ee\/e-pood\/wp-content\/uploads\/importedmedia\/product-2316350_0-6481415_362.jpg","type":"image\/jpeg"}],"twitter_card":"summary_large_image","schema":{"@context":"https:\/\/schema.org","@graph":[{"@type":"WebPage","@id":"https:\/\/horticom.ee\/e-pood\/toode\/orhideepoti-umbris-elho-brussels-diamond-d-125cm-13l-korge-orn-roheline\/","url":"https:\/\/horticom.ee\/e-pood\/toode\/orhideepoti-umbris-elho-brussels-diamond-d-125cm-13l-korge-orn-roheline\/","name":"Orhideepoti \u00fcmbris Elho Brussels Diamond d 12,5cm 1,3L k\u00f5rge \u00f5rn roheline - Horticom","isPartOf":{"@id":"https:\/\/horticom.ee\/e-pood\/#website"},"primaryImageOfPage":{"@id":"https:\/\/horticom.ee\/e-pood\/toode\/orhideepoti-umbris-elho-brussels-diamond-d-125cm-13l-korge-orn-roheline\/#primaryimage"},"image":{"@id":"https:\/\/horticom.ee\/e-pood\/toode\/orhideepoti-umbris-elho-brussels-diamond-d-125cm-13l-korge-orn-roheline\/#primaryimage"},"thumbnailUrl":"https:\/\/horticom.ee\/e-pood\/wp-content\/uploads\/importedmedia\/product-2316350_0-6481415_362.jpg","datePublished":"2024-11-18T14:00:46+00:00","dateModified":"2026-04-30T00:11:13+00:00","breadcrumb":{"@id":"https:\/\/horticom.ee\/e-pood\/toode\/orhideepoti-umbris-elho-brussels-diamond-d-125cm-13l-korge-orn-roheline\/#breadcrumb"},"inLanguage":"ru-RU","potentialAction":[{"@type":"ReadAction","target":["https:\/\/horticom.ee\/e-pood\/toode\/orhideepoti-umbris-elho-brussels-diamond-d-125cm-13l-korge-orn-roheline\/"]}]},{"@type":"ImageObject","inLanguage":"ru-RU","@id":"https:\/\/horticom.ee\/e-pood\/toode\/orhideepoti-umbris-elho-brussels-diamond-d-125cm-13l-korge-orn-roheline\/#primaryimage","url":"https:\/\/horticom.ee\/e-pood\/wp-content\/uploads\/importedmedia\/product-2316350_0-6481415_362.jpg","contentUrl":"https:\/\/horticom.ee\/e-pood\/wp-content\/uploads\/importedmedia\/product-2316350_0-6481415_362.jpg","width":1000,"height":1000},{"@type":"BreadcrumbList","@id":"https:\/\/horticom.ee\/e-pood\/toode\/orhideepoti-umbris-elho-brussels-diamond-d-125cm-13l-korge-orn-roheline\/#breadcrumb","itemListElement":[{"@type":"ListItem","position":1,"name":"Home","item":"https:\/\/horticom.ee\/e-pood\/"},{"@type":"ListItem","position":2,"name":"Pood","item":"https:\/\/horticom.ee\/e-pood\/pood\/"},{"@type":"ListItem","position":3,"name":"Orhideepoti \u00fcmbris Elho Brussels Diamond d 12,5cm 1,3L k\u00f5rge \u00f5rn roheline"}]},{"@type":"WebSite","@id":"https:\/\/horticom.ee\/e-pood\/#website","url":"https:\/\/horticom.ee\/e-pood\/","name":"Horticom.ee","description":"Aianduskaubad ja kodukaubad nii harrastajatele kui professionaalidele","potentialAction":[{"@type":"SearchAction","target":{"@type":"EntryPoint","urlTemplate":"https:\/\/horticom.ee\/e-pood\/?s={search_term_string}"},"query-input":{"@type":"PropertyValueSpecification","valueRequired":true,"valueName":"search_term_string"}}],"inLanguage":"ru-RU"}]}},"_links":{"self":[{"href":"https:\/\/horticom.ee\/e-pood\/ru\/wp-json\/wp\/v2\/product\/2316350","targetHints":{"allow":["GET"]}}],"collection":[{"href":"https:\/\/horticom.ee\/e-pood\/ru\/wp-json\/wp\/v2\/product"}],"about":[{"href":"https:\/\/horticom.ee\/e-pood\/ru\/wp-json\/wp\/v2\/types\/product"}],"replies":[{"embeddable":true,"href":"https:\/\/horticom.ee\/e-pood\/ru\/wp-json\/wp\/v2\/comments?post=2316350"}],"wp:featuredmedia":[{"embeddable":true,"href":"https:\/\/horticom.ee\/e-pood\/ru\/wp-json\/wp\/v2\/media\/2384042"}],"wp:attachment":[{"href":"https:\/\/horticom.ee\/e-pood\/ru\/wp-json\/wp\/v2\/media?parent=2316350"}],"wp:term":[{"taxonomy":"product_cat","embeddable":true,"href":"https:\/\/horticom.ee\/e-pood\/ru\/wp-json\/wp\/v2\/product_cat?post=2316350"},{"taxonomy":"product_tag","embeddable":true,"href":"https:\/\/horticom.ee\/e-pood\/ru\/wp-json\/wp\/v2\/product_tag?post=2316350"}],"curies":[{"name":"wp","href":"https:\/\/api.w.org\/{rel}","templated":true}]}}