{"id":2323097,"date":"2024-12-11T12:00:25","date_gmt":"2024-12-11T10:00:25","guid":{"rendered":"https:\/\/horticom.ee\/e-pood\/toode\/korvits-laura-1g\/"},"modified":"2026-04-10T03:09:46","modified_gmt":"2026-04-10T00:09:46","slug":"korvits-laura-1g","status":"publish","type":"product","link":"https:\/\/horticom.ee\/e-pood\/ru\/toode\/korvits-laura-1g\/","title":{"rendered":"K\u00f5rvits Laura 1g"},"content":{"rendered":"<p>Muskaatk\u00f5rvits Laura on varajane sort, sobib kasvatamiseks 1m2 aiamaal, lillepottides. Viljad ei ole suured, kaaluvad 1 &#8211; 1,5kg, viljaliha oranz, tarvitamiseks v\u00e4rskelt. Taimed on laiuvate v\u00e4\u00e4tidega, sort on vastupidav haigustele. Viljad s\u00e4ilivad jahedas ruumis \u00fcsna kaua, ei kaota toiteomadusi. K\u00f6\u00f6givili on suurep\u00e4rane karoteeni, vitamiinide allikas. K\u00f5rvitsad on madala kalorsusega, seet\u00f5ttu sobivad kaalulangetajataele ja v\u00e4ga hea maitsega.. Kasvavad kiiresti, k\u00fclvatakse ja istutatakse \u00f5ue, kui \u00f6\u00f6k\u00fclmade oht on m\u00f6\u00f6das, kasvamise ajal soovitatav v\u00e4etada rohkesti.<\/p>\n","protected":false},"excerpt":{"rendered":"<p>Muskaatk\u00f5rvits Laura on varajane sort, sobib kasvatamiseks 1m2 aiamaal, lillepottides. Viljad ei ole suured, kaaluvad 1 &#8211; 1,5kg, viljaliha oranz, tarvitamiseks v\u00e4rskelt. Taimed on laiuvate v\u00e4\u00e4tidega, sort on vastupidav haigustele. Viljad s\u00e4ilivad jahedas ruumis \u00fcsna kaua, ei kaota toiteomadusi. K\u00f6\u00f6givili on suurep\u00e4rane karoteeni, vitamiinide allikas. K\u00f5rvitsad on madala kalorsusega, seet\u00f5ttu sobivad kaalulangetajataele ja v\u00e4ga hea [&hellip;]<\/p>\n","protected":false},"featured_media":2379394,"comment_status":"closed","ping_status":"closed","template":"","meta":{"_themeisle_gutenberg_block_has_review":false},"product_cat":[13482],"product_tag":[],"class_list":{"0":"post-2323097","1":"product","2":"type-product","3":"status-publish","4":"has-post-thumbnail","6":"product_cat-suvikorvits-korvits","8":"first","9":"instock","10":"shipping-taxable","11":"purchasable","12":"product-type-simple"},"yoast_head":"<!-- This site is optimized with the Yoast SEO plugin v24.0 - https:\/\/yoast.com\/wordpress\/plugins\/seo\/ -->\n<title>K\u00f5rvits Laura 1g - Horticom<\/title>\n<meta name=\"robots\" content=\"index, follow, max-snippet:-1, max-image-preview:large, max-video-preview:-1\" \/>\n<link rel=\"canonical\" href=\"https:\/\/horticom.ee\/e-pood\/toode\/korvits-laura-1g\/\" \/>\n<meta property=\"og:locale\" content=\"ru_RU\" \/>\n<meta property=\"og:type\" content=\"article\" \/>\n<meta property=\"og:title\" content=\"K\u00f5rvits Laura 1g - Horticom\" \/>\n<meta property=\"og:description\" content=\"Muskaatk\u00f5rvits Laura on varajane sort, sobib kasvatamiseks 1m2 aiamaal, lillepottides. Viljad ei ole suured, kaaluvad 1 &#8211; 1,5kg, viljaliha oranz, tarvitamiseks v\u00e4rskelt. Taimed on laiuvate v\u00e4\u00e4tidega, sort on vastupidav haigustele. Viljad s\u00e4ilivad jahedas ruumis \u00fcsna kaua, ei kaota toiteomadusi. K\u00f6\u00f6givili on suurep\u00e4rane karoteeni, vitamiinide allikas. K\u00f5rvitsad on madala kalorsusega, seet\u00f5ttu sobivad kaalulangetajataele ja v\u00e4ga hea [&hellip;]\" \/>\n<meta property=\"og:url\" content=\"https:\/\/horticom.ee\/e-pood\/toode\/korvits-laura-1g\/\" \/>\n<meta property=\"og:site_name\" content=\"Horticom.ee\" \/>\n<meta property=\"article:publisher\" content=\"https:\/\/www.facebook.com\/horticom.ee\/e-pood\" \/>\n<meta property=\"article:modified_time\" content=\"2026-04-10T00:09:46+00:00\" \/>\n<meta property=\"og:image\" content=\"https:\/\/horticom.ee\/e-pood\/wp-content\/uploads\/importedmedia\/product-2323097_0-M362.jpg\" \/>\n\t<meta property=\"og:image:width\" content=\"999\" \/>\n\t<meta property=\"og:image:height\" content=\"1067\" \/>\n\t<meta property=\"og:image:type\" content=\"image\/jpeg\" \/>\n<meta name=\"twitter:card\" content=\"summary_large_image\" \/>\n<script type=\"application\/ld+json\" class=\"yoast-schema-graph\">{\"@context\":\"https:\/\/schema.org\",\"@graph\":[{\"@type\":\"WebPage\",\"@id\":\"https:\/\/horticom.ee\/e-pood\/toode\/korvits-laura-1g\/\",\"url\":\"https:\/\/horticom.ee\/e-pood\/toode\/korvits-laura-1g\/\",\"name\":\"K\u00f5rvits Laura 1g - Horticom\",\"isPartOf\":{\"@id\":\"https:\/\/horticom.ee\/e-pood\/#website\"},\"primaryImageOfPage\":{\"@id\":\"https:\/\/horticom.ee\/e-pood\/toode\/korvits-laura-1g\/#primaryimage\"},\"image\":{\"@id\":\"https:\/\/horticom.ee\/e-pood\/toode\/korvits-laura-1g\/#primaryimage\"},\"thumbnailUrl\":\"https:\/\/horticom.ee\/e-pood\/wp-content\/uploads\/importedmedia\/product-2323097_0-M362.jpg\",\"datePublished\":\"2024-12-11T10:00:25+00:00\",\"dateModified\":\"2026-04-10T00:09:46+00:00\",\"breadcrumb\":{\"@id\":\"https:\/\/horticom.ee\/e-pood\/toode\/korvits-laura-1g\/#breadcrumb\"},\"inLanguage\":\"ru-RU\",\"potentialAction\":[{\"@type\":\"ReadAction\",\"target\":[\"https:\/\/horticom.ee\/e-pood\/toode\/korvits-laura-1g\/\"]}]},{\"@type\":\"ImageObject\",\"inLanguage\":\"ru-RU\",\"@id\":\"https:\/\/horticom.ee\/e-pood\/toode\/korvits-laura-1g\/#primaryimage\",\"url\":\"https:\/\/horticom.ee\/e-pood\/wp-content\/uploads\/importedmedia\/product-2323097_0-M362.jpg\",\"contentUrl\":\"https:\/\/horticom.ee\/e-pood\/wp-content\/uploads\/importedmedia\/product-2323097_0-M362.jpg\",\"width\":999,\"height\":1067},{\"@type\":\"BreadcrumbList\",\"@id\":\"https:\/\/horticom.ee\/e-pood\/toode\/korvits-laura-1g\/#breadcrumb\",\"itemListElement\":[{\"@type\":\"ListItem\",\"position\":1,\"name\":\"Home\",\"item\":\"https:\/\/horticom.ee\/e-pood\/\"},{\"@type\":\"ListItem\",\"position\":2,\"name\":\"Pood\",\"item\":\"https:\/\/horticom.ee\/e-pood\/pood\/\"},{\"@type\":\"ListItem\",\"position\":3,\"name\":\"K\u00f5rvits Laura 1g\"}]},{\"@type\":\"WebSite\",\"@id\":\"https:\/\/horticom.ee\/e-pood\/#website\",\"url\":\"https:\/\/horticom.ee\/e-pood\/\",\"name\":\"Horticom.ee\",\"description\":\"Aianduskaubad ja kodukaubad nii harrastajatele kui professionaalidele\",\"potentialAction\":[{\"@type\":\"SearchAction\",\"target\":{\"@type\":\"EntryPoint\",\"urlTemplate\":\"https:\/\/horticom.ee\/e-pood\/?s={search_term_string}\"},\"query-input\":{\"@type\":\"PropertyValueSpecification\",\"valueRequired\":true,\"valueName\":\"search_term_string\"}}],\"inLanguage\":\"ru-RU\"}]}<\/script>\n<!-- \/ Yoast SEO plugin. -->","yoast_head_json":{"title":"K\u00f5rvits Laura 1g - Horticom","robots":{"index":"index","follow":"follow","max-snippet":"max-snippet:-1","max-image-preview":"max-image-preview:large","max-video-preview":"max-video-preview:-1"},"canonical":"https:\/\/horticom.ee\/e-pood\/toode\/korvits-laura-1g\/","og_locale":"ru_RU","og_type":"article","og_title":"K\u00f5rvits Laura 1g - Horticom","og_description":"Muskaatk\u00f5rvits Laura on varajane sort, sobib kasvatamiseks 1m2 aiamaal, lillepottides. Viljad ei ole suured, kaaluvad 1 &#8211; 1,5kg, viljaliha oranz, tarvitamiseks v\u00e4rskelt. Taimed on laiuvate v\u00e4\u00e4tidega, sort on vastupidav haigustele. Viljad s\u00e4ilivad jahedas ruumis \u00fcsna kaua, ei kaota toiteomadusi. K\u00f6\u00f6givili on suurep\u00e4rane karoteeni, vitamiinide allikas. K\u00f5rvitsad on madala kalorsusega, seet\u00f5ttu sobivad kaalulangetajataele ja v\u00e4ga hea [&hellip;]","og_url":"https:\/\/horticom.ee\/e-pood\/toode\/korvits-laura-1g\/","og_site_name":"Horticom.ee","article_publisher":"https:\/\/www.facebook.com\/horticom.ee\/e-pood","article_modified_time":"2026-04-10T00:09:46+00:00","og_image":[{"width":999,"height":1067,"url":"https:\/\/horticom.ee\/e-pood\/wp-content\/uploads\/importedmedia\/product-2323097_0-M362.jpg","type":"image\/jpeg"}],"twitter_card":"summary_large_image","schema":{"@context":"https:\/\/schema.org","@graph":[{"@type":"WebPage","@id":"https:\/\/horticom.ee\/e-pood\/toode\/korvits-laura-1g\/","url":"https:\/\/horticom.ee\/e-pood\/toode\/korvits-laura-1g\/","name":"K\u00f5rvits Laura 1g - Horticom","isPartOf":{"@id":"https:\/\/horticom.ee\/e-pood\/#website"},"primaryImageOfPage":{"@id":"https:\/\/horticom.ee\/e-pood\/toode\/korvits-laura-1g\/#primaryimage"},"image":{"@id":"https:\/\/horticom.ee\/e-pood\/toode\/korvits-laura-1g\/#primaryimage"},"thumbnailUrl":"https:\/\/horticom.ee\/e-pood\/wp-content\/uploads\/importedmedia\/product-2323097_0-M362.jpg","datePublished":"2024-12-11T10:00:25+00:00","dateModified":"2026-04-10T00:09:46+00:00","breadcrumb":{"@id":"https:\/\/horticom.ee\/e-pood\/toode\/korvits-laura-1g\/#breadcrumb"},"inLanguage":"ru-RU","potentialAction":[{"@type":"ReadAction","target":["https:\/\/horticom.ee\/e-pood\/toode\/korvits-laura-1g\/"]}]},{"@type":"ImageObject","inLanguage":"ru-RU","@id":"https:\/\/horticom.ee\/e-pood\/toode\/korvits-laura-1g\/#primaryimage","url":"https:\/\/horticom.ee\/e-pood\/wp-content\/uploads\/importedmedia\/product-2323097_0-M362.jpg","contentUrl":"https:\/\/horticom.ee\/e-pood\/wp-content\/uploads\/importedmedia\/product-2323097_0-M362.jpg","width":999,"height":1067},{"@type":"BreadcrumbList","@id":"https:\/\/horticom.ee\/e-pood\/toode\/korvits-laura-1g\/#breadcrumb","itemListElement":[{"@type":"ListItem","position":1,"name":"Home","item":"https:\/\/horticom.ee\/e-pood\/"},{"@type":"ListItem","position":2,"name":"Pood","item":"https:\/\/horticom.ee\/e-pood\/pood\/"},{"@type":"ListItem","position":3,"name":"K\u00f5rvits Laura 1g"}]},{"@type":"WebSite","@id":"https:\/\/horticom.ee\/e-pood\/#website","url":"https:\/\/horticom.ee\/e-pood\/","name":"Horticom.ee","description":"Aianduskaubad ja kodukaubad nii harrastajatele kui professionaalidele","potentialAction":[{"@type":"SearchAction","target":{"@type":"EntryPoint","urlTemplate":"https:\/\/horticom.ee\/e-pood\/?s={search_term_string}"},"query-input":{"@type":"PropertyValueSpecification","valueRequired":true,"valueName":"search_term_string"}}],"inLanguage":"ru-RU"}]}},"_links":{"self":[{"href":"https:\/\/horticom.ee\/e-pood\/ru\/wp-json\/wp\/v2\/product\/2323097","targetHints":{"allow":["GET"]}}],"collection":[{"href":"https:\/\/horticom.ee\/e-pood\/ru\/wp-json\/wp\/v2\/product"}],"about":[{"href":"https:\/\/horticom.ee\/e-pood\/ru\/wp-json\/wp\/v2\/types\/product"}],"replies":[{"embeddable":true,"href":"https:\/\/horticom.ee\/e-pood\/ru\/wp-json\/wp\/v2\/comments?post=2323097"}],"wp:featuredmedia":[{"embeddable":true,"href":"https:\/\/horticom.ee\/e-pood\/ru\/wp-json\/wp\/v2\/media\/2379394"}],"wp:attachment":[{"href":"https:\/\/horticom.ee\/e-pood\/ru\/wp-json\/wp\/v2\/media?parent=2323097"}],"wp:term":[{"taxonomy":"product_cat","embeddable":true,"href":"https:\/\/horticom.ee\/e-pood\/ru\/wp-json\/wp\/v2\/product_cat?post=2323097"},{"taxonomy":"product_tag","embeddable":true,"href":"https:\/\/horticom.ee\/e-pood\/ru\/wp-json\/wp\/v2\/product_tag?post=2323097"}],"curies":[{"name":"wp","href":"https:\/\/api.w.org\/{rel}","templated":true}]}}