{"id":2323874,"date":"2024-12-16T16:01:05","date_gmt":"2024-12-16T14:01:05","guid":{"rendered":"https:\/\/horticom.ee\/e-pood\/toode\/umbrispott-keraamiline-sebastian-d-17-x-165cm-heleroheline\/"},"modified":"2026-05-03T03:12:24","modified_gmt":"2026-05-03T00:12:24","slug":"umbrispott-keraamiline-sebastian-d-17-x-165cm-heleroheline","status":"publish","type":"product","link":"https:\/\/horticom.ee\/e-pood\/ru\/toode\/umbrispott-keraamiline-sebastian-d-17-x-165cm-heleroheline\/","title":{"rendered":"\u00dcmbrispott keraamiline Sebastian d 17 x 16,5cm heleroheline"},"content":{"rendered":"<p>Stiilne ja mitmek\u00fclgne Sebastian keraamiline \u00fcmbrispott on ideaalne t\u00e4iendus igasse kodusse, pakkudes taimedele juurde elegantset ja maal\u00e4hedast disaini. Rohekas toon ja peen keraamiline tekstuur muudavad selle \u00fcmbrispoti sobivaks igasuguste sisustuselementidega, lisades samas pehmust ja loomulikku ilu igasse ruumi. Sebastian \u00fcmbrispoti l\u00e4bim\u00f5\u00f5t on 17 cm ja k\u00f5rgus 16,5 cm, pakkudes piisavalt ruumi nii v\u00e4iksematele toataimedele kui ka erinevatele kimpudele v\u00f5i dekoratiivsetele taimedele.Roheka tooniga ja minimalistliku kujundusega \u00fcmbrispott r\u00f5hutab diskreetselt taimede loomulikku ilu, lastes neil olla ruumi keskpunktiks.<\/p>\n","protected":false},"excerpt":{"rendered":"<p>Stiilne ja mitmek\u00fclgne Sebastian keraamiline \u00fcmbrispott on ideaalne t\u00e4iendus igasse kodusse, pakkudes taimedele juurde elegantset ja maal\u00e4hedast disaini. Rohekas toon ja peen keraamiline tekstuur muudavad selle \u00fcmbrispoti sobivaks igasuguste sisustuselementidega, lisades samas pehmust ja loomulikku ilu igasse ruumi. Sebastian \u00fcmbrispoti l\u00e4bim\u00f5\u00f5t on 17 cm ja k\u00f5rgus 16,5 cm, pakkudes piisavalt ruumi nii v\u00e4iksematele toataimedele kui [&hellip;]<\/p>\n","protected":false},"featured_media":2384633,"comment_status":"closed","ping_status":"closed","template":"","meta":{"_themeisle_gutenberg_block_has_review":false},"product_cat":[13476],"product_tag":[],"class_list":{"0":"post-2323874","1":"product","2":"type-product","3":"status-publish","4":"has-post-thumbnail","6":"product_cat-umbrispotid","8":"first","9":"instock","10":"sale","11":"shipping-taxable","12":"purchasable","13":"product-type-simple"},"yoast_head":"<!-- This site is optimized with the Yoast SEO plugin v24.0 - https:\/\/yoast.com\/wordpress\/plugins\/seo\/ -->\n<title>\u00dcmbrispott keraamiline Sebastian d 17 x 16,5cm heleroheline - Horticom<\/title>\n<meta name=\"robots\" content=\"index, follow, max-snippet:-1, max-image-preview:large, max-video-preview:-1\" \/>\n<link rel=\"canonical\" href=\"https:\/\/horticom.ee\/e-pood\/toode\/umbrispott-keraamiline-sebastian-d-17-x-165cm-heleroheline\/\" \/>\n<meta property=\"og:locale\" content=\"ru_RU\" \/>\n<meta property=\"og:type\" content=\"article\" \/>\n<meta property=\"og:title\" content=\"\u00dcmbrispott keraamiline Sebastian d 17 x 16,5cm heleroheline - Horticom\" \/>\n<meta property=\"og:description\" content=\"Stiilne ja mitmek\u00fclgne Sebastian keraamiline \u00fcmbrispott on ideaalne t\u00e4iendus igasse kodusse, pakkudes taimedele juurde elegantset ja maal\u00e4hedast disaini. Rohekas toon ja peen keraamiline tekstuur muudavad selle \u00fcmbrispoti sobivaks igasuguste sisustuselementidega, lisades samas pehmust ja loomulikku ilu igasse ruumi. Sebastian \u00fcmbrispoti l\u00e4bim\u00f5\u00f5t on 17 cm ja k\u00f5rgus 16,5 cm, pakkudes piisavalt ruumi nii v\u00e4iksematele toataimedele kui [&hellip;]\" \/>\n<meta property=\"og:url\" content=\"https:\/\/horticom.ee\/e-pood\/toode\/umbrispott-keraamiline-sebastian-d-17-x-165cm-heleroheline\/\" \/>\n<meta property=\"og:site_name\" content=\"Horticom.ee\" \/>\n<meta property=\"article:publisher\" content=\"https:\/\/www.facebook.com\/horticom.ee\/e-pood\" \/>\n<meta property=\"article:modified_time\" content=\"2026-05-03T00:12:24+00:00\" \/>\n<meta property=\"og:image\" content=\"https:\/\/horticom.ee\/e-pood\/wp-content\/uploads\/importedmedia\/product-2323874_0-65936512.jpg\" \/>\n\t<meta property=\"og:image:width\" content=\"1000\" \/>\n\t<meta property=\"og:image:height\" content=\"1000\" \/>\n\t<meta property=\"og:image:type\" content=\"image\/jpeg\" \/>\n<meta name=\"twitter:card\" content=\"summary_large_image\" \/>\n<script type=\"application\/ld+json\" class=\"yoast-schema-graph\">{\"@context\":\"https:\/\/schema.org\",\"@graph\":[{\"@type\":\"WebPage\",\"@id\":\"https:\/\/horticom.ee\/e-pood\/toode\/umbrispott-keraamiline-sebastian-d-17-x-165cm-heleroheline\/\",\"url\":\"https:\/\/horticom.ee\/e-pood\/toode\/umbrispott-keraamiline-sebastian-d-17-x-165cm-heleroheline\/\",\"name\":\"\u00dcmbrispott keraamiline Sebastian d 17 x 16,5cm heleroheline - Horticom\",\"isPartOf\":{\"@id\":\"https:\/\/horticom.ee\/e-pood\/#website\"},\"primaryImageOfPage\":{\"@id\":\"https:\/\/horticom.ee\/e-pood\/toode\/umbrispott-keraamiline-sebastian-d-17-x-165cm-heleroheline\/#primaryimage\"},\"image\":{\"@id\":\"https:\/\/horticom.ee\/e-pood\/toode\/umbrispott-keraamiline-sebastian-d-17-x-165cm-heleroheline\/#primaryimage\"},\"thumbnailUrl\":\"https:\/\/horticom.ee\/e-pood\/wp-content\/uploads\/importedmedia\/product-2323874_0-65936512.jpg\",\"datePublished\":\"2024-12-16T14:01:05+00:00\",\"dateModified\":\"2026-05-03T00:12:24+00:00\",\"breadcrumb\":{\"@id\":\"https:\/\/horticom.ee\/e-pood\/toode\/umbrispott-keraamiline-sebastian-d-17-x-165cm-heleroheline\/#breadcrumb\"},\"inLanguage\":\"ru-RU\",\"potentialAction\":[{\"@type\":\"ReadAction\",\"target\":[\"https:\/\/horticom.ee\/e-pood\/toode\/umbrispott-keraamiline-sebastian-d-17-x-165cm-heleroheline\/\"]}]},{\"@type\":\"ImageObject\",\"inLanguage\":\"ru-RU\",\"@id\":\"https:\/\/horticom.ee\/e-pood\/toode\/umbrispott-keraamiline-sebastian-d-17-x-165cm-heleroheline\/#primaryimage\",\"url\":\"https:\/\/horticom.ee\/e-pood\/wp-content\/uploads\/importedmedia\/product-2323874_0-65936512.jpg\",\"contentUrl\":\"https:\/\/horticom.ee\/e-pood\/wp-content\/uploads\/importedmedia\/product-2323874_0-65936512.jpg\",\"width\":1000,\"height\":1000},{\"@type\":\"BreadcrumbList\",\"@id\":\"https:\/\/horticom.ee\/e-pood\/toode\/umbrispott-keraamiline-sebastian-d-17-x-165cm-heleroheline\/#breadcrumb\",\"itemListElement\":[{\"@type\":\"ListItem\",\"position\":1,\"name\":\"Home\",\"item\":\"https:\/\/horticom.ee\/e-pood\/\"},{\"@type\":\"ListItem\",\"position\":2,\"name\":\"Pood\",\"item\":\"https:\/\/horticom.ee\/e-pood\/pood\/\"},{\"@type\":\"ListItem\",\"position\":3,\"name\":\"\u00dcmbrispott keraamiline Sebastian d 17 x 16,5cm heleroheline\"}]},{\"@type\":\"WebSite\",\"@id\":\"https:\/\/horticom.ee\/e-pood\/#website\",\"url\":\"https:\/\/horticom.ee\/e-pood\/\",\"name\":\"Horticom.ee\",\"description\":\"Aianduskaubad ja kodukaubad nii harrastajatele kui professionaalidele\",\"potentialAction\":[{\"@type\":\"SearchAction\",\"target\":{\"@type\":\"EntryPoint\",\"urlTemplate\":\"https:\/\/horticom.ee\/e-pood\/?s={search_term_string}\"},\"query-input\":{\"@type\":\"PropertyValueSpecification\",\"valueRequired\":true,\"valueName\":\"search_term_string\"}}],\"inLanguage\":\"ru-RU\"}]}<\/script>\n<!-- \/ Yoast SEO plugin. -->","yoast_head_json":{"title":"\u00dcmbrispott keraamiline Sebastian d 17 x 16,5cm heleroheline - Horticom","robots":{"index":"index","follow":"follow","max-snippet":"max-snippet:-1","max-image-preview":"max-image-preview:large","max-video-preview":"max-video-preview:-1"},"canonical":"https:\/\/horticom.ee\/e-pood\/toode\/umbrispott-keraamiline-sebastian-d-17-x-165cm-heleroheline\/","og_locale":"ru_RU","og_type":"article","og_title":"\u00dcmbrispott keraamiline Sebastian d 17 x 16,5cm heleroheline - Horticom","og_description":"Stiilne ja mitmek\u00fclgne Sebastian keraamiline \u00fcmbrispott on ideaalne t\u00e4iendus igasse kodusse, pakkudes taimedele juurde elegantset ja maal\u00e4hedast disaini. Rohekas toon ja peen keraamiline tekstuur muudavad selle \u00fcmbrispoti sobivaks igasuguste sisustuselementidega, lisades samas pehmust ja loomulikku ilu igasse ruumi. Sebastian \u00fcmbrispoti l\u00e4bim\u00f5\u00f5t on 17 cm ja k\u00f5rgus 16,5 cm, pakkudes piisavalt ruumi nii v\u00e4iksematele toataimedele kui [&hellip;]","og_url":"https:\/\/horticom.ee\/e-pood\/toode\/umbrispott-keraamiline-sebastian-d-17-x-165cm-heleroheline\/","og_site_name":"Horticom.ee","article_publisher":"https:\/\/www.facebook.com\/horticom.ee\/e-pood","article_modified_time":"2026-05-03T00:12:24+00:00","og_image":[{"width":1000,"height":1000,"url":"https:\/\/horticom.ee\/e-pood\/wp-content\/uploads\/importedmedia\/product-2323874_0-65936512.jpg","type":"image\/jpeg"}],"twitter_card":"summary_large_image","schema":{"@context":"https:\/\/schema.org","@graph":[{"@type":"WebPage","@id":"https:\/\/horticom.ee\/e-pood\/toode\/umbrispott-keraamiline-sebastian-d-17-x-165cm-heleroheline\/","url":"https:\/\/horticom.ee\/e-pood\/toode\/umbrispott-keraamiline-sebastian-d-17-x-165cm-heleroheline\/","name":"\u00dcmbrispott keraamiline Sebastian d 17 x 16,5cm heleroheline - Horticom","isPartOf":{"@id":"https:\/\/horticom.ee\/e-pood\/#website"},"primaryImageOfPage":{"@id":"https:\/\/horticom.ee\/e-pood\/toode\/umbrispott-keraamiline-sebastian-d-17-x-165cm-heleroheline\/#primaryimage"},"image":{"@id":"https:\/\/horticom.ee\/e-pood\/toode\/umbrispott-keraamiline-sebastian-d-17-x-165cm-heleroheline\/#primaryimage"},"thumbnailUrl":"https:\/\/horticom.ee\/e-pood\/wp-content\/uploads\/importedmedia\/product-2323874_0-65936512.jpg","datePublished":"2024-12-16T14:01:05+00:00","dateModified":"2026-05-03T00:12:24+00:00","breadcrumb":{"@id":"https:\/\/horticom.ee\/e-pood\/toode\/umbrispott-keraamiline-sebastian-d-17-x-165cm-heleroheline\/#breadcrumb"},"inLanguage":"ru-RU","potentialAction":[{"@type":"ReadAction","target":["https:\/\/horticom.ee\/e-pood\/toode\/umbrispott-keraamiline-sebastian-d-17-x-165cm-heleroheline\/"]}]},{"@type":"ImageObject","inLanguage":"ru-RU","@id":"https:\/\/horticom.ee\/e-pood\/toode\/umbrispott-keraamiline-sebastian-d-17-x-165cm-heleroheline\/#primaryimage","url":"https:\/\/horticom.ee\/e-pood\/wp-content\/uploads\/importedmedia\/product-2323874_0-65936512.jpg","contentUrl":"https:\/\/horticom.ee\/e-pood\/wp-content\/uploads\/importedmedia\/product-2323874_0-65936512.jpg","width":1000,"height":1000},{"@type":"BreadcrumbList","@id":"https:\/\/horticom.ee\/e-pood\/toode\/umbrispott-keraamiline-sebastian-d-17-x-165cm-heleroheline\/#breadcrumb","itemListElement":[{"@type":"ListItem","position":1,"name":"Home","item":"https:\/\/horticom.ee\/e-pood\/"},{"@type":"ListItem","position":2,"name":"Pood","item":"https:\/\/horticom.ee\/e-pood\/pood\/"},{"@type":"ListItem","position":3,"name":"\u00dcmbrispott keraamiline Sebastian d 17 x 16,5cm heleroheline"}]},{"@type":"WebSite","@id":"https:\/\/horticom.ee\/e-pood\/#website","url":"https:\/\/horticom.ee\/e-pood\/","name":"Horticom.ee","description":"Aianduskaubad ja kodukaubad nii harrastajatele kui professionaalidele","potentialAction":[{"@type":"SearchAction","target":{"@type":"EntryPoint","urlTemplate":"https:\/\/horticom.ee\/e-pood\/?s={search_term_string}"},"query-input":{"@type":"PropertyValueSpecification","valueRequired":true,"valueName":"search_term_string"}}],"inLanguage":"ru-RU"}]}},"_links":{"self":[{"href":"https:\/\/horticom.ee\/e-pood\/ru\/wp-json\/wp\/v2\/product\/2323874","targetHints":{"allow":["GET"]}}],"collection":[{"href":"https:\/\/horticom.ee\/e-pood\/ru\/wp-json\/wp\/v2\/product"}],"about":[{"href":"https:\/\/horticom.ee\/e-pood\/ru\/wp-json\/wp\/v2\/types\/product"}],"replies":[{"embeddable":true,"href":"https:\/\/horticom.ee\/e-pood\/ru\/wp-json\/wp\/v2\/comments?post=2323874"}],"wp:featuredmedia":[{"embeddable":true,"href":"https:\/\/horticom.ee\/e-pood\/ru\/wp-json\/wp\/v2\/media\/2384633"}],"wp:attachment":[{"href":"https:\/\/horticom.ee\/e-pood\/ru\/wp-json\/wp\/v2\/media?parent=2323874"}],"wp:term":[{"taxonomy":"product_cat","embeddable":true,"href":"https:\/\/horticom.ee\/e-pood\/ru\/wp-json\/wp\/v2\/product_cat?post=2323874"},{"taxonomy":"product_tag","embeddable":true,"href":"https:\/\/horticom.ee\/e-pood\/ru\/wp-json\/wp\/v2\/product_tag?post=2323874"}],"curies":[{"name":"wp","href":"https:\/\/api.w.org\/{rel}","templated":true}]}}