{"id":2324048,"date":"2024-12-17T12:00:56","date_gmt":"2024-12-17T10:00:56","guid":{"rendered":"https:\/\/horticom.ee\/e-pood\/toode\/kapsas-slava-h-brassica-oleracea-l\/"},"modified":"2026-05-03T03:12:03","modified_gmt":"2026-05-03T00:12:03","slug":"kapsas-slava-h-brassica-oleracea-l","status":"publish","type":"product","link":"https:\/\/horticom.ee\/e-pood\/ru\/toode\/kapsas-slava-h-brassica-oleracea-l\/","title":{"rendered":"Kapsas Slava H &#8211; Brassica oleracea L."},"content":{"rendered":"<p>Varajane sort, ei moodusta \u00f5isikut.  Saaki korjatakse 75 p\u00e4eva m\u00f6\u00f6dumisel peale istikute istutamist. Pead on k\u00f5vad, helerohelist v\u00e4rvi, kaaluvad umbes 0,9\u20131,5 kg, s\u00e4ilivad kaua ilma l\u00f5henemata. V\u00e4rskelt kasutamiseks. Kasvab h\u00e4sti keskmise raskusega ja raskes, viljakas pinnases.<\/p>\n","protected":false},"excerpt":{"rendered":"<p>Varajane sort, ei moodusta \u00f5isikut. Saaki korjatakse 75 p\u00e4eva m\u00f6\u00f6dumisel peale istikute istutamist. Pead on k\u00f5vad, helerohelist v\u00e4rvi, kaaluvad umbes 0,9\u20131,5 kg, s\u00e4ilivad kaua ilma l\u00f5henemata. V\u00e4rskelt kasutamiseks. Kasvab h\u00e4sti keskmise raskusega ja raskes, viljakas pinnases.<\/p>\n","protected":false},"featured_media":2379354,"comment_status":"closed","ping_status":"closed","template":"","meta":{"_themeisle_gutenberg_block_has_review":false},"product_cat":[13494],"product_tag":[],"class_list":{"0":"post-2324048","1":"product","2":"type-product","3":"status-publish","4":"has-post-thumbnail","6":"product_cat-kapsas","8":"first","9":"outofstock","10":"shipping-taxable","11":"purchasable","12":"product-type-simple"},"yoast_head":"<!-- This site is optimized with the Yoast SEO plugin v24.0 - https:\/\/yoast.com\/wordpress\/plugins\/seo\/ -->\n<title>Kapsas Slava H - Brassica oleracea L. - Horticom<\/title>\n<meta name=\"robots\" content=\"index, follow, max-snippet:-1, max-image-preview:large, max-video-preview:-1\" \/>\n<link rel=\"canonical\" href=\"https:\/\/horticom.ee\/e-pood\/toode\/kapsas-slava-h-brassica-oleracea-l\/\" \/>\n<meta property=\"og:locale\" content=\"ru_RU\" \/>\n<meta property=\"og:type\" content=\"article\" \/>\n<meta property=\"og:title\" content=\"Kapsas Slava H - Brassica oleracea L. - Horticom\" \/>\n<meta property=\"og:description\" content=\"Varajane sort, ei moodusta \u00f5isikut. Saaki korjatakse 75 p\u00e4eva m\u00f6\u00f6dumisel peale istikute istutamist. Pead on k\u00f5vad, helerohelist v\u00e4rvi, kaaluvad umbes 0,9\u20131,5 kg, s\u00e4ilivad kaua ilma l\u00f5henemata. V\u00e4rskelt kasutamiseks. Kasvab h\u00e4sti keskmise raskusega ja raskes, viljakas pinnases.\" \/>\n<meta property=\"og:url\" content=\"https:\/\/horticom.ee\/e-pood\/toode\/kapsas-slava-h-brassica-oleracea-l\/\" \/>\n<meta property=\"og:site_name\" content=\"Horticom.ee\" \/>\n<meta property=\"article:publisher\" content=\"https:\/\/www.facebook.com\/horticom.ee\/e-pood\" \/>\n<meta property=\"article:modified_time\" content=\"2026-05-03T00:12:03+00:00\" \/>\n<meta property=\"og:image\" content=\"https:\/\/horticom.ee\/e-pood\/wp-content\/uploads\/importedmedia\/product-2324048_0-L12060.jpg\" \/>\n\t<meta property=\"og:image:width\" content=\"999\" \/>\n\t<meta property=\"og:image:height\" content=\"1067\" \/>\n\t<meta property=\"og:image:type\" content=\"image\/jpeg\" \/>\n<meta name=\"twitter:card\" content=\"summary_large_image\" \/>\n<script type=\"application\/ld+json\" class=\"yoast-schema-graph\">{\"@context\":\"https:\/\/schema.org\",\"@graph\":[{\"@type\":\"WebPage\",\"@id\":\"https:\/\/horticom.ee\/e-pood\/toode\/kapsas-slava-h-brassica-oleracea-l\/\",\"url\":\"https:\/\/horticom.ee\/e-pood\/toode\/kapsas-slava-h-brassica-oleracea-l\/\",\"name\":\"Kapsas Slava H - Brassica oleracea L. - Horticom\",\"isPartOf\":{\"@id\":\"https:\/\/horticom.ee\/e-pood\/#website\"},\"primaryImageOfPage\":{\"@id\":\"https:\/\/horticom.ee\/e-pood\/toode\/kapsas-slava-h-brassica-oleracea-l\/#primaryimage\"},\"image\":{\"@id\":\"https:\/\/horticom.ee\/e-pood\/toode\/kapsas-slava-h-brassica-oleracea-l\/#primaryimage\"},\"thumbnailUrl\":\"https:\/\/horticom.ee\/e-pood\/wp-content\/uploads\/importedmedia\/product-2324048_0-L12060.jpg\",\"datePublished\":\"2024-12-17T10:00:56+00:00\",\"dateModified\":\"2026-05-03T00:12:03+00:00\",\"breadcrumb\":{\"@id\":\"https:\/\/horticom.ee\/e-pood\/toode\/kapsas-slava-h-brassica-oleracea-l\/#breadcrumb\"},\"inLanguage\":\"ru-RU\",\"potentialAction\":[{\"@type\":\"ReadAction\",\"target\":[\"https:\/\/horticom.ee\/e-pood\/toode\/kapsas-slava-h-brassica-oleracea-l\/\"]}]},{\"@type\":\"ImageObject\",\"inLanguage\":\"ru-RU\",\"@id\":\"https:\/\/horticom.ee\/e-pood\/toode\/kapsas-slava-h-brassica-oleracea-l\/#primaryimage\",\"url\":\"https:\/\/horticom.ee\/e-pood\/wp-content\/uploads\/importedmedia\/product-2324048_0-L12060.jpg\",\"contentUrl\":\"https:\/\/horticom.ee\/e-pood\/wp-content\/uploads\/importedmedia\/product-2324048_0-L12060.jpg\",\"width\":999,\"height\":1067},{\"@type\":\"BreadcrumbList\",\"@id\":\"https:\/\/horticom.ee\/e-pood\/toode\/kapsas-slava-h-brassica-oleracea-l\/#breadcrumb\",\"itemListElement\":[{\"@type\":\"ListItem\",\"position\":1,\"name\":\"Home\",\"item\":\"https:\/\/horticom.ee\/e-pood\/\"},{\"@type\":\"ListItem\",\"position\":2,\"name\":\"Pood\",\"item\":\"https:\/\/horticom.ee\/e-pood\/pood\/\"},{\"@type\":\"ListItem\",\"position\":3,\"name\":\"Kapsas Slava H &#8211; Brassica oleracea L.\"}]},{\"@type\":\"WebSite\",\"@id\":\"https:\/\/horticom.ee\/e-pood\/#website\",\"url\":\"https:\/\/horticom.ee\/e-pood\/\",\"name\":\"Horticom.ee\",\"description\":\"Aianduskaubad ja kodukaubad nii harrastajatele kui professionaalidele\",\"potentialAction\":[{\"@type\":\"SearchAction\",\"target\":{\"@type\":\"EntryPoint\",\"urlTemplate\":\"https:\/\/horticom.ee\/e-pood\/?s={search_term_string}\"},\"query-input\":{\"@type\":\"PropertyValueSpecification\",\"valueRequired\":true,\"valueName\":\"search_term_string\"}}],\"inLanguage\":\"ru-RU\"}]}<\/script>\n<!-- \/ Yoast SEO plugin. -->","yoast_head_json":{"title":"Kapsas Slava H - Brassica oleracea L. - Horticom","robots":{"index":"index","follow":"follow","max-snippet":"max-snippet:-1","max-image-preview":"max-image-preview:large","max-video-preview":"max-video-preview:-1"},"canonical":"https:\/\/horticom.ee\/e-pood\/toode\/kapsas-slava-h-brassica-oleracea-l\/","og_locale":"ru_RU","og_type":"article","og_title":"Kapsas Slava H - Brassica oleracea L. - Horticom","og_description":"Varajane sort, ei moodusta \u00f5isikut. Saaki korjatakse 75 p\u00e4eva m\u00f6\u00f6dumisel peale istikute istutamist. Pead on k\u00f5vad, helerohelist v\u00e4rvi, kaaluvad umbes 0,9\u20131,5 kg, s\u00e4ilivad kaua ilma l\u00f5henemata. V\u00e4rskelt kasutamiseks. Kasvab h\u00e4sti keskmise raskusega ja raskes, viljakas pinnases.","og_url":"https:\/\/horticom.ee\/e-pood\/toode\/kapsas-slava-h-brassica-oleracea-l\/","og_site_name":"Horticom.ee","article_publisher":"https:\/\/www.facebook.com\/horticom.ee\/e-pood","article_modified_time":"2026-05-03T00:12:03+00:00","og_image":[{"width":999,"height":1067,"url":"https:\/\/horticom.ee\/e-pood\/wp-content\/uploads\/importedmedia\/product-2324048_0-L12060.jpg","type":"image\/jpeg"}],"twitter_card":"summary_large_image","schema":{"@context":"https:\/\/schema.org","@graph":[{"@type":"WebPage","@id":"https:\/\/horticom.ee\/e-pood\/toode\/kapsas-slava-h-brassica-oleracea-l\/","url":"https:\/\/horticom.ee\/e-pood\/toode\/kapsas-slava-h-brassica-oleracea-l\/","name":"Kapsas Slava H - Brassica oleracea L. - Horticom","isPartOf":{"@id":"https:\/\/horticom.ee\/e-pood\/#website"},"primaryImageOfPage":{"@id":"https:\/\/horticom.ee\/e-pood\/toode\/kapsas-slava-h-brassica-oleracea-l\/#primaryimage"},"image":{"@id":"https:\/\/horticom.ee\/e-pood\/toode\/kapsas-slava-h-brassica-oleracea-l\/#primaryimage"},"thumbnailUrl":"https:\/\/horticom.ee\/e-pood\/wp-content\/uploads\/importedmedia\/product-2324048_0-L12060.jpg","datePublished":"2024-12-17T10:00:56+00:00","dateModified":"2026-05-03T00:12:03+00:00","breadcrumb":{"@id":"https:\/\/horticom.ee\/e-pood\/toode\/kapsas-slava-h-brassica-oleracea-l\/#breadcrumb"},"inLanguage":"ru-RU","potentialAction":[{"@type":"ReadAction","target":["https:\/\/horticom.ee\/e-pood\/toode\/kapsas-slava-h-brassica-oleracea-l\/"]}]},{"@type":"ImageObject","inLanguage":"ru-RU","@id":"https:\/\/horticom.ee\/e-pood\/toode\/kapsas-slava-h-brassica-oleracea-l\/#primaryimage","url":"https:\/\/horticom.ee\/e-pood\/wp-content\/uploads\/importedmedia\/product-2324048_0-L12060.jpg","contentUrl":"https:\/\/horticom.ee\/e-pood\/wp-content\/uploads\/importedmedia\/product-2324048_0-L12060.jpg","width":999,"height":1067},{"@type":"BreadcrumbList","@id":"https:\/\/horticom.ee\/e-pood\/toode\/kapsas-slava-h-brassica-oleracea-l\/#breadcrumb","itemListElement":[{"@type":"ListItem","position":1,"name":"Home","item":"https:\/\/horticom.ee\/e-pood\/"},{"@type":"ListItem","position":2,"name":"Pood","item":"https:\/\/horticom.ee\/e-pood\/pood\/"},{"@type":"ListItem","position":3,"name":"Kapsas Slava H &#8211; Brassica oleracea L."}]},{"@type":"WebSite","@id":"https:\/\/horticom.ee\/e-pood\/#website","url":"https:\/\/horticom.ee\/e-pood\/","name":"Horticom.ee","description":"Aianduskaubad ja kodukaubad nii harrastajatele kui professionaalidele","potentialAction":[{"@type":"SearchAction","target":{"@type":"EntryPoint","urlTemplate":"https:\/\/horticom.ee\/e-pood\/?s={search_term_string}"},"query-input":{"@type":"PropertyValueSpecification","valueRequired":true,"valueName":"search_term_string"}}],"inLanguage":"ru-RU"}]}},"_links":{"self":[{"href":"https:\/\/horticom.ee\/e-pood\/ru\/wp-json\/wp\/v2\/product\/2324048","targetHints":{"allow":["GET"]}}],"collection":[{"href":"https:\/\/horticom.ee\/e-pood\/ru\/wp-json\/wp\/v2\/product"}],"about":[{"href":"https:\/\/horticom.ee\/e-pood\/ru\/wp-json\/wp\/v2\/types\/product"}],"replies":[{"embeddable":true,"href":"https:\/\/horticom.ee\/e-pood\/ru\/wp-json\/wp\/v2\/comments?post=2324048"}],"wp:featuredmedia":[{"embeddable":true,"href":"https:\/\/horticom.ee\/e-pood\/ru\/wp-json\/wp\/v2\/media\/2379354"}],"wp:attachment":[{"href":"https:\/\/horticom.ee\/e-pood\/ru\/wp-json\/wp\/v2\/media?parent=2324048"}],"wp:term":[{"taxonomy":"product_cat","embeddable":true,"href":"https:\/\/horticom.ee\/e-pood\/ru\/wp-json\/wp\/v2\/product_cat?post=2324048"},{"taxonomy":"product_tag","embeddable":true,"href":"https:\/\/horticom.ee\/e-pood\/ru\/wp-json\/wp\/v2\/product_tag?post=2324048"}],"curies":[{"name":"wp","href":"https:\/\/api.w.org\/{rel}","templated":true}]}}