{"id":2324082,"date":"2024-12-17T12:01:06","date_gmt":"2024-12-17T10:01:06","guid":{"rendered":"https:\/\/horticom.ee\/e-pood\/toode\/kaalikas-purple-top-white-globe\/"},"modified":"2026-05-03T03:12:12","modified_gmt":"2026-05-03T00:12:12","slug":"kaalikas-purple-top-white-globe","status":"publish","type":"product","link":"https:\/\/horticom.ee\/e-pood\/ru\/toode\/kaalikas-purple-top-white-globe\/","title":{"rendered":"Kaalikas Purple top white Globe"},"content":{"rendered":"<p>Keskvarajane sort. Viljad on \u00fcmarad, valged, roosakasvioletse pinnaga, viljaliha mahlane. Seemned k\u00fclvatakse otse mulda v\u00f5i istutatakse seemikud. Saaki saab 60 p\u00e4eva jooksul p\u00e4rast seemikute istutamist. Viljad sobivad kasutamiseks v\u00e4rskelt, keedetuna ja ka marineerituna. Talvel s\u00e4ilib h\u00e4sti. Mulla suhtes mitten\u00f5udlik, kuid niiskusepuuduse v\u00f5i hilise koristamisega muutuvad k\u00f5vaks ja ebameeldivaks. Kergesti kasvatatav aedvili.<\/p>\n","protected":false},"excerpt":{"rendered":"<p>Keskvarajane sort. Viljad on \u00fcmarad, valged, roosakasvioletse pinnaga, viljaliha mahlane. Seemned k\u00fclvatakse otse mulda v\u00f5i istutatakse seemikud. Saaki saab 60 p\u00e4eva jooksul p\u00e4rast seemikute istutamist. Viljad sobivad kasutamiseks v\u00e4rskelt, keedetuna ja ka marineerituna. Talvel s\u00e4ilib h\u00e4sti. Mulla suhtes mitten\u00f5udlik, kuid niiskusepuuduse v\u00f5i hilise koristamisega muutuvad k\u00f5vaks ja ebameeldivaks. Kergesti kasvatatav aedvili.<\/p>\n","protected":false},"featured_media":2360978,"comment_status":"closed","ping_status":"closed","template":"","meta":{"_themeisle_gutenberg_block_has_review":false},"product_cat":[13488],"product_tag":[],"class_list":{"0":"post-2324082","1":"product","2":"type-product","3":"status-publish","4":"has-post-thumbnail","6":"product_cat-peet-punapeet-kaalikas","8":"first","9":"instock","10":"shipping-taxable","11":"purchasable","12":"product-type-simple"},"yoast_head":"<!-- This site is optimized with the Yoast SEO plugin v24.0 - https:\/\/yoast.com\/wordpress\/plugins\/seo\/ -->\n<title>Kaalikas Purple top white Globe - Horticom<\/title>\n<meta name=\"robots\" content=\"index, follow, max-snippet:-1, max-image-preview:large, max-video-preview:-1\" \/>\n<link rel=\"canonical\" href=\"https:\/\/horticom.ee\/e-pood\/toode\/kaalikas-purple-top-white-globe\/\" \/>\n<meta property=\"og:locale\" content=\"ru_RU\" \/>\n<meta property=\"og:type\" content=\"article\" \/>\n<meta property=\"og:title\" content=\"Kaalikas Purple top white Globe - Horticom\" \/>\n<meta property=\"og:description\" content=\"Keskvarajane sort. Viljad on \u00fcmarad, valged, roosakasvioletse pinnaga, viljaliha mahlane. Seemned k\u00fclvatakse otse mulda v\u00f5i istutatakse seemikud. Saaki saab 60 p\u00e4eva jooksul p\u00e4rast seemikute istutamist. Viljad sobivad kasutamiseks v\u00e4rskelt, keedetuna ja ka marineerituna. Talvel s\u00e4ilib h\u00e4sti. Mulla suhtes mitten\u00f5udlik, kuid niiskusepuuduse v\u00f5i hilise koristamisega muutuvad k\u00f5vaks ja ebameeldivaks. Kergesti kasvatatav aedvili.\" \/>\n<meta property=\"og:url\" content=\"https:\/\/horticom.ee\/e-pood\/toode\/kaalikas-purple-top-white-globe\/\" \/>\n<meta property=\"og:site_name\" content=\"Horticom.ee\" \/>\n<meta property=\"article:publisher\" content=\"https:\/\/www.facebook.com\/horticom.ee\/e-pood\" \/>\n<meta property=\"article:modified_time\" content=\"2026-05-03T00:12:12+00:00\" \/>\n<meta property=\"og:image\" content=\"https:\/\/horticom.ee\/e-pood\/wp-content\/uploads\/importedmedia\/product-2324082_0-PL0572.jpg\" \/>\n\t<meta property=\"og:image:width\" content=\"1000\" \/>\n\t<meta property=\"og:image:height\" content=\"1680\" \/>\n\t<meta property=\"og:image:type\" content=\"image\/jpeg\" \/>\n<meta name=\"twitter:card\" content=\"summary_large_image\" \/>\n<script type=\"application\/ld+json\" class=\"yoast-schema-graph\">{\"@context\":\"https:\/\/schema.org\",\"@graph\":[{\"@type\":\"WebPage\",\"@id\":\"https:\/\/horticom.ee\/e-pood\/toode\/kaalikas-purple-top-white-globe\/\",\"url\":\"https:\/\/horticom.ee\/e-pood\/toode\/kaalikas-purple-top-white-globe\/\",\"name\":\"Kaalikas Purple top white Globe - Horticom\",\"isPartOf\":{\"@id\":\"https:\/\/horticom.ee\/e-pood\/#website\"},\"primaryImageOfPage\":{\"@id\":\"https:\/\/horticom.ee\/e-pood\/toode\/kaalikas-purple-top-white-globe\/#primaryimage\"},\"image\":{\"@id\":\"https:\/\/horticom.ee\/e-pood\/toode\/kaalikas-purple-top-white-globe\/#primaryimage\"},\"thumbnailUrl\":\"https:\/\/horticom.ee\/e-pood\/wp-content\/uploads\/importedmedia\/product-2324082_0-PL0572.jpg\",\"datePublished\":\"2024-12-17T10:01:06+00:00\",\"dateModified\":\"2026-05-03T00:12:12+00:00\",\"breadcrumb\":{\"@id\":\"https:\/\/horticom.ee\/e-pood\/toode\/kaalikas-purple-top-white-globe\/#breadcrumb\"},\"inLanguage\":\"ru-RU\",\"potentialAction\":[{\"@type\":\"ReadAction\",\"target\":[\"https:\/\/horticom.ee\/e-pood\/toode\/kaalikas-purple-top-white-globe\/\"]}]},{\"@type\":\"ImageObject\",\"inLanguage\":\"ru-RU\",\"@id\":\"https:\/\/horticom.ee\/e-pood\/toode\/kaalikas-purple-top-white-globe\/#primaryimage\",\"url\":\"https:\/\/horticom.ee\/e-pood\/wp-content\/uploads\/importedmedia\/product-2324082_0-PL0572.jpg\",\"contentUrl\":\"https:\/\/horticom.ee\/e-pood\/wp-content\/uploads\/importedmedia\/product-2324082_0-PL0572.jpg\",\"width\":1000,\"height\":1680},{\"@type\":\"BreadcrumbList\",\"@id\":\"https:\/\/horticom.ee\/e-pood\/toode\/kaalikas-purple-top-white-globe\/#breadcrumb\",\"itemListElement\":[{\"@type\":\"ListItem\",\"position\":1,\"name\":\"Home\",\"item\":\"https:\/\/horticom.ee\/e-pood\/\"},{\"@type\":\"ListItem\",\"position\":2,\"name\":\"Pood\",\"item\":\"https:\/\/horticom.ee\/e-pood\/pood\/\"},{\"@type\":\"ListItem\",\"position\":3,\"name\":\"Kaalikas Purple top white Globe\"}]},{\"@type\":\"WebSite\",\"@id\":\"https:\/\/horticom.ee\/e-pood\/#website\",\"url\":\"https:\/\/horticom.ee\/e-pood\/\",\"name\":\"Horticom.ee\",\"description\":\"Aianduskaubad ja kodukaubad nii harrastajatele kui professionaalidele\",\"potentialAction\":[{\"@type\":\"SearchAction\",\"target\":{\"@type\":\"EntryPoint\",\"urlTemplate\":\"https:\/\/horticom.ee\/e-pood\/?s={search_term_string}\"},\"query-input\":{\"@type\":\"PropertyValueSpecification\",\"valueRequired\":true,\"valueName\":\"search_term_string\"}}],\"inLanguage\":\"ru-RU\"}]}<\/script>\n<!-- \/ Yoast SEO plugin. -->","yoast_head_json":{"title":"Kaalikas Purple top white Globe - Horticom","robots":{"index":"index","follow":"follow","max-snippet":"max-snippet:-1","max-image-preview":"max-image-preview:large","max-video-preview":"max-video-preview:-1"},"canonical":"https:\/\/horticom.ee\/e-pood\/toode\/kaalikas-purple-top-white-globe\/","og_locale":"ru_RU","og_type":"article","og_title":"Kaalikas Purple top white Globe - Horticom","og_description":"Keskvarajane sort. Viljad on \u00fcmarad, valged, roosakasvioletse pinnaga, viljaliha mahlane. Seemned k\u00fclvatakse otse mulda v\u00f5i istutatakse seemikud. Saaki saab 60 p\u00e4eva jooksul p\u00e4rast seemikute istutamist. Viljad sobivad kasutamiseks v\u00e4rskelt, keedetuna ja ka marineerituna. Talvel s\u00e4ilib h\u00e4sti. Mulla suhtes mitten\u00f5udlik, kuid niiskusepuuduse v\u00f5i hilise koristamisega muutuvad k\u00f5vaks ja ebameeldivaks. Kergesti kasvatatav aedvili.","og_url":"https:\/\/horticom.ee\/e-pood\/toode\/kaalikas-purple-top-white-globe\/","og_site_name":"Horticom.ee","article_publisher":"https:\/\/www.facebook.com\/horticom.ee\/e-pood","article_modified_time":"2026-05-03T00:12:12+00:00","og_image":[{"width":1000,"height":1680,"url":"https:\/\/horticom.ee\/e-pood\/wp-content\/uploads\/importedmedia\/product-2324082_0-PL0572.jpg","type":"image\/jpeg"}],"twitter_card":"summary_large_image","schema":{"@context":"https:\/\/schema.org","@graph":[{"@type":"WebPage","@id":"https:\/\/horticom.ee\/e-pood\/toode\/kaalikas-purple-top-white-globe\/","url":"https:\/\/horticom.ee\/e-pood\/toode\/kaalikas-purple-top-white-globe\/","name":"Kaalikas Purple top white Globe - Horticom","isPartOf":{"@id":"https:\/\/horticom.ee\/e-pood\/#website"},"primaryImageOfPage":{"@id":"https:\/\/horticom.ee\/e-pood\/toode\/kaalikas-purple-top-white-globe\/#primaryimage"},"image":{"@id":"https:\/\/horticom.ee\/e-pood\/toode\/kaalikas-purple-top-white-globe\/#primaryimage"},"thumbnailUrl":"https:\/\/horticom.ee\/e-pood\/wp-content\/uploads\/importedmedia\/product-2324082_0-PL0572.jpg","datePublished":"2024-12-17T10:01:06+00:00","dateModified":"2026-05-03T00:12:12+00:00","breadcrumb":{"@id":"https:\/\/horticom.ee\/e-pood\/toode\/kaalikas-purple-top-white-globe\/#breadcrumb"},"inLanguage":"ru-RU","potentialAction":[{"@type":"ReadAction","target":["https:\/\/horticom.ee\/e-pood\/toode\/kaalikas-purple-top-white-globe\/"]}]},{"@type":"ImageObject","inLanguage":"ru-RU","@id":"https:\/\/horticom.ee\/e-pood\/toode\/kaalikas-purple-top-white-globe\/#primaryimage","url":"https:\/\/horticom.ee\/e-pood\/wp-content\/uploads\/importedmedia\/product-2324082_0-PL0572.jpg","contentUrl":"https:\/\/horticom.ee\/e-pood\/wp-content\/uploads\/importedmedia\/product-2324082_0-PL0572.jpg","width":1000,"height":1680},{"@type":"BreadcrumbList","@id":"https:\/\/horticom.ee\/e-pood\/toode\/kaalikas-purple-top-white-globe\/#breadcrumb","itemListElement":[{"@type":"ListItem","position":1,"name":"Home","item":"https:\/\/horticom.ee\/e-pood\/"},{"@type":"ListItem","position":2,"name":"Pood","item":"https:\/\/horticom.ee\/e-pood\/pood\/"},{"@type":"ListItem","position":3,"name":"Kaalikas Purple top white Globe"}]},{"@type":"WebSite","@id":"https:\/\/horticom.ee\/e-pood\/#website","url":"https:\/\/horticom.ee\/e-pood\/","name":"Horticom.ee","description":"Aianduskaubad ja kodukaubad nii harrastajatele kui professionaalidele","potentialAction":[{"@type":"SearchAction","target":{"@type":"EntryPoint","urlTemplate":"https:\/\/horticom.ee\/e-pood\/?s={search_term_string}"},"query-input":{"@type":"PropertyValueSpecification","valueRequired":true,"valueName":"search_term_string"}}],"inLanguage":"ru-RU"}]}},"_links":{"self":[{"href":"https:\/\/horticom.ee\/e-pood\/ru\/wp-json\/wp\/v2\/product\/2324082","targetHints":{"allow":["GET"]}}],"collection":[{"href":"https:\/\/horticom.ee\/e-pood\/ru\/wp-json\/wp\/v2\/product"}],"about":[{"href":"https:\/\/horticom.ee\/e-pood\/ru\/wp-json\/wp\/v2\/types\/product"}],"replies":[{"embeddable":true,"href":"https:\/\/horticom.ee\/e-pood\/ru\/wp-json\/wp\/v2\/comments?post=2324082"}],"wp:featuredmedia":[{"embeddable":true,"href":"https:\/\/horticom.ee\/e-pood\/ru\/wp-json\/wp\/v2\/media\/2360978"}],"wp:attachment":[{"href":"https:\/\/horticom.ee\/e-pood\/ru\/wp-json\/wp\/v2\/media?parent=2324082"}],"wp:term":[{"taxonomy":"product_cat","embeddable":true,"href":"https:\/\/horticom.ee\/e-pood\/ru\/wp-json\/wp\/v2\/product_cat?post=2324082"},{"taxonomy":"product_tag","embeddable":true,"href":"https:\/\/horticom.ee\/e-pood\/ru\/wp-json\/wp\/v2\/product_tag?post=2324082"}],"curies":[{"name":"wp","href":"https:\/\/api.w.org\/{rel}","templated":true}]}}