{"id":2324087,"date":"2024-12-17T12:01:07","date_gmt":"2024-12-17T10:01:07","guid":{"rendered":"https:\/\/horticom.ee\/e-pood\/toode\/korvits-apetit-cucurbita-pepo-l\/"},"modified":"2026-04-12T03:13:00","modified_gmt":"2026-04-12T00:13:00","slug":"korvits-apetit-cucurbita-pepo-l","status":"publish","type":"product","link":"https:\/\/horticom.ee\/e-pood\/ru\/toode\/korvits-apetit-cucurbita-pepo-l\/","title":{"rendered":"K\u00f5rvits Apetit &#8211; Cucurbita pepo L."},"content":{"rendered":"<p>V\u00e4ga k\u00f5rge saagikusega k\u00f5rvitsa sort. Seda sorti kasvatatakse seemnete saamiseks. Seemned on suured, tumepruunid, kooreta, maitsvad ja hinnatud nende k\u00f5rge tsingisisalduse t\u00f5ttu. K\u00fcpsed viljad on \u00fcmarad ja oran\u017eid roheliste triipudega. Parim kasvatada p\u00e4ikesepaistelises, varjatud kasvukohas, viljakas, lahtises, kiiresti soojenevas pinnases. Varasemaks saagiks kasvatada seemikutest.<\/p>\n","protected":false},"excerpt":{"rendered":"<p>V\u00e4ga k\u00f5rge saagikusega k\u00f5rvitsa sort. Seda sorti kasvatatakse seemnete saamiseks. Seemned on suured, tumepruunid, kooreta, maitsvad ja hinnatud nende k\u00f5rge tsingisisalduse t\u00f5ttu. K\u00fcpsed viljad on \u00fcmarad ja oran\u017eid roheliste triipudega. Parim kasvatada p\u00e4ikesepaistelises, varjatud kasvukohas, viljakas, lahtises, kiiresti soojenevas pinnases. Varasemaks saagiks kasvatada seemikutest.<\/p>\n","protected":false},"featured_media":2379782,"comment_status":"closed","ping_status":"closed","template":"","meta":{"_themeisle_gutenberg_block_has_review":false},"product_cat":[13482],"product_tag":[],"class_list":{"0":"post-2324087","1":"product","2":"type-product","3":"status-publish","4":"has-post-thumbnail","6":"product_cat-suvikorvits-korvits","8":"first","9":"instock","10":"shipping-taxable","11":"purchasable","12":"product-type-simple"},"yoast_head":"<!-- This site is optimized with the Yoast SEO plugin v24.0 - https:\/\/yoast.com\/wordpress\/plugins\/seo\/ -->\n<title>K\u00f5rvits Apetit - Cucurbita pepo L. - Horticom<\/title>\n<meta name=\"robots\" content=\"index, follow, max-snippet:-1, max-image-preview:large, max-video-preview:-1\" \/>\n<link rel=\"canonical\" href=\"https:\/\/horticom.ee\/e-pood\/toode\/korvits-apetit-cucurbita-pepo-l\/\" \/>\n<meta property=\"og:locale\" content=\"ru_RU\" \/>\n<meta property=\"og:type\" content=\"article\" \/>\n<meta property=\"og:title\" content=\"K\u00f5rvits Apetit - Cucurbita pepo L. - Horticom\" \/>\n<meta property=\"og:description\" content=\"V\u00e4ga k\u00f5rge saagikusega k\u00f5rvitsa sort. Seda sorti kasvatatakse seemnete saamiseks. Seemned on suured, tumepruunid, kooreta, maitsvad ja hinnatud nende k\u00f5rge tsingisisalduse t\u00f5ttu. K\u00fcpsed viljad on \u00fcmarad ja oran\u017eid roheliste triipudega. Parim kasvatada p\u00e4ikesepaistelises, varjatud kasvukohas, viljakas, lahtises, kiiresti soojenevas pinnases. Varasemaks saagiks kasvatada seemikutest.\" \/>\n<meta property=\"og:url\" content=\"https:\/\/horticom.ee\/e-pood\/toode\/korvits-apetit-cucurbita-pepo-l\/\" \/>\n<meta property=\"og:site_name\" content=\"Horticom.ee\" \/>\n<meta property=\"article:publisher\" content=\"https:\/\/www.facebook.com\/horticom.ee\/e-pood\" \/>\n<meta property=\"article:modified_time\" content=\"2026-04-12T00:13:00+00:00\" \/>\n<meta property=\"og:image\" content=\"https:\/\/horticom.ee\/e-pood\/wp-content\/uploads\/importedmedia\/product-2324087_0-B71510.jpg\" \/>\n\t<meta property=\"og:image:width\" content=\"999\" \/>\n\t<meta property=\"og:image:height\" content=\"1068\" \/>\n\t<meta property=\"og:image:type\" content=\"image\/jpeg\" \/>\n<meta name=\"twitter:card\" content=\"summary_large_image\" \/>\n<script type=\"application\/ld+json\" class=\"yoast-schema-graph\">{\"@context\":\"https:\/\/schema.org\",\"@graph\":[{\"@type\":\"WebPage\",\"@id\":\"https:\/\/horticom.ee\/e-pood\/toode\/korvits-apetit-cucurbita-pepo-l\/\",\"url\":\"https:\/\/horticom.ee\/e-pood\/toode\/korvits-apetit-cucurbita-pepo-l\/\",\"name\":\"K\u00f5rvits Apetit - Cucurbita pepo L. - Horticom\",\"isPartOf\":{\"@id\":\"https:\/\/horticom.ee\/e-pood\/#website\"},\"primaryImageOfPage\":{\"@id\":\"https:\/\/horticom.ee\/e-pood\/toode\/korvits-apetit-cucurbita-pepo-l\/#primaryimage\"},\"image\":{\"@id\":\"https:\/\/horticom.ee\/e-pood\/toode\/korvits-apetit-cucurbita-pepo-l\/#primaryimage\"},\"thumbnailUrl\":\"https:\/\/horticom.ee\/e-pood\/wp-content\/uploads\/importedmedia\/product-2324087_0-B71510.jpg\",\"datePublished\":\"2024-12-17T10:01:07+00:00\",\"dateModified\":\"2026-04-12T00:13:00+00:00\",\"breadcrumb\":{\"@id\":\"https:\/\/horticom.ee\/e-pood\/toode\/korvits-apetit-cucurbita-pepo-l\/#breadcrumb\"},\"inLanguage\":\"ru-RU\",\"potentialAction\":[{\"@type\":\"ReadAction\",\"target\":[\"https:\/\/horticom.ee\/e-pood\/toode\/korvits-apetit-cucurbita-pepo-l\/\"]}]},{\"@type\":\"ImageObject\",\"inLanguage\":\"ru-RU\",\"@id\":\"https:\/\/horticom.ee\/e-pood\/toode\/korvits-apetit-cucurbita-pepo-l\/#primaryimage\",\"url\":\"https:\/\/horticom.ee\/e-pood\/wp-content\/uploads\/importedmedia\/product-2324087_0-B71510.jpg\",\"contentUrl\":\"https:\/\/horticom.ee\/e-pood\/wp-content\/uploads\/importedmedia\/product-2324087_0-B71510.jpg\",\"width\":999,\"height\":1068},{\"@type\":\"BreadcrumbList\",\"@id\":\"https:\/\/horticom.ee\/e-pood\/toode\/korvits-apetit-cucurbita-pepo-l\/#breadcrumb\",\"itemListElement\":[{\"@type\":\"ListItem\",\"position\":1,\"name\":\"Home\",\"item\":\"https:\/\/horticom.ee\/e-pood\/\"},{\"@type\":\"ListItem\",\"position\":2,\"name\":\"Pood\",\"item\":\"https:\/\/horticom.ee\/e-pood\/pood\/\"},{\"@type\":\"ListItem\",\"position\":3,\"name\":\"K\u00f5rvits Apetit &#8211; Cucurbita pepo L.\"}]},{\"@type\":\"WebSite\",\"@id\":\"https:\/\/horticom.ee\/e-pood\/#website\",\"url\":\"https:\/\/horticom.ee\/e-pood\/\",\"name\":\"Horticom.ee\",\"description\":\"Aianduskaubad ja kodukaubad nii harrastajatele kui professionaalidele\",\"potentialAction\":[{\"@type\":\"SearchAction\",\"target\":{\"@type\":\"EntryPoint\",\"urlTemplate\":\"https:\/\/horticom.ee\/e-pood\/?s={search_term_string}\"},\"query-input\":{\"@type\":\"PropertyValueSpecification\",\"valueRequired\":true,\"valueName\":\"search_term_string\"}}],\"inLanguage\":\"ru-RU\"}]}<\/script>\n<!-- \/ Yoast SEO plugin. -->","yoast_head_json":{"title":"K\u00f5rvits Apetit - Cucurbita pepo L. - Horticom","robots":{"index":"index","follow":"follow","max-snippet":"max-snippet:-1","max-image-preview":"max-image-preview:large","max-video-preview":"max-video-preview:-1"},"canonical":"https:\/\/horticom.ee\/e-pood\/toode\/korvits-apetit-cucurbita-pepo-l\/","og_locale":"ru_RU","og_type":"article","og_title":"K\u00f5rvits Apetit - Cucurbita pepo L. - Horticom","og_description":"V\u00e4ga k\u00f5rge saagikusega k\u00f5rvitsa sort. Seda sorti kasvatatakse seemnete saamiseks. Seemned on suured, tumepruunid, kooreta, maitsvad ja hinnatud nende k\u00f5rge tsingisisalduse t\u00f5ttu. K\u00fcpsed viljad on \u00fcmarad ja oran\u017eid roheliste triipudega. Parim kasvatada p\u00e4ikesepaistelises, varjatud kasvukohas, viljakas, lahtises, kiiresti soojenevas pinnases. Varasemaks saagiks kasvatada seemikutest.","og_url":"https:\/\/horticom.ee\/e-pood\/toode\/korvits-apetit-cucurbita-pepo-l\/","og_site_name":"Horticom.ee","article_publisher":"https:\/\/www.facebook.com\/horticom.ee\/e-pood","article_modified_time":"2026-04-12T00:13:00+00:00","og_image":[{"width":999,"height":1068,"url":"https:\/\/horticom.ee\/e-pood\/wp-content\/uploads\/importedmedia\/product-2324087_0-B71510.jpg","type":"image\/jpeg"}],"twitter_card":"summary_large_image","schema":{"@context":"https:\/\/schema.org","@graph":[{"@type":"WebPage","@id":"https:\/\/horticom.ee\/e-pood\/toode\/korvits-apetit-cucurbita-pepo-l\/","url":"https:\/\/horticom.ee\/e-pood\/toode\/korvits-apetit-cucurbita-pepo-l\/","name":"K\u00f5rvits Apetit - Cucurbita pepo L. - Horticom","isPartOf":{"@id":"https:\/\/horticom.ee\/e-pood\/#website"},"primaryImageOfPage":{"@id":"https:\/\/horticom.ee\/e-pood\/toode\/korvits-apetit-cucurbita-pepo-l\/#primaryimage"},"image":{"@id":"https:\/\/horticom.ee\/e-pood\/toode\/korvits-apetit-cucurbita-pepo-l\/#primaryimage"},"thumbnailUrl":"https:\/\/horticom.ee\/e-pood\/wp-content\/uploads\/importedmedia\/product-2324087_0-B71510.jpg","datePublished":"2024-12-17T10:01:07+00:00","dateModified":"2026-04-12T00:13:00+00:00","breadcrumb":{"@id":"https:\/\/horticom.ee\/e-pood\/toode\/korvits-apetit-cucurbita-pepo-l\/#breadcrumb"},"inLanguage":"ru-RU","potentialAction":[{"@type":"ReadAction","target":["https:\/\/horticom.ee\/e-pood\/toode\/korvits-apetit-cucurbita-pepo-l\/"]}]},{"@type":"ImageObject","inLanguage":"ru-RU","@id":"https:\/\/horticom.ee\/e-pood\/toode\/korvits-apetit-cucurbita-pepo-l\/#primaryimage","url":"https:\/\/horticom.ee\/e-pood\/wp-content\/uploads\/importedmedia\/product-2324087_0-B71510.jpg","contentUrl":"https:\/\/horticom.ee\/e-pood\/wp-content\/uploads\/importedmedia\/product-2324087_0-B71510.jpg","width":999,"height":1068},{"@type":"BreadcrumbList","@id":"https:\/\/horticom.ee\/e-pood\/toode\/korvits-apetit-cucurbita-pepo-l\/#breadcrumb","itemListElement":[{"@type":"ListItem","position":1,"name":"Home","item":"https:\/\/horticom.ee\/e-pood\/"},{"@type":"ListItem","position":2,"name":"Pood","item":"https:\/\/horticom.ee\/e-pood\/pood\/"},{"@type":"ListItem","position":3,"name":"K\u00f5rvits Apetit &#8211; Cucurbita pepo L."}]},{"@type":"WebSite","@id":"https:\/\/horticom.ee\/e-pood\/#website","url":"https:\/\/horticom.ee\/e-pood\/","name":"Horticom.ee","description":"Aianduskaubad ja kodukaubad nii harrastajatele kui professionaalidele","potentialAction":[{"@type":"SearchAction","target":{"@type":"EntryPoint","urlTemplate":"https:\/\/horticom.ee\/e-pood\/?s={search_term_string}"},"query-input":{"@type":"PropertyValueSpecification","valueRequired":true,"valueName":"search_term_string"}}],"inLanguage":"ru-RU"}]}},"_links":{"self":[{"href":"https:\/\/horticom.ee\/e-pood\/ru\/wp-json\/wp\/v2\/product\/2324087","targetHints":{"allow":["GET"]}}],"collection":[{"href":"https:\/\/horticom.ee\/e-pood\/ru\/wp-json\/wp\/v2\/product"}],"about":[{"href":"https:\/\/horticom.ee\/e-pood\/ru\/wp-json\/wp\/v2\/types\/product"}],"replies":[{"embeddable":true,"href":"https:\/\/horticom.ee\/e-pood\/ru\/wp-json\/wp\/v2\/comments?post=2324087"}],"wp:featuredmedia":[{"embeddable":true,"href":"https:\/\/horticom.ee\/e-pood\/ru\/wp-json\/wp\/v2\/media\/2379782"}],"wp:attachment":[{"href":"https:\/\/horticom.ee\/e-pood\/ru\/wp-json\/wp\/v2\/media?parent=2324087"}],"wp:term":[{"taxonomy":"product_cat","embeddable":true,"href":"https:\/\/horticom.ee\/e-pood\/ru\/wp-json\/wp\/v2\/product_cat?post=2324087"},{"taxonomy":"product_tag","embeddable":true,"href":"https:\/\/horticom.ee\/e-pood\/ru\/wp-json\/wp\/v2\/product_tag?post=2324087"}],"curies":[{"name":"wp","href":"https:\/\/api.w.org\/{rel}","templated":true}]}}