{"id":2324088,"date":"2024-12-17T12:01:08","date_gmt":"2024-12-17T10:01:08","guid":{"rendered":"https:\/\/horticom.ee\/e-pood\/toode\/kaharpetersel-grune-perle-petroselinum-crispum-miller-nyman-ex-a-w-hill\/"},"modified":"2026-04-18T03:18:35","modified_gmt":"2026-04-18T00:18:35","slug":"kaharpetersel-grune-perle-petroselinum-crispum-miller-nyman-ex-a-w-hill","status":"publish","type":"product","link":"https:\/\/horticom.ee\/e-pood\/ru\/toode\/kaharpetersel-grune-perle-petroselinum-crispum-miller-nyman-ex-a-w-hill\/","title":{"rendered":"K\u00e4harpetersel Gr\u00fcne perle &#8211; Petroselinum crispum (Miller) Nyman ex A. W. Hill"},"content":{"rendered":"<p>Keskmiselt varajane lehtpeterselli sort. Kasvab kuni 25cm k\u00f5rguseks, rohelised lehed on k\u00e4harad ja l\u00f5hnavad. Kui panna peterselli seemned \u00f6\u00f6p\u00e4evaks k\u00fclmkappi ja seej\u00e4rel kohe mulda, siis ilmuvad t\u00f5usmed juba \u00fche n\u00e4dalaga.<\/p>\n","protected":false},"excerpt":{"rendered":"<p>Keskmiselt varajane lehtpeterselli sort. Kasvab kuni 25cm k\u00f5rguseks, rohelised lehed on k\u00e4harad ja l\u00f5hnavad. Kui panna peterselli seemned \u00f6\u00f6p\u00e4evaks k\u00fclmkappi ja seej\u00e4rel kohe mulda, siis ilmuvad t\u00f5usmed juba \u00fche n\u00e4dalaga.<\/p>\n","protected":false},"featured_media":2400126,"comment_status":"closed","ping_status":"closed","template":"","meta":{"_themeisle_gutenberg_block_has_review":false},"product_cat":[13490],"product_tag":[],"class_list":{"0":"post-2324088","1":"product","2":"type-product","3":"status-publish","4":"has-post-thumbnail","6":"product_cat-maitsetaimede-seemned","8":"first","9":"instock","10":"shipping-taxable","11":"purchasable","12":"product-type-simple"},"yoast_head":"<!-- This site is optimized with the Yoast SEO plugin v24.0 - https:\/\/yoast.com\/wordpress\/plugins\/seo\/ -->\n<title>K\u00e4harpetersel Gr\u00fcne perle - Petroselinum crispum (Miller) Nyman ex A. W. Hill - Horticom<\/title>\n<meta name=\"robots\" content=\"index, follow, max-snippet:-1, max-image-preview:large, max-video-preview:-1\" \/>\n<link rel=\"canonical\" href=\"https:\/\/horticom.ee\/e-pood\/toode\/kaharpetersel-grune-perle-petroselinum-crispum-miller-nyman-ex-a-w-hill\/\" \/>\n<meta property=\"og:locale\" content=\"ru_RU\" \/>\n<meta property=\"og:type\" content=\"article\" \/>\n<meta property=\"og:title\" content=\"K\u00e4harpetersel Gr\u00fcne perle - Petroselinum crispum (Miller) Nyman ex A. W. Hill - Horticom\" \/>\n<meta property=\"og:description\" content=\"Keskmiselt varajane lehtpeterselli sort. Kasvab kuni 25cm k\u00f5rguseks, rohelised lehed on k\u00e4harad ja l\u00f5hnavad. Kui panna peterselli seemned \u00f6\u00f6p\u00e4evaks k\u00fclmkappi ja seej\u00e4rel kohe mulda, siis ilmuvad t\u00f5usmed juba \u00fche n\u00e4dalaga.\" \/>\n<meta property=\"og:url\" content=\"https:\/\/horticom.ee\/e-pood\/toode\/kaharpetersel-grune-perle-petroselinum-crispum-miller-nyman-ex-a-w-hill\/\" \/>\n<meta property=\"og:site_name\" content=\"Horticom.ee\" \/>\n<meta property=\"article:publisher\" content=\"https:\/\/www.facebook.com\/horticom.ee\/e-pood\" \/>\n<meta property=\"article:modified_time\" content=\"2026-04-18T00:18:35+00:00\" \/>\n<meta property=\"og:image\" content=\"https:\/\/horticom.ee\/e-pood\/wp-content\/uploads\/2024\/12\/4770168128422.jpg\" \/>\n\t<meta property=\"og:image:width\" content=\"398\" \/>\n\t<meta property=\"og:image:height\" content=\"425\" \/>\n\t<meta property=\"og:image:type\" content=\"image\/jpeg\" \/>\n<meta name=\"twitter:card\" content=\"summary_large_image\" \/>\n<meta name=\"twitter:label1\" content=\"\u041f\u0440\u0438\u043c\u0435\u0440\u043d\u043e\u0435 \u0432\u0440\u0435\u043c\u044f \u0434\u043b\u044f \u0447\u0442\u0435\u043d\u0438\u044f\" \/>\n\t<meta name=\"twitter:data1\" content=\"1 \u043c\u0438\u043d\u0443\u0442\u0430\" \/>\n<script type=\"application\/ld+json\" class=\"yoast-schema-graph\">{\"@context\":\"https:\/\/schema.org\",\"@graph\":[{\"@type\":\"WebPage\",\"@id\":\"https:\/\/horticom.ee\/e-pood\/toode\/kaharpetersel-grune-perle-petroselinum-crispum-miller-nyman-ex-a-w-hill\/\",\"url\":\"https:\/\/horticom.ee\/e-pood\/toode\/kaharpetersel-grune-perle-petroselinum-crispum-miller-nyman-ex-a-w-hill\/\",\"name\":\"K\u00e4harpetersel Gr\u00fcne perle - Petroselinum crispum (Miller) Nyman ex A. W. Hill - Horticom\",\"isPartOf\":{\"@id\":\"https:\/\/horticom.ee\/e-pood\/#website\"},\"primaryImageOfPage\":{\"@id\":\"https:\/\/horticom.ee\/e-pood\/toode\/kaharpetersel-grune-perle-petroselinum-crispum-miller-nyman-ex-a-w-hill\/#primaryimage\"},\"image\":{\"@id\":\"https:\/\/horticom.ee\/e-pood\/toode\/kaharpetersel-grune-perle-petroselinum-crispum-miller-nyman-ex-a-w-hill\/#primaryimage\"},\"thumbnailUrl\":\"https:\/\/horticom.ee\/e-pood\/wp-content\/uploads\/2024\/12\/4770168128422.jpg\",\"datePublished\":\"2024-12-17T10:01:08+00:00\",\"dateModified\":\"2026-04-18T00:18:35+00:00\",\"breadcrumb\":{\"@id\":\"https:\/\/horticom.ee\/e-pood\/toode\/kaharpetersel-grune-perle-petroselinum-crispum-miller-nyman-ex-a-w-hill\/#breadcrumb\"},\"inLanguage\":\"ru-RU\",\"potentialAction\":[{\"@type\":\"ReadAction\",\"target\":[\"https:\/\/horticom.ee\/e-pood\/toode\/kaharpetersel-grune-perle-petroselinum-crispum-miller-nyman-ex-a-w-hill\/\"]}]},{\"@type\":\"ImageObject\",\"inLanguage\":\"ru-RU\",\"@id\":\"https:\/\/horticom.ee\/e-pood\/toode\/kaharpetersel-grune-perle-petroselinum-crispum-miller-nyman-ex-a-w-hill\/#primaryimage\",\"url\":\"https:\/\/horticom.ee\/e-pood\/wp-content\/uploads\/2024\/12\/4770168128422.jpg\",\"contentUrl\":\"https:\/\/horticom.ee\/e-pood\/wp-content\/uploads\/2024\/12\/4770168128422.jpg\",\"width\":398,\"height\":425},{\"@type\":\"BreadcrumbList\",\"@id\":\"https:\/\/horticom.ee\/e-pood\/toode\/kaharpetersel-grune-perle-petroselinum-crispum-miller-nyman-ex-a-w-hill\/#breadcrumb\",\"itemListElement\":[{\"@type\":\"ListItem\",\"position\":1,\"name\":\"Home\",\"item\":\"https:\/\/horticom.ee\/e-pood\/\"},{\"@type\":\"ListItem\",\"position\":2,\"name\":\"Pood\",\"item\":\"https:\/\/horticom.ee\/e-pood\/pood\/\"},{\"@type\":\"ListItem\",\"position\":3,\"name\":\"K\u00e4harpetersel Gr\u00fcne perle &#8211; Petroselinum crispum (Miller) Nyman ex A. W. Hill\"}]},{\"@type\":\"WebSite\",\"@id\":\"https:\/\/horticom.ee\/e-pood\/#website\",\"url\":\"https:\/\/horticom.ee\/e-pood\/\",\"name\":\"Horticom.ee\",\"description\":\"Aianduskaubad ja kodukaubad nii harrastajatele kui professionaalidele\",\"potentialAction\":[{\"@type\":\"SearchAction\",\"target\":{\"@type\":\"EntryPoint\",\"urlTemplate\":\"https:\/\/horticom.ee\/e-pood\/?s={search_term_string}\"},\"query-input\":{\"@type\":\"PropertyValueSpecification\",\"valueRequired\":true,\"valueName\":\"search_term_string\"}}],\"inLanguage\":\"ru-RU\"}]}<\/script>\n<!-- \/ Yoast SEO plugin. -->","yoast_head_json":{"title":"K\u00e4harpetersel Gr\u00fcne perle - Petroselinum crispum (Miller) Nyman ex A. W. Hill - Horticom","robots":{"index":"index","follow":"follow","max-snippet":"max-snippet:-1","max-image-preview":"max-image-preview:large","max-video-preview":"max-video-preview:-1"},"canonical":"https:\/\/horticom.ee\/e-pood\/toode\/kaharpetersel-grune-perle-petroselinum-crispum-miller-nyman-ex-a-w-hill\/","og_locale":"ru_RU","og_type":"article","og_title":"K\u00e4harpetersel Gr\u00fcne perle - Petroselinum crispum (Miller) Nyman ex A. W. Hill - Horticom","og_description":"Keskmiselt varajane lehtpeterselli sort. Kasvab kuni 25cm k\u00f5rguseks, rohelised lehed on k\u00e4harad ja l\u00f5hnavad. Kui panna peterselli seemned \u00f6\u00f6p\u00e4evaks k\u00fclmkappi ja seej\u00e4rel kohe mulda, siis ilmuvad t\u00f5usmed juba \u00fche n\u00e4dalaga.","og_url":"https:\/\/horticom.ee\/e-pood\/toode\/kaharpetersel-grune-perle-petroselinum-crispum-miller-nyman-ex-a-w-hill\/","og_site_name":"Horticom.ee","article_publisher":"https:\/\/www.facebook.com\/horticom.ee\/e-pood","article_modified_time":"2026-04-18T00:18:35+00:00","og_image":[{"width":398,"height":425,"url":"https:\/\/horticom.ee\/e-pood\/wp-content\/uploads\/2024\/12\/4770168128422.jpg","type":"image\/jpeg"}],"twitter_card":"summary_large_image","twitter_misc":{"\u041f\u0440\u0438\u043c\u0435\u0440\u043d\u043e\u0435 \u0432\u0440\u0435\u043c\u044f \u0434\u043b\u044f \u0447\u0442\u0435\u043d\u0438\u044f":"1 \u043c\u0438\u043d\u0443\u0442\u0430"},"schema":{"@context":"https:\/\/schema.org","@graph":[{"@type":"WebPage","@id":"https:\/\/horticom.ee\/e-pood\/toode\/kaharpetersel-grune-perle-petroselinum-crispum-miller-nyman-ex-a-w-hill\/","url":"https:\/\/horticom.ee\/e-pood\/toode\/kaharpetersel-grune-perle-petroselinum-crispum-miller-nyman-ex-a-w-hill\/","name":"K\u00e4harpetersel Gr\u00fcne perle - Petroselinum crispum (Miller) Nyman ex A. W. Hill - Horticom","isPartOf":{"@id":"https:\/\/horticom.ee\/e-pood\/#website"},"primaryImageOfPage":{"@id":"https:\/\/horticom.ee\/e-pood\/toode\/kaharpetersel-grune-perle-petroselinum-crispum-miller-nyman-ex-a-w-hill\/#primaryimage"},"image":{"@id":"https:\/\/horticom.ee\/e-pood\/toode\/kaharpetersel-grune-perle-petroselinum-crispum-miller-nyman-ex-a-w-hill\/#primaryimage"},"thumbnailUrl":"https:\/\/horticom.ee\/e-pood\/wp-content\/uploads\/2024\/12\/4770168128422.jpg","datePublished":"2024-12-17T10:01:08+00:00","dateModified":"2026-04-18T00:18:35+00:00","breadcrumb":{"@id":"https:\/\/horticom.ee\/e-pood\/toode\/kaharpetersel-grune-perle-petroselinum-crispum-miller-nyman-ex-a-w-hill\/#breadcrumb"},"inLanguage":"ru-RU","potentialAction":[{"@type":"ReadAction","target":["https:\/\/horticom.ee\/e-pood\/toode\/kaharpetersel-grune-perle-petroselinum-crispum-miller-nyman-ex-a-w-hill\/"]}]},{"@type":"ImageObject","inLanguage":"ru-RU","@id":"https:\/\/horticom.ee\/e-pood\/toode\/kaharpetersel-grune-perle-petroselinum-crispum-miller-nyman-ex-a-w-hill\/#primaryimage","url":"https:\/\/horticom.ee\/e-pood\/wp-content\/uploads\/2024\/12\/4770168128422.jpg","contentUrl":"https:\/\/horticom.ee\/e-pood\/wp-content\/uploads\/2024\/12\/4770168128422.jpg","width":398,"height":425},{"@type":"BreadcrumbList","@id":"https:\/\/horticom.ee\/e-pood\/toode\/kaharpetersel-grune-perle-petroselinum-crispum-miller-nyman-ex-a-w-hill\/#breadcrumb","itemListElement":[{"@type":"ListItem","position":1,"name":"Home","item":"https:\/\/horticom.ee\/e-pood\/"},{"@type":"ListItem","position":2,"name":"Pood","item":"https:\/\/horticom.ee\/e-pood\/pood\/"},{"@type":"ListItem","position":3,"name":"K\u00e4harpetersel Gr\u00fcne perle &#8211; Petroselinum crispum (Miller) Nyman ex A. W. Hill"}]},{"@type":"WebSite","@id":"https:\/\/horticom.ee\/e-pood\/#website","url":"https:\/\/horticom.ee\/e-pood\/","name":"Horticom.ee","description":"Aianduskaubad ja kodukaubad nii harrastajatele kui professionaalidele","potentialAction":[{"@type":"SearchAction","target":{"@type":"EntryPoint","urlTemplate":"https:\/\/horticom.ee\/e-pood\/?s={search_term_string}"},"query-input":{"@type":"PropertyValueSpecification","valueRequired":true,"valueName":"search_term_string"}}],"inLanguage":"ru-RU"}]}},"_links":{"self":[{"href":"https:\/\/horticom.ee\/e-pood\/ru\/wp-json\/wp\/v2\/product\/2324088","targetHints":{"allow":["GET"]}}],"collection":[{"href":"https:\/\/horticom.ee\/e-pood\/ru\/wp-json\/wp\/v2\/product"}],"about":[{"href":"https:\/\/horticom.ee\/e-pood\/ru\/wp-json\/wp\/v2\/types\/product"}],"replies":[{"embeddable":true,"href":"https:\/\/horticom.ee\/e-pood\/ru\/wp-json\/wp\/v2\/comments?post=2324088"}],"wp:featuredmedia":[{"embeddable":true,"href":"https:\/\/horticom.ee\/e-pood\/ru\/wp-json\/wp\/v2\/media\/2400126"}],"wp:attachment":[{"href":"https:\/\/horticom.ee\/e-pood\/ru\/wp-json\/wp\/v2\/media?parent=2324088"}],"wp:term":[{"taxonomy":"product_cat","embeddable":true,"href":"https:\/\/horticom.ee\/e-pood\/ru\/wp-json\/wp\/v2\/product_cat?post=2324088"},{"taxonomy":"product_tag","embeddable":true,"href":"https:\/\/horticom.ee\/e-pood\/ru\/wp-json\/wp\/v2\/product_tag?post=2324088"}],"curies":[{"name":"wp","href":"https:\/\/api.w.org\/{rel}","templated":true}]}}