{"id":2324090,"date":"2024-12-17T12:01:09","date_gmt":"2024-12-17T10:01:09","guid":{"rendered":"https:\/\/horticom.ee\/e-pood\/toode\/muskaatkorvits-waltham-butternut-cucurbita-moschata-duchesne-ex-lam-poir\/"},"modified":"2026-04-18T03:18:36","modified_gmt":"2026-04-18T00:18:36","slug":"muskaatkorvits-waltham-butternut-cucurbita-moschata-duchesne-ex-lam-poir","status":"publish","type":"product","link":"https:\/\/horticom.ee\/e-pood\/ru\/toode\/muskaatkorvits-waltham-butternut-cucurbita-moschata-duchesne-ex-lam-poir\/","title":{"rendered":"Muskaatk\u00f5rvits Waltham butternut &#8211; Cucurbita moschata (Duchesne ex Lam.) Poir."},"content":{"rendered":"<p>Soojalembene, roomava varrega k\u00f6\u00f6givili. Saagik\u00fcps 111-120 p\u00e4evaga alatesseemikute istutamisest. Viljad on pirnikujulised, kollase koorega ja magusa, oran\u017ei viljalihaga, millel on meeldiv p\u00e4hklimaitse. Sobivad v\u00e4rskelt, aurutamiseks, praadimiseks, suppide valmistamiseks ja k\u00fcpsetamiseks. Kasvab k\u00f5ige paremini tuule eest kaitstud alal, liivsavi v\u00f5i kerges savipinnas.<\/p>\n","protected":false},"excerpt":{"rendered":"<p>Soojalembene, roomava varrega k\u00f6\u00f6givili. Saagik\u00fcps 111-120 p\u00e4evaga alatesseemikute istutamisest. Viljad on pirnikujulised, kollase koorega ja magusa, oran\u017ei viljalihaga, millel on meeldiv p\u00e4hklimaitse. Sobivad v\u00e4rskelt, aurutamiseks, praadimiseks, suppide valmistamiseks ja k\u00fcpsetamiseks. Kasvab k\u00f5ige paremini tuule eest kaitstud alal, liivsavi v\u00f5i kerges savipinnas.<\/p>\n","protected":false},"featured_media":2379382,"comment_status":"closed","ping_status":"closed","template":"","meta":{"_themeisle_gutenberg_block_has_review":false},"product_cat":[13482],"product_tag":[],"class_list":{"0":"post-2324090","1":"product","2":"type-product","3":"status-publish","4":"has-post-thumbnail","6":"product_cat-suvikorvits-korvits","8":"first","9":"instock","10":"shipping-taxable","11":"purchasable","12":"product-type-simple"},"yoast_head":"<!-- This site is optimized with the Yoast SEO plugin v24.0 - https:\/\/yoast.com\/wordpress\/plugins\/seo\/ -->\n<title>Muskaatk\u00f5rvits Waltham butternut - Cucurbita moschata (Duchesne ex Lam.) Poir. - Horticom<\/title>\n<meta name=\"robots\" content=\"index, follow, max-snippet:-1, max-image-preview:large, max-video-preview:-1\" \/>\n<link rel=\"canonical\" href=\"https:\/\/horticom.ee\/e-pood\/toode\/muskaatkorvits-waltham-butternut-cucurbita-moschata-duchesne-ex-lam-poir\/\" \/>\n<meta property=\"og:locale\" content=\"ru_RU\" \/>\n<meta property=\"og:type\" content=\"article\" \/>\n<meta property=\"og:title\" content=\"Muskaatk\u00f5rvits Waltham butternut - Cucurbita moschata (Duchesne ex Lam.) Poir. - Horticom\" \/>\n<meta property=\"og:description\" content=\"Soojalembene, roomava varrega k\u00f6\u00f6givili. Saagik\u00fcps 111-120 p\u00e4evaga alatesseemikute istutamisest. Viljad on pirnikujulised, kollase koorega ja magusa, oran\u017ei viljalihaga, millel on meeldiv p\u00e4hklimaitse. Sobivad v\u00e4rskelt, aurutamiseks, praadimiseks, suppide valmistamiseks ja k\u00fcpsetamiseks. Kasvab k\u00f5ige paremini tuule eest kaitstud alal, liivsavi v\u00f5i kerges savipinnas.\" \/>\n<meta property=\"og:url\" content=\"https:\/\/horticom.ee\/e-pood\/toode\/muskaatkorvits-waltham-butternut-cucurbita-moschata-duchesne-ex-lam-poir\/\" \/>\n<meta property=\"og:site_name\" content=\"Horticom.ee\" \/>\n<meta property=\"article:publisher\" content=\"https:\/\/www.facebook.com\/horticom.ee\/e-pood\" \/>\n<meta property=\"article:modified_time\" content=\"2026-04-18T00:18:36+00:00\" \/>\n<meta property=\"og:image\" content=\"https:\/\/horticom.ee\/e-pood\/wp-content\/uploads\/importedmedia\/product-2324090_0-B71512.jpg\" \/>\n\t<meta property=\"og:image:width\" content=\"1000\" \/>\n\t<meta property=\"og:image:height\" content=\"1762\" \/>\n\t<meta property=\"og:image:type\" content=\"image\/jpeg\" \/>\n<meta name=\"twitter:card\" content=\"summary_large_image\" \/>\n<script type=\"application\/ld+json\" class=\"yoast-schema-graph\">{\"@context\":\"https:\/\/schema.org\",\"@graph\":[{\"@type\":\"WebPage\",\"@id\":\"https:\/\/horticom.ee\/e-pood\/toode\/muskaatkorvits-waltham-butternut-cucurbita-moschata-duchesne-ex-lam-poir\/\",\"url\":\"https:\/\/horticom.ee\/e-pood\/toode\/muskaatkorvits-waltham-butternut-cucurbita-moschata-duchesne-ex-lam-poir\/\",\"name\":\"Muskaatk\u00f5rvits Waltham butternut - Cucurbita moschata (Duchesne ex Lam.) Poir. - Horticom\",\"isPartOf\":{\"@id\":\"https:\/\/horticom.ee\/e-pood\/#website\"},\"primaryImageOfPage\":{\"@id\":\"https:\/\/horticom.ee\/e-pood\/toode\/muskaatkorvits-waltham-butternut-cucurbita-moschata-duchesne-ex-lam-poir\/#primaryimage\"},\"image\":{\"@id\":\"https:\/\/horticom.ee\/e-pood\/toode\/muskaatkorvits-waltham-butternut-cucurbita-moschata-duchesne-ex-lam-poir\/#primaryimage\"},\"thumbnailUrl\":\"https:\/\/horticom.ee\/e-pood\/wp-content\/uploads\/importedmedia\/product-2324090_0-B71512.jpg\",\"datePublished\":\"2024-12-17T10:01:09+00:00\",\"dateModified\":\"2026-04-18T00:18:36+00:00\",\"breadcrumb\":{\"@id\":\"https:\/\/horticom.ee\/e-pood\/toode\/muskaatkorvits-waltham-butternut-cucurbita-moschata-duchesne-ex-lam-poir\/#breadcrumb\"},\"inLanguage\":\"ru-RU\",\"potentialAction\":[{\"@type\":\"ReadAction\",\"target\":[\"https:\/\/horticom.ee\/e-pood\/toode\/muskaatkorvits-waltham-butternut-cucurbita-moschata-duchesne-ex-lam-poir\/\"]}]},{\"@type\":\"ImageObject\",\"inLanguage\":\"ru-RU\",\"@id\":\"https:\/\/horticom.ee\/e-pood\/toode\/muskaatkorvits-waltham-butternut-cucurbita-moschata-duchesne-ex-lam-poir\/#primaryimage\",\"url\":\"https:\/\/horticom.ee\/e-pood\/wp-content\/uploads\/importedmedia\/product-2324090_0-B71512.jpg\",\"contentUrl\":\"https:\/\/horticom.ee\/e-pood\/wp-content\/uploads\/importedmedia\/product-2324090_0-B71512.jpg\",\"width\":1000,\"height\":1762},{\"@type\":\"BreadcrumbList\",\"@id\":\"https:\/\/horticom.ee\/e-pood\/toode\/muskaatkorvits-waltham-butternut-cucurbita-moschata-duchesne-ex-lam-poir\/#breadcrumb\",\"itemListElement\":[{\"@type\":\"ListItem\",\"position\":1,\"name\":\"Home\",\"item\":\"https:\/\/horticom.ee\/e-pood\/\"},{\"@type\":\"ListItem\",\"position\":2,\"name\":\"Pood\",\"item\":\"https:\/\/horticom.ee\/e-pood\/pood\/\"},{\"@type\":\"ListItem\",\"position\":3,\"name\":\"Muskaatk\u00f5rvits Waltham butternut &#8211; Cucurbita moschata (Duchesne ex Lam.) Poir.\"}]},{\"@type\":\"WebSite\",\"@id\":\"https:\/\/horticom.ee\/e-pood\/#website\",\"url\":\"https:\/\/horticom.ee\/e-pood\/\",\"name\":\"Horticom.ee\",\"description\":\"Aianduskaubad ja kodukaubad nii harrastajatele kui professionaalidele\",\"potentialAction\":[{\"@type\":\"SearchAction\",\"target\":{\"@type\":\"EntryPoint\",\"urlTemplate\":\"https:\/\/horticom.ee\/e-pood\/?s={search_term_string}\"},\"query-input\":{\"@type\":\"PropertyValueSpecification\",\"valueRequired\":true,\"valueName\":\"search_term_string\"}}],\"inLanguage\":\"ru-RU\"}]}<\/script>\n<!-- \/ Yoast SEO plugin. -->","yoast_head_json":{"title":"Muskaatk\u00f5rvits Waltham butternut - Cucurbita moschata (Duchesne ex Lam.) Poir. - Horticom","robots":{"index":"index","follow":"follow","max-snippet":"max-snippet:-1","max-image-preview":"max-image-preview:large","max-video-preview":"max-video-preview:-1"},"canonical":"https:\/\/horticom.ee\/e-pood\/toode\/muskaatkorvits-waltham-butternut-cucurbita-moschata-duchesne-ex-lam-poir\/","og_locale":"ru_RU","og_type":"article","og_title":"Muskaatk\u00f5rvits Waltham butternut - Cucurbita moschata (Duchesne ex Lam.) Poir. - Horticom","og_description":"Soojalembene, roomava varrega k\u00f6\u00f6givili. Saagik\u00fcps 111-120 p\u00e4evaga alatesseemikute istutamisest. Viljad on pirnikujulised, kollase koorega ja magusa, oran\u017ei viljalihaga, millel on meeldiv p\u00e4hklimaitse. Sobivad v\u00e4rskelt, aurutamiseks, praadimiseks, suppide valmistamiseks ja k\u00fcpsetamiseks. Kasvab k\u00f5ige paremini tuule eest kaitstud alal, liivsavi v\u00f5i kerges savipinnas.","og_url":"https:\/\/horticom.ee\/e-pood\/toode\/muskaatkorvits-waltham-butternut-cucurbita-moschata-duchesne-ex-lam-poir\/","og_site_name":"Horticom.ee","article_publisher":"https:\/\/www.facebook.com\/horticom.ee\/e-pood","article_modified_time":"2026-04-18T00:18:36+00:00","og_image":[{"width":1000,"height":1762,"url":"https:\/\/horticom.ee\/e-pood\/wp-content\/uploads\/importedmedia\/product-2324090_0-B71512.jpg","type":"image\/jpeg"}],"twitter_card":"summary_large_image","schema":{"@context":"https:\/\/schema.org","@graph":[{"@type":"WebPage","@id":"https:\/\/horticom.ee\/e-pood\/toode\/muskaatkorvits-waltham-butternut-cucurbita-moschata-duchesne-ex-lam-poir\/","url":"https:\/\/horticom.ee\/e-pood\/toode\/muskaatkorvits-waltham-butternut-cucurbita-moschata-duchesne-ex-lam-poir\/","name":"Muskaatk\u00f5rvits Waltham butternut - Cucurbita moschata (Duchesne ex Lam.) Poir. - Horticom","isPartOf":{"@id":"https:\/\/horticom.ee\/e-pood\/#website"},"primaryImageOfPage":{"@id":"https:\/\/horticom.ee\/e-pood\/toode\/muskaatkorvits-waltham-butternut-cucurbita-moschata-duchesne-ex-lam-poir\/#primaryimage"},"image":{"@id":"https:\/\/horticom.ee\/e-pood\/toode\/muskaatkorvits-waltham-butternut-cucurbita-moschata-duchesne-ex-lam-poir\/#primaryimage"},"thumbnailUrl":"https:\/\/horticom.ee\/e-pood\/wp-content\/uploads\/importedmedia\/product-2324090_0-B71512.jpg","datePublished":"2024-12-17T10:01:09+00:00","dateModified":"2026-04-18T00:18:36+00:00","breadcrumb":{"@id":"https:\/\/horticom.ee\/e-pood\/toode\/muskaatkorvits-waltham-butternut-cucurbita-moschata-duchesne-ex-lam-poir\/#breadcrumb"},"inLanguage":"ru-RU","potentialAction":[{"@type":"ReadAction","target":["https:\/\/horticom.ee\/e-pood\/toode\/muskaatkorvits-waltham-butternut-cucurbita-moschata-duchesne-ex-lam-poir\/"]}]},{"@type":"ImageObject","inLanguage":"ru-RU","@id":"https:\/\/horticom.ee\/e-pood\/toode\/muskaatkorvits-waltham-butternut-cucurbita-moschata-duchesne-ex-lam-poir\/#primaryimage","url":"https:\/\/horticom.ee\/e-pood\/wp-content\/uploads\/importedmedia\/product-2324090_0-B71512.jpg","contentUrl":"https:\/\/horticom.ee\/e-pood\/wp-content\/uploads\/importedmedia\/product-2324090_0-B71512.jpg","width":1000,"height":1762},{"@type":"BreadcrumbList","@id":"https:\/\/horticom.ee\/e-pood\/toode\/muskaatkorvits-waltham-butternut-cucurbita-moschata-duchesne-ex-lam-poir\/#breadcrumb","itemListElement":[{"@type":"ListItem","position":1,"name":"Home","item":"https:\/\/horticom.ee\/e-pood\/"},{"@type":"ListItem","position":2,"name":"Pood","item":"https:\/\/horticom.ee\/e-pood\/pood\/"},{"@type":"ListItem","position":3,"name":"Muskaatk\u00f5rvits Waltham butternut &#8211; Cucurbita moschata (Duchesne ex Lam.) Poir."}]},{"@type":"WebSite","@id":"https:\/\/horticom.ee\/e-pood\/#website","url":"https:\/\/horticom.ee\/e-pood\/","name":"Horticom.ee","description":"Aianduskaubad ja kodukaubad nii harrastajatele kui professionaalidele","potentialAction":[{"@type":"SearchAction","target":{"@type":"EntryPoint","urlTemplate":"https:\/\/horticom.ee\/e-pood\/?s={search_term_string}"},"query-input":{"@type":"PropertyValueSpecification","valueRequired":true,"valueName":"search_term_string"}}],"inLanguage":"ru-RU"}]}},"_links":{"self":[{"href":"https:\/\/horticom.ee\/e-pood\/ru\/wp-json\/wp\/v2\/product\/2324090","targetHints":{"allow":["GET"]}}],"collection":[{"href":"https:\/\/horticom.ee\/e-pood\/ru\/wp-json\/wp\/v2\/product"}],"about":[{"href":"https:\/\/horticom.ee\/e-pood\/ru\/wp-json\/wp\/v2\/types\/product"}],"replies":[{"embeddable":true,"href":"https:\/\/horticom.ee\/e-pood\/ru\/wp-json\/wp\/v2\/comments?post=2324090"}],"wp:featuredmedia":[{"embeddable":true,"href":"https:\/\/horticom.ee\/e-pood\/ru\/wp-json\/wp\/v2\/media\/2379382"}],"wp:attachment":[{"href":"https:\/\/horticom.ee\/e-pood\/ru\/wp-json\/wp\/v2\/media?parent=2324090"}],"wp:term":[{"taxonomy":"product_cat","embeddable":true,"href":"https:\/\/horticom.ee\/e-pood\/ru\/wp-json\/wp\/v2\/product_cat?post=2324090"},{"taxonomy":"product_tag","embeddable":true,"href":"https:\/\/horticom.ee\/e-pood\/ru\/wp-json\/wp\/v2\/product_tag?post=2324090"}],"curies":[{"name":"wp","href":"https:\/\/api.w.org\/{rel}","templated":true}]}}