{"id":2324102,"date":"2024-12-17T12:01:12","date_gmt":"2024-12-17T10:01:12","guid":{"rendered":"https:\/\/horticom.ee\/e-pood\/toode\/tsilli-hot-lemon-capsicum-baccatum-l\/"},"modified":"2026-05-01T03:11:24","modified_gmt":"2026-05-01T00:11:24","slug":"tsilli-hot-lemon-capsicum-baccatum-l","status":"publish","type":"product","link":"https:\/\/horticom.ee\/e-pood\/ru\/toode\/tsilli-hot-lemon-capsicum-baccatum-l\/","title":{"rendered":"T\u0161illi Hot Lemon &#8211; Capsicum baccatum L."},"content":{"rendered":"<p>Saagikas maripaprika sort. Taimed on kompaktsed ja sobivad potis kasvatamiseks. Viljad on teravad, kergelt kortsus ja 6\u201310 cm pikad. Valmimisel, muutub nende v\u00e4rvus rohelisest kollaseks. K\u00fcpsed \u201cHot Lemon\u201d paprikad on sidrunheina ja sidrunviljade j\u00e4relmaitsega. Sobib kasutamiseks salsades ning ka kuivatamiseks ja s\u00e4ilitamiseks. Annab k\u00fcpsetistele, hautistele ja kastmetele erilise maitse.<\/p>\n","protected":false},"excerpt":{"rendered":"<p>Saagikas maripaprika sort. Taimed on kompaktsed ja sobivad potis kasvatamiseks. Viljad on teravad, kergelt kortsus ja 6\u201310 cm pikad. Valmimisel, muutub nende v\u00e4rvus rohelisest kollaseks. K\u00fcpsed \u201cHot Lemon\u201d paprikad on sidrunheina ja sidrunviljade j\u00e4relmaitsega. Sobib kasutamiseks salsades ning ka kuivatamiseks ja s\u00e4ilitamiseks. Annab k\u00fcpsetistele, hautistele ja kastmetele erilise maitse.<\/p>\n","protected":false},"featured_media":2379784,"comment_status":"closed","ping_status":"closed","template":"","meta":{"_themeisle_gutenberg_block_has_review":false},"product_cat":[13489],"product_tag":[],"class_list":{"0":"post-2324102","1":"product","2":"type-product","3":"status-publish","4":"has-post-thumbnail","6":"product_cat-paprika-kibepipar","8":"first","9":"instock","10":"shipping-taxable","11":"purchasable","12":"product-type-simple"},"yoast_head":"<!-- This site is optimized with the Yoast SEO plugin v24.0 - https:\/\/yoast.com\/wordpress\/plugins\/seo\/ -->\n<title>T\u0161illi Hot Lemon - Capsicum baccatum L. - Horticom<\/title>\n<meta name=\"robots\" content=\"index, follow, max-snippet:-1, max-image-preview:large, max-video-preview:-1\" \/>\n<link rel=\"canonical\" href=\"https:\/\/horticom.ee\/e-pood\/toode\/tsilli-hot-lemon-capsicum-baccatum-l\/\" \/>\n<meta property=\"og:locale\" content=\"ru_RU\" \/>\n<meta property=\"og:type\" content=\"article\" \/>\n<meta property=\"og:title\" content=\"T\u0161illi Hot Lemon - Capsicum baccatum L. - Horticom\" \/>\n<meta property=\"og:description\" content=\"Saagikas maripaprika sort. Taimed on kompaktsed ja sobivad potis kasvatamiseks. Viljad on teravad, kergelt kortsus ja 6\u201310 cm pikad. Valmimisel, muutub nende v\u00e4rvus rohelisest kollaseks. K\u00fcpsed \u201cHot Lemon\u201d paprikad on sidrunheina ja sidrunviljade j\u00e4relmaitsega. Sobib kasutamiseks salsades ning ka kuivatamiseks ja s\u00e4ilitamiseks. Annab k\u00fcpsetistele, hautistele ja kastmetele erilise maitse.\" \/>\n<meta property=\"og:url\" content=\"https:\/\/horticom.ee\/e-pood\/toode\/tsilli-hot-lemon-capsicum-baccatum-l\/\" \/>\n<meta property=\"og:site_name\" content=\"Horticom.ee\" \/>\n<meta property=\"article:publisher\" content=\"https:\/\/www.facebook.com\/horticom.ee\/e-pood\" \/>\n<meta property=\"article:modified_time\" content=\"2026-05-01T00:11:24+00:00\" \/>\n<meta property=\"og:image\" content=\"https:\/\/horticom.ee\/e-pood\/wp-content\/uploads\/importedmedia\/product-2324102_0-B71517.jpg\" \/>\n\t<meta property=\"og:image:width\" content=\"999\" \/>\n\t<meta property=\"og:image:height\" content=\"1067\" \/>\n\t<meta property=\"og:image:type\" content=\"image\/jpeg\" \/>\n<meta name=\"twitter:card\" content=\"summary_large_image\" \/>\n<script type=\"application\/ld+json\" class=\"yoast-schema-graph\">{\"@context\":\"https:\/\/schema.org\",\"@graph\":[{\"@type\":\"WebPage\",\"@id\":\"https:\/\/horticom.ee\/e-pood\/toode\/tsilli-hot-lemon-capsicum-baccatum-l\/\",\"url\":\"https:\/\/horticom.ee\/e-pood\/toode\/tsilli-hot-lemon-capsicum-baccatum-l\/\",\"name\":\"T\u0161illi Hot Lemon - Capsicum baccatum L. - Horticom\",\"isPartOf\":{\"@id\":\"https:\/\/horticom.ee\/e-pood\/#website\"},\"primaryImageOfPage\":{\"@id\":\"https:\/\/horticom.ee\/e-pood\/toode\/tsilli-hot-lemon-capsicum-baccatum-l\/#primaryimage\"},\"image\":{\"@id\":\"https:\/\/horticom.ee\/e-pood\/toode\/tsilli-hot-lemon-capsicum-baccatum-l\/#primaryimage\"},\"thumbnailUrl\":\"https:\/\/horticom.ee\/e-pood\/wp-content\/uploads\/importedmedia\/product-2324102_0-B71517.jpg\",\"datePublished\":\"2024-12-17T10:01:12+00:00\",\"dateModified\":\"2026-05-01T00:11:24+00:00\",\"breadcrumb\":{\"@id\":\"https:\/\/horticom.ee\/e-pood\/toode\/tsilli-hot-lemon-capsicum-baccatum-l\/#breadcrumb\"},\"inLanguage\":\"ru-RU\",\"potentialAction\":[{\"@type\":\"ReadAction\",\"target\":[\"https:\/\/horticom.ee\/e-pood\/toode\/tsilli-hot-lemon-capsicum-baccatum-l\/\"]}]},{\"@type\":\"ImageObject\",\"inLanguage\":\"ru-RU\",\"@id\":\"https:\/\/horticom.ee\/e-pood\/toode\/tsilli-hot-lemon-capsicum-baccatum-l\/#primaryimage\",\"url\":\"https:\/\/horticom.ee\/e-pood\/wp-content\/uploads\/importedmedia\/product-2324102_0-B71517.jpg\",\"contentUrl\":\"https:\/\/horticom.ee\/e-pood\/wp-content\/uploads\/importedmedia\/product-2324102_0-B71517.jpg\",\"width\":999,\"height\":1067},{\"@type\":\"BreadcrumbList\",\"@id\":\"https:\/\/horticom.ee\/e-pood\/toode\/tsilli-hot-lemon-capsicum-baccatum-l\/#breadcrumb\",\"itemListElement\":[{\"@type\":\"ListItem\",\"position\":1,\"name\":\"Home\",\"item\":\"https:\/\/horticom.ee\/e-pood\/\"},{\"@type\":\"ListItem\",\"position\":2,\"name\":\"Pood\",\"item\":\"https:\/\/horticom.ee\/e-pood\/pood\/\"},{\"@type\":\"ListItem\",\"position\":3,\"name\":\"T\u0161illi Hot Lemon &#8211; Capsicum baccatum L.\"}]},{\"@type\":\"WebSite\",\"@id\":\"https:\/\/horticom.ee\/e-pood\/#website\",\"url\":\"https:\/\/horticom.ee\/e-pood\/\",\"name\":\"Horticom.ee\",\"description\":\"Aianduskaubad ja kodukaubad nii harrastajatele kui professionaalidele\",\"potentialAction\":[{\"@type\":\"SearchAction\",\"target\":{\"@type\":\"EntryPoint\",\"urlTemplate\":\"https:\/\/horticom.ee\/e-pood\/?s={search_term_string}\"},\"query-input\":{\"@type\":\"PropertyValueSpecification\",\"valueRequired\":true,\"valueName\":\"search_term_string\"}}],\"inLanguage\":\"ru-RU\"}]}<\/script>\n<!-- \/ Yoast SEO plugin. -->","yoast_head_json":{"title":"T\u0161illi Hot Lemon - Capsicum baccatum L. - Horticom","robots":{"index":"index","follow":"follow","max-snippet":"max-snippet:-1","max-image-preview":"max-image-preview:large","max-video-preview":"max-video-preview:-1"},"canonical":"https:\/\/horticom.ee\/e-pood\/toode\/tsilli-hot-lemon-capsicum-baccatum-l\/","og_locale":"ru_RU","og_type":"article","og_title":"T\u0161illi Hot Lemon - Capsicum baccatum L. - Horticom","og_description":"Saagikas maripaprika sort. Taimed on kompaktsed ja sobivad potis kasvatamiseks. Viljad on teravad, kergelt kortsus ja 6\u201310 cm pikad. Valmimisel, muutub nende v\u00e4rvus rohelisest kollaseks. K\u00fcpsed \u201cHot Lemon\u201d paprikad on sidrunheina ja sidrunviljade j\u00e4relmaitsega. Sobib kasutamiseks salsades ning ka kuivatamiseks ja s\u00e4ilitamiseks. Annab k\u00fcpsetistele, hautistele ja kastmetele erilise maitse.","og_url":"https:\/\/horticom.ee\/e-pood\/toode\/tsilli-hot-lemon-capsicum-baccatum-l\/","og_site_name":"Horticom.ee","article_publisher":"https:\/\/www.facebook.com\/horticom.ee\/e-pood","article_modified_time":"2026-05-01T00:11:24+00:00","og_image":[{"width":999,"height":1067,"url":"https:\/\/horticom.ee\/e-pood\/wp-content\/uploads\/importedmedia\/product-2324102_0-B71517.jpg","type":"image\/jpeg"}],"twitter_card":"summary_large_image","schema":{"@context":"https:\/\/schema.org","@graph":[{"@type":"WebPage","@id":"https:\/\/horticom.ee\/e-pood\/toode\/tsilli-hot-lemon-capsicum-baccatum-l\/","url":"https:\/\/horticom.ee\/e-pood\/toode\/tsilli-hot-lemon-capsicum-baccatum-l\/","name":"T\u0161illi Hot Lemon - Capsicum baccatum L. - Horticom","isPartOf":{"@id":"https:\/\/horticom.ee\/e-pood\/#website"},"primaryImageOfPage":{"@id":"https:\/\/horticom.ee\/e-pood\/toode\/tsilli-hot-lemon-capsicum-baccatum-l\/#primaryimage"},"image":{"@id":"https:\/\/horticom.ee\/e-pood\/toode\/tsilli-hot-lemon-capsicum-baccatum-l\/#primaryimage"},"thumbnailUrl":"https:\/\/horticom.ee\/e-pood\/wp-content\/uploads\/importedmedia\/product-2324102_0-B71517.jpg","datePublished":"2024-12-17T10:01:12+00:00","dateModified":"2026-05-01T00:11:24+00:00","breadcrumb":{"@id":"https:\/\/horticom.ee\/e-pood\/toode\/tsilli-hot-lemon-capsicum-baccatum-l\/#breadcrumb"},"inLanguage":"ru-RU","potentialAction":[{"@type":"ReadAction","target":["https:\/\/horticom.ee\/e-pood\/toode\/tsilli-hot-lemon-capsicum-baccatum-l\/"]}]},{"@type":"ImageObject","inLanguage":"ru-RU","@id":"https:\/\/horticom.ee\/e-pood\/toode\/tsilli-hot-lemon-capsicum-baccatum-l\/#primaryimage","url":"https:\/\/horticom.ee\/e-pood\/wp-content\/uploads\/importedmedia\/product-2324102_0-B71517.jpg","contentUrl":"https:\/\/horticom.ee\/e-pood\/wp-content\/uploads\/importedmedia\/product-2324102_0-B71517.jpg","width":999,"height":1067},{"@type":"BreadcrumbList","@id":"https:\/\/horticom.ee\/e-pood\/toode\/tsilli-hot-lemon-capsicum-baccatum-l\/#breadcrumb","itemListElement":[{"@type":"ListItem","position":1,"name":"Home","item":"https:\/\/horticom.ee\/e-pood\/"},{"@type":"ListItem","position":2,"name":"Pood","item":"https:\/\/horticom.ee\/e-pood\/pood\/"},{"@type":"ListItem","position":3,"name":"T\u0161illi Hot Lemon &#8211; Capsicum baccatum L."}]},{"@type":"WebSite","@id":"https:\/\/horticom.ee\/e-pood\/#website","url":"https:\/\/horticom.ee\/e-pood\/","name":"Horticom.ee","description":"Aianduskaubad ja kodukaubad nii harrastajatele kui professionaalidele","potentialAction":[{"@type":"SearchAction","target":{"@type":"EntryPoint","urlTemplate":"https:\/\/horticom.ee\/e-pood\/?s={search_term_string}"},"query-input":{"@type":"PropertyValueSpecification","valueRequired":true,"valueName":"search_term_string"}}],"inLanguage":"ru-RU"}]}},"_links":{"self":[{"href":"https:\/\/horticom.ee\/e-pood\/ru\/wp-json\/wp\/v2\/product\/2324102","targetHints":{"allow":["GET"]}}],"collection":[{"href":"https:\/\/horticom.ee\/e-pood\/ru\/wp-json\/wp\/v2\/product"}],"about":[{"href":"https:\/\/horticom.ee\/e-pood\/ru\/wp-json\/wp\/v2\/types\/product"}],"replies":[{"embeddable":true,"href":"https:\/\/horticom.ee\/e-pood\/ru\/wp-json\/wp\/v2\/comments?post=2324102"}],"wp:featuredmedia":[{"embeddable":true,"href":"https:\/\/horticom.ee\/e-pood\/ru\/wp-json\/wp\/v2\/media\/2379784"}],"wp:attachment":[{"href":"https:\/\/horticom.ee\/e-pood\/ru\/wp-json\/wp\/v2\/media?parent=2324102"}],"wp:term":[{"taxonomy":"product_cat","embeddable":true,"href":"https:\/\/horticom.ee\/e-pood\/ru\/wp-json\/wp\/v2\/product_cat?post=2324102"},{"taxonomy":"product_tag","embeddable":true,"href":"https:\/\/horticom.ee\/e-pood\/ru\/wp-json\/wp\/v2\/product_tag?post=2324102"}],"curies":[{"name":"wp","href":"https:\/\/api.w.org\/{rel}","templated":true}]}}