{"id":2324104,"date":"2024-12-17T12:01:12","date_gmt":"2024-12-17T10:01:12","guid":{"rendered":"https:\/\/horticom.ee\/e-pood\/toode\/kurgilehine-paevalill-cucumberleaf-sunflower-ice-cream-helianthus-debilis-l\/"},"modified":"2026-05-03T03:12:16","modified_gmt":"2026-05-03T00:12:16","slug":"kurgilehine-paevalill-cucumberleaf-sunflower-ice-cream-helianthus-debilis-l","status":"publish","type":"product","link":"https:\/\/horticom.ee\/e-pood\/ru\/toode\/kurgilehine-paevalill-cucumberleaf-sunflower-ice-cream-helianthus-debilis-l\/","title":{"rendered":"Kurgilehine p\u00e4evalill Cucumberleaf Sunflower Ice Cream &#8211; Helianthus debilis L."},"content":{"rendered":"<p>\u00dcheaastane 140cm k\u00f5rgune lill helekollaste tumeda s\u00fcdamega.  Ice Cream on k\u00f5rge hargnev taim, millel on v\u00e4iksemad, l\u00e4ikivad lehed ja \u00f5ied on kreemikad, tumeda s\u00fcdamikuga. Paljud \u00f5itsevad pikema ajavahemikuL, kui tavaline p\u00e4evalill. Kasvatatakse lillepeenardel, \u00f5isi korjatakse kimpude jaoks. Kasvab h\u00e4sti p\u00e4ikesepaistelises, soojas, tuulekindlas kasvukohas, viljakas mullas.<\/p>\n","protected":false},"excerpt":{"rendered":"<p>\u00dcheaastane 140cm k\u00f5rgune lill helekollaste tumeda s\u00fcdamega. Ice Cream on k\u00f5rge hargnev taim, millel on v\u00e4iksemad, l\u00e4ikivad lehed ja \u00f5ied on kreemikad, tumeda s\u00fcdamikuga. Paljud \u00f5itsevad pikema ajavahemikuL, kui tavaline p\u00e4evalill. Kasvatatakse lillepeenardel, \u00f5isi korjatakse kimpude jaoks. Kasvab h\u00e4sti p\u00e4ikesepaistelises, soojas, tuulekindlas kasvukohas, viljakas mullas.<\/p>\n","protected":false},"featured_media":2374892,"comment_status":"closed","ping_status":"closed","template":"","meta":{"_themeisle_gutenberg_block_has_review":false},"product_cat":[13527],"product_tag":[],"class_list":{"0":"post-2324104","1":"product","2":"type-product","3":"status-publish","4":"has-post-thumbnail","6":"product_cat-kivikilbik-pasmaslill-keskpaevalill-portulak","8":"first","9":"instock","10":"shipping-taxable","11":"purchasable","12":"product-type-simple"},"yoast_head":"<!-- This site is optimized with the Yoast SEO plugin v24.0 - https:\/\/yoast.com\/wordpress\/plugins\/seo\/ -->\n<title>Kurgilehine p\u00e4evalill Cucumberleaf Sunflower Ice Cream - Helianthus debilis L. - Horticom<\/title>\n<meta name=\"robots\" content=\"index, follow, max-snippet:-1, max-image-preview:large, max-video-preview:-1\" \/>\n<link rel=\"canonical\" href=\"https:\/\/horticom.ee\/e-pood\/toode\/kurgilehine-paevalill-cucumberleaf-sunflower-ice-cream-helianthus-debilis-l\/\" \/>\n<meta property=\"og:locale\" content=\"ru_RU\" \/>\n<meta property=\"og:type\" content=\"article\" \/>\n<meta property=\"og:title\" content=\"Kurgilehine p\u00e4evalill Cucumberleaf Sunflower Ice Cream - Helianthus debilis L. - Horticom\" \/>\n<meta property=\"og:description\" content=\"\u00dcheaastane 140cm k\u00f5rgune lill helekollaste tumeda s\u00fcdamega. Ice Cream on k\u00f5rge hargnev taim, millel on v\u00e4iksemad, l\u00e4ikivad lehed ja \u00f5ied on kreemikad, tumeda s\u00fcdamikuga. Paljud \u00f5itsevad pikema ajavahemikuL, kui tavaline p\u00e4evalill. Kasvatatakse lillepeenardel, \u00f5isi korjatakse kimpude jaoks. Kasvab h\u00e4sti p\u00e4ikesepaistelises, soojas, tuulekindlas kasvukohas, viljakas mullas.\" \/>\n<meta property=\"og:url\" content=\"https:\/\/horticom.ee\/e-pood\/toode\/kurgilehine-paevalill-cucumberleaf-sunflower-ice-cream-helianthus-debilis-l\/\" \/>\n<meta property=\"og:site_name\" content=\"Horticom.ee\" \/>\n<meta property=\"article:publisher\" content=\"https:\/\/www.facebook.com\/horticom.ee\/e-pood\" \/>\n<meta property=\"article:modified_time\" content=\"2026-05-03T00:12:16+00:00\" \/>\n<meta property=\"og:image\" content=\"https:\/\/horticom.ee\/e-pood\/wp-content\/uploads\/2024\/12\/4770168920880.jpg\" \/>\n\t<meta property=\"og:image:width\" content=\"398\" \/>\n\t<meta property=\"og:image:height\" content=\"425\" \/>\n\t<meta property=\"og:image:type\" content=\"image\/jpeg\" \/>\n<meta name=\"twitter:card\" content=\"summary_large_image\" \/>\n<meta name=\"twitter:label1\" content=\"\u041f\u0440\u0438\u043c\u0435\u0440\u043d\u043e\u0435 \u0432\u0440\u0435\u043c\u044f \u0434\u043b\u044f \u0447\u0442\u0435\u043d\u0438\u044f\" \/>\n\t<meta name=\"twitter:data1\" content=\"1 \u043c\u0438\u043d\u0443\u0442\u0430\" \/>\n<script type=\"application\/ld+json\" class=\"yoast-schema-graph\">{\"@context\":\"https:\/\/schema.org\",\"@graph\":[{\"@type\":\"WebPage\",\"@id\":\"https:\/\/horticom.ee\/e-pood\/toode\/kurgilehine-paevalill-cucumberleaf-sunflower-ice-cream-helianthus-debilis-l\/\",\"url\":\"https:\/\/horticom.ee\/e-pood\/toode\/kurgilehine-paevalill-cucumberleaf-sunflower-ice-cream-helianthus-debilis-l\/\",\"name\":\"Kurgilehine p\u00e4evalill Cucumberleaf Sunflower Ice Cream - Helianthus debilis L. - Horticom\",\"isPartOf\":{\"@id\":\"https:\/\/horticom.ee\/e-pood\/#website\"},\"primaryImageOfPage\":{\"@id\":\"https:\/\/horticom.ee\/e-pood\/toode\/kurgilehine-paevalill-cucumberleaf-sunflower-ice-cream-helianthus-debilis-l\/#primaryimage\"},\"image\":{\"@id\":\"https:\/\/horticom.ee\/e-pood\/toode\/kurgilehine-paevalill-cucumberleaf-sunflower-ice-cream-helianthus-debilis-l\/#primaryimage\"},\"thumbnailUrl\":\"https:\/\/horticom.ee\/e-pood\/wp-content\/uploads\/2024\/12\/4770168920880.jpg\",\"datePublished\":\"2024-12-17T10:01:12+00:00\",\"dateModified\":\"2026-05-03T00:12:16+00:00\",\"breadcrumb\":{\"@id\":\"https:\/\/horticom.ee\/e-pood\/toode\/kurgilehine-paevalill-cucumberleaf-sunflower-ice-cream-helianthus-debilis-l\/#breadcrumb\"},\"inLanguage\":\"ru-RU\",\"potentialAction\":[{\"@type\":\"ReadAction\",\"target\":[\"https:\/\/horticom.ee\/e-pood\/toode\/kurgilehine-paevalill-cucumberleaf-sunflower-ice-cream-helianthus-debilis-l\/\"]}]},{\"@type\":\"ImageObject\",\"inLanguage\":\"ru-RU\",\"@id\":\"https:\/\/horticom.ee\/e-pood\/toode\/kurgilehine-paevalill-cucumberleaf-sunflower-ice-cream-helianthus-debilis-l\/#primaryimage\",\"url\":\"https:\/\/horticom.ee\/e-pood\/wp-content\/uploads\/2024\/12\/4770168920880.jpg\",\"contentUrl\":\"https:\/\/horticom.ee\/e-pood\/wp-content\/uploads\/2024\/12\/4770168920880.jpg\",\"width\":398,\"height\":425},{\"@type\":\"BreadcrumbList\",\"@id\":\"https:\/\/horticom.ee\/e-pood\/toode\/kurgilehine-paevalill-cucumberleaf-sunflower-ice-cream-helianthus-debilis-l\/#breadcrumb\",\"itemListElement\":[{\"@type\":\"ListItem\",\"position\":1,\"name\":\"Home\",\"item\":\"https:\/\/horticom.ee\/e-pood\/\"},{\"@type\":\"ListItem\",\"position\":2,\"name\":\"Pood\",\"item\":\"https:\/\/horticom.ee\/e-pood\/pood\/\"},{\"@type\":\"ListItem\",\"position\":3,\"name\":\"Kurgilehine p\u00e4evalill Cucumberleaf Sunflower Ice Cream &#8211; Helianthus debilis L.\"}]},{\"@type\":\"WebSite\",\"@id\":\"https:\/\/horticom.ee\/e-pood\/#website\",\"url\":\"https:\/\/horticom.ee\/e-pood\/\",\"name\":\"Horticom.ee\",\"description\":\"Aianduskaubad ja kodukaubad nii harrastajatele kui professionaalidele\",\"potentialAction\":[{\"@type\":\"SearchAction\",\"target\":{\"@type\":\"EntryPoint\",\"urlTemplate\":\"https:\/\/horticom.ee\/e-pood\/?s={search_term_string}\"},\"query-input\":{\"@type\":\"PropertyValueSpecification\",\"valueRequired\":true,\"valueName\":\"search_term_string\"}}],\"inLanguage\":\"ru-RU\"}]}<\/script>\n<!-- \/ Yoast SEO plugin. -->","yoast_head_json":{"title":"Kurgilehine p\u00e4evalill Cucumberleaf Sunflower Ice Cream - Helianthus debilis L. - Horticom","robots":{"index":"index","follow":"follow","max-snippet":"max-snippet:-1","max-image-preview":"max-image-preview:large","max-video-preview":"max-video-preview:-1"},"canonical":"https:\/\/horticom.ee\/e-pood\/toode\/kurgilehine-paevalill-cucumberleaf-sunflower-ice-cream-helianthus-debilis-l\/","og_locale":"ru_RU","og_type":"article","og_title":"Kurgilehine p\u00e4evalill Cucumberleaf Sunflower Ice Cream - Helianthus debilis L. - Horticom","og_description":"\u00dcheaastane 140cm k\u00f5rgune lill helekollaste tumeda s\u00fcdamega. Ice Cream on k\u00f5rge hargnev taim, millel on v\u00e4iksemad, l\u00e4ikivad lehed ja \u00f5ied on kreemikad, tumeda s\u00fcdamikuga. Paljud \u00f5itsevad pikema ajavahemikuL, kui tavaline p\u00e4evalill. Kasvatatakse lillepeenardel, \u00f5isi korjatakse kimpude jaoks. Kasvab h\u00e4sti p\u00e4ikesepaistelises, soojas, tuulekindlas kasvukohas, viljakas mullas.","og_url":"https:\/\/horticom.ee\/e-pood\/toode\/kurgilehine-paevalill-cucumberleaf-sunflower-ice-cream-helianthus-debilis-l\/","og_site_name":"Horticom.ee","article_publisher":"https:\/\/www.facebook.com\/horticom.ee\/e-pood","article_modified_time":"2026-05-03T00:12:16+00:00","og_image":[{"width":398,"height":425,"url":"https:\/\/horticom.ee\/e-pood\/wp-content\/uploads\/2024\/12\/4770168920880.jpg","type":"image\/jpeg"}],"twitter_card":"summary_large_image","twitter_misc":{"\u041f\u0440\u0438\u043c\u0435\u0440\u043d\u043e\u0435 \u0432\u0440\u0435\u043c\u044f \u0434\u043b\u044f \u0447\u0442\u0435\u043d\u0438\u044f":"1 \u043c\u0438\u043d\u0443\u0442\u0430"},"schema":{"@context":"https:\/\/schema.org","@graph":[{"@type":"WebPage","@id":"https:\/\/horticom.ee\/e-pood\/toode\/kurgilehine-paevalill-cucumberleaf-sunflower-ice-cream-helianthus-debilis-l\/","url":"https:\/\/horticom.ee\/e-pood\/toode\/kurgilehine-paevalill-cucumberleaf-sunflower-ice-cream-helianthus-debilis-l\/","name":"Kurgilehine p\u00e4evalill Cucumberleaf Sunflower Ice Cream - Helianthus debilis L. - Horticom","isPartOf":{"@id":"https:\/\/horticom.ee\/e-pood\/#website"},"primaryImageOfPage":{"@id":"https:\/\/horticom.ee\/e-pood\/toode\/kurgilehine-paevalill-cucumberleaf-sunflower-ice-cream-helianthus-debilis-l\/#primaryimage"},"image":{"@id":"https:\/\/horticom.ee\/e-pood\/toode\/kurgilehine-paevalill-cucumberleaf-sunflower-ice-cream-helianthus-debilis-l\/#primaryimage"},"thumbnailUrl":"https:\/\/horticom.ee\/e-pood\/wp-content\/uploads\/2024\/12\/4770168920880.jpg","datePublished":"2024-12-17T10:01:12+00:00","dateModified":"2026-05-03T00:12:16+00:00","breadcrumb":{"@id":"https:\/\/horticom.ee\/e-pood\/toode\/kurgilehine-paevalill-cucumberleaf-sunflower-ice-cream-helianthus-debilis-l\/#breadcrumb"},"inLanguage":"ru-RU","potentialAction":[{"@type":"ReadAction","target":["https:\/\/horticom.ee\/e-pood\/toode\/kurgilehine-paevalill-cucumberleaf-sunflower-ice-cream-helianthus-debilis-l\/"]}]},{"@type":"ImageObject","inLanguage":"ru-RU","@id":"https:\/\/horticom.ee\/e-pood\/toode\/kurgilehine-paevalill-cucumberleaf-sunflower-ice-cream-helianthus-debilis-l\/#primaryimage","url":"https:\/\/horticom.ee\/e-pood\/wp-content\/uploads\/2024\/12\/4770168920880.jpg","contentUrl":"https:\/\/horticom.ee\/e-pood\/wp-content\/uploads\/2024\/12\/4770168920880.jpg","width":398,"height":425},{"@type":"BreadcrumbList","@id":"https:\/\/horticom.ee\/e-pood\/toode\/kurgilehine-paevalill-cucumberleaf-sunflower-ice-cream-helianthus-debilis-l\/#breadcrumb","itemListElement":[{"@type":"ListItem","position":1,"name":"Home","item":"https:\/\/horticom.ee\/e-pood\/"},{"@type":"ListItem","position":2,"name":"Pood","item":"https:\/\/horticom.ee\/e-pood\/pood\/"},{"@type":"ListItem","position":3,"name":"Kurgilehine p\u00e4evalill Cucumberleaf Sunflower Ice Cream &#8211; Helianthus debilis L."}]},{"@type":"WebSite","@id":"https:\/\/horticom.ee\/e-pood\/#website","url":"https:\/\/horticom.ee\/e-pood\/","name":"Horticom.ee","description":"Aianduskaubad ja kodukaubad nii harrastajatele kui professionaalidele","potentialAction":[{"@type":"SearchAction","target":{"@type":"EntryPoint","urlTemplate":"https:\/\/horticom.ee\/e-pood\/?s={search_term_string}"},"query-input":{"@type":"PropertyValueSpecification","valueRequired":true,"valueName":"search_term_string"}}],"inLanguage":"ru-RU"}]}},"_links":{"self":[{"href":"https:\/\/horticom.ee\/e-pood\/ru\/wp-json\/wp\/v2\/product\/2324104","targetHints":{"allow":["GET"]}}],"collection":[{"href":"https:\/\/horticom.ee\/e-pood\/ru\/wp-json\/wp\/v2\/product"}],"about":[{"href":"https:\/\/horticom.ee\/e-pood\/ru\/wp-json\/wp\/v2\/types\/product"}],"replies":[{"embeddable":true,"href":"https:\/\/horticom.ee\/e-pood\/ru\/wp-json\/wp\/v2\/comments?post=2324104"}],"wp:featuredmedia":[{"embeddable":true,"href":"https:\/\/horticom.ee\/e-pood\/ru\/wp-json\/wp\/v2\/media\/2374892"}],"wp:attachment":[{"href":"https:\/\/horticom.ee\/e-pood\/ru\/wp-json\/wp\/v2\/media?parent=2324104"}],"wp:term":[{"taxonomy":"product_cat","embeddable":true,"href":"https:\/\/horticom.ee\/e-pood\/ru\/wp-json\/wp\/v2\/product_cat?post=2324104"},{"taxonomy":"product_tag","embeddable":true,"href":"https:\/\/horticom.ee\/e-pood\/ru\/wp-json\/wp\/v2\/product_tag?post=2324104"}],"curies":[{"name":"wp","href":"https:\/\/api.w.org\/{rel}","templated":true}]}}