{"id":2324139,"date":"2024-12-17T12:01:23","date_gmt":"2024-12-17T10:01:23","guid":{"rendered":"https:\/\/horticom.ee\/e-pood\/toode\/soogi-jooginou-dosaatoriga-break-double-use-065-l-helehall\/"},"modified":"2026-04-06T03:14:22","modified_gmt":"2026-04-06T00:14:22","slug":"soogi-jooginou-dosaatoriga-break-double-use-065-l-helehall","status":"publish","type":"product","link":"https:\/\/horticom.ee\/e-pood\/ru\/toode\/soogi-jooginou-dosaatoriga-break-double-use-065-l-helehall\/","title":{"rendered":"S\u00f6\u00f6gi\/joogin\u00f5u dosaatoriga Break Double Use 0,65 L helehall"},"content":{"rendered":"<p>Kahefunktsiooniline dosaatoriga lemmikloomatarvik Break Double on praktiline vee- v\u00f5i kuivtoiduautomaat kassidele ja koertele.<br \/>\nT\u00e4nu l\u00e4bipaistvale reservuaarile koos m\u00f5\u00f5teskaalaga on alati v\u00f5imalik n\u00e4ha sisemust. Seda on kiire ja lihtne puhastada ning integreeritud libisemisvastased sakid tagavad suurep\u00e4rase stabiilsuse ja p\u00fcsivuse.<br \/>\nValmistatud mittetoksilistest kvaliteetsetest materjalidest.<\/p>\n","protected":false},"excerpt":{"rendered":"<p>Kahefunktsiooniline dosaatoriga lemmikloomatarvik Break Double on praktiline vee- v\u00f5i kuivtoiduautomaat kassidele ja koertele. T\u00e4nu l\u00e4bipaistvale reservuaarile koos m\u00f5\u00f5teskaalaga on alati v\u00f5imalik n\u00e4ha sisemust. Seda on kiire ja lihtne puhastada ning integreeritud libisemisvastased sakid tagavad suurep\u00e4rase stabiilsuse ja p\u00fcsivuse. Valmistatud mittetoksilistest kvaliteetsetest materjalidest.<\/p>\n","protected":false},"featured_media":2381948,"comment_status":"closed","ping_status":"closed","template":"","meta":{"_themeisle_gutenberg_block_has_review":false},"product_cat":[18309],"product_tag":[],"class_list":{"0":"post-2324139","1":"product","2":"type-product","3":"status-publish","4":"has-post-thumbnail","6":"product_cat-soogi-ja-jooginoud","8":"first","9":"outofstock","10":"shipping-taxable","11":"purchasable","12":"product-type-simple"},"yoast_head":"<!-- This site is optimized with the Yoast SEO plugin v24.0 - https:\/\/yoast.com\/wordpress\/plugins\/seo\/ -->\n<title>S\u00f6\u00f6gi\/joogin\u00f5u dosaatoriga Break Double Use 0,65 L helehall - Horticom<\/title>\n<meta name=\"robots\" content=\"index, follow, max-snippet:-1, max-image-preview:large, max-video-preview:-1\" \/>\n<link rel=\"canonical\" href=\"https:\/\/horticom.ee\/e-pood\/toode\/soogi-jooginou-dosaatoriga-break-double-use-065-l-helehall\/\" \/>\n<meta property=\"og:locale\" content=\"ru_RU\" \/>\n<meta property=\"og:type\" content=\"article\" \/>\n<meta property=\"og:title\" content=\"S\u00f6\u00f6gi\/joogin\u00f5u dosaatoriga Break Double Use 0,65 L helehall - Horticom\" \/>\n<meta property=\"og:description\" content=\"Kahefunktsiooniline dosaatoriga lemmikloomatarvik Break Double on praktiline vee- v\u00f5i kuivtoiduautomaat kassidele ja koertele. T\u00e4nu l\u00e4bipaistvale reservuaarile koos m\u00f5\u00f5teskaalaga on alati v\u00f5imalik n\u00e4ha sisemust. Seda on kiire ja lihtne puhastada ning integreeritud libisemisvastased sakid tagavad suurep\u00e4rase stabiilsuse ja p\u00fcsivuse. Valmistatud mittetoksilistest kvaliteetsetest materjalidest.\" \/>\n<meta property=\"og:url\" content=\"https:\/\/horticom.ee\/e-pood\/toode\/soogi-jooginou-dosaatoriga-break-double-use-065-l-helehall\/\" \/>\n<meta property=\"og:site_name\" content=\"Horticom.ee\" \/>\n<meta property=\"article:publisher\" content=\"https:\/\/www.facebook.com\/horticom.ee\/e-pood\" \/>\n<meta property=\"article:modified_time\" content=\"2026-04-06T00:14:22+00:00\" \/>\n<meta property=\"og:image\" content=\"https:\/\/horticom.ee\/e-pood\/wp-content\/uploads\/importedmedia\/product-2324139_0-6404102.jpg\" \/>\n\t<meta property=\"og:image:width\" content=\"999\" \/>\n\t<meta property=\"og:image:height\" content=\"1352\" \/>\n\t<meta property=\"og:image:type\" content=\"image\/jpeg\" \/>\n<meta name=\"twitter:card\" content=\"summary_large_image\" \/>\n<script type=\"application\/ld+json\" class=\"yoast-schema-graph\">{\"@context\":\"https:\/\/schema.org\",\"@graph\":[{\"@type\":\"WebPage\",\"@id\":\"https:\/\/horticom.ee\/e-pood\/toode\/soogi-jooginou-dosaatoriga-break-double-use-065-l-helehall\/\",\"url\":\"https:\/\/horticom.ee\/e-pood\/toode\/soogi-jooginou-dosaatoriga-break-double-use-065-l-helehall\/\",\"name\":\"S\u00f6\u00f6gi\/joogin\u00f5u dosaatoriga Break Double Use 0,65 L helehall - Horticom\",\"isPartOf\":{\"@id\":\"https:\/\/horticom.ee\/e-pood\/#website\"},\"primaryImageOfPage\":{\"@id\":\"https:\/\/horticom.ee\/e-pood\/toode\/soogi-jooginou-dosaatoriga-break-double-use-065-l-helehall\/#primaryimage\"},\"image\":{\"@id\":\"https:\/\/horticom.ee\/e-pood\/toode\/soogi-jooginou-dosaatoriga-break-double-use-065-l-helehall\/#primaryimage\"},\"thumbnailUrl\":\"https:\/\/horticom.ee\/e-pood\/wp-content\/uploads\/importedmedia\/product-2324139_0-6404102.jpg\",\"datePublished\":\"2024-12-17T10:01:23+00:00\",\"dateModified\":\"2026-04-06T00:14:22+00:00\",\"breadcrumb\":{\"@id\":\"https:\/\/horticom.ee\/e-pood\/toode\/soogi-jooginou-dosaatoriga-break-double-use-065-l-helehall\/#breadcrumb\"},\"inLanguage\":\"ru-RU\",\"potentialAction\":[{\"@type\":\"ReadAction\",\"target\":[\"https:\/\/horticom.ee\/e-pood\/toode\/soogi-jooginou-dosaatoriga-break-double-use-065-l-helehall\/\"]}]},{\"@type\":\"ImageObject\",\"inLanguage\":\"ru-RU\",\"@id\":\"https:\/\/horticom.ee\/e-pood\/toode\/soogi-jooginou-dosaatoriga-break-double-use-065-l-helehall\/#primaryimage\",\"url\":\"https:\/\/horticom.ee\/e-pood\/wp-content\/uploads\/importedmedia\/product-2324139_0-6404102.jpg\",\"contentUrl\":\"https:\/\/horticom.ee\/e-pood\/wp-content\/uploads\/importedmedia\/product-2324139_0-6404102.jpg\",\"width\":999,\"height\":1352},{\"@type\":\"BreadcrumbList\",\"@id\":\"https:\/\/horticom.ee\/e-pood\/toode\/soogi-jooginou-dosaatoriga-break-double-use-065-l-helehall\/#breadcrumb\",\"itemListElement\":[{\"@type\":\"ListItem\",\"position\":1,\"name\":\"Home\",\"item\":\"https:\/\/horticom.ee\/e-pood\/\"},{\"@type\":\"ListItem\",\"position\":2,\"name\":\"Pood\",\"item\":\"https:\/\/horticom.ee\/e-pood\/pood\/\"},{\"@type\":\"ListItem\",\"position\":3,\"name\":\"S\u00f6\u00f6gi\/joogin\u00f5u dosaatoriga Break Double Use 0,65 L helehall\"}]},{\"@type\":\"WebSite\",\"@id\":\"https:\/\/horticom.ee\/e-pood\/#website\",\"url\":\"https:\/\/horticom.ee\/e-pood\/\",\"name\":\"Horticom.ee\",\"description\":\"Aianduskaubad ja kodukaubad nii harrastajatele kui professionaalidele\",\"potentialAction\":[{\"@type\":\"SearchAction\",\"target\":{\"@type\":\"EntryPoint\",\"urlTemplate\":\"https:\/\/horticom.ee\/e-pood\/?s={search_term_string}\"},\"query-input\":{\"@type\":\"PropertyValueSpecification\",\"valueRequired\":true,\"valueName\":\"search_term_string\"}}],\"inLanguage\":\"ru-RU\"}]}<\/script>\n<!-- \/ Yoast SEO plugin. -->","yoast_head_json":{"title":"S\u00f6\u00f6gi\/joogin\u00f5u dosaatoriga Break Double Use 0,65 L helehall - Horticom","robots":{"index":"index","follow":"follow","max-snippet":"max-snippet:-1","max-image-preview":"max-image-preview:large","max-video-preview":"max-video-preview:-1"},"canonical":"https:\/\/horticom.ee\/e-pood\/toode\/soogi-jooginou-dosaatoriga-break-double-use-065-l-helehall\/","og_locale":"ru_RU","og_type":"article","og_title":"S\u00f6\u00f6gi\/joogin\u00f5u dosaatoriga Break Double Use 0,65 L helehall - Horticom","og_description":"Kahefunktsiooniline dosaatoriga lemmikloomatarvik Break Double on praktiline vee- v\u00f5i kuivtoiduautomaat kassidele ja koertele. T\u00e4nu l\u00e4bipaistvale reservuaarile koos m\u00f5\u00f5teskaalaga on alati v\u00f5imalik n\u00e4ha sisemust. Seda on kiire ja lihtne puhastada ning integreeritud libisemisvastased sakid tagavad suurep\u00e4rase stabiilsuse ja p\u00fcsivuse. Valmistatud mittetoksilistest kvaliteetsetest materjalidest.","og_url":"https:\/\/horticom.ee\/e-pood\/toode\/soogi-jooginou-dosaatoriga-break-double-use-065-l-helehall\/","og_site_name":"Horticom.ee","article_publisher":"https:\/\/www.facebook.com\/horticom.ee\/e-pood","article_modified_time":"2026-04-06T00:14:22+00:00","og_image":[{"width":999,"height":1352,"url":"https:\/\/horticom.ee\/e-pood\/wp-content\/uploads\/importedmedia\/product-2324139_0-6404102.jpg","type":"image\/jpeg"}],"twitter_card":"summary_large_image","schema":{"@context":"https:\/\/schema.org","@graph":[{"@type":"WebPage","@id":"https:\/\/horticom.ee\/e-pood\/toode\/soogi-jooginou-dosaatoriga-break-double-use-065-l-helehall\/","url":"https:\/\/horticom.ee\/e-pood\/toode\/soogi-jooginou-dosaatoriga-break-double-use-065-l-helehall\/","name":"S\u00f6\u00f6gi\/joogin\u00f5u dosaatoriga Break Double Use 0,65 L helehall - Horticom","isPartOf":{"@id":"https:\/\/horticom.ee\/e-pood\/#website"},"primaryImageOfPage":{"@id":"https:\/\/horticom.ee\/e-pood\/toode\/soogi-jooginou-dosaatoriga-break-double-use-065-l-helehall\/#primaryimage"},"image":{"@id":"https:\/\/horticom.ee\/e-pood\/toode\/soogi-jooginou-dosaatoriga-break-double-use-065-l-helehall\/#primaryimage"},"thumbnailUrl":"https:\/\/horticom.ee\/e-pood\/wp-content\/uploads\/importedmedia\/product-2324139_0-6404102.jpg","datePublished":"2024-12-17T10:01:23+00:00","dateModified":"2026-04-06T00:14:22+00:00","breadcrumb":{"@id":"https:\/\/horticom.ee\/e-pood\/toode\/soogi-jooginou-dosaatoriga-break-double-use-065-l-helehall\/#breadcrumb"},"inLanguage":"ru-RU","potentialAction":[{"@type":"ReadAction","target":["https:\/\/horticom.ee\/e-pood\/toode\/soogi-jooginou-dosaatoriga-break-double-use-065-l-helehall\/"]}]},{"@type":"ImageObject","inLanguage":"ru-RU","@id":"https:\/\/horticom.ee\/e-pood\/toode\/soogi-jooginou-dosaatoriga-break-double-use-065-l-helehall\/#primaryimage","url":"https:\/\/horticom.ee\/e-pood\/wp-content\/uploads\/importedmedia\/product-2324139_0-6404102.jpg","contentUrl":"https:\/\/horticom.ee\/e-pood\/wp-content\/uploads\/importedmedia\/product-2324139_0-6404102.jpg","width":999,"height":1352},{"@type":"BreadcrumbList","@id":"https:\/\/horticom.ee\/e-pood\/toode\/soogi-jooginou-dosaatoriga-break-double-use-065-l-helehall\/#breadcrumb","itemListElement":[{"@type":"ListItem","position":1,"name":"Home","item":"https:\/\/horticom.ee\/e-pood\/"},{"@type":"ListItem","position":2,"name":"Pood","item":"https:\/\/horticom.ee\/e-pood\/pood\/"},{"@type":"ListItem","position":3,"name":"S\u00f6\u00f6gi\/joogin\u00f5u dosaatoriga Break Double Use 0,65 L helehall"}]},{"@type":"WebSite","@id":"https:\/\/horticom.ee\/e-pood\/#website","url":"https:\/\/horticom.ee\/e-pood\/","name":"Horticom.ee","description":"Aianduskaubad ja kodukaubad nii harrastajatele kui professionaalidele","potentialAction":[{"@type":"SearchAction","target":{"@type":"EntryPoint","urlTemplate":"https:\/\/horticom.ee\/e-pood\/?s={search_term_string}"},"query-input":{"@type":"PropertyValueSpecification","valueRequired":true,"valueName":"search_term_string"}}],"inLanguage":"ru-RU"}]}},"_links":{"self":[{"href":"https:\/\/horticom.ee\/e-pood\/ru\/wp-json\/wp\/v2\/product\/2324139","targetHints":{"allow":["GET"]}}],"collection":[{"href":"https:\/\/horticom.ee\/e-pood\/ru\/wp-json\/wp\/v2\/product"}],"about":[{"href":"https:\/\/horticom.ee\/e-pood\/ru\/wp-json\/wp\/v2\/types\/product"}],"replies":[{"embeddable":true,"href":"https:\/\/horticom.ee\/e-pood\/ru\/wp-json\/wp\/v2\/comments?post=2324139"}],"wp:featuredmedia":[{"embeddable":true,"href":"https:\/\/horticom.ee\/e-pood\/ru\/wp-json\/wp\/v2\/media\/2381948"}],"wp:attachment":[{"href":"https:\/\/horticom.ee\/e-pood\/ru\/wp-json\/wp\/v2\/media?parent=2324139"}],"wp:term":[{"taxonomy":"product_cat","embeddable":true,"href":"https:\/\/horticom.ee\/e-pood\/ru\/wp-json\/wp\/v2\/product_cat?post=2324139"},{"taxonomy":"product_tag","embeddable":true,"href":"https:\/\/horticom.ee\/e-pood\/ru\/wp-json\/wp\/v2\/product_tag?post=2324139"}],"curies":[{"name":"wp","href":"https:\/\/api.w.org\/{rel}","templated":true}]}}