{"id":2324154,"date":"2024-12-17T12:01:26","date_gmt":"2024-12-17T10:01:26","guid":{"rendered":"https:\/\/horticom.ee\/e-pood\/toode\/karbsepaber-aknale-lillemustriga-green-protect-6tk-pakis\/"},"modified":"2026-03-09T16:01:26","modified_gmt":"2026-03-09T14:01:26","slug":"karbsepaber-aknale-lillemustriga-green-protect-6tk-pakis","status":"publish","type":"product","link":"https:\/\/horticom.ee\/e-pood\/ru\/toode\/karbsepaber-aknale-lillemustriga-green-protect-6tk-pakis\/","title":{"rendered":"K\u00e4rbsepaber aknale lillemustriga Green Protect 6tk\/pakis"},"content":{"rendered":"<p>Kahepoolne kleeplint spetsiaalselt toak\u00e4rbestele  (Musca domestica) m\u00f5eldud meelitusainega, tagades nii  t\u00f5husa toime. Spetsiaalse mittekivistuva liimi p\u00f5him\u00f5te muudab toote kasutatavaks seni, kuni ribal on piisavalt kleepuvat pinda. Rullist on paberit kerge v\u00e4lja t\u00f5mmata, liimi nakkuvus on k\u00f5rge, ka k\u00e4rbeste n\u00f5rga kontakti korral.  Liimi viskoossus on m\u00e4\u00e4ratletud nii, et ka k\u00f5rgematel temperatuuridel ei hakka liim sulama. Atraktant on tugeva ahvatleva toimega, t\u00f5mmates ligi nii isaseid kui ka emaseid k\u00e4rbseid. T\u00e4nu \u00f5igele liimiriba pikkusele ja laiusele moodustab kleepriba efektiivse pinna, k\u00e4rbsepaberi puhul on selle  pikkus t\u00f5hus parameeter, sest k\u00e4rbsed lendavad k\u00e4rbsep\u00fc\u00fcnisele altpoolt.<\/p>\n","protected":false},"excerpt":{"rendered":"<p>Kahepoolne kleeplint spetsiaalselt toak\u00e4rbestele (Musca domestica) m\u00f5eldud meelitusainega, tagades nii t\u00f5husa toime. Spetsiaalse mittekivistuva liimi p\u00f5him\u00f5te muudab toote kasutatavaks seni, kuni ribal on piisavalt kleepuvat pinda. Rullist on paberit kerge v\u00e4lja t\u00f5mmata, liimi nakkuvus on k\u00f5rge, ka k\u00e4rbeste n\u00f5rga kontakti korral. Liimi viskoossus on m\u00e4\u00e4ratletud nii, et ka k\u00f5rgematel temperatuuridel ei hakka liim sulama. Atraktant [&hellip;]<\/p>\n","protected":false},"featured_media":2380048,"comment_status":"closed","ping_status":"closed","template":"","meta":{"_themeisle_gutenberg_block_has_review":false},"product_cat":[13597],"product_tag":[],"class_list":{"0":"post-2324154","1":"product","2":"type-product","3":"status-publish","4":"has-post-thumbnail","6":"product_cat-karbsed","8":"first","9":"outofstock","10":"shipping-taxable","11":"purchasable","12":"product-type-simple"},"yoast_head":"<!-- This site is optimized with the Yoast SEO plugin v24.0 - https:\/\/yoast.com\/wordpress\/plugins\/seo\/ -->\n<title>K\u00e4rbsepaber aknale lillemustriga Green Protect 6tk\/pakis - Horticom<\/title>\n<meta name=\"robots\" content=\"index, follow, max-snippet:-1, max-image-preview:large, max-video-preview:-1\" \/>\n<link rel=\"canonical\" href=\"https:\/\/horticom.ee\/e-pood\/toode\/karbsepaber-aknale-lillemustriga-green-protect-6tk-pakis\/\" \/>\n<meta property=\"og:locale\" content=\"ru_RU\" \/>\n<meta property=\"og:type\" content=\"article\" \/>\n<meta property=\"og:title\" content=\"K\u00e4rbsepaber aknale lillemustriga Green Protect 6tk\/pakis - Horticom\" \/>\n<meta property=\"og:description\" content=\"Kahepoolne kleeplint spetsiaalselt toak\u00e4rbestele (Musca domestica) m\u00f5eldud meelitusainega, tagades nii t\u00f5husa toime. Spetsiaalse mittekivistuva liimi p\u00f5him\u00f5te muudab toote kasutatavaks seni, kuni ribal on piisavalt kleepuvat pinda. Rullist on paberit kerge v\u00e4lja t\u00f5mmata, liimi nakkuvus on k\u00f5rge, ka k\u00e4rbeste n\u00f5rga kontakti korral. Liimi viskoossus on m\u00e4\u00e4ratletud nii, et ka k\u00f5rgematel temperatuuridel ei hakka liim sulama. Atraktant [&hellip;]\" \/>\n<meta property=\"og:url\" content=\"https:\/\/horticom.ee\/e-pood\/toode\/karbsepaber-aknale-lillemustriga-green-protect-6tk-pakis\/\" \/>\n<meta property=\"og:site_name\" content=\"Horticom.ee\" \/>\n<meta property=\"article:publisher\" content=\"https:\/\/www.facebook.com\/horticom.ee\/e-pood\" \/>\n<meta property=\"article:modified_time\" content=\"2026-03-09T14:01:26+00:00\" \/>\n<meta property=\"og:image\" content=\"https:\/\/horticom.ee\/e-pood\/wp-content\/uploads\/importedmedia\/product-2324154_0-P0017.jpg\" \/>\n\t<meta property=\"og:image:width\" content=\"1000\" \/>\n\t<meta property=\"og:image:height\" content=\"1000\" \/>\n\t<meta property=\"og:image:type\" content=\"image\/jpeg\" \/>\n<meta name=\"twitter:card\" content=\"summary_large_image\" \/>\n<meta name=\"twitter:label1\" content=\"\u041f\u0440\u0438\u043c\u0435\u0440\u043d\u043e\u0435 \u0432\u0440\u0435\u043c\u044f \u0434\u043b\u044f \u0447\u0442\u0435\u043d\u0438\u044f\" \/>\n\t<meta name=\"twitter:data1\" content=\"1 \u043c\u0438\u043d\u0443\u0442\u0430\" \/>\n<script type=\"application\/ld+json\" class=\"yoast-schema-graph\">{\"@context\":\"https:\/\/schema.org\",\"@graph\":[{\"@type\":\"WebPage\",\"@id\":\"https:\/\/horticom.ee\/e-pood\/toode\/karbsepaber-aknale-lillemustriga-green-protect-6tk-pakis\/\",\"url\":\"https:\/\/horticom.ee\/e-pood\/toode\/karbsepaber-aknale-lillemustriga-green-protect-6tk-pakis\/\",\"name\":\"K\u00e4rbsepaber aknale lillemustriga Green Protect 6tk\/pakis - Horticom\",\"isPartOf\":{\"@id\":\"https:\/\/horticom.ee\/e-pood\/#website\"},\"primaryImageOfPage\":{\"@id\":\"https:\/\/horticom.ee\/e-pood\/toode\/karbsepaber-aknale-lillemustriga-green-protect-6tk-pakis\/#primaryimage\"},\"image\":{\"@id\":\"https:\/\/horticom.ee\/e-pood\/toode\/karbsepaber-aknale-lillemustriga-green-protect-6tk-pakis\/#primaryimage\"},\"thumbnailUrl\":\"https:\/\/horticom.ee\/e-pood\/wp-content\/uploads\/importedmedia\/product-2324154_0-P0017.jpg\",\"datePublished\":\"2024-12-17T10:01:26+00:00\",\"dateModified\":\"2026-03-09T14:01:26+00:00\",\"breadcrumb\":{\"@id\":\"https:\/\/horticom.ee\/e-pood\/toode\/karbsepaber-aknale-lillemustriga-green-protect-6tk-pakis\/#breadcrumb\"},\"inLanguage\":\"ru-RU\",\"potentialAction\":[{\"@type\":\"ReadAction\",\"target\":[\"https:\/\/horticom.ee\/e-pood\/toode\/karbsepaber-aknale-lillemustriga-green-protect-6tk-pakis\/\"]}]},{\"@type\":\"ImageObject\",\"inLanguage\":\"ru-RU\",\"@id\":\"https:\/\/horticom.ee\/e-pood\/toode\/karbsepaber-aknale-lillemustriga-green-protect-6tk-pakis\/#primaryimage\",\"url\":\"https:\/\/horticom.ee\/e-pood\/wp-content\/uploads\/importedmedia\/product-2324154_0-P0017.jpg\",\"contentUrl\":\"https:\/\/horticom.ee\/e-pood\/wp-content\/uploads\/importedmedia\/product-2324154_0-P0017.jpg\",\"width\":1000,\"height\":1000},{\"@type\":\"BreadcrumbList\",\"@id\":\"https:\/\/horticom.ee\/e-pood\/toode\/karbsepaber-aknale-lillemustriga-green-protect-6tk-pakis\/#breadcrumb\",\"itemListElement\":[{\"@type\":\"ListItem\",\"position\":1,\"name\":\"Home\",\"item\":\"https:\/\/horticom.ee\/e-pood\/\"},{\"@type\":\"ListItem\",\"position\":2,\"name\":\"Pood\",\"item\":\"https:\/\/horticom.ee\/e-pood\/pood\/\"},{\"@type\":\"ListItem\",\"position\":3,\"name\":\"K\u00e4rbsepaber aknale lillemustriga Green Protect 6tk\/pakis\"}]},{\"@type\":\"WebSite\",\"@id\":\"https:\/\/horticom.ee\/e-pood\/#website\",\"url\":\"https:\/\/horticom.ee\/e-pood\/\",\"name\":\"Horticom.ee\",\"description\":\"Aianduskaubad ja kodukaubad nii harrastajatele kui professionaalidele\",\"potentialAction\":[{\"@type\":\"SearchAction\",\"target\":{\"@type\":\"EntryPoint\",\"urlTemplate\":\"https:\/\/horticom.ee\/e-pood\/?s={search_term_string}\"},\"query-input\":{\"@type\":\"PropertyValueSpecification\",\"valueRequired\":true,\"valueName\":\"search_term_string\"}}],\"inLanguage\":\"ru-RU\"}]}<\/script>\n<!-- \/ Yoast SEO plugin. -->","yoast_head_json":{"title":"K\u00e4rbsepaber aknale lillemustriga Green Protect 6tk\/pakis - Horticom","robots":{"index":"index","follow":"follow","max-snippet":"max-snippet:-1","max-image-preview":"max-image-preview:large","max-video-preview":"max-video-preview:-1"},"canonical":"https:\/\/horticom.ee\/e-pood\/toode\/karbsepaber-aknale-lillemustriga-green-protect-6tk-pakis\/","og_locale":"ru_RU","og_type":"article","og_title":"K\u00e4rbsepaber aknale lillemustriga Green Protect 6tk\/pakis - Horticom","og_description":"Kahepoolne kleeplint spetsiaalselt toak\u00e4rbestele (Musca domestica) m\u00f5eldud meelitusainega, tagades nii t\u00f5husa toime. Spetsiaalse mittekivistuva liimi p\u00f5him\u00f5te muudab toote kasutatavaks seni, kuni ribal on piisavalt kleepuvat pinda. Rullist on paberit kerge v\u00e4lja t\u00f5mmata, liimi nakkuvus on k\u00f5rge, ka k\u00e4rbeste n\u00f5rga kontakti korral. Liimi viskoossus on m\u00e4\u00e4ratletud nii, et ka k\u00f5rgematel temperatuuridel ei hakka liim sulama. Atraktant [&hellip;]","og_url":"https:\/\/horticom.ee\/e-pood\/toode\/karbsepaber-aknale-lillemustriga-green-protect-6tk-pakis\/","og_site_name":"Horticom.ee","article_publisher":"https:\/\/www.facebook.com\/horticom.ee\/e-pood","article_modified_time":"2026-03-09T14:01:26+00:00","og_image":[{"width":1000,"height":1000,"url":"https:\/\/horticom.ee\/e-pood\/wp-content\/uploads\/importedmedia\/product-2324154_0-P0017.jpg","type":"image\/jpeg"}],"twitter_card":"summary_large_image","twitter_misc":{"\u041f\u0440\u0438\u043c\u0435\u0440\u043d\u043e\u0435 \u0432\u0440\u0435\u043c\u044f \u0434\u043b\u044f \u0447\u0442\u0435\u043d\u0438\u044f":"1 \u043c\u0438\u043d\u0443\u0442\u0430"},"schema":{"@context":"https:\/\/schema.org","@graph":[{"@type":"WebPage","@id":"https:\/\/horticom.ee\/e-pood\/toode\/karbsepaber-aknale-lillemustriga-green-protect-6tk-pakis\/","url":"https:\/\/horticom.ee\/e-pood\/toode\/karbsepaber-aknale-lillemustriga-green-protect-6tk-pakis\/","name":"K\u00e4rbsepaber aknale lillemustriga Green Protect 6tk\/pakis - Horticom","isPartOf":{"@id":"https:\/\/horticom.ee\/e-pood\/#website"},"primaryImageOfPage":{"@id":"https:\/\/horticom.ee\/e-pood\/toode\/karbsepaber-aknale-lillemustriga-green-protect-6tk-pakis\/#primaryimage"},"image":{"@id":"https:\/\/horticom.ee\/e-pood\/toode\/karbsepaber-aknale-lillemustriga-green-protect-6tk-pakis\/#primaryimage"},"thumbnailUrl":"https:\/\/horticom.ee\/e-pood\/wp-content\/uploads\/importedmedia\/product-2324154_0-P0017.jpg","datePublished":"2024-12-17T10:01:26+00:00","dateModified":"2026-03-09T14:01:26+00:00","breadcrumb":{"@id":"https:\/\/horticom.ee\/e-pood\/toode\/karbsepaber-aknale-lillemustriga-green-protect-6tk-pakis\/#breadcrumb"},"inLanguage":"ru-RU","potentialAction":[{"@type":"ReadAction","target":["https:\/\/horticom.ee\/e-pood\/toode\/karbsepaber-aknale-lillemustriga-green-protect-6tk-pakis\/"]}]},{"@type":"ImageObject","inLanguage":"ru-RU","@id":"https:\/\/horticom.ee\/e-pood\/toode\/karbsepaber-aknale-lillemustriga-green-protect-6tk-pakis\/#primaryimage","url":"https:\/\/horticom.ee\/e-pood\/wp-content\/uploads\/importedmedia\/product-2324154_0-P0017.jpg","contentUrl":"https:\/\/horticom.ee\/e-pood\/wp-content\/uploads\/importedmedia\/product-2324154_0-P0017.jpg","width":1000,"height":1000},{"@type":"BreadcrumbList","@id":"https:\/\/horticom.ee\/e-pood\/toode\/karbsepaber-aknale-lillemustriga-green-protect-6tk-pakis\/#breadcrumb","itemListElement":[{"@type":"ListItem","position":1,"name":"Home","item":"https:\/\/horticom.ee\/e-pood\/"},{"@type":"ListItem","position":2,"name":"Pood","item":"https:\/\/horticom.ee\/e-pood\/pood\/"},{"@type":"ListItem","position":3,"name":"K\u00e4rbsepaber aknale lillemustriga Green Protect 6tk\/pakis"}]},{"@type":"WebSite","@id":"https:\/\/horticom.ee\/e-pood\/#website","url":"https:\/\/horticom.ee\/e-pood\/","name":"Horticom.ee","description":"Aianduskaubad ja kodukaubad nii harrastajatele kui professionaalidele","potentialAction":[{"@type":"SearchAction","target":{"@type":"EntryPoint","urlTemplate":"https:\/\/horticom.ee\/e-pood\/?s={search_term_string}"},"query-input":{"@type":"PropertyValueSpecification","valueRequired":true,"valueName":"search_term_string"}}],"inLanguage":"ru-RU"}]}},"_links":{"self":[{"href":"https:\/\/horticom.ee\/e-pood\/ru\/wp-json\/wp\/v2\/product\/2324154","targetHints":{"allow":["GET"]}}],"collection":[{"href":"https:\/\/horticom.ee\/e-pood\/ru\/wp-json\/wp\/v2\/product"}],"about":[{"href":"https:\/\/horticom.ee\/e-pood\/ru\/wp-json\/wp\/v2\/types\/product"}],"replies":[{"embeddable":true,"href":"https:\/\/horticom.ee\/e-pood\/ru\/wp-json\/wp\/v2\/comments?post=2324154"}],"wp:featuredmedia":[{"embeddable":true,"href":"https:\/\/horticom.ee\/e-pood\/ru\/wp-json\/wp\/v2\/media\/2380048"}],"wp:attachment":[{"href":"https:\/\/horticom.ee\/e-pood\/ru\/wp-json\/wp\/v2\/media?parent=2324154"}],"wp:term":[{"taxonomy":"product_cat","embeddable":true,"href":"https:\/\/horticom.ee\/e-pood\/ru\/wp-json\/wp\/v2\/product_cat?post=2324154"},{"taxonomy":"product_tag","embeddable":true,"href":"https:\/\/horticom.ee\/e-pood\/ru\/wp-json\/wp\/v2\/product_tag?post=2324154"}],"curies":[{"name":"wp","href":"https:\/\/api.w.org\/{rel}","templated":true}]}}