{"id":2324155,"date":"2024-12-17T12:01:26","date_gmt":"2024-12-17T10:01:26","guid":{"rendered":"https:\/\/horticom.ee\/e-pood\/toode\/toidukoi-liimpuunis-feromooniga-green-protect-2tk-pakis\/"},"modified":"2026-05-14T03:12:19","modified_gmt":"2026-05-14T00:12:19","slug":"toidukoi-liimpuunis-feromooniga-green-protect-2tk-pakis","status":"publish","type":"product","link":"https:\/\/horticom.ee\/e-pood\/ru\/toode\/toidukoi-liimpuunis-feromooniga-green-protect-2tk-pakis\/","title":{"rendered":"Toidukoi liimp\u00fc\u00fcnis feromooniga Green Protect 2tk\/pakis"},"content":{"rendered":"<p>T\u00f5hus vahend toiduaineid kahjustavate toidukoide (Plodia\/Ephestia) esinemise monitoorimiseks (koide t\u00f5rjeks v\u00f5ib seej\u00e4rel kasutada vastavaid t\u00f5rjevahendeid). P\u00fc\u00fcnis sisaldab toidukoisid ligimeelitavat feromooni, koid j\u00e4\u00e4vad p\u00fc\u00fcnise liimpinnale kinni. P\u00fc\u00fcnise konstruktsioon v\u00f5imaldab p\u00fc\u00fcnist nii riputada kui ka tasapinnale asetada.<br \/>\nLiimpinna kleepumisomadused p\u00fcsivad pikemat aega &#8211; 6-8 n\u00e4dalat.<br \/>\nGreen Protect toidukoide p\u00fc\u00fcnis on l\u00f5hnatu.<\/p>\n","protected":false},"excerpt":{"rendered":"<p>T\u00f5hus vahend toiduaineid kahjustavate toidukoide (Plodia\/Ephestia) esinemise monitoorimiseks (koide t\u00f5rjeks v\u00f5ib seej\u00e4rel kasutada vastavaid t\u00f5rjevahendeid). P\u00fc\u00fcnis sisaldab toidukoisid ligimeelitavat feromooni, koid j\u00e4\u00e4vad p\u00fc\u00fcnise liimpinnale kinni. P\u00fc\u00fcnise konstruktsioon v\u00f5imaldab p\u00fc\u00fcnist nii riputada kui ka tasapinnale asetada. Liimpinna kleepumisomadused p\u00fcsivad pikemat aega &#8211; 6-8 n\u00e4dalat. Green Protect toidukoide p\u00fc\u00fcnis on l\u00f5hnatu.<\/p>\n","protected":false},"featured_media":2380046,"comment_status":"closed","ping_status":"closed","template":"","meta":{"_themeisle_gutenberg_block_has_review":false},"product_cat":[18342,13603],"product_tag":[],"class_list":{"0":"post-2324155","1":"product","2":"type-product","3":"status-publish","4":"has-post-thumbnail","6":"product_cat-feromoonpuunised","7":"product_cat-koid","9":"first","10":"instock","11":"shipping-taxable","12":"purchasable","13":"product-type-simple"},"yoast_head":"<!-- This site is optimized with the Yoast SEO plugin v24.0 - https:\/\/yoast.com\/wordpress\/plugins\/seo\/ -->\n<title>Toidukoi liimp\u00fc\u00fcnis feromooniga Green Protect 2tk\/pakis - Horticom<\/title>\n<meta name=\"robots\" content=\"index, follow, max-snippet:-1, max-image-preview:large, max-video-preview:-1\" \/>\n<link rel=\"canonical\" href=\"https:\/\/horticom.ee\/e-pood\/toode\/toidukoi-liimpuunis-feromooniga-green-protect-2tk-pakis\/\" \/>\n<meta property=\"og:locale\" content=\"ru_RU\" \/>\n<meta property=\"og:type\" content=\"article\" \/>\n<meta property=\"og:title\" content=\"Toidukoi liimp\u00fc\u00fcnis feromooniga Green Protect 2tk\/pakis - Horticom\" \/>\n<meta property=\"og:description\" content=\"T\u00f5hus vahend toiduaineid kahjustavate toidukoide (Plodia\/Ephestia) esinemise monitoorimiseks (koide t\u00f5rjeks v\u00f5ib seej\u00e4rel kasutada vastavaid t\u00f5rjevahendeid). P\u00fc\u00fcnis sisaldab toidukoisid ligimeelitavat feromooni, koid j\u00e4\u00e4vad p\u00fc\u00fcnise liimpinnale kinni. P\u00fc\u00fcnise konstruktsioon v\u00f5imaldab p\u00fc\u00fcnist nii riputada kui ka tasapinnale asetada. Liimpinna kleepumisomadused p\u00fcsivad pikemat aega &#8211; 6-8 n\u00e4dalat. Green Protect toidukoide p\u00fc\u00fcnis on l\u00f5hnatu.\" \/>\n<meta property=\"og:url\" content=\"https:\/\/horticom.ee\/e-pood\/toode\/toidukoi-liimpuunis-feromooniga-green-protect-2tk-pakis\/\" \/>\n<meta property=\"og:site_name\" content=\"Horticom.ee\" \/>\n<meta property=\"article:publisher\" content=\"https:\/\/www.facebook.com\/horticom.ee\/e-pood\" \/>\n<meta property=\"article:modified_time\" content=\"2026-05-14T00:12:19+00:00\" \/>\n<meta property=\"og:image\" content=\"https:\/\/horticom.ee\/e-pood\/wp-content\/uploads\/importedmedia\/product-2324155_0-P0018.jpg\" \/>\n\t<meta property=\"og:image:width\" content=\"1000\" \/>\n\t<meta property=\"og:image:height\" content=\"1000\" \/>\n\t<meta property=\"og:image:type\" content=\"image\/jpeg\" \/>\n<meta name=\"twitter:card\" content=\"summary_large_image\" \/>\n<script type=\"application\/ld+json\" class=\"yoast-schema-graph\">{\"@context\":\"https:\/\/schema.org\",\"@graph\":[{\"@type\":\"WebPage\",\"@id\":\"https:\/\/horticom.ee\/e-pood\/toode\/toidukoi-liimpuunis-feromooniga-green-protect-2tk-pakis\/\",\"url\":\"https:\/\/horticom.ee\/e-pood\/toode\/toidukoi-liimpuunis-feromooniga-green-protect-2tk-pakis\/\",\"name\":\"Toidukoi liimp\u00fc\u00fcnis feromooniga Green Protect 2tk\/pakis - Horticom\",\"isPartOf\":{\"@id\":\"https:\/\/horticom.ee\/e-pood\/#website\"},\"primaryImageOfPage\":{\"@id\":\"https:\/\/horticom.ee\/e-pood\/toode\/toidukoi-liimpuunis-feromooniga-green-protect-2tk-pakis\/#primaryimage\"},\"image\":{\"@id\":\"https:\/\/horticom.ee\/e-pood\/toode\/toidukoi-liimpuunis-feromooniga-green-protect-2tk-pakis\/#primaryimage\"},\"thumbnailUrl\":\"https:\/\/horticom.ee\/e-pood\/wp-content\/uploads\/importedmedia\/product-2324155_0-P0018.jpg\",\"datePublished\":\"2024-12-17T10:01:26+00:00\",\"dateModified\":\"2026-05-14T00:12:19+00:00\",\"breadcrumb\":{\"@id\":\"https:\/\/horticom.ee\/e-pood\/toode\/toidukoi-liimpuunis-feromooniga-green-protect-2tk-pakis\/#breadcrumb\"},\"inLanguage\":\"ru-RU\",\"potentialAction\":[{\"@type\":\"ReadAction\",\"target\":[\"https:\/\/horticom.ee\/e-pood\/toode\/toidukoi-liimpuunis-feromooniga-green-protect-2tk-pakis\/\"]}]},{\"@type\":\"ImageObject\",\"inLanguage\":\"ru-RU\",\"@id\":\"https:\/\/horticom.ee\/e-pood\/toode\/toidukoi-liimpuunis-feromooniga-green-protect-2tk-pakis\/#primaryimage\",\"url\":\"https:\/\/horticom.ee\/e-pood\/wp-content\/uploads\/importedmedia\/product-2324155_0-P0018.jpg\",\"contentUrl\":\"https:\/\/horticom.ee\/e-pood\/wp-content\/uploads\/importedmedia\/product-2324155_0-P0018.jpg\",\"width\":1000,\"height\":1000},{\"@type\":\"BreadcrumbList\",\"@id\":\"https:\/\/horticom.ee\/e-pood\/toode\/toidukoi-liimpuunis-feromooniga-green-protect-2tk-pakis\/#breadcrumb\",\"itemListElement\":[{\"@type\":\"ListItem\",\"position\":1,\"name\":\"Home\",\"item\":\"https:\/\/horticom.ee\/e-pood\/\"},{\"@type\":\"ListItem\",\"position\":2,\"name\":\"Pood\",\"item\":\"https:\/\/horticom.ee\/e-pood\/pood\/\"},{\"@type\":\"ListItem\",\"position\":3,\"name\":\"Toidukoi liimp\u00fc\u00fcnis feromooniga Green Protect 2tk\/pakis\"}]},{\"@type\":\"WebSite\",\"@id\":\"https:\/\/horticom.ee\/e-pood\/#website\",\"url\":\"https:\/\/horticom.ee\/e-pood\/\",\"name\":\"Horticom.ee\",\"description\":\"Aianduskaubad ja kodukaubad nii harrastajatele kui professionaalidele\",\"potentialAction\":[{\"@type\":\"SearchAction\",\"target\":{\"@type\":\"EntryPoint\",\"urlTemplate\":\"https:\/\/horticom.ee\/e-pood\/?s={search_term_string}\"},\"query-input\":{\"@type\":\"PropertyValueSpecification\",\"valueRequired\":true,\"valueName\":\"search_term_string\"}}],\"inLanguage\":\"ru-RU\"}]}<\/script>\n<!-- \/ Yoast SEO plugin. -->","yoast_head_json":{"title":"Toidukoi liimp\u00fc\u00fcnis feromooniga Green Protect 2tk\/pakis - Horticom","robots":{"index":"index","follow":"follow","max-snippet":"max-snippet:-1","max-image-preview":"max-image-preview:large","max-video-preview":"max-video-preview:-1"},"canonical":"https:\/\/horticom.ee\/e-pood\/toode\/toidukoi-liimpuunis-feromooniga-green-protect-2tk-pakis\/","og_locale":"ru_RU","og_type":"article","og_title":"Toidukoi liimp\u00fc\u00fcnis feromooniga Green Protect 2tk\/pakis - Horticom","og_description":"T\u00f5hus vahend toiduaineid kahjustavate toidukoide (Plodia\/Ephestia) esinemise monitoorimiseks (koide t\u00f5rjeks v\u00f5ib seej\u00e4rel kasutada vastavaid t\u00f5rjevahendeid). P\u00fc\u00fcnis sisaldab toidukoisid ligimeelitavat feromooni, koid j\u00e4\u00e4vad p\u00fc\u00fcnise liimpinnale kinni. P\u00fc\u00fcnise konstruktsioon v\u00f5imaldab p\u00fc\u00fcnist nii riputada kui ka tasapinnale asetada. Liimpinna kleepumisomadused p\u00fcsivad pikemat aega &#8211; 6-8 n\u00e4dalat. Green Protect toidukoide p\u00fc\u00fcnis on l\u00f5hnatu.","og_url":"https:\/\/horticom.ee\/e-pood\/toode\/toidukoi-liimpuunis-feromooniga-green-protect-2tk-pakis\/","og_site_name":"Horticom.ee","article_publisher":"https:\/\/www.facebook.com\/horticom.ee\/e-pood","article_modified_time":"2026-05-14T00:12:19+00:00","og_image":[{"width":1000,"height":1000,"url":"https:\/\/horticom.ee\/e-pood\/wp-content\/uploads\/importedmedia\/product-2324155_0-P0018.jpg","type":"image\/jpeg"}],"twitter_card":"summary_large_image","schema":{"@context":"https:\/\/schema.org","@graph":[{"@type":"WebPage","@id":"https:\/\/horticom.ee\/e-pood\/toode\/toidukoi-liimpuunis-feromooniga-green-protect-2tk-pakis\/","url":"https:\/\/horticom.ee\/e-pood\/toode\/toidukoi-liimpuunis-feromooniga-green-protect-2tk-pakis\/","name":"Toidukoi liimp\u00fc\u00fcnis feromooniga Green Protect 2tk\/pakis - Horticom","isPartOf":{"@id":"https:\/\/horticom.ee\/e-pood\/#website"},"primaryImageOfPage":{"@id":"https:\/\/horticom.ee\/e-pood\/toode\/toidukoi-liimpuunis-feromooniga-green-protect-2tk-pakis\/#primaryimage"},"image":{"@id":"https:\/\/horticom.ee\/e-pood\/toode\/toidukoi-liimpuunis-feromooniga-green-protect-2tk-pakis\/#primaryimage"},"thumbnailUrl":"https:\/\/horticom.ee\/e-pood\/wp-content\/uploads\/importedmedia\/product-2324155_0-P0018.jpg","datePublished":"2024-12-17T10:01:26+00:00","dateModified":"2026-05-14T00:12:19+00:00","breadcrumb":{"@id":"https:\/\/horticom.ee\/e-pood\/toode\/toidukoi-liimpuunis-feromooniga-green-protect-2tk-pakis\/#breadcrumb"},"inLanguage":"ru-RU","potentialAction":[{"@type":"ReadAction","target":["https:\/\/horticom.ee\/e-pood\/toode\/toidukoi-liimpuunis-feromooniga-green-protect-2tk-pakis\/"]}]},{"@type":"ImageObject","inLanguage":"ru-RU","@id":"https:\/\/horticom.ee\/e-pood\/toode\/toidukoi-liimpuunis-feromooniga-green-protect-2tk-pakis\/#primaryimage","url":"https:\/\/horticom.ee\/e-pood\/wp-content\/uploads\/importedmedia\/product-2324155_0-P0018.jpg","contentUrl":"https:\/\/horticom.ee\/e-pood\/wp-content\/uploads\/importedmedia\/product-2324155_0-P0018.jpg","width":1000,"height":1000},{"@type":"BreadcrumbList","@id":"https:\/\/horticom.ee\/e-pood\/toode\/toidukoi-liimpuunis-feromooniga-green-protect-2tk-pakis\/#breadcrumb","itemListElement":[{"@type":"ListItem","position":1,"name":"Home","item":"https:\/\/horticom.ee\/e-pood\/"},{"@type":"ListItem","position":2,"name":"Pood","item":"https:\/\/horticom.ee\/e-pood\/pood\/"},{"@type":"ListItem","position":3,"name":"Toidukoi liimp\u00fc\u00fcnis feromooniga Green Protect 2tk\/pakis"}]},{"@type":"WebSite","@id":"https:\/\/horticom.ee\/e-pood\/#website","url":"https:\/\/horticom.ee\/e-pood\/","name":"Horticom.ee","description":"Aianduskaubad ja kodukaubad nii harrastajatele kui professionaalidele","potentialAction":[{"@type":"SearchAction","target":{"@type":"EntryPoint","urlTemplate":"https:\/\/horticom.ee\/e-pood\/?s={search_term_string}"},"query-input":{"@type":"PropertyValueSpecification","valueRequired":true,"valueName":"search_term_string"}}],"inLanguage":"ru-RU"}]}},"_links":{"self":[{"href":"https:\/\/horticom.ee\/e-pood\/ru\/wp-json\/wp\/v2\/product\/2324155","targetHints":{"allow":["GET"]}}],"collection":[{"href":"https:\/\/horticom.ee\/e-pood\/ru\/wp-json\/wp\/v2\/product"}],"about":[{"href":"https:\/\/horticom.ee\/e-pood\/ru\/wp-json\/wp\/v2\/types\/product"}],"replies":[{"embeddable":true,"href":"https:\/\/horticom.ee\/e-pood\/ru\/wp-json\/wp\/v2\/comments?post=2324155"}],"wp:featuredmedia":[{"embeddable":true,"href":"https:\/\/horticom.ee\/e-pood\/ru\/wp-json\/wp\/v2\/media\/2380046"}],"wp:attachment":[{"href":"https:\/\/horticom.ee\/e-pood\/ru\/wp-json\/wp\/v2\/media?parent=2324155"}],"wp:term":[{"taxonomy":"product_cat","embeddable":true,"href":"https:\/\/horticom.ee\/e-pood\/ru\/wp-json\/wp\/v2\/product_cat?post=2324155"},{"taxonomy":"product_tag","embeddable":true,"href":"https:\/\/horticom.ee\/e-pood\/ru\/wp-json\/wp\/v2\/product_tag?post=2324155"}],"curies":[{"name":"wp","href":"https:\/\/api.w.org\/{rel}","templated":true}]}}