{"id":2324174,"date":"2024-12-17T12:01:31","date_gmt":"2024-12-17T10:01:31","guid":{"rendered":"https:\/\/horticom.ee\/e-pood\/toode\/voodilutikate-monitoorimispuunised-bugstop-4tk\/"},"modified":"2026-05-13T03:13:14","modified_gmt":"2026-05-13T00:13:14","slug":"voodilutikate-monitoorimispuunised-bugstop-4tk","status":"publish","type":"product","link":"https:\/\/horticom.ee\/e-pood\/ru\/toode\/voodilutikate-monitoorimispuunised-bugstop-4tk\/","title":{"rendered":"Voodilutikate monitoorimisp\u00fc\u00fcnised BugStop 4tk"},"content":{"rendered":"<p>M\u00f5eldud lutikate monitoorimiseks. Positiivse tuvastamise korral kasutage sobivat insektitsiidi. \u00dchepoolne liimp\u00fc\u00fcnis voodilutika (Cimex lectularius) tuvastamiseks. Komplekt sisaldab nelja liimp\u00fc\u00fcnist. BugStop\u2019i p\u00fc\u00fcnis v\u00f5ib takistada madratsi nakatumist lutikatega. Inimese kehatemperatuur ja v\u00e4ljahingatav s\u00fcsihappegaas meelitavad ligi voodilutikaid. Insektitsiididest vaba BugStop p\u00fc\u00fcnis toimib f\u00fc\u00fcsilise barj\u00e4\u00e4rina lutikate p\u00fc\u00fcdmisel v\u00f5i ennetamisel.<\/p>\n","protected":false},"excerpt":{"rendered":"<p>M\u00f5eldud lutikate monitoorimiseks. Positiivse tuvastamise korral kasutage sobivat insektitsiidi. \u00dchepoolne liimp\u00fc\u00fcnis voodilutika (Cimex lectularius) tuvastamiseks. Komplekt sisaldab nelja liimp\u00fc\u00fcnist. BugStop\u2019i p\u00fc\u00fcnis v\u00f5ib takistada madratsi nakatumist lutikatega. Inimese kehatemperatuur ja v\u00e4ljahingatav s\u00fcsihappegaas meelitavad ligi voodilutikaid. Insektitsiididest vaba BugStop p\u00fc\u00fcnis toimib f\u00fc\u00fcsilise barj\u00e4\u00e4rina lutikate p\u00fc\u00fcdmisel v\u00f5i ennetamisel.<\/p>\n","protected":false},"featured_media":2382570,"comment_status":"closed","ping_status":"closed","template":"","meta":{"_themeisle_gutenberg_block_has_review":false},"product_cat":[14748],"product_tag":[],"class_list":{"0":"post-2324174","1":"product","2":"type-product","3":"status-publish","4":"has-post-thumbnail","6":"product_cat-monitooring","8":"first","9":"instock","10":"shipping-taxable","11":"purchasable","12":"product-type-simple"},"yoast_head":"<!-- This site is optimized with the Yoast SEO plugin v24.0 - https:\/\/yoast.com\/wordpress\/plugins\/seo\/ -->\n<title>Voodilutikate monitoorimisp\u00fc\u00fcnised BugStop 4tk - Horticom<\/title>\n<meta name=\"robots\" content=\"index, follow, max-snippet:-1, max-image-preview:large, max-video-preview:-1\" \/>\n<link rel=\"canonical\" href=\"https:\/\/horticom.ee\/e-pood\/toode\/voodilutikate-monitoorimispuunised-bugstop-4tk\/\" \/>\n<meta property=\"og:locale\" content=\"ru_RU\" \/>\n<meta property=\"og:type\" content=\"article\" \/>\n<meta property=\"og:title\" content=\"Voodilutikate monitoorimisp\u00fc\u00fcnised BugStop 4tk - Horticom\" \/>\n<meta property=\"og:description\" content=\"M\u00f5eldud lutikate monitoorimiseks. Positiivse tuvastamise korral kasutage sobivat insektitsiidi. \u00dchepoolne liimp\u00fc\u00fcnis voodilutika (Cimex lectularius) tuvastamiseks. Komplekt sisaldab nelja liimp\u00fc\u00fcnist. BugStop\u2019i p\u00fc\u00fcnis v\u00f5ib takistada madratsi nakatumist lutikatega. Inimese kehatemperatuur ja v\u00e4ljahingatav s\u00fcsihappegaas meelitavad ligi voodilutikaid. Insektitsiididest vaba BugStop p\u00fc\u00fcnis toimib f\u00fc\u00fcsilise barj\u00e4\u00e4rina lutikate p\u00fc\u00fcdmisel v\u00f5i ennetamisel.\" \/>\n<meta property=\"og:url\" content=\"https:\/\/horticom.ee\/e-pood\/toode\/voodilutikate-monitoorimispuunised-bugstop-4tk\/\" \/>\n<meta property=\"og:site_name\" content=\"Horticom.ee\" \/>\n<meta property=\"article:publisher\" content=\"https:\/\/www.facebook.com\/horticom.ee\/e-pood\" \/>\n<meta property=\"article:modified_time\" content=\"2026-05-13T00:13:14+00:00\" \/>\n<meta property=\"og:image\" content=\"https:\/\/horticom.ee\/e-pood\/wp-content\/uploads\/importedmedia\/product-2324174_0-P0025.jpg\" \/>\n\t<meta property=\"og:image:width\" content=\"999\" \/>\n\t<meta property=\"og:image:height\" content=\"660\" \/>\n\t<meta property=\"og:image:type\" content=\"image\/jpeg\" \/>\n<meta name=\"twitter:card\" content=\"summary_large_image\" \/>\n<script type=\"application\/ld+json\" class=\"yoast-schema-graph\">{\"@context\":\"https:\/\/schema.org\",\"@graph\":[{\"@type\":\"WebPage\",\"@id\":\"https:\/\/horticom.ee\/e-pood\/toode\/voodilutikate-monitoorimispuunised-bugstop-4tk\/\",\"url\":\"https:\/\/horticom.ee\/e-pood\/toode\/voodilutikate-monitoorimispuunised-bugstop-4tk\/\",\"name\":\"Voodilutikate monitoorimisp\u00fc\u00fcnised BugStop 4tk - Horticom\",\"isPartOf\":{\"@id\":\"https:\/\/horticom.ee\/e-pood\/#website\"},\"primaryImageOfPage\":{\"@id\":\"https:\/\/horticom.ee\/e-pood\/toode\/voodilutikate-monitoorimispuunised-bugstop-4tk\/#primaryimage\"},\"image\":{\"@id\":\"https:\/\/horticom.ee\/e-pood\/toode\/voodilutikate-monitoorimispuunised-bugstop-4tk\/#primaryimage\"},\"thumbnailUrl\":\"https:\/\/horticom.ee\/e-pood\/wp-content\/uploads\/importedmedia\/product-2324174_0-P0025.jpg\",\"datePublished\":\"2024-12-17T10:01:31+00:00\",\"dateModified\":\"2026-05-13T00:13:14+00:00\",\"breadcrumb\":{\"@id\":\"https:\/\/horticom.ee\/e-pood\/toode\/voodilutikate-monitoorimispuunised-bugstop-4tk\/#breadcrumb\"},\"inLanguage\":\"ru-RU\",\"potentialAction\":[{\"@type\":\"ReadAction\",\"target\":[\"https:\/\/horticom.ee\/e-pood\/toode\/voodilutikate-monitoorimispuunised-bugstop-4tk\/\"]}]},{\"@type\":\"ImageObject\",\"inLanguage\":\"ru-RU\",\"@id\":\"https:\/\/horticom.ee\/e-pood\/toode\/voodilutikate-monitoorimispuunised-bugstop-4tk\/#primaryimage\",\"url\":\"https:\/\/horticom.ee\/e-pood\/wp-content\/uploads\/importedmedia\/product-2324174_0-P0025.jpg\",\"contentUrl\":\"https:\/\/horticom.ee\/e-pood\/wp-content\/uploads\/importedmedia\/product-2324174_0-P0025.jpg\",\"width\":999,\"height\":660},{\"@type\":\"BreadcrumbList\",\"@id\":\"https:\/\/horticom.ee\/e-pood\/toode\/voodilutikate-monitoorimispuunised-bugstop-4tk\/#breadcrumb\",\"itemListElement\":[{\"@type\":\"ListItem\",\"position\":1,\"name\":\"Home\",\"item\":\"https:\/\/horticom.ee\/e-pood\/\"},{\"@type\":\"ListItem\",\"position\":2,\"name\":\"Pood\",\"item\":\"https:\/\/horticom.ee\/e-pood\/pood\/\"},{\"@type\":\"ListItem\",\"position\":3,\"name\":\"Voodilutikate monitoorimisp\u00fc\u00fcnised BugStop 4tk\"}]},{\"@type\":\"WebSite\",\"@id\":\"https:\/\/horticom.ee\/e-pood\/#website\",\"url\":\"https:\/\/horticom.ee\/e-pood\/\",\"name\":\"Horticom.ee\",\"description\":\"Aianduskaubad ja kodukaubad nii harrastajatele kui professionaalidele\",\"potentialAction\":[{\"@type\":\"SearchAction\",\"target\":{\"@type\":\"EntryPoint\",\"urlTemplate\":\"https:\/\/horticom.ee\/e-pood\/?s={search_term_string}\"},\"query-input\":{\"@type\":\"PropertyValueSpecification\",\"valueRequired\":true,\"valueName\":\"search_term_string\"}}],\"inLanguage\":\"ru-RU\"}]}<\/script>\n<!-- \/ Yoast SEO plugin. -->","yoast_head_json":{"title":"Voodilutikate monitoorimisp\u00fc\u00fcnised BugStop 4tk - Horticom","robots":{"index":"index","follow":"follow","max-snippet":"max-snippet:-1","max-image-preview":"max-image-preview:large","max-video-preview":"max-video-preview:-1"},"canonical":"https:\/\/horticom.ee\/e-pood\/toode\/voodilutikate-monitoorimispuunised-bugstop-4tk\/","og_locale":"ru_RU","og_type":"article","og_title":"Voodilutikate monitoorimisp\u00fc\u00fcnised BugStop 4tk - Horticom","og_description":"M\u00f5eldud lutikate monitoorimiseks. Positiivse tuvastamise korral kasutage sobivat insektitsiidi. \u00dchepoolne liimp\u00fc\u00fcnis voodilutika (Cimex lectularius) tuvastamiseks. Komplekt sisaldab nelja liimp\u00fc\u00fcnist. BugStop\u2019i p\u00fc\u00fcnis v\u00f5ib takistada madratsi nakatumist lutikatega. Inimese kehatemperatuur ja v\u00e4ljahingatav s\u00fcsihappegaas meelitavad ligi voodilutikaid. Insektitsiididest vaba BugStop p\u00fc\u00fcnis toimib f\u00fc\u00fcsilise barj\u00e4\u00e4rina lutikate p\u00fc\u00fcdmisel v\u00f5i ennetamisel.","og_url":"https:\/\/horticom.ee\/e-pood\/toode\/voodilutikate-monitoorimispuunised-bugstop-4tk\/","og_site_name":"Horticom.ee","article_publisher":"https:\/\/www.facebook.com\/horticom.ee\/e-pood","article_modified_time":"2026-05-13T00:13:14+00:00","og_image":[{"width":999,"height":660,"url":"https:\/\/horticom.ee\/e-pood\/wp-content\/uploads\/importedmedia\/product-2324174_0-P0025.jpg","type":"image\/jpeg"}],"twitter_card":"summary_large_image","schema":{"@context":"https:\/\/schema.org","@graph":[{"@type":"WebPage","@id":"https:\/\/horticom.ee\/e-pood\/toode\/voodilutikate-monitoorimispuunised-bugstop-4tk\/","url":"https:\/\/horticom.ee\/e-pood\/toode\/voodilutikate-monitoorimispuunised-bugstop-4tk\/","name":"Voodilutikate monitoorimisp\u00fc\u00fcnised BugStop 4tk - Horticom","isPartOf":{"@id":"https:\/\/horticom.ee\/e-pood\/#website"},"primaryImageOfPage":{"@id":"https:\/\/horticom.ee\/e-pood\/toode\/voodilutikate-monitoorimispuunised-bugstop-4tk\/#primaryimage"},"image":{"@id":"https:\/\/horticom.ee\/e-pood\/toode\/voodilutikate-monitoorimispuunised-bugstop-4tk\/#primaryimage"},"thumbnailUrl":"https:\/\/horticom.ee\/e-pood\/wp-content\/uploads\/importedmedia\/product-2324174_0-P0025.jpg","datePublished":"2024-12-17T10:01:31+00:00","dateModified":"2026-05-13T00:13:14+00:00","breadcrumb":{"@id":"https:\/\/horticom.ee\/e-pood\/toode\/voodilutikate-monitoorimispuunised-bugstop-4tk\/#breadcrumb"},"inLanguage":"ru-RU","potentialAction":[{"@type":"ReadAction","target":["https:\/\/horticom.ee\/e-pood\/toode\/voodilutikate-monitoorimispuunised-bugstop-4tk\/"]}]},{"@type":"ImageObject","inLanguage":"ru-RU","@id":"https:\/\/horticom.ee\/e-pood\/toode\/voodilutikate-monitoorimispuunised-bugstop-4tk\/#primaryimage","url":"https:\/\/horticom.ee\/e-pood\/wp-content\/uploads\/importedmedia\/product-2324174_0-P0025.jpg","contentUrl":"https:\/\/horticom.ee\/e-pood\/wp-content\/uploads\/importedmedia\/product-2324174_0-P0025.jpg","width":999,"height":660},{"@type":"BreadcrumbList","@id":"https:\/\/horticom.ee\/e-pood\/toode\/voodilutikate-monitoorimispuunised-bugstop-4tk\/#breadcrumb","itemListElement":[{"@type":"ListItem","position":1,"name":"Home","item":"https:\/\/horticom.ee\/e-pood\/"},{"@type":"ListItem","position":2,"name":"Pood","item":"https:\/\/horticom.ee\/e-pood\/pood\/"},{"@type":"ListItem","position":3,"name":"Voodilutikate monitoorimisp\u00fc\u00fcnised BugStop 4tk"}]},{"@type":"WebSite","@id":"https:\/\/horticom.ee\/e-pood\/#website","url":"https:\/\/horticom.ee\/e-pood\/","name":"Horticom.ee","description":"Aianduskaubad ja kodukaubad nii harrastajatele kui professionaalidele","potentialAction":[{"@type":"SearchAction","target":{"@type":"EntryPoint","urlTemplate":"https:\/\/horticom.ee\/e-pood\/?s={search_term_string}"},"query-input":{"@type":"PropertyValueSpecification","valueRequired":true,"valueName":"search_term_string"}}],"inLanguage":"ru-RU"}]}},"_links":{"self":[{"href":"https:\/\/horticom.ee\/e-pood\/ru\/wp-json\/wp\/v2\/product\/2324174","targetHints":{"allow":["GET"]}}],"collection":[{"href":"https:\/\/horticom.ee\/e-pood\/ru\/wp-json\/wp\/v2\/product"}],"about":[{"href":"https:\/\/horticom.ee\/e-pood\/ru\/wp-json\/wp\/v2\/types\/product"}],"replies":[{"embeddable":true,"href":"https:\/\/horticom.ee\/e-pood\/ru\/wp-json\/wp\/v2\/comments?post=2324174"}],"wp:featuredmedia":[{"embeddable":true,"href":"https:\/\/horticom.ee\/e-pood\/ru\/wp-json\/wp\/v2\/media\/2382570"}],"wp:attachment":[{"href":"https:\/\/horticom.ee\/e-pood\/ru\/wp-json\/wp\/v2\/media?parent=2324174"}],"wp:term":[{"taxonomy":"product_cat","embeddable":true,"href":"https:\/\/horticom.ee\/e-pood\/ru\/wp-json\/wp\/v2\/product_cat?post=2324174"},{"taxonomy":"product_tag","embeddable":true,"href":"https:\/\/horticom.ee\/e-pood\/ru\/wp-json\/wp\/v2\/product_tag?post=2324174"}],"curies":[{"name":"wp","href":"https:\/\/api.w.org\/{rel}","templated":true}]}}