{"id":2324175,"date":"2024-12-17T12:01:31","date_gmt":"2024-12-17T10:01:31","guid":{"rendered":"https:\/\/horticom.ee\/e-pood\/toode\/toidukoi-feromoonpuunis-feroband-1tk\/"},"modified":"2026-04-21T16:01:32","modified_gmt":"2026-04-21T13:01:32","slug":"toidukoi-feromoonpuunis-feroband-1tk","status":"publish","type":"product","link":"https:\/\/horticom.ee\/e-pood\/ru\/toode\/toidukoi-feromoonpuunis-feroband-1tk\/","title":{"rendered":"Toidukoi feromoonp\u00fc\u00fcnis Feroband 1tk"},"content":{"rendered":"<p>Feromoonist liimiriba toidukoide j\u00e4lgimiseks. \u00dchepoolne kleepriba, mis sisaldab feromooni, mis on eriti t\u00f5hus perekondadesse Ephestia elutella, Ephestia kuehniella, Ephestia cautella ja Plodia interpunctella kuuluvate isaste toidukoide p\u00fc\u00fcdmiseks. Toote eelised: See on lame riba, mille liimis on toidukoide m\u00f5eldud feromoon. Kleepuvat riba on lihtne kasutada. Selle saab riputada konksu v\u00f5i n\u00f6\u00f6ri k\u00fclge, kuhu iganes soovite. Riba on v\u00e4ike ja ruumis\u00e4\u00e4stlik. Feromoonribad on v\u00f5imelised meelitama isaseid koisid ruumides, mille suurus on kuni 500 m3. Toidukoi ribade t\u00f5husust ja m\u00f5juvust on t\u00f5estanud nii laboritestid kui ka praktiline kogemus.<br \/>\nKuna toidukoi feromoonribad t\u00f5mbavad isasliblikaid ligi ja p\u00fc\u00fcavad kinni, peatub sigimine ja toit on kaitstud nende vastsete eest. Riba asetamisel ei h\u00e4vine k\u00f5ik isasliblika t\u00e4iskasvanud loomad korraga, kuid see tagab, et toitu ei satu vastseid.<\/p>\n","protected":false},"excerpt":{"rendered":"<p>Feromoonist liimiriba toidukoide j\u00e4lgimiseks. \u00dchepoolne kleepriba, mis sisaldab feromooni, mis on eriti t\u00f5hus perekondadesse Ephestia elutella, Ephestia kuehniella, Ephestia cautella ja Plodia interpunctella kuuluvate isaste toidukoide p\u00fc\u00fcdmiseks. Toote eelised: See on lame riba, mille liimis on toidukoide m\u00f5eldud feromoon. Kleepuvat riba on lihtne kasutada. Selle saab riputada konksu v\u00f5i n\u00f6\u00f6ri k\u00fclge, kuhu iganes soovite. Riba [&hellip;]<\/p>\n","protected":false},"featured_media":2386617,"comment_status":"closed","ping_status":"closed","template":"","meta":{"_themeisle_gutenberg_block_has_review":false},"product_cat":[18342,13603],"product_tag":[],"class_list":{"0":"post-2324175","1":"product","2":"type-product","3":"status-publish","4":"has-post-thumbnail","6":"product_cat-feromoonpuunised","7":"product_cat-koid","9":"first","10":"instock","11":"shipping-taxable","12":"purchasable","13":"product-type-simple"},"yoast_head":"<!-- This site is optimized with the Yoast SEO plugin v24.0 - https:\/\/yoast.com\/wordpress\/plugins\/seo\/ -->\n<title>Toidukoi feromoonp\u00fc\u00fcnis Feroband 1tk - Horticom<\/title>\n<meta name=\"robots\" content=\"index, follow, max-snippet:-1, max-image-preview:large, max-video-preview:-1\" \/>\n<link rel=\"canonical\" href=\"https:\/\/horticom.ee\/e-pood\/toode\/toidukoi-feromoonpuunis-feroband-1tk\/\" \/>\n<meta property=\"og:locale\" content=\"ru_RU\" \/>\n<meta property=\"og:type\" content=\"article\" \/>\n<meta property=\"og:title\" content=\"Toidukoi feromoonp\u00fc\u00fcnis Feroband 1tk - Horticom\" \/>\n<meta property=\"og:description\" content=\"Feromoonist liimiriba toidukoide j\u00e4lgimiseks. \u00dchepoolne kleepriba, mis sisaldab feromooni, mis on eriti t\u00f5hus perekondadesse Ephestia elutella, Ephestia kuehniella, Ephestia cautella ja Plodia interpunctella kuuluvate isaste toidukoide p\u00fc\u00fcdmiseks. Toote eelised: See on lame riba, mille liimis on toidukoide m\u00f5eldud feromoon. Kleepuvat riba on lihtne kasutada. Selle saab riputada konksu v\u00f5i n\u00f6\u00f6ri k\u00fclge, kuhu iganes soovite. Riba [&hellip;]\" \/>\n<meta property=\"og:url\" content=\"https:\/\/horticom.ee\/e-pood\/toode\/toidukoi-feromoonpuunis-feroband-1tk\/\" \/>\n<meta property=\"og:site_name\" content=\"Horticom.ee\" \/>\n<meta property=\"article:publisher\" content=\"https:\/\/www.facebook.com\/horticom.ee\/e-pood\" \/>\n<meta property=\"article:modified_time\" content=\"2026-04-21T13:01:32+00:00\" \/>\n<meta property=\"og:image\" content=\"https:\/\/horticom.ee\/e-pood\/wp-content\/uploads\/importedmedia\/product-2324175_0-P0027.jpg\" \/>\n\t<meta property=\"og:image:width\" content=\"1000\" \/>\n\t<meta property=\"og:image:height\" content=\"2500\" \/>\n\t<meta property=\"og:image:type\" content=\"image\/jpeg\" \/>\n<meta name=\"twitter:card\" content=\"summary_large_image\" \/>\n<meta name=\"twitter:label1\" content=\"\u041f\u0440\u0438\u043c\u0435\u0440\u043d\u043e\u0435 \u0432\u0440\u0435\u043c\u044f \u0434\u043b\u044f \u0447\u0442\u0435\u043d\u0438\u044f\" \/>\n\t<meta name=\"twitter:data1\" content=\"1 \u043c\u0438\u043d\u0443\u0442\u0430\" \/>\n<script type=\"application\/ld+json\" class=\"yoast-schema-graph\">{\"@context\":\"https:\/\/schema.org\",\"@graph\":[{\"@type\":\"WebPage\",\"@id\":\"https:\/\/horticom.ee\/e-pood\/toode\/toidukoi-feromoonpuunis-feroband-1tk\/\",\"url\":\"https:\/\/horticom.ee\/e-pood\/toode\/toidukoi-feromoonpuunis-feroband-1tk\/\",\"name\":\"Toidukoi feromoonp\u00fc\u00fcnis Feroband 1tk - Horticom\",\"isPartOf\":{\"@id\":\"https:\/\/horticom.ee\/e-pood\/#website\"},\"primaryImageOfPage\":{\"@id\":\"https:\/\/horticom.ee\/e-pood\/toode\/toidukoi-feromoonpuunis-feroband-1tk\/#primaryimage\"},\"image\":{\"@id\":\"https:\/\/horticom.ee\/e-pood\/toode\/toidukoi-feromoonpuunis-feroband-1tk\/#primaryimage\"},\"thumbnailUrl\":\"https:\/\/horticom.ee\/e-pood\/wp-content\/uploads\/importedmedia\/product-2324175_0-P0027.jpg\",\"datePublished\":\"2024-12-17T10:01:31+00:00\",\"dateModified\":\"2026-04-21T13:01:32+00:00\",\"breadcrumb\":{\"@id\":\"https:\/\/horticom.ee\/e-pood\/toode\/toidukoi-feromoonpuunis-feroband-1tk\/#breadcrumb\"},\"inLanguage\":\"ru-RU\",\"potentialAction\":[{\"@type\":\"ReadAction\",\"target\":[\"https:\/\/horticom.ee\/e-pood\/toode\/toidukoi-feromoonpuunis-feroband-1tk\/\"]}]},{\"@type\":\"ImageObject\",\"inLanguage\":\"ru-RU\",\"@id\":\"https:\/\/horticom.ee\/e-pood\/toode\/toidukoi-feromoonpuunis-feroband-1tk\/#primaryimage\",\"url\":\"https:\/\/horticom.ee\/e-pood\/wp-content\/uploads\/importedmedia\/product-2324175_0-P0027.jpg\",\"contentUrl\":\"https:\/\/horticom.ee\/e-pood\/wp-content\/uploads\/importedmedia\/product-2324175_0-P0027.jpg\",\"width\":1000,\"height\":2500},{\"@type\":\"BreadcrumbList\",\"@id\":\"https:\/\/horticom.ee\/e-pood\/toode\/toidukoi-feromoonpuunis-feroband-1tk\/#breadcrumb\",\"itemListElement\":[{\"@type\":\"ListItem\",\"position\":1,\"name\":\"Home\",\"item\":\"https:\/\/horticom.ee\/e-pood\/\"},{\"@type\":\"ListItem\",\"position\":2,\"name\":\"Pood\",\"item\":\"https:\/\/horticom.ee\/e-pood\/pood\/\"},{\"@type\":\"ListItem\",\"position\":3,\"name\":\"Toidukoi feromoonp\u00fc\u00fcnis Feroband 1tk\"}]},{\"@type\":\"WebSite\",\"@id\":\"https:\/\/horticom.ee\/e-pood\/#website\",\"url\":\"https:\/\/horticom.ee\/e-pood\/\",\"name\":\"Horticom.ee\",\"description\":\"Aianduskaubad ja kodukaubad nii harrastajatele kui professionaalidele\",\"potentialAction\":[{\"@type\":\"SearchAction\",\"target\":{\"@type\":\"EntryPoint\",\"urlTemplate\":\"https:\/\/horticom.ee\/e-pood\/?s={search_term_string}\"},\"query-input\":{\"@type\":\"PropertyValueSpecification\",\"valueRequired\":true,\"valueName\":\"search_term_string\"}}],\"inLanguage\":\"ru-RU\"}]}<\/script>\n<!-- \/ Yoast SEO plugin. -->","yoast_head_json":{"title":"Toidukoi feromoonp\u00fc\u00fcnis Feroband 1tk - Horticom","robots":{"index":"index","follow":"follow","max-snippet":"max-snippet:-1","max-image-preview":"max-image-preview:large","max-video-preview":"max-video-preview:-1"},"canonical":"https:\/\/horticom.ee\/e-pood\/toode\/toidukoi-feromoonpuunis-feroband-1tk\/","og_locale":"ru_RU","og_type":"article","og_title":"Toidukoi feromoonp\u00fc\u00fcnis Feroband 1tk - Horticom","og_description":"Feromoonist liimiriba toidukoide j\u00e4lgimiseks. \u00dchepoolne kleepriba, mis sisaldab feromooni, mis on eriti t\u00f5hus perekondadesse Ephestia elutella, Ephestia kuehniella, Ephestia cautella ja Plodia interpunctella kuuluvate isaste toidukoide p\u00fc\u00fcdmiseks. Toote eelised: See on lame riba, mille liimis on toidukoide m\u00f5eldud feromoon. Kleepuvat riba on lihtne kasutada. Selle saab riputada konksu v\u00f5i n\u00f6\u00f6ri k\u00fclge, kuhu iganes soovite. Riba [&hellip;]","og_url":"https:\/\/horticom.ee\/e-pood\/toode\/toidukoi-feromoonpuunis-feroband-1tk\/","og_site_name":"Horticom.ee","article_publisher":"https:\/\/www.facebook.com\/horticom.ee\/e-pood","article_modified_time":"2026-04-21T13:01:32+00:00","og_image":[{"width":1000,"height":2500,"url":"https:\/\/horticom.ee\/e-pood\/wp-content\/uploads\/importedmedia\/product-2324175_0-P0027.jpg","type":"image\/jpeg"}],"twitter_card":"summary_large_image","twitter_misc":{"\u041f\u0440\u0438\u043c\u0435\u0440\u043d\u043e\u0435 \u0432\u0440\u0435\u043c\u044f \u0434\u043b\u044f \u0447\u0442\u0435\u043d\u0438\u044f":"1 \u043c\u0438\u043d\u0443\u0442\u0430"},"schema":{"@context":"https:\/\/schema.org","@graph":[{"@type":"WebPage","@id":"https:\/\/horticom.ee\/e-pood\/toode\/toidukoi-feromoonpuunis-feroband-1tk\/","url":"https:\/\/horticom.ee\/e-pood\/toode\/toidukoi-feromoonpuunis-feroband-1tk\/","name":"Toidukoi feromoonp\u00fc\u00fcnis Feroband 1tk - Horticom","isPartOf":{"@id":"https:\/\/horticom.ee\/e-pood\/#website"},"primaryImageOfPage":{"@id":"https:\/\/horticom.ee\/e-pood\/toode\/toidukoi-feromoonpuunis-feroband-1tk\/#primaryimage"},"image":{"@id":"https:\/\/horticom.ee\/e-pood\/toode\/toidukoi-feromoonpuunis-feroband-1tk\/#primaryimage"},"thumbnailUrl":"https:\/\/horticom.ee\/e-pood\/wp-content\/uploads\/importedmedia\/product-2324175_0-P0027.jpg","datePublished":"2024-12-17T10:01:31+00:00","dateModified":"2026-04-21T13:01:32+00:00","breadcrumb":{"@id":"https:\/\/horticom.ee\/e-pood\/toode\/toidukoi-feromoonpuunis-feroband-1tk\/#breadcrumb"},"inLanguage":"ru-RU","potentialAction":[{"@type":"ReadAction","target":["https:\/\/horticom.ee\/e-pood\/toode\/toidukoi-feromoonpuunis-feroband-1tk\/"]}]},{"@type":"ImageObject","inLanguage":"ru-RU","@id":"https:\/\/horticom.ee\/e-pood\/toode\/toidukoi-feromoonpuunis-feroband-1tk\/#primaryimage","url":"https:\/\/horticom.ee\/e-pood\/wp-content\/uploads\/importedmedia\/product-2324175_0-P0027.jpg","contentUrl":"https:\/\/horticom.ee\/e-pood\/wp-content\/uploads\/importedmedia\/product-2324175_0-P0027.jpg","width":1000,"height":2500},{"@type":"BreadcrumbList","@id":"https:\/\/horticom.ee\/e-pood\/toode\/toidukoi-feromoonpuunis-feroband-1tk\/#breadcrumb","itemListElement":[{"@type":"ListItem","position":1,"name":"Home","item":"https:\/\/horticom.ee\/e-pood\/"},{"@type":"ListItem","position":2,"name":"Pood","item":"https:\/\/horticom.ee\/e-pood\/pood\/"},{"@type":"ListItem","position":3,"name":"Toidukoi feromoonp\u00fc\u00fcnis Feroband 1tk"}]},{"@type":"WebSite","@id":"https:\/\/horticom.ee\/e-pood\/#website","url":"https:\/\/horticom.ee\/e-pood\/","name":"Horticom.ee","description":"Aianduskaubad ja kodukaubad nii harrastajatele kui professionaalidele","potentialAction":[{"@type":"SearchAction","target":{"@type":"EntryPoint","urlTemplate":"https:\/\/horticom.ee\/e-pood\/?s={search_term_string}"},"query-input":{"@type":"PropertyValueSpecification","valueRequired":true,"valueName":"search_term_string"}}],"inLanguage":"ru-RU"}]}},"_links":{"self":[{"href":"https:\/\/horticom.ee\/e-pood\/ru\/wp-json\/wp\/v2\/product\/2324175","targetHints":{"allow":["GET"]}}],"collection":[{"href":"https:\/\/horticom.ee\/e-pood\/ru\/wp-json\/wp\/v2\/product"}],"about":[{"href":"https:\/\/horticom.ee\/e-pood\/ru\/wp-json\/wp\/v2\/types\/product"}],"replies":[{"embeddable":true,"href":"https:\/\/horticom.ee\/e-pood\/ru\/wp-json\/wp\/v2\/comments?post=2324175"}],"wp:featuredmedia":[{"embeddable":true,"href":"https:\/\/horticom.ee\/e-pood\/ru\/wp-json\/wp\/v2\/media\/2386617"}],"wp:attachment":[{"href":"https:\/\/horticom.ee\/e-pood\/ru\/wp-json\/wp\/v2\/media?parent=2324175"}],"wp:term":[{"taxonomy":"product_cat","embeddable":true,"href":"https:\/\/horticom.ee\/e-pood\/ru\/wp-json\/wp\/v2\/product_cat?post=2324175"},{"taxonomy":"product_tag","embeddable":true,"href":"https:\/\/horticom.ee\/e-pood\/ru\/wp-json\/wp\/v2\/product_tag?post=2324175"}],"curies":[{"name":"wp","href":"https:\/\/api.w.org\/{rel}","templated":true}]}}