{"id":2324177,"date":"2024-12-17T12:01:31","date_gmt":"2024-12-17T10:01:31","guid":{"rendered":"https:\/\/horticom.ee\/e-pood\/toode\/putukate-puunis-viljapuudele-frutaband-2tk-pk\/"},"modified":"2026-04-21T03:18:55","modified_gmt":"2026-04-21T00:18:55","slug":"putukate-puunis-viljapuudele-frutaband-2tk-pk","status":"publish","type":"product","link":"https:\/\/horticom.ee\/e-pood\/ru\/toode\/putukate-puunis-viljapuudele-frutaband-2tk-pk\/","title":{"rendered":"Putukate p\u00fc\u00fcnis viljapuudele Frutaband 2&#215;2 tk\/pk"},"content":{"rendered":"<p>Liimiribad puuviljapuude kaitsmiseks roomavate kahjurite eest. Kaks riba, millest iga\u00fcks koosneb kahest kokku liimitud ribast. Pakend sisaldab siis nelja liimitud riba suurusega 540&#215;150 mm. L\u00f5ks loob barj\u00e4\u00e4ri, mis ei lase roomavatel putukatel puulatva j\u00f5uda ja vilju kahjustada. Kasutusalad: puuviljataimed, ilutaimed. Riba on t\u00f5hus j\u00e4rgmiste kahjurite vastu: sipelgad, k\u00e4rsakad, kaevandik\u00e4rbsed, kirsipuu-lehet\u00e4i<br \/>\nToote eelised: Frutaband on populaarne puuviljakasvatajate ja talunike seas. See loob t\u00f5husa barj\u00e4\u00e4ri roomavate putukate vastu mitmeks kuuks. See kaitseb puid putukate eest, kes kas kahjustavad vilju v\u00f5i toovad kaasa teisi putukaid, kes v\u00f5ivad vilju kahjustada, nt sipelgad ja lehet\u00e4id. K\u00f5ik putukad peatatakse, kui riba on \u00fcmber t\u00fcve liimitud kleepuv pool v\u00e4ljapoole. Liim ei kuiva ja on veekindel. Seet\u00f5ttu saab riba kasutada nii sise- kui v\u00e4listingimustes ilma probleemideta. Ainus asi, mis v\u00f5ib liimi t\u00f5husust v\u00e4hendada, on tolm. Iga l\u00f5ksuga on kaasas n\u00f6\u00f6r, mis tagab, et l\u00f5ks ei kuku t\u00fcvelt maha. L\u00f5ksu on lihtne kasutada ja k\u00e4sitseda. T\u00fcvelt eemaldamisel ei j\u00e4ta see liimij\u00e4lgi.<\/p>\n","protected":false},"excerpt":{"rendered":"<p>Liimiribad puuviljapuude kaitsmiseks roomavate kahjurite eest. Kaks riba, millest iga\u00fcks koosneb kahest kokku liimitud ribast. Pakend sisaldab siis nelja liimitud riba suurusega 540&#215;150 mm. L\u00f5ks loob barj\u00e4\u00e4ri, mis ei lase roomavatel putukatel puulatva j\u00f5uda ja vilju kahjustada. Kasutusalad: puuviljataimed, ilutaimed. Riba on t\u00f5hus j\u00e4rgmiste kahjurite vastu: sipelgad, k\u00e4rsakad, kaevandik\u00e4rbsed, kirsipuu-lehet\u00e4i Toote eelised: Frutaband on populaarne [&hellip;]<\/p>\n","protected":false},"featured_media":2360972,"comment_status":"closed","ping_status":"closed","template":"","meta":{"_themeisle_gutenberg_block_has_review":false},"product_cat":[18339],"product_tag":[],"class_list":{"0":"post-2324177","1":"product","2":"type-product","3":"status-publish","4":"has-post-thumbnail","6":"product_cat-leinasaasklased","8":"first","9":"instock","10":"shipping-taxable","11":"purchasable","12":"product-type-simple"},"yoast_head":"<!-- This site is optimized with the Yoast SEO plugin v24.0 - https:\/\/yoast.com\/wordpress\/plugins\/seo\/ -->\n<title>Putukate p\u00fc\u00fcnis viljapuudele Frutaband 2x2 tk\/pk - Horticom<\/title>\n<meta name=\"robots\" content=\"index, follow, max-snippet:-1, max-image-preview:large, max-video-preview:-1\" \/>\n<link rel=\"canonical\" href=\"https:\/\/horticom.ee\/e-pood\/toode\/putukate-puunis-viljapuudele-frutaband-2tk-pk\/\" \/>\n<meta property=\"og:locale\" content=\"ru_RU\" \/>\n<meta property=\"og:type\" content=\"article\" \/>\n<meta property=\"og:title\" content=\"Putukate p\u00fc\u00fcnis viljapuudele Frutaband 2x2 tk\/pk - Horticom\" \/>\n<meta property=\"og:description\" content=\"Liimiribad puuviljapuude kaitsmiseks roomavate kahjurite eest. Kaks riba, millest iga\u00fcks koosneb kahest kokku liimitud ribast. Pakend sisaldab siis nelja liimitud riba suurusega 540&#215;150 mm. L\u00f5ks loob barj\u00e4\u00e4ri, mis ei lase roomavatel putukatel puulatva j\u00f5uda ja vilju kahjustada. Kasutusalad: puuviljataimed, ilutaimed. Riba on t\u00f5hus j\u00e4rgmiste kahjurite vastu: sipelgad, k\u00e4rsakad, kaevandik\u00e4rbsed, kirsipuu-lehet\u00e4i Toote eelised: Frutaband on populaarne [&hellip;]\" \/>\n<meta property=\"og:url\" content=\"https:\/\/horticom.ee\/e-pood\/toode\/putukate-puunis-viljapuudele-frutaband-2tk-pk\/\" \/>\n<meta property=\"og:site_name\" content=\"Horticom.ee\" \/>\n<meta property=\"article:publisher\" content=\"https:\/\/www.facebook.com\/horticom.ee\/e-pood\" \/>\n<meta property=\"article:modified_time\" content=\"2026-04-21T00:18:55+00:00\" \/>\n<meta property=\"og:image\" content=\"https:\/\/horticom.ee\/e-pood\/wp-content\/uploads\/importedmedia\/product-2324177_0-P0029.jpg\" \/>\n\t<meta property=\"og:image:width\" content=\"999\" \/>\n\t<meta property=\"og:image:height\" content=\"1008\" \/>\n\t<meta property=\"og:image:type\" content=\"image\/jpeg\" \/>\n<meta name=\"twitter:card\" content=\"summary_large_image\" \/>\n<meta name=\"twitter:label1\" content=\"\u041f\u0440\u0438\u043c\u0435\u0440\u043d\u043e\u0435 \u0432\u0440\u0435\u043c\u044f \u0434\u043b\u044f \u0447\u0442\u0435\u043d\u0438\u044f\" \/>\n\t<meta name=\"twitter:data1\" content=\"1 \u043c\u0438\u043d\u0443\u0442\u0430\" \/>\n<script type=\"application\/ld+json\" class=\"yoast-schema-graph\">{\"@context\":\"https:\/\/schema.org\",\"@graph\":[{\"@type\":\"WebPage\",\"@id\":\"https:\/\/horticom.ee\/e-pood\/toode\/putukate-puunis-viljapuudele-frutaband-2tk-pk\/\",\"url\":\"https:\/\/horticom.ee\/e-pood\/toode\/putukate-puunis-viljapuudele-frutaband-2tk-pk\/\",\"name\":\"Putukate p\u00fc\u00fcnis viljapuudele Frutaband 2x2 tk\/pk - Horticom\",\"isPartOf\":{\"@id\":\"https:\/\/horticom.ee\/e-pood\/#website\"},\"primaryImageOfPage\":{\"@id\":\"https:\/\/horticom.ee\/e-pood\/toode\/putukate-puunis-viljapuudele-frutaband-2tk-pk\/#primaryimage\"},\"image\":{\"@id\":\"https:\/\/horticom.ee\/e-pood\/toode\/putukate-puunis-viljapuudele-frutaband-2tk-pk\/#primaryimage\"},\"thumbnailUrl\":\"https:\/\/horticom.ee\/e-pood\/wp-content\/uploads\/importedmedia\/product-2324177_0-P0029.jpg\",\"datePublished\":\"2024-12-17T10:01:31+00:00\",\"dateModified\":\"2026-04-21T00:18:55+00:00\",\"breadcrumb\":{\"@id\":\"https:\/\/horticom.ee\/e-pood\/toode\/putukate-puunis-viljapuudele-frutaband-2tk-pk\/#breadcrumb\"},\"inLanguage\":\"ru-RU\",\"potentialAction\":[{\"@type\":\"ReadAction\",\"target\":[\"https:\/\/horticom.ee\/e-pood\/toode\/putukate-puunis-viljapuudele-frutaband-2tk-pk\/\"]}]},{\"@type\":\"ImageObject\",\"inLanguage\":\"ru-RU\",\"@id\":\"https:\/\/horticom.ee\/e-pood\/toode\/putukate-puunis-viljapuudele-frutaband-2tk-pk\/#primaryimage\",\"url\":\"https:\/\/horticom.ee\/e-pood\/wp-content\/uploads\/importedmedia\/product-2324177_0-P0029.jpg\",\"contentUrl\":\"https:\/\/horticom.ee\/e-pood\/wp-content\/uploads\/importedmedia\/product-2324177_0-P0029.jpg\",\"width\":999,\"height\":1008},{\"@type\":\"BreadcrumbList\",\"@id\":\"https:\/\/horticom.ee\/e-pood\/toode\/putukate-puunis-viljapuudele-frutaband-2tk-pk\/#breadcrumb\",\"itemListElement\":[{\"@type\":\"ListItem\",\"position\":1,\"name\":\"Home\",\"item\":\"https:\/\/horticom.ee\/e-pood\/\"},{\"@type\":\"ListItem\",\"position\":2,\"name\":\"Pood\",\"item\":\"https:\/\/horticom.ee\/e-pood\/pood\/\"},{\"@type\":\"ListItem\",\"position\":3,\"name\":\"Putukate p\u00fc\u00fcnis viljapuudele Frutaband 2&#215;2 tk\/pk\"}]},{\"@type\":\"WebSite\",\"@id\":\"https:\/\/horticom.ee\/e-pood\/#website\",\"url\":\"https:\/\/horticom.ee\/e-pood\/\",\"name\":\"Horticom.ee\",\"description\":\"Aianduskaubad ja kodukaubad nii harrastajatele kui professionaalidele\",\"potentialAction\":[{\"@type\":\"SearchAction\",\"target\":{\"@type\":\"EntryPoint\",\"urlTemplate\":\"https:\/\/horticom.ee\/e-pood\/?s={search_term_string}\"},\"query-input\":{\"@type\":\"PropertyValueSpecification\",\"valueRequired\":true,\"valueName\":\"search_term_string\"}}],\"inLanguage\":\"ru-RU\"}]}<\/script>\n<!-- \/ Yoast SEO plugin. -->","yoast_head_json":{"title":"Putukate p\u00fc\u00fcnis viljapuudele Frutaband 2x2 tk\/pk - Horticom","robots":{"index":"index","follow":"follow","max-snippet":"max-snippet:-1","max-image-preview":"max-image-preview:large","max-video-preview":"max-video-preview:-1"},"canonical":"https:\/\/horticom.ee\/e-pood\/toode\/putukate-puunis-viljapuudele-frutaband-2tk-pk\/","og_locale":"ru_RU","og_type":"article","og_title":"Putukate p\u00fc\u00fcnis viljapuudele Frutaband 2x2 tk\/pk - Horticom","og_description":"Liimiribad puuviljapuude kaitsmiseks roomavate kahjurite eest. Kaks riba, millest iga\u00fcks koosneb kahest kokku liimitud ribast. Pakend sisaldab siis nelja liimitud riba suurusega 540&#215;150 mm. L\u00f5ks loob barj\u00e4\u00e4ri, mis ei lase roomavatel putukatel puulatva j\u00f5uda ja vilju kahjustada. Kasutusalad: puuviljataimed, ilutaimed. Riba on t\u00f5hus j\u00e4rgmiste kahjurite vastu: sipelgad, k\u00e4rsakad, kaevandik\u00e4rbsed, kirsipuu-lehet\u00e4i Toote eelised: Frutaband on populaarne [&hellip;]","og_url":"https:\/\/horticom.ee\/e-pood\/toode\/putukate-puunis-viljapuudele-frutaband-2tk-pk\/","og_site_name":"Horticom.ee","article_publisher":"https:\/\/www.facebook.com\/horticom.ee\/e-pood","article_modified_time":"2026-04-21T00:18:55+00:00","og_image":[{"width":999,"height":1008,"url":"https:\/\/horticom.ee\/e-pood\/wp-content\/uploads\/importedmedia\/product-2324177_0-P0029.jpg","type":"image\/jpeg"}],"twitter_card":"summary_large_image","twitter_misc":{"\u041f\u0440\u0438\u043c\u0435\u0440\u043d\u043e\u0435 \u0432\u0440\u0435\u043c\u044f \u0434\u043b\u044f \u0447\u0442\u0435\u043d\u0438\u044f":"1 \u043c\u0438\u043d\u0443\u0442\u0430"},"schema":{"@context":"https:\/\/schema.org","@graph":[{"@type":"WebPage","@id":"https:\/\/horticom.ee\/e-pood\/toode\/putukate-puunis-viljapuudele-frutaband-2tk-pk\/","url":"https:\/\/horticom.ee\/e-pood\/toode\/putukate-puunis-viljapuudele-frutaband-2tk-pk\/","name":"Putukate p\u00fc\u00fcnis viljapuudele Frutaband 2x2 tk\/pk - Horticom","isPartOf":{"@id":"https:\/\/horticom.ee\/e-pood\/#website"},"primaryImageOfPage":{"@id":"https:\/\/horticom.ee\/e-pood\/toode\/putukate-puunis-viljapuudele-frutaband-2tk-pk\/#primaryimage"},"image":{"@id":"https:\/\/horticom.ee\/e-pood\/toode\/putukate-puunis-viljapuudele-frutaband-2tk-pk\/#primaryimage"},"thumbnailUrl":"https:\/\/horticom.ee\/e-pood\/wp-content\/uploads\/importedmedia\/product-2324177_0-P0029.jpg","datePublished":"2024-12-17T10:01:31+00:00","dateModified":"2026-04-21T00:18:55+00:00","breadcrumb":{"@id":"https:\/\/horticom.ee\/e-pood\/toode\/putukate-puunis-viljapuudele-frutaband-2tk-pk\/#breadcrumb"},"inLanguage":"ru-RU","potentialAction":[{"@type":"ReadAction","target":["https:\/\/horticom.ee\/e-pood\/toode\/putukate-puunis-viljapuudele-frutaband-2tk-pk\/"]}]},{"@type":"ImageObject","inLanguage":"ru-RU","@id":"https:\/\/horticom.ee\/e-pood\/toode\/putukate-puunis-viljapuudele-frutaband-2tk-pk\/#primaryimage","url":"https:\/\/horticom.ee\/e-pood\/wp-content\/uploads\/importedmedia\/product-2324177_0-P0029.jpg","contentUrl":"https:\/\/horticom.ee\/e-pood\/wp-content\/uploads\/importedmedia\/product-2324177_0-P0029.jpg","width":999,"height":1008},{"@type":"BreadcrumbList","@id":"https:\/\/horticom.ee\/e-pood\/toode\/putukate-puunis-viljapuudele-frutaband-2tk-pk\/#breadcrumb","itemListElement":[{"@type":"ListItem","position":1,"name":"Home","item":"https:\/\/horticom.ee\/e-pood\/"},{"@type":"ListItem","position":2,"name":"Pood","item":"https:\/\/horticom.ee\/e-pood\/pood\/"},{"@type":"ListItem","position":3,"name":"Putukate p\u00fc\u00fcnis viljapuudele Frutaband 2&#215;2 tk\/pk"}]},{"@type":"WebSite","@id":"https:\/\/horticom.ee\/e-pood\/#website","url":"https:\/\/horticom.ee\/e-pood\/","name":"Horticom.ee","description":"Aianduskaubad ja kodukaubad nii harrastajatele kui professionaalidele","potentialAction":[{"@type":"SearchAction","target":{"@type":"EntryPoint","urlTemplate":"https:\/\/horticom.ee\/e-pood\/?s={search_term_string}"},"query-input":{"@type":"PropertyValueSpecification","valueRequired":true,"valueName":"search_term_string"}}],"inLanguage":"ru-RU"}]}},"_links":{"self":[{"href":"https:\/\/horticom.ee\/e-pood\/ru\/wp-json\/wp\/v2\/product\/2324177","targetHints":{"allow":["GET"]}}],"collection":[{"href":"https:\/\/horticom.ee\/e-pood\/ru\/wp-json\/wp\/v2\/product"}],"about":[{"href":"https:\/\/horticom.ee\/e-pood\/ru\/wp-json\/wp\/v2\/types\/product"}],"replies":[{"embeddable":true,"href":"https:\/\/horticom.ee\/e-pood\/ru\/wp-json\/wp\/v2\/comments?post=2324177"}],"wp:featuredmedia":[{"embeddable":true,"href":"https:\/\/horticom.ee\/e-pood\/ru\/wp-json\/wp\/v2\/media\/2360972"}],"wp:attachment":[{"href":"https:\/\/horticom.ee\/e-pood\/ru\/wp-json\/wp\/v2\/media?parent=2324177"}],"wp:term":[{"taxonomy":"product_cat","embeddable":true,"href":"https:\/\/horticom.ee\/e-pood\/ru\/wp-json\/wp\/v2\/product_cat?post=2324177"},{"taxonomy":"product_tag","embeddable":true,"href":"https:\/\/horticom.ee\/e-pood\/ru\/wp-json\/wp\/v2\/product_tag?post=2324177"}],"curies":[{"name":"wp","href":"https:\/\/api.w.org\/{rel}","templated":true}]}}