{"id":2358927,"date":"2025-02-26T16:03:58","date_gmt":"2025-02-26T14:03:58","guid":{"rendered":"https:\/\/horticom.ee\/e-pood\/toode\/bio-istutusgraanulid-toataimedele-granuplant-compo-6l\/"},"modified":"2026-04-19T03:12:59","modified_gmt":"2026-04-19T00:12:59","slug":"bio-istutusgraanulid-toataimedele-granuplant-compo-6l","status":"publish","type":"product","link":"https:\/\/horticom.ee\/e-pood\/ru\/toode\/bio-istutusgraanulid-toataimedele-granuplant-compo-6l\/","title":{"rendered":"BIO Istutusgraanulid toataimedele Granuplant Compo 6L"},"content":{"rendered":"<p>BIO Istutusgraanulid GRANUPLANT on valmistatud 100% looduslikest pimsskivist graanulitest, mis on j\u00e4tkusuutlik alternatiiv paisutatud savile. Drenaa\u017eikihina takistavad need vettimist ja juurem\u00e4daniku teket ning pinnase pealmise kihi katmiseks kasutades takistavad pinnase kuivamist. Graanuleid v\u00f5ib segada ka mulla sisse, et anda sellele lahtine struktuur ja \u00f5hutada. Stabiilne ja \u00e4\u00e4rmiselt kauakestev struktuur. Graanulite suuurus 2-5mm.<\/p>\n","protected":false},"excerpt":{"rendered":"<p>BIO Istutusgraanulid GRANUPLANT on valmistatud 100% looduslikest pimsskivist graanulitest, mis on j\u00e4tkusuutlik alternatiiv paisutatud savile. Drenaa\u017eikihina takistavad need vettimist ja juurem\u00e4daniku teket ning pinnase pealmise kihi katmiseks kasutades takistavad pinnase kuivamist. Graanuleid v\u00f5ib segada ka mulla sisse, et anda sellele lahtine struktuur ja \u00f5hutada. Stabiilne ja \u00e4\u00e4rmiselt kauakestev struktuur. Graanulite suuurus 2-5mm.<\/p>\n","protected":false},"featured_media":2360203,"comment_status":"closed","ping_status":"closed","template":"","meta":{"_themeisle_gutenberg_block_has_review":false},"product_cat":[18337],"product_tag":[],"class_list":{"0":"post-2358927","1":"product","2":"type-product","3":"status-publish","4":"has-post-thumbnail","6":"product_cat-istutusgraanulid","8":"first","9":"instock","10":"shipping-taxable","11":"purchasable","12":"product-type-simple"},"yoast_head":"<!-- This site is optimized with the Yoast SEO plugin v24.0 - https:\/\/yoast.com\/wordpress\/plugins\/seo\/ -->\n<title>BIO Istutusgraanulid toataimedele Granuplant Compo 6L - Horticom<\/title>\n<meta name=\"robots\" content=\"index, follow, max-snippet:-1, max-image-preview:large, max-video-preview:-1\" \/>\n<link rel=\"canonical\" href=\"https:\/\/horticom.ee\/e-pood\/toode\/bio-istutusgraanulid-toataimedele-granuplant-compo-6l\/\" \/>\n<meta property=\"og:locale\" content=\"ru_RU\" \/>\n<meta property=\"og:type\" content=\"article\" \/>\n<meta property=\"og:title\" content=\"BIO Istutusgraanulid toataimedele Granuplant Compo 6L - Horticom\" \/>\n<meta property=\"og:description\" content=\"BIO Istutusgraanulid GRANUPLANT on valmistatud 100% looduslikest pimsskivist graanulitest, mis on j\u00e4tkusuutlik alternatiiv paisutatud savile. Drenaa\u017eikihina takistavad need vettimist ja juurem\u00e4daniku teket ning pinnase pealmise kihi katmiseks kasutades takistavad pinnase kuivamist. Graanuleid v\u00f5ib segada ka mulla sisse, et anda sellele lahtine struktuur ja \u00f5hutada. Stabiilne ja \u00e4\u00e4rmiselt kauakestev struktuur. Graanulite suuurus 2-5mm.\" \/>\n<meta property=\"og:url\" content=\"https:\/\/horticom.ee\/e-pood\/toode\/bio-istutusgraanulid-toataimedele-granuplant-compo-6l\/\" \/>\n<meta property=\"og:site_name\" content=\"Horticom.ee\" \/>\n<meta property=\"article:publisher\" content=\"https:\/\/www.facebook.com\/horticom.ee\/e-pood\" \/>\n<meta property=\"article:modified_time\" content=\"2026-04-19T00:12:59+00:00\" \/>\n<meta property=\"og:image\" content=\"https:\/\/horticom.ee\/e-pood\/wp-content\/uploads\/2025\/02\/4008398071264.jpg\" \/>\n\t<meta property=\"og:image:width\" content=\"1024\" \/>\n\t<meta property=\"og:image:height\" content=\"1625\" \/>\n\t<meta property=\"og:image:type\" content=\"image\/jpeg\" \/>\n<meta name=\"twitter:card\" content=\"summary_large_image\" \/>\n<meta name=\"twitter:label1\" content=\"\u041f\u0440\u0438\u043c\u0435\u0440\u043d\u043e\u0435 \u0432\u0440\u0435\u043c\u044f \u0434\u043b\u044f \u0447\u0442\u0435\u043d\u0438\u044f\" \/>\n\t<meta name=\"twitter:data1\" content=\"1 \u043c\u0438\u043d\u0443\u0442\u0430\" \/>\n<script type=\"application\/ld+json\" class=\"yoast-schema-graph\">{\"@context\":\"https:\/\/schema.org\",\"@graph\":[{\"@type\":\"WebPage\",\"@id\":\"https:\/\/horticom.ee\/e-pood\/toode\/bio-istutusgraanulid-toataimedele-granuplant-compo-6l\/\",\"url\":\"https:\/\/horticom.ee\/e-pood\/toode\/bio-istutusgraanulid-toataimedele-granuplant-compo-6l\/\",\"name\":\"BIO Istutusgraanulid toataimedele Granuplant Compo 6L - Horticom\",\"isPartOf\":{\"@id\":\"https:\/\/horticom.ee\/e-pood\/#website\"},\"primaryImageOfPage\":{\"@id\":\"https:\/\/horticom.ee\/e-pood\/toode\/bio-istutusgraanulid-toataimedele-granuplant-compo-6l\/#primaryimage\"},\"image\":{\"@id\":\"https:\/\/horticom.ee\/e-pood\/toode\/bio-istutusgraanulid-toataimedele-granuplant-compo-6l\/#primaryimage\"},\"thumbnailUrl\":\"https:\/\/horticom.ee\/e-pood\/wp-content\/uploads\/2025\/02\/4008398071264.jpg\",\"datePublished\":\"2025-02-26T14:03:58+00:00\",\"dateModified\":\"2026-04-19T00:12:59+00:00\",\"breadcrumb\":{\"@id\":\"https:\/\/horticom.ee\/e-pood\/toode\/bio-istutusgraanulid-toataimedele-granuplant-compo-6l\/#breadcrumb\"},\"inLanguage\":\"ru-RU\",\"potentialAction\":[{\"@type\":\"ReadAction\",\"target\":[\"https:\/\/horticom.ee\/e-pood\/toode\/bio-istutusgraanulid-toataimedele-granuplant-compo-6l\/\"]}]},{\"@type\":\"ImageObject\",\"inLanguage\":\"ru-RU\",\"@id\":\"https:\/\/horticom.ee\/e-pood\/toode\/bio-istutusgraanulid-toataimedele-granuplant-compo-6l\/#primaryimage\",\"url\":\"https:\/\/horticom.ee\/e-pood\/wp-content\/uploads\/2025\/02\/4008398071264.jpg\",\"contentUrl\":\"https:\/\/horticom.ee\/e-pood\/wp-content\/uploads\/2025\/02\/4008398071264.jpg\",\"width\":1024,\"height\":1625},{\"@type\":\"BreadcrumbList\",\"@id\":\"https:\/\/horticom.ee\/e-pood\/toode\/bio-istutusgraanulid-toataimedele-granuplant-compo-6l\/#breadcrumb\",\"itemListElement\":[{\"@type\":\"ListItem\",\"position\":1,\"name\":\"Home\",\"item\":\"https:\/\/horticom.ee\/e-pood\/\"},{\"@type\":\"ListItem\",\"position\":2,\"name\":\"Pood\",\"item\":\"https:\/\/horticom.ee\/e-pood\/pood\/\"},{\"@type\":\"ListItem\",\"position\":3,\"name\":\"BIO Istutusgraanulid toataimedele Granuplant Compo 6L\"}]},{\"@type\":\"WebSite\",\"@id\":\"https:\/\/horticom.ee\/e-pood\/#website\",\"url\":\"https:\/\/horticom.ee\/e-pood\/\",\"name\":\"Horticom.ee\",\"description\":\"Aianduskaubad ja kodukaubad nii harrastajatele kui professionaalidele\",\"potentialAction\":[{\"@type\":\"SearchAction\",\"target\":{\"@type\":\"EntryPoint\",\"urlTemplate\":\"https:\/\/horticom.ee\/e-pood\/?s={search_term_string}\"},\"query-input\":{\"@type\":\"PropertyValueSpecification\",\"valueRequired\":true,\"valueName\":\"search_term_string\"}}],\"inLanguage\":\"ru-RU\"}]}<\/script>\n<!-- \/ Yoast SEO plugin. -->","yoast_head_json":{"title":"BIO Istutusgraanulid toataimedele Granuplant Compo 6L - Horticom","robots":{"index":"index","follow":"follow","max-snippet":"max-snippet:-1","max-image-preview":"max-image-preview:large","max-video-preview":"max-video-preview:-1"},"canonical":"https:\/\/horticom.ee\/e-pood\/toode\/bio-istutusgraanulid-toataimedele-granuplant-compo-6l\/","og_locale":"ru_RU","og_type":"article","og_title":"BIO Istutusgraanulid toataimedele Granuplant Compo 6L - Horticom","og_description":"BIO Istutusgraanulid GRANUPLANT on valmistatud 100% looduslikest pimsskivist graanulitest, mis on j\u00e4tkusuutlik alternatiiv paisutatud savile. Drenaa\u017eikihina takistavad need vettimist ja juurem\u00e4daniku teket ning pinnase pealmise kihi katmiseks kasutades takistavad pinnase kuivamist. Graanuleid v\u00f5ib segada ka mulla sisse, et anda sellele lahtine struktuur ja \u00f5hutada. Stabiilne ja \u00e4\u00e4rmiselt kauakestev struktuur. Graanulite suuurus 2-5mm.","og_url":"https:\/\/horticom.ee\/e-pood\/toode\/bio-istutusgraanulid-toataimedele-granuplant-compo-6l\/","og_site_name":"Horticom.ee","article_publisher":"https:\/\/www.facebook.com\/horticom.ee\/e-pood","article_modified_time":"2026-04-19T00:12:59+00:00","og_image":[{"width":1024,"height":1625,"url":"https:\/\/horticom.ee\/e-pood\/wp-content\/uploads\/2025\/02\/4008398071264.jpg","type":"image\/jpeg"}],"twitter_card":"summary_large_image","twitter_misc":{"\u041f\u0440\u0438\u043c\u0435\u0440\u043d\u043e\u0435 \u0432\u0440\u0435\u043c\u044f \u0434\u043b\u044f \u0447\u0442\u0435\u043d\u0438\u044f":"1 \u043c\u0438\u043d\u0443\u0442\u0430"},"schema":{"@context":"https:\/\/schema.org","@graph":[{"@type":"WebPage","@id":"https:\/\/horticom.ee\/e-pood\/toode\/bio-istutusgraanulid-toataimedele-granuplant-compo-6l\/","url":"https:\/\/horticom.ee\/e-pood\/toode\/bio-istutusgraanulid-toataimedele-granuplant-compo-6l\/","name":"BIO Istutusgraanulid toataimedele Granuplant Compo 6L - Horticom","isPartOf":{"@id":"https:\/\/horticom.ee\/e-pood\/#website"},"primaryImageOfPage":{"@id":"https:\/\/horticom.ee\/e-pood\/toode\/bio-istutusgraanulid-toataimedele-granuplant-compo-6l\/#primaryimage"},"image":{"@id":"https:\/\/horticom.ee\/e-pood\/toode\/bio-istutusgraanulid-toataimedele-granuplant-compo-6l\/#primaryimage"},"thumbnailUrl":"https:\/\/horticom.ee\/e-pood\/wp-content\/uploads\/2025\/02\/4008398071264.jpg","datePublished":"2025-02-26T14:03:58+00:00","dateModified":"2026-04-19T00:12:59+00:00","breadcrumb":{"@id":"https:\/\/horticom.ee\/e-pood\/toode\/bio-istutusgraanulid-toataimedele-granuplant-compo-6l\/#breadcrumb"},"inLanguage":"ru-RU","potentialAction":[{"@type":"ReadAction","target":["https:\/\/horticom.ee\/e-pood\/toode\/bio-istutusgraanulid-toataimedele-granuplant-compo-6l\/"]}]},{"@type":"ImageObject","inLanguage":"ru-RU","@id":"https:\/\/horticom.ee\/e-pood\/toode\/bio-istutusgraanulid-toataimedele-granuplant-compo-6l\/#primaryimage","url":"https:\/\/horticom.ee\/e-pood\/wp-content\/uploads\/2025\/02\/4008398071264.jpg","contentUrl":"https:\/\/horticom.ee\/e-pood\/wp-content\/uploads\/2025\/02\/4008398071264.jpg","width":1024,"height":1625},{"@type":"BreadcrumbList","@id":"https:\/\/horticom.ee\/e-pood\/toode\/bio-istutusgraanulid-toataimedele-granuplant-compo-6l\/#breadcrumb","itemListElement":[{"@type":"ListItem","position":1,"name":"Home","item":"https:\/\/horticom.ee\/e-pood\/"},{"@type":"ListItem","position":2,"name":"Pood","item":"https:\/\/horticom.ee\/e-pood\/pood\/"},{"@type":"ListItem","position":3,"name":"BIO Istutusgraanulid toataimedele Granuplant Compo 6L"}]},{"@type":"WebSite","@id":"https:\/\/horticom.ee\/e-pood\/#website","url":"https:\/\/horticom.ee\/e-pood\/","name":"Horticom.ee","description":"Aianduskaubad ja kodukaubad nii harrastajatele kui professionaalidele","potentialAction":[{"@type":"SearchAction","target":{"@type":"EntryPoint","urlTemplate":"https:\/\/horticom.ee\/e-pood\/?s={search_term_string}"},"query-input":{"@type":"PropertyValueSpecification","valueRequired":true,"valueName":"search_term_string"}}],"inLanguage":"ru-RU"}]}},"_links":{"self":[{"href":"https:\/\/horticom.ee\/e-pood\/ru\/wp-json\/wp\/v2\/product\/2358927","targetHints":{"allow":["GET"]}}],"collection":[{"href":"https:\/\/horticom.ee\/e-pood\/ru\/wp-json\/wp\/v2\/product"}],"about":[{"href":"https:\/\/horticom.ee\/e-pood\/ru\/wp-json\/wp\/v2\/types\/product"}],"replies":[{"embeddable":true,"href":"https:\/\/horticom.ee\/e-pood\/ru\/wp-json\/wp\/v2\/comments?post=2358927"}],"wp:featuredmedia":[{"embeddable":true,"href":"https:\/\/horticom.ee\/e-pood\/ru\/wp-json\/wp\/v2\/media\/2360203"}],"wp:attachment":[{"href":"https:\/\/horticom.ee\/e-pood\/ru\/wp-json\/wp\/v2\/media?parent=2358927"}],"wp:term":[{"taxonomy":"product_cat","embeddable":true,"href":"https:\/\/horticom.ee\/e-pood\/ru\/wp-json\/wp\/v2\/product_cat?post=2358927"},{"taxonomy":"product_tag","embeddable":true,"href":"https:\/\/horticom.ee\/e-pood\/ru\/wp-json\/wp\/v2\/product_tag?post=2358927"}],"curies":[{"name":"wp","href":"https:\/\/api.w.org\/{rel}","templated":true}]}}