{"id":2373181,"date":"2025-03-06T06:01:23","date_gmt":"2025-03-06T04:01:23","guid":{"rendered":"https:\/\/horticom.ee\/e-pood\/toode\/maitsetaimepott-elho-bouncy-basil-d-165cm-roheline\/"},"modified":"2026-05-03T03:12:26","modified_gmt":"2026-05-03T00:12:26","slug":"maitsetaimepott-elho-bouncy-basil-d-165cm-roheline","status":"publish","type":"product","link":"https:\/\/horticom.ee\/e-pood\/ru\/toode\/maitsetaimepott-elho-bouncy-basil-d-165cm-roheline\/","title":{"rendered":"Maitsetaimepott Elho Bouncy Basil d 16,5cm roheline"},"content":{"rendered":"<p>Spetsiaalne basiilikukasvatuspott, millega maitsetaime terve ja v\u00e4rskena hoidmine on imelihtne.<br \/>\nSelle lahenduse sisemine pott h\u00f5ljub v\u00e4limise poti vees ning selle p\u00f5hja kinnitatud n\u00f6\u00f6r imab v\u00e4limisest potist just vajaliku koguse vett.<br \/>\nKui sisemine pott on vajunud v\u00e4limisse potti, on aeg vett lisada.<br \/>\nLisaks basiilikule sobib see lillepott ideaalselt ka teiste \u00fcrtide, nagu murulauk, petersell ja koriander kasvatamiseks.<br \/>\nTaask\u00e4ideldatav, toodetud 100% taaskasutatud materjalidest tuuleenergia abil.<br \/>\nToote originaalv\u00e4rv p\u00fcsib kauem, kuna valmistamisel kasutatakse erilisi v\u00e4rvipigmente.<\/p>\n","protected":false},"excerpt":{"rendered":"<p>Spetsiaalne basiilikukasvatuspott, millega maitsetaime terve ja v\u00e4rskena hoidmine on imelihtne. Selle lahenduse sisemine pott h\u00f5ljub v\u00e4limise poti vees ning selle p\u00f5hja kinnitatud n\u00f6\u00f6r imab v\u00e4limisest potist just vajaliku koguse vett. Kui sisemine pott on vajunud v\u00e4limisse potti, on aeg vett lisada. Lisaks basiilikule sobib see lillepott ideaalselt ka teiste \u00fcrtide, nagu murulauk, petersell ja koriander [&hellip;]<\/p>\n","protected":false},"featured_media":2373208,"comment_status":"closed","ping_status":"closed","template":"","meta":{"_themeisle_gutenberg_block_has_review":false},"product_cat":[13475],"product_tag":[],"class_list":{"0":"post-2373181","1":"product","2":"type-product","3":"status-publish","4":"has-post-thumbnail","6":"product_cat-istutuspotid","8":"first","9":"instock","10":"shipping-taxable","11":"purchasable","12":"product-type-simple"},"yoast_head":"<!-- This site is optimized with the Yoast SEO plugin v24.0 - https:\/\/yoast.com\/wordpress\/plugins\/seo\/ -->\n<title>Maitsetaimepott Elho Bouncy Basil d 16,5cm roheline - Horticom<\/title>\n<meta name=\"robots\" content=\"index, follow, max-snippet:-1, max-image-preview:large, max-video-preview:-1\" \/>\n<link rel=\"canonical\" href=\"https:\/\/horticom.ee\/e-pood\/toode\/maitsetaimepott-elho-bouncy-basil-d-165cm-roheline\/\" \/>\n<meta property=\"og:locale\" content=\"ru_RU\" \/>\n<meta property=\"og:type\" content=\"article\" \/>\n<meta property=\"og:title\" content=\"Maitsetaimepott Elho Bouncy Basil d 16,5cm roheline - Horticom\" \/>\n<meta property=\"og:description\" content=\"Spetsiaalne basiilikukasvatuspott, millega maitsetaime terve ja v\u00e4rskena hoidmine on imelihtne. Selle lahenduse sisemine pott h\u00f5ljub v\u00e4limise poti vees ning selle p\u00f5hja kinnitatud n\u00f6\u00f6r imab v\u00e4limisest potist just vajaliku koguse vett. Kui sisemine pott on vajunud v\u00e4limisse potti, on aeg vett lisada. Lisaks basiilikule sobib see lillepott ideaalselt ka teiste \u00fcrtide, nagu murulauk, petersell ja koriander [&hellip;]\" \/>\n<meta property=\"og:url\" content=\"https:\/\/horticom.ee\/e-pood\/toode\/maitsetaimepott-elho-bouncy-basil-d-165cm-roheline\/\" \/>\n<meta property=\"og:site_name\" content=\"Horticom.ee\" \/>\n<meta property=\"article:publisher\" content=\"https:\/\/www.facebook.com\/horticom.ee\/e-pood\" \/>\n<meta property=\"article:modified_time\" content=\"2026-05-03T00:12:26+00:00\" \/>\n<meta property=\"og:image\" content=\"https:\/\/horticom.ee\/e-pood\/wp-content\/uploads\/2025\/03\/8711904520892.jpg\" \/>\n\t<meta property=\"og:image:width\" content=\"1000\" \/>\n\t<meta property=\"og:image:height\" content=\"1000\" \/>\n\t<meta property=\"og:image:type\" content=\"image\/jpeg\" \/>\n<meta name=\"twitter:card\" content=\"summary_large_image\" \/>\n<meta name=\"twitter:label1\" content=\"\u041f\u0440\u0438\u043c\u0435\u0440\u043d\u043e\u0435 \u0432\u0440\u0435\u043c\u044f \u0434\u043b\u044f \u0447\u0442\u0435\u043d\u0438\u044f\" \/>\n\t<meta name=\"twitter:data1\" content=\"1 \u043c\u0438\u043d\u0443\u0442\u0430\" \/>\n<script type=\"application\/ld+json\" class=\"yoast-schema-graph\">{\"@context\":\"https:\/\/schema.org\",\"@graph\":[{\"@type\":\"WebPage\",\"@id\":\"https:\/\/horticom.ee\/e-pood\/toode\/maitsetaimepott-elho-bouncy-basil-d-165cm-roheline\/\",\"url\":\"https:\/\/horticom.ee\/e-pood\/toode\/maitsetaimepott-elho-bouncy-basil-d-165cm-roheline\/\",\"name\":\"Maitsetaimepott Elho Bouncy Basil d 16,5cm roheline - Horticom\",\"isPartOf\":{\"@id\":\"https:\/\/horticom.ee\/e-pood\/#website\"},\"primaryImageOfPage\":{\"@id\":\"https:\/\/horticom.ee\/e-pood\/toode\/maitsetaimepott-elho-bouncy-basil-d-165cm-roheline\/#primaryimage\"},\"image\":{\"@id\":\"https:\/\/horticom.ee\/e-pood\/toode\/maitsetaimepott-elho-bouncy-basil-d-165cm-roheline\/#primaryimage\"},\"thumbnailUrl\":\"https:\/\/horticom.ee\/e-pood\/wp-content\/uploads\/2025\/03\/8711904520892.jpg\",\"datePublished\":\"2025-03-06T04:01:23+00:00\",\"dateModified\":\"2026-05-03T00:12:26+00:00\",\"breadcrumb\":{\"@id\":\"https:\/\/horticom.ee\/e-pood\/toode\/maitsetaimepott-elho-bouncy-basil-d-165cm-roheline\/#breadcrumb\"},\"inLanguage\":\"ru-RU\",\"potentialAction\":[{\"@type\":\"ReadAction\",\"target\":[\"https:\/\/horticom.ee\/e-pood\/toode\/maitsetaimepott-elho-bouncy-basil-d-165cm-roheline\/\"]}]},{\"@type\":\"ImageObject\",\"inLanguage\":\"ru-RU\",\"@id\":\"https:\/\/horticom.ee\/e-pood\/toode\/maitsetaimepott-elho-bouncy-basil-d-165cm-roheline\/#primaryimage\",\"url\":\"https:\/\/horticom.ee\/e-pood\/wp-content\/uploads\/2025\/03\/8711904520892.jpg\",\"contentUrl\":\"https:\/\/horticom.ee\/e-pood\/wp-content\/uploads\/2025\/03\/8711904520892.jpg\",\"width\":1000,\"height\":1000},{\"@type\":\"BreadcrumbList\",\"@id\":\"https:\/\/horticom.ee\/e-pood\/toode\/maitsetaimepott-elho-bouncy-basil-d-165cm-roheline\/#breadcrumb\",\"itemListElement\":[{\"@type\":\"ListItem\",\"position\":1,\"name\":\"Home\",\"item\":\"https:\/\/horticom.ee\/e-pood\/\"},{\"@type\":\"ListItem\",\"position\":2,\"name\":\"Pood\",\"item\":\"https:\/\/horticom.ee\/e-pood\/pood\/\"},{\"@type\":\"ListItem\",\"position\":3,\"name\":\"Maitsetaimepott Elho Bouncy Basil d 16,5cm roheline\"}]},{\"@type\":\"WebSite\",\"@id\":\"https:\/\/horticom.ee\/e-pood\/#website\",\"url\":\"https:\/\/horticom.ee\/e-pood\/\",\"name\":\"Horticom.ee\",\"description\":\"Aianduskaubad ja kodukaubad nii harrastajatele kui professionaalidele\",\"potentialAction\":[{\"@type\":\"SearchAction\",\"target\":{\"@type\":\"EntryPoint\",\"urlTemplate\":\"https:\/\/horticom.ee\/e-pood\/?s={search_term_string}\"},\"query-input\":{\"@type\":\"PropertyValueSpecification\",\"valueRequired\":true,\"valueName\":\"search_term_string\"}}],\"inLanguage\":\"ru-RU\"}]}<\/script>\n<!-- \/ Yoast SEO plugin. -->","yoast_head_json":{"title":"Maitsetaimepott Elho Bouncy Basil d 16,5cm roheline - Horticom","robots":{"index":"index","follow":"follow","max-snippet":"max-snippet:-1","max-image-preview":"max-image-preview:large","max-video-preview":"max-video-preview:-1"},"canonical":"https:\/\/horticom.ee\/e-pood\/toode\/maitsetaimepott-elho-bouncy-basil-d-165cm-roheline\/","og_locale":"ru_RU","og_type":"article","og_title":"Maitsetaimepott Elho Bouncy Basil d 16,5cm roheline - Horticom","og_description":"Spetsiaalne basiilikukasvatuspott, millega maitsetaime terve ja v\u00e4rskena hoidmine on imelihtne. Selle lahenduse sisemine pott h\u00f5ljub v\u00e4limise poti vees ning selle p\u00f5hja kinnitatud n\u00f6\u00f6r imab v\u00e4limisest potist just vajaliku koguse vett. Kui sisemine pott on vajunud v\u00e4limisse potti, on aeg vett lisada. Lisaks basiilikule sobib see lillepott ideaalselt ka teiste \u00fcrtide, nagu murulauk, petersell ja koriander [&hellip;]","og_url":"https:\/\/horticom.ee\/e-pood\/toode\/maitsetaimepott-elho-bouncy-basil-d-165cm-roheline\/","og_site_name":"Horticom.ee","article_publisher":"https:\/\/www.facebook.com\/horticom.ee\/e-pood","article_modified_time":"2026-05-03T00:12:26+00:00","og_image":[{"width":1000,"height":1000,"url":"https:\/\/horticom.ee\/e-pood\/wp-content\/uploads\/2025\/03\/8711904520892.jpg","type":"image\/jpeg"}],"twitter_card":"summary_large_image","twitter_misc":{"\u041f\u0440\u0438\u043c\u0435\u0440\u043d\u043e\u0435 \u0432\u0440\u0435\u043c\u044f \u0434\u043b\u044f \u0447\u0442\u0435\u043d\u0438\u044f":"1 \u043c\u0438\u043d\u0443\u0442\u0430"},"schema":{"@context":"https:\/\/schema.org","@graph":[{"@type":"WebPage","@id":"https:\/\/horticom.ee\/e-pood\/toode\/maitsetaimepott-elho-bouncy-basil-d-165cm-roheline\/","url":"https:\/\/horticom.ee\/e-pood\/toode\/maitsetaimepott-elho-bouncy-basil-d-165cm-roheline\/","name":"Maitsetaimepott Elho Bouncy Basil d 16,5cm roheline - Horticom","isPartOf":{"@id":"https:\/\/horticom.ee\/e-pood\/#website"},"primaryImageOfPage":{"@id":"https:\/\/horticom.ee\/e-pood\/toode\/maitsetaimepott-elho-bouncy-basil-d-165cm-roheline\/#primaryimage"},"image":{"@id":"https:\/\/horticom.ee\/e-pood\/toode\/maitsetaimepott-elho-bouncy-basil-d-165cm-roheline\/#primaryimage"},"thumbnailUrl":"https:\/\/horticom.ee\/e-pood\/wp-content\/uploads\/2025\/03\/8711904520892.jpg","datePublished":"2025-03-06T04:01:23+00:00","dateModified":"2026-05-03T00:12:26+00:00","breadcrumb":{"@id":"https:\/\/horticom.ee\/e-pood\/toode\/maitsetaimepott-elho-bouncy-basil-d-165cm-roheline\/#breadcrumb"},"inLanguage":"ru-RU","potentialAction":[{"@type":"ReadAction","target":["https:\/\/horticom.ee\/e-pood\/toode\/maitsetaimepott-elho-bouncy-basil-d-165cm-roheline\/"]}]},{"@type":"ImageObject","inLanguage":"ru-RU","@id":"https:\/\/horticom.ee\/e-pood\/toode\/maitsetaimepott-elho-bouncy-basil-d-165cm-roheline\/#primaryimage","url":"https:\/\/horticom.ee\/e-pood\/wp-content\/uploads\/2025\/03\/8711904520892.jpg","contentUrl":"https:\/\/horticom.ee\/e-pood\/wp-content\/uploads\/2025\/03\/8711904520892.jpg","width":1000,"height":1000},{"@type":"BreadcrumbList","@id":"https:\/\/horticom.ee\/e-pood\/toode\/maitsetaimepott-elho-bouncy-basil-d-165cm-roheline\/#breadcrumb","itemListElement":[{"@type":"ListItem","position":1,"name":"Home","item":"https:\/\/horticom.ee\/e-pood\/"},{"@type":"ListItem","position":2,"name":"Pood","item":"https:\/\/horticom.ee\/e-pood\/pood\/"},{"@type":"ListItem","position":3,"name":"Maitsetaimepott Elho Bouncy Basil d 16,5cm roheline"}]},{"@type":"WebSite","@id":"https:\/\/horticom.ee\/e-pood\/#website","url":"https:\/\/horticom.ee\/e-pood\/","name":"Horticom.ee","description":"Aianduskaubad ja kodukaubad nii harrastajatele kui professionaalidele","potentialAction":[{"@type":"SearchAction","target":{"@type":"EntryPoint","urlTemplate":"https:\/\/horticom.ee\/e-pood\/?s={search_term_string}"},"query-input":{"@type":"PropertyValueSpecification","valueRequired":true,"valueName":"search_term_string"}}],"inLanguage":"ru-RU"}]}},"_links":{"self":[{"href":"https:\/\/horticom.ee\/e-pood\/ru\/wp-json\/wp\/v2\/product\/2373181","targetHints":{"allow":["GET"]}}],"collection":[{"href":"https:\/\/horticom.ee\/e-pood\/ru\/wp-json\/wp\/v2\/product"}],"about":[{"href":"https:\/\/horticom.ee\/e-pood\/ru\/wp-json\/wp\/v2\/types\/product"}],"replies":[{"embeddable":true,"href":"https:\/\/horticom.ee\/e-pood\/ru\/wp-json\/wp\/v2\/comments?post=2373181"}],"wp:featuredmedia":[{"embeddable":true,"href":"https:\/\/horticom.ee\/e-pood\/ru\/wp-json\/wp\/v2\/media\/2373208"}],"wp:attachment":[{"href":"https:\/\/horticom.ee\/e-pood\/ru\/wp-json\/wp\/v2\/media?parent=2373181"}],"wp:term":[{"taxonomy":"product_cat","embeddable":true,"href":"https:\/\/horticom.ee\/e-pood\/ru\/wp-json\/wp\/v2\/product_cat?post=2373181"},{"taxonomy":"product_tag","embeddable":true,"href":"https:\/\/horticom.ee\/e-pood\/ru\/wp-json\/wp\/v2\/product_tag?post=2373181"}],"curies":[{"name":"wp","href":"https:\/\/api.w.org\/{rel}","templated":true}]}}