{"id":2387813,"date":"2025-03-26T06:00:17","date_gmt":"2025-03-26T04:00:17","guid":{"rendered":"https:\/\/horticom.ee\/e-pood\/toode\/lohnastatud-kuunal-klaaspurgis-60h-troopiline-puuvili\/"},"modified":"2026-02-03T03:04:22","modified_gmt":"2026-02-03T01:04:22","slug":"lohnastatud-kuunal-klaaspurgis-60h-troopiline-puuvili","status":"publish","type":"product","link":"https:\/\/horticom.ee\/e-pood\/ru\/toode\/lohnastatud-kuunal-klaaspurgis-60h-troopiline-puuvili\/","title":{"rendered":"L\u00f5hnastatud k\u00fc\u00fcnal klaaspurgis 60h troopiline puuvili"},"content":{"rendered":"<p>L\u00f5hnak\u00fc\u00fcnal klaaspurgis on trendikas ja v\u00e4rviline l\u00f5hnak\u00fc\u00fcnal, mis tekitab positiivseid emotsioone sinu kodus. K\u00fc\u00fcnal on kauakestev ja hea p\u00f5lemise kvaliteediga<\/p>\n","protected":false},"excerpt":{"rendered":"<p>L\u00f5hnak\u00fc\u00fcnal klaaspurgis on trendikas ja v\u00e4rviline l\u00f5hnak\u00fc\u00fcnal, mis tekitab positiivseid emotsioone sinu kodus. K\u00fc\u00fcnal on kauakestev ja hea p\u00f5lemise kvaliteediga<\/p>\n","protected":false},"featured_media":2398209,"comment_status":"closed","ping_status":"closed","template":"","meta":{"_themeisle_gutenberg_block_has_review":false},"product_cat":[18563,13453],"product_tag":[],"class_list":{"0":"post-2387813","1":"product","2":"type-product","3":"status-publish","4":"has-post-thumbnail","6":"product_cat-lopumuugitooted","7":"product_cat-lohnakuunlad","9":"first","10":"outofstock","11":"sale","12":"shipping-taxable","13":"purchasable","14":"product-type-simple"},"yoast_head":"<!-- This site is optimized with the Yoast SEO plugin v24.0 - https:\/\/yoast.com\/wordpress\/plugins\/seo\/ -->\n<title>L\u00f5hnastatud k\u00fc\u00fcnal klaaspurgis 60h troopiline puuvili - Horticom<\/title>\n<meta name=\"robots\" content=\"index, follow, max-snippet:-1, max-image-preview:large, max-video-preview:-1\" \/>\n<link rel=\"canonical\" href=\"https:\/\/horticom.ee\/e-pood\/toode\/lohnastatud-kuunal-klaaspurgis-60h-troopiline-puuvili\/\" \/>\n<meta property=\"og:locale\" content=\"ru_RU\" \/>\n<meta property=\"og:type\" content=\"article\" \/>\n<meta property=\"og:title\" content=\"L\u00f5hnastatud k\u00fc\u00fcnal klaaspurgis 60h troopiline puuvili - Horticom\" \/>\n<meta property=\"og:description\" content=\"L\u00f5hnak\u00fc\u00fcnal klaaspurgis on trendikas ja v\u00e4rviline l\u00f5hnak\u00fc\u00fcnal, mis tekitab positiivseid emotsioone sinu kodus. K\u00fc\u00fcnal on kauakestev ja hea p\u00f5lemise kvaliteediga\" \/>\n<meta property=\"og:url\" content=\"https:\/\/horticom.ee\/e-pood\/toode\/lohnastatud-kuunal-klaaspurgis-60h-troopiline-puuvili\/\" \/>\n<meta property=\"og:site_name\" content=\"Horticom.ee\" \/>\n<meta property=\"article:publisher\" content=\"https:\/\/www.facebook.com\/horticom.ee\/e-pood\" \/>\n<meta property=\"article:modified_time\" content=\"2026-02-03T01:04:22+00:00\" \/>\n<meta property=\"og:image\" content=\"https:\/\/horticom.ee\/e-pood\/wp-content\/uploads\/2025\/03\/5411708156572-scaled.jpg\" \/>\n\t<meta property=\"og:image:width\" content=\"2560\" \/>\n\t<meta property=\"og:image:height\" content=\"2560\" \/>\n\t<meta property=\"og:image:type\" content=\"image\/jpeg\" \/>\n<meta name=\"twitter:card\" content=\"summary_large_image\" \/>\n<meta name=\"twitter:label1\" content=\"\u041f\u0440\u0438\u043c\u0435\u0440\u043d\u043e\u0435 \u0432\u0440\u0435\u043c\u044f \u0434\u043b\u044f \u0447\u0442\u0435\u043d\u0438\u044f\" \/>\n\t<meta name=\"twitter:data1\" content=\"1 \u043c\u0438\u043d\u0443\u0442\u0430\" \/>\n<script type=\"application\/ld+json\" class=\"yoast-schema-graph\">{\"@context\":\"https:\/\/schema.org\",\"@graph\":[{\"@type\":\"WebPage\",\"@id\":\"https:\/\/horticom.ee\/e-pood\/toode\/lohnastatud-kuunal-klaaspurgis-60h-troopiline-puuvili\/\",\"url\":\"https:\/\/horticom.ee\/e-pood\/toode\/lohnastatud-kuunal-klaaspurgis-60h-troopiline-puuvili\/\",\"name\":\"L\u00f5hnastatud k\u00fc\u00fcnal klaaspurgis 60h troopiline puuvili - Horticom\",\"isPartOf\":{\"@id\":\"https:\/\/horticom.ee\/e-pood\/#website\"},\"primaryImageOfPage\":{\"@id\":\"https:\/\/horticom.ee\/e-pood\/toode\/lohnastatud-kuunal-klaaspurgis-60h-troopiline-puuvili\/#primaryimage\"},\"image\":{\"@id\":\"https:\/\/horticom.ee\/e-pood\/toode\/lohnastatud-kuunal-klaaspurgis-60h-troopiline-puuvili\/#primaryimage\"},\"thumbnailUrl\":\"https:\/\/horticom.ee\/e-pood\/wp-content\/uploads\/2025\/03\/5411708156572-scaled.jpg\",\"datePublished\":\"2025-03-26T04:00:17+00:00\",\"dateModified\":\"2026-02-03T01:04:22+00:00\",\"breadcrumb\":{\"@id\":\"https:\/\/horticom.ee\/e-pood\/toode\/lohnastatud-kuunal-klaaspurgis-60h-troopiline-puuvili\/#breadcrumb\"},\"inLanguage\":\"ru-RU\",\"potentialAction\":[{\"@type\":\"ReadAction\",\"target\":[\"https:\/\/horticom.ee\/e-pood\/toode\/lohnastatud-kuunal-klaaspurgis-60h-troopiline-puuvili\/\"]}]},{\"@type\":\"ImageObject\",\"inLanguage\":\"ru-RU\",\"@id\":\"https:\/\/horticom.ee\/e-pood\/toode\/lohnastatud-kuunal-klaaspurgis-60h-troopiline-puuvili\/#primaryimage\",\"url\":\"https:\/\/horticom.ee\/e-pood\/wp-content\/uploads\/2025\/03\/5411708156572-scaled.jpg\",\"contentUrl\":\"https:\/\/horticom.ee\/e-pood\/wp-content\/uploads\/2025\/03\/5411708156572-scaled.jpg\",\"width\":2560,\"height\":2560},{\"@type\":\"BreadcrumbList\",\"@id\":\"https:\/\/horticom.ee\/e-pood\/toode\/lohnastatud-kuunal-klaaspurgis-60h-troopiline-puuvili\/#breadcrumb\",\"itemListElement\":[{\"@type\":\"ListItem\",\"position\":1,\"name\":\"Home\",\"item\":\"https:\/\/horticom.ee\/e-pood\/\"},{\"@type\":\"ListItem\",\"position\":2,\"name\":\"Pood\",\"item\":\"https:\/\/horticom.ee\/e-pood\/pood\/\"},{\"@type\":\"ListItem\",\"position\":3,\"name\":\"L\u00f5hnastatud k\u00fc\u00fcnal klaaspurgis 60h troopiline puuvili\"}]},{\"@type\":\"WebSite\",\"@id\":\"https:\/\/horticom.ee\/e-pood\/#website\",\"url\":\"https:\/\/horticom.ee\/e-pood\/\",\"name\":\"Horticom.ee\",\"description\":\"Aianduskaubad ja kodukaubad nii harrastajatele kui professionaalidele\",\"potentialAction\":[{\"@type\":\"SearchAction\",\"target\":{\"@type\":\"EntryPoint\",\"urlTemplate\":\"https:\/\/horticom.ee\/e-pood\/?s={search_term_string}\"},\"query-input\":{\"@type\":\"PropertyValueSpecification\",\"valueRequired\":true,\"valueName\":\"search_term_string\"}}],\"inLanguage\":\"ru-RU\"}]}<\/script>\n<!-- \/ Yoast SEO plugin. -->","yoast_head_json":{"title":"L\u00f5hnastatud k\u00fc\u00fcnal klaaspurgis 60h troopiline puuvili - Horticom","robots":{"index":"index","follow":"follow","max-snippet":"max-snippet:-1","max-image-preview":"max-image-preview:large","max-video-preview":"max-video-preview:-1"},"canonical":"https:\/\/horticom.ee\/e-pood\/toode\/lohnastatud-kuunal-klaaspurgis-60h-troopiline-puuvili\/","og_locale":"ru_RU","og_type":"article","og_title":"L\u00f5hnastatud k\u00fc\u00fcnal klaaspurgis 60h troopiline puuvili - Horticom","og_description":"L\u00f5hnak\u00fc\u00fcnal klaaspurgis on trendikas ja v\u00e4rviline l\u00f5hnak\u00fc\u00fcnal, mis tekitab positiivseid emotsioone sinu kodus. K\u00fc\u00fcnal on kauakestev ja hea p\u00f5lemise kvaliteediga","og_url":"https:\/\/horticom.ee\/e-pood\/toode\/lohnastatud-kuunal-klaaspurgis-60h-troopiline-puuvili\/","og_site_name":"Horticom.ee","article_publisher":"https:\/\/www.facebook.com\/horticom.ee\/e-pood","article_modified_time":"2026-02-03T01:04:22+00:00","og_image":[{"width":2560,"height":2560,"url":"https:\/\/horticom.ee\/e-pood\/wp-content\/uploads\/2025\/03\/5411708156572-scaled.jpg","type":"image\/jpeg"}],"twitter_card":"summary_large_image","twitter_misc":{"\u041f\u0440\u0438\u043c\u0435\u0440\u043d\u043e\u0435 \u0432\u0440\u0435\u043c\u044f \u0434\u043b\u044f \u0447\u0442\u0435\u043d\u0438\u044f":"1 \u043c\u0438\u043d\u0443\u0442\u0430"},"schema":{"@context":"https:\/\/schema.org","@graph":[{"@type":"WebPage","@id":"https:\/\/horticom.ee\/e-pood\/toode\/lohnastatud-kuunal-klaaspurgis-60h-troopiline-puuvili\/","url":"https:\/\/horticom.ee\/e-pood\/toode\/lohnastatud-kuunal-klaaspurgis-60h-troopiline-puuvili\/","name":"L\u00f5hnastatud k\u00fc\u00fcnal klaaspurgis 60h troopiline puuvili - Horticom","isPartOf":{"@id":"https:\/\/horticom.ee\/e-pood\/#website"},"primaryImageOfPage":{"@id":"https:\/\/horticom.ee\/e-pood\/toode\/lohnastatud-kuunal-klaaspurgis-60h-troopiline-puuvili\/#primaryimage"},"image":{"@id":"https:\/\/horticom.ee\/e-pood\/toode\/lohnastatud-kuunal-klaaspurgis-60h-troopiline-puuvili\/#primaryimage"},"thumbnailUrl":"https:\/\/horticom.ee\/e-pood\/wp-content\/uploads\/2025\/03\/5411708156572-scaled.jpg","datePublished":"2025-03-26T04:00:17+00:00","dateModified":"2026-02-03T01:04:22+00:00","breadcrumb":{"@id":"https:\/\/horticom.ee\/e-pood\/toode\/lohnastatud-kuunal-klaaspurgis-60h-troopiline-puuvili\/#breadcrumb"},"inLanguage":"ru-RU","potentialAction":[{"@type":"ReadAction","target":["https:\/\/horticom.ee\/e-pood\/toode\/lohnastatud-kuunal-klaaspurgis-60h-troopiline-puuvili\/"]}]},{"@type":"ImageObject","inLanguage":"ru-RU","@id":"https:\/\/horticom.ee\/e-pood\/toode\/lohnastatud-kuunal-klaaspurgis-60h-troopiline-puuvili\/#primaryimage","url":"https:\/\/horticom.ee\/e-pood\/wp-content\/uploads\/2025\/03\/5411708156572-scaled.jpg","contentUrl":"https:\/\/horticom.ee\/e-pood\/wp-content\/uploads\/2025\/03\/5411708156572-scaled.jpg","width":2560,"height":2560},{"@type":"BreadcrumbList","@id":"https:\/\/horticom.ee\/e-pood\/toode\/lohnastatud-kuunal-klaaspurgis-60h-troopiline-puuvili\/#breadcrumb","itemListElement":[{"@type":"ListItem","position":1,"name":"Home","item":"https:\/\/horticom.ee\/e-pood\/"},{"@type":"ListItem","position":2,"name":"Pood","item":"https:\/\/horticom.ee\/e-pood\/pood\/"},{"@type":"ListItem","position":3,"name":"L\u00f5hnastatud k\u00fc\u00fcnal klaaspurgis 60h troopiline puuvili"}]},{"@type":"WebSite","@id":"https:\/\/horticom.ee\/e-pood\/#website","url":"https:\/\/horticom.ee\/e-pood\/","name":"Horticom.ee","description":"Aianduskaubad ja kodukaubad nii harrastajatele kui professionaalidele","potentialAction":[{"@type":"SearchAction","target":{"@type":"EntryPoint","urlTemplate":"https:\/\/horticom.ee\/e-pood\/?s={search_term_string}"},"query-input":{"@type":"PropertyValueSpecification","valueRequired":true,"valueName":"search_term_string"}}],"inLanguage":"ru-RU"}]}},"_links":{"self":[{"href":"https:\/\/horticom.ee\/e-pood\/ru\/wp-json\/wp\/v2\/product\/2387813","targetHints":{"allow":["GET"]}}],"collection":[{"href":"https:\/\/horticom.ee\/e-pood\/ru\/wp-json\/wp\/v2\/product"}],"about":[{"href":"https:\/\/horticom.ee\/e-pood\/ru\/wp-json\/wp\/v2\/types\/product"}],"replies":[{"embeddable":true,"href":"https:\/\/horticom.ee\/e-pood\/ru\/wp-json\/wp\/v2\/comments?post=2387813"}],"wp:featuredmedia":[{"embeddable":true,"href":"https:\/\/horticom.ee\/e-pood\/ru\/wp-json\/wp\/v2\/media\/2398209"}],"wp:attachment":[{"href":"https:\/\/horticom.ee\/e-pood\/ru\/wp-json\/wp\/v2\/media?parent=2387813"}],"wp:term":[{"taxonomy":"product_cat","embeddable":true,"href":"https:\/\/horticom.ee\/e-pood\/ru\/wp-json\/wp\/v2\/product_cat?post=2387813"},{"taxonomy":"product_tag","embeddable":true,"href":"https:\/\/horticom.ee\/e-pood\/ru\/wp-json\/wp\/v2\/product_tag?post=2387813"}],"curies":[{"name":"wp","href":"https:\/\/api.w.org\/{rel}","templated":true}]}}