{"id":2391409,"date":"2025-04-09T06:00:15","date_gmt":"2025-04-09T03:00:15","guid":{"rendered":"https:\/\/horticom.ee\/e-pood\/toode\/istutuskuhvel-elho-green-basics-s-hele-leheroheline\/"},"modified":"2025-06-17T13:00:24","modified_gmt":"2025-06-17T10:00:24","slug":"istutuskuhvel-elho-green-basics-s-hele-leheroheline","status":"publish","type":"product","link":"https:\/\/horticom.ee\/e-pood\/ru\/toode\/istutuskuhvel-elho-green-basics-s-hele-leheroheline\/","title":{"rendered":"Istutusk\u00fchvel Elho Green Basics S hele\/leheroheline"},"content":{"rendered":"<p>Istutusk\u00fchvel Green Basics S on v\u00e4ga mugav just t\u00e4nu oma ergonoomilisele k\u00e4epidemele. K\u00fchvel on UV kindel, t\u00e4nu millele ei tuhmu v\u00e4rv. Samuti k\u00fclmakindel kuni -40C. K\u00fchvel on kerge.<\/p>\n","protected":false},"excerpt":{"rendered":"<p>Istutusk\u00fchvel Green Basics S on v\u00e4ga mugav just t\u00e4nu oma ergonoomilisele k\u00e4epidemele. K\u00fchvel on UV kindel, t\u00e4nu millele ei tuhmu v\u00e4rv. Samuti k\u00fclmakindel kuni -40C. K\u00fchvel on kerge.<\/p>\n","protected":false},"featured_media":2391901,"comment_status":"closed","ping_status":"closed","template":"","meta":{"_themeisle_gutenberg_block_has_review":false},"product_cat":[13337,13622],"product_tag":[],"class_list":{"0":"post-2391409","1":"product","2":"type-product","3":"status-publish","4":"has-post-thumbnail","6":"product_cat-kuhvlid","7":"product_cat-aiatooriistad-tootjale","9":"first","10":"outofstock","11":"sale","12":"shipping-taxable","13":"purchasable","14":"product-type-simple"},"yoast_head":"<!-- This site is optimized with the Yoast SEO plugin v24.0 - https:\/\/yoast.com\/wordpress\/plugins\/seo\/ -->\n<title>Istutusk\u00fchvel Elho Green Basics S hele\/leheroheline - Horticom<\/title>\n<meta name=\"robots\" content=\"index, follow, max-snippet:-1, max-image-preview:large, max-video-preview:-1\" \/>\n<link rel=\"canonical\" href=\"https:\/\/horticom.ee\/e-pood\/toode\/istutuskuhvel-elho-green-basics-s-hele-leheroheline\/\" \/>\n<meta property=\"og:locale\" content=\"ru_RU\" \/>\n<meta property=\"og:type\" content=\"article\" \/>\n<meta property=\"og:title\" content=\"Istutusk\u00fchvel Elho Green Basics S hele\/leheroheline - Horticom\" \/>\n<meta property=\"og:description\" content=\"Istutusk\u00fchvel Green Basics S on v\u00e4ga mugav just t\u00e4nu oma ergonoomilisele k\u00e4epidemele. K\u00fchvel on UV kindel, t\u00e4nu millele ei tuhmu v\u00e4rv. Samuti k\u00fclmakindel kuni -40C. K\u00fchvel on kerge.\" \/>\n<meta property=\"og:url\" content=\"https:\/\/horticom.ee\/e-pood\/toode\/istutuskuhvel-elho-green-basics-s-hele-leheroheline\/\" \/>\n<meta property=\"og:site_name\" content=\"Horticom.ee\" \/>\n<meta property=\"article:publisher\" content=\"https:\/\/www.facebook.com\/horticom.ee\/e-pood\" \/>\n<meta property=\"article:modified_time\" content=\"2025-06-17T10:00:24+00:00\" \/>\n<meta property=\"og:image\" content=\"https:\/\/horticom.ee\/e-pood\/wp-content\/uploads\/2025\/04\/8711904258696-scaled.jpg\" \/>\n\t<meta property=\"og:image:width\" content=\"2560\" \/>\n\t<meta property=\"og:image:height\" content=\"2560\" \/>\n\t<meta property=\"og:image:type\" content=\"image\/jpeg\" \/>\n<meta name=\"twitter:card\" content=\"summary_large_image\" \/>\n<meta name=\"twitter:label1\" content=\"\u041f\u0440\u0438\u043c\u0435\u0440\u043d\u043e\u0435 \u0432\u0440\u0435\u043c\u044f \u0434\u043b\u044f \u0447\u0442\u0435\u043d\u0438\u044f\" \/>\n\t<meta name=\"twitter:data1\" content=\"1 \u043c\u0438\u043d\u0443\u0442\u0430\" \/>\n<script type=\"application\/ld+json\" class=\"yoast-schema-graph\">{\"@context\":\"https:\/\/schema.org\",\"@graph\":[{\"@type\":\"WebPage\",\"@id\":\"https:\/\/horticom.ee\/e-pood\/toode\/istutuskuhvel-elho-green-basics-s-hele-leheroheline\/\",\"url\":\"https:\/\/horticom.ee\/e-pood\/toode\/istutuskuhvel-elho-green-basics-s-hele-leheroheline\/\",\"name\":\"Istutusk\u00fchvel Elho Green Basics S hele\/leheroheline - Horticom\",\"isPartOf\":{\"@id\":\"https:\/\/horticom.ee\/e-pood\/#website\"},\"primaryImageOfPage\":{\"@id\":\"https:\/\/horticom.ee\/e-pood\/toode\/istutuskuhvel-elho-green-basics-s-hele-leheroheline\/#primaryimage\"},\"image\":{\"@id\":\"https:\/\/horticom.ee\/e-pood\/toode\/istutuskuhvel-elho-green-basics-s-hele-leheroheline\/#primaryimage\"},\"thumbnailUrl\":\"https:\/\/horticom.ee\/e-pood\/wp-content\/uploads\/2025\/04\/8711904258696-scaled.jpg\",\"datePublished\":\"2025-04-09T03:00:15+00:00\",\"dateModified\":\"2025-06-17T10:00:24+00:00\",\"breadcrumb\":{\"@id\":\"https:\/\/horticom.ee\/e-pood\/toode\/istutuskuhvel-elho-green-basics-s-hele-leheroheline\/#breadcrumb\"},\"inLanguage\":\"ru-RU\",\"potentialAction\":[{\"@type\":\"ReadAction\",\"target\":[\"https:\/\/horticom.ee\/e-pood\/toode\/istutuskuhvel-elho-green-basics-s-hele-leheroheline\/\"]}]},{\"@type\":\"ImageObject\",\"inLanguage\":\"ru-RU\",\"@id\":\"https:\/\/horticom.ee\/e-pood\/toode\/istutuskuhvel-elho-green-basics-s-hele-leheroheline\/#primaryimage\",\"url\":\"https:\/\/horticom.ee\/e-pood\/wp-content\/uploads\/2025\/04\/8711904258696-scaled.jpg\",\"contentUrl\":\"https:\/\/horticom.ee\/e-pood\/wp-content\/uploads\/2025\/04\/8711904258696-scaled.jpg\",\"width\":2560,\"height\":2560},{\"@type\":\"BreadcrumbList\",\"@id\":\"https:\/\/horticom.ee\/e-pood\/toode\/istutuskuhvel-elho-green-basics-s-hele-leheroheline\/#breadcrumb\",\"itemListElement\":[{\"@type\":\"ListItem\",\"position\":1,\"name\":\"Home\",\"item\":\"https:\/\/horticom.ee\/e-pood\/\"},{\"@type\":\"ListItem\",\"position\":2,\"name\":\"Pood\",\"item\":\"https:\/\/horticom.ee\/e-pood\/pood\/\"},{\"@type\":\"ListItem\",\"position\":3,\"name\":\"Istutusk\u00fchvel Elho Green Basics S hele\/leheroheline\"}]},{\"@type\":\"WebSite\",\"@id\":\"https:\/\/horticom.ee\/e-pood\/#website\",\"url\":\"https:\/\/horticom.ee\/e-pood\/\",\"name\":\"Horticom.ee\",\"description\":\"Aianduskaubad ja kodukaubad nii harrastajatele kui professionaalidele\",\"potentialAction\":[{\"@type\":\"SearchAction\",\"target\":{\"@type\":\"EntryPoint\",\"urlTemplate\":\"https:\/\/horticom.ee\/e-pood\/?s={search_term_string}\"},\"query-input\":{\"@type\":\"PropertyValueSpecification\",\"valueRequired\":true,\"valueName\":\"search_term_string\"}}],\"inLanguage\":\"ru-RU\"}]}<\/script>\n<!-- \/ Yoast SEO plugin. -->","yoast_head_json":{"title":"Istutusk\u00fchvel Elho Green Basics S hele\/leheroheline - Horticom","robots":{"index":"index","follow":"follow","max-snippet":"max-snippet:-1","max-image-preview":"max-image-preview:large","max-video-preview":"max-video-preview:-1"},"canonical":"https:\/\/horticom.ee\/e-pood\/toode\/istutuskuhvel-elho-green-basics-s-hele-leheroheline\/","og_locale":"ru_RU","og_type":"article","og_title":"Istutusk\u00fchvel Elho Green Basics S hele\/leheroheline - Horticom","og_description":"Istutusk\u00fchvel Green Basics S on v\u00e4ga mugav just t\u00e4nu oma ergonoomilisele k\u00e4epidemele. K\u00fchvel on UV kindel, t\u00e4nu millele ei tuhmu v\u00e4rv. Samuti k\u00fclmakindel kuni -40C. K\u00fchvel on kerge.","og_url":"https:\/\/horticom.ee\/e-pood\/toode\/istutuskuhvel-elho-green-basics-s-hele-leheroheline\/","og_site_name":"Horticom.ee","article_publisher":"https:\/\/www.facebook.com\/horticom.ee\/e-pood","article_modified_time":"2025-06-17T10:00:24+00:00","og_image":[{"width":2560,"height":2560,"url":"https:\/\/horticom.ee\/e-pood\/wp-content\/uploads\/2025\/04\/8711904258696-scaled.jpg","type":"image\/jpeg"}],"twitter_card":"summary_large_image","twitter_misc":{"\u041f\u0440\u0438\u043c\u0435\u0440\u043d\u043e\u0435 \u0432\u0440\u0435\u043c\u044f \u0434\u043b\u044f \u0447\u0442\u0435\u043d\u0438\u044f":"1 \u043c\u0438\u043d\u0443\u0442\u0430"},"schema":{"@context":"https:\/\/schema.org","@graph":[{"@type":"WebPage","@id":"https:\/\/horticom.ee\/e-pood\/toode\/istutuskuhvel-elho-green-basics-s-hele-leheroheline\/","url":"https:\/\/horticom.ee\/e-pood\/toode\/istutuskuhvel-elho-green-basics-s-hele-leheroheline\/","name":"Istutusk\u00fchvel Elho Green Basics S hele\/leheroheline - Horticom","isPartOf":{"@id":"https:\/\/horticom.ee\/e-pood\/#website"},"primaryImageOfPage":{"@id":"https:\/\/horticom.ee\/e-pood\/toode\/istutuskuhvel-elho-green-basics-s-hele-leheroheline\/#primaryimage"},"image":{"@id":"https:\/\/horticom.ee\/e-pood\/toode\/istutuskuhvel-elho-green-basics-s-hele-leheroheline\/#primaryimage"},"thumbnailUrl":"https:\/\/horticom.ee\/e-pood\/wp-content\/uploads\/2025\/04\/8711904258696-scaled.jpg","datePublished":"2025-04-09T03:00:15+00:00","dateModified":"2025-06-17T10:00:24+00:00","breadcrumb":{"@id":"https:\/\/horticom.ee\/e-pood\/toode\/istutuskuhvel-elho-green-basics-s-hele-leheroheline\/#breadcrumb"},"inLanguage":"ru-RU","potentialAction":[{"@type":"ReadAction","target":["https:\/\/horticom.ee\/e-pood\/toode\/istutuskuhvel-elho-green-basics-s-hele-leheroheline\/"]}]},{"@type":"ImageObject","inLanguage":"ru-RU","@id":"https:\/\/horticom.ee\/e-pood\/toode\/istutuskuhvel-elho-green-basics-s-hele-leheroheline\/#primaryimage","url":"https:\/\/horticom.ee\/e-pood\/wp-content\/uploads\/2025\/04\/8711904258696-scaled.jpg","contentUrl":"https:\/\/horticom.ee\/e-pood\/wp-content\/uploads\/2025\/04\/8711904258696-scaled.jpg","width":2560,"height":2560},{"@type":"BreadcrumbList","@id":"https:\/\/horticom.ee\/e-pood\/toode\/istutuskuhvel-elho-green-basics-s-hele-leheroheline\/#breadcrumb","itemListElement":[{"@type":"ListItem","position":1,"name":"Home","item":"https:\/\/horticom.ee\/e-pood\/"},{"@type":"ListItem","position":2,"name":"Pood","item":"https:\/\/horticom.ee\/e-pood\/pood\/"},{"@type":"ListItem","position":3,"name":"Istutusk\u00fchvel Elho Green Basics S hele\/leheroheline"}]},{"@type":"WebSite","@id":"https:\/\/horticom.ee\/e-pood\/#website","url":"https:\/\/horticom.ee\/e-pood\/","name":"Horticom.ee","description":"Aianduskaubad ja kodukaubad nii harrastajatele kui professionaalidele","potentialAction":[{"@type":"SearchAction","target":{"@type":"EntryPoint","urlTemplate":"https:\/\/horticom.ee\/e-pood\/?s={search_term_string}"},"query-input":{"@type":"PropertyValueSpecification","valueRequired":true,"valueName":"search_term_string"}}],"inLanguage":"ru-RU"}]}},"_links":{"self":[{"href":"https:\/\/horticom.ee\/e-pood\/ru\/wp-json\/wp\/v2\/product\/2391409","targetHints":{"allow":["GET"]}}],"collection":[{"href":"https:\/\/horticom.ee\/e-pood\/ru\/wp-json\/wp\/v2\/product"}],"about":[{"href":"https:\/\/horticom.ee\/e-pood\/ru\/wp-json\/wp\/v2\/types\/product"}],"replies":[{"embeddable":true,"href":"https:\/\/horticom.ee\/e-pood\/ru\/wp-json\/wp\/v2\/comments?post=2391409"}],"wp:featuredmedia":[{"embeddable":true,"href":"https:\/\/horticom.ee\/e-pood\/ru\/wp-json\/wp\/v2\/media\/2391901"}],"wp:attachment":[{"href":"https:\/\/horticom.ee\/e-pood\/ru\/wp-json\/wp\/v2\/media?parent=2391409"}],"wp:term":[{"taxonomy":"product_cat","embeddable":true,"href":"https:\/\/horticom.ee\/e-pood\/ru\/wp-json\/wp\/v2\/product_cat?post=2391409"},{"taxonomy":"product_tag","embeddable":true,"href":"https:\/\/horticom.ee\/e-pood\/ru\/wp-json\/wp\/v2\/product_tag?post=2391409"}],"curies":[{"name":"wp","href":"https:\/\/api.w.org\/{rel}","templated":true}]}}