{"id":2398195,"date":"2025-05-06T13:01:06","date_gmt":"2025-05-06T10:01:06","guid":{"rendered":"https:\/\/horticom.ee\/e-pood\/toode\/putuka-feromoonpuunis-green-protect-ploomimahkurile\/"},"modified":"2026-04-19T03:13:00","modified_gmt":"2026-04-19T00:13:00","slug":"putuka-feromoonpuunis-green-protect-ploomimahkurile","status":"publish","type":"product","link":"https:\/\/horticom.ee\/e-pood\/ru\/toode\/putuka-feromoonpuunis-green-protect-ploomimahkurile\/","title":{"rendered":"Putuka feromoonp\u00fc\u00fcnis Green Protect ploomim\u00e4hkurile"},"content":{"rendered":"<p>Putuka feromoonp\u00fc\u00fcnis Green Protect ploomim\u00e4hkurile<br \/>\nSisaldab: 1 l\u00f5ks, 2 liimplaati, 2 feromooni, 2 traati.<br \/>\n1 p\u00fc\u00fcnis \u00fche t\u00e4iskasvanud v\u00f5i kahe noore ploomipuu kohta. Putuka feromoonp\u00fc\u00fcnis Green Protect  ploomim\u00e4hkurile (Cydia funebrana, ka Laspeyresia funebrana v\u00f5i Grapholita funebrana)  on t\u00f5hus feromoonp\u00fc\u00fcnis, mis aitab v\u00e4ltida r\u00f6\u00f6vikute tekkimist ploomides, isasliblikad p\u00fc\u00fctakse p\u00fc\u00fcnisega kinni, sellega v\u00e4heneb emasliblikate viljastumisv\u00f5imalus.<br \/>\nP\u00fc\u00fcnise abil saate avastada kahjuri olemasolu oma aias ning otsustada keemilise t\u00f5rje vajalikkuse \u00fcle.<br \/>\nPloomim\u00e4hkurid munevad oma munad ploomipuude \u00f5iepungadesse, mist\u00f5ttu rikuvad viljad oma vastsetega. Nad toituvad nektarist ja sigivad kevadkuudel varakult. Vahetult p\u00e4rast puude \u00f5itsemist munevad ploomiliblikad oma munad viljapuu lehtedele ja \u00f5ite sisse. Munad kooruvad 8-14 p\u00e4eva p\u00e4rast. Vastsed elavad kaitstult vilja sees, kus nad toituvad s\u00fcdamikest. Nakatunud puuvili on seel\u00e4bi t\u00e4idetud vastsete v\u00e4ljaheidetega, mis kiirendab lagunemisprotsessi ja vili hakkab aeglaselt m\u00e4danema. Vastsed on t\u00e4ielikult v\u00e4lja arenenud umbes 4 n\u00e4dala p\u00e4rast ja otsivad seej\u00e4rel talvekuudel elamiseks sobivat asukohta. Vastseid, mis on juba vilja sees, ei saa kontrollida. Tulevasi nakatumisi saab reguleerida vaid ennetavate meetmete abil, mis peavad toimuma kogu hooaja jooksul.<\/p>\n","protected":false},"excerpt":{"rendered":"<p>Putuka feromoonp\u00fc\u00fcnis Green Protect ploomim\u00e4hkurile Sisaldab: 1 l\u00f5ks, 2 liimplaati, 2 feromooni, 2 traati. 1 p\u00fc\u00fcnis \u00fche t\u00e4iskasvanud v\u00f5i kahe noore ploomipuu kohta. Putuka feromoonp\u00fc\u00fcnis Green Protect ploomim\u00e4hkurile (Cydia funebrana, ka Laspeyresia funebrana v\u00f5i Grapholita funebrana) on t\u00f5hus feromoonp\u00fc\u00fcnis, mis aitab v\u00e4ltida r\u00f6\u00f6vikute tekkimist ploomides, isasliblikad p\u00fc\u00fctakse p\u00fc\u00fcnisega kinni, sellega v\u00e4heneb emasliblikate viljastumisv\u00f5imalus. P\u00fc\u00fcnise abil [&hellip;]<\/p>\n","protected":false},"featured_media":2398501,"comment_status":"closed","ping_status":"closed","template":"","meta":{"_themeisle_gutenberg_block_has_review":false},"product_cat":[18342],"product_tag":[],"class_list":{"0":"post-2398195","1":"product","2":"type-product","3":"status-publish","4":"has-post-thumbnail","6":"product_cat-feromoonpuunised","8":"first","9":"instock","10":"shipping-taxable","11":"purchasable","12":"product-type-simple"},"yoast_head":"<!-- This site is optimized with the Yoast SEO plugin v24.0 - https:\/\/yoast.com\/wordpress\/plugins\/seo\/ -->\n<title>Putuka feromoonp\u00fc\u00fcnis Green Protect ploomim\u00e4hkurile - Horticom<\/title>\n<meta name=\"robots\" content=\"index, follow, max-snippet:-1, max-image-preview:large, max-video-preview:-1\" \/>\n<link rel=\"canonical\" href=\"https:\/\/horticom.ee\/e-pood\/toode\/putuka-feromoonpuunis-green-protect-ploomimahkurile\/\" \/>\n<meta property=\"og:locale\" content=\"ru_RU\" \/>\n<meta property=\"og:type\" content=\"article\" \/>\n<meta property=\"og:title\" content=\"Putuka feromoonp\u00fc\u00fcnis Green Protect ploomim\u00e4hkurile - Horticom\" \/>\n<meta property=\"og:description\" content=\"Putuka feromoonp\u00fc\u00fcnis Green Protect ploomim\u00e4hkurile Sisaldab: 1 l\u00f5ks, 2 liimplaati, 2 feromooni, 2 traati. 1 p\u00fc\u00fcnis \u00fche t\u00e4iskasvanud v\u00f5i kahe noore ploomipuu kohta. Putuka feromoonp\u00fc\u00fcnis Green Protect ploomim\u00e4hkurile (Cydia funebrana, ka Laspeyresia funebrana v\u00f5i Grapholita funebrana) on t\u00f5hus feromoonp\u00fc\u00fcnis, mis aitab v\u00e4ltida r\u00f6\u00f6vikute tekkimist ploomides, isasliblikad p\u00fc\u00fctakse p\u00fc\u00fcnisega kinni, sellega v\u00e4heneb emasliblikate viljastumisv\u00f5imalus. P\u00fc\u00fcnise abil [&hellip;]\" \/>\n<meta property=\"og:url\" content=\"https:\/\/horticom.ee\/e-pood\/toode\/putuka-feromoonpuunis-green-protect-ploomimahkurile\/\" \/>\n<meta property=\"og:site_name\" content=\"Horticom.ee\" \/>\n<meta property=\"article:publisher\" content=\"https:\/\/www.facebook.com\/horticom.ee\/e-pood\" \/>\n<meta property=\"article:modified_time\" content=\"2026-04-19T00:13:00+00:00\" \/>\n<meta property=\"og:image\" content=\"https:\/\/horticom.ee\/e-pood\/wp-content\/uploads\/2025\/05\/5060525030765.jpg\" \/>\n\t<meta property=\"og:image:width\" content=\"1000\" \/>\n\t<meta property=\"og:image:height\" content=\"1000\" \/>\n\t<meta property=\"og:image:type\" content=\"image\/jpeg\" \/>\n<meta name=\"twitter:card\" content=\"summary_large_image\" \/>\n<meta name=\"twitter:label1\" content=\"\u041f\u0440\u0438\u043c\u0435\u0440\u043d\u043e\u0435 \u0432\u0440\u0435\u043c\u044f \u0434\u043b\u044f \u0447\u0442\u0435\u043d\u0438\u044f\" \/>\n\t<meta name=\"twitter:data1\" content=\"2 \u043c\u0438\u043d\u0443\u0442\u044b\" \/>\n<script type=\"application\/ld+json\" class=\"yoast-schema-graph\">{\"@context\":\"https:\/\/schema.org\",\"@graph\":[{\"@type\":\"WebPage\",\"@id\":\"https:\/\/horticom.ee\/e-pood\/toode\/putuka-feromoonpuunis-green-protect-ploomimahkurile\/\",\"url\":\"https:\/\/horticom.ee\/e-pood\/toode\/putuka-feromoonpuunis-green-protect-ploomimahkurile\/\",\"name\":\"Putuka feromoonp\u00fc\u00fcnis Green Protect ploomim\u00e4hkurile - Horticom\",\"isPartOf\":{\"@id\":\"https:\/\/horticom.ee\/e-pood\/#website\"},\"primaryImageOfPage\":{\"@id\":\"https:\/\/horticom.ee\/e-pood\/toode\/putuka-feromoonpuunis-green-protect-ploomimahkurile\/#primaryimage\"},\"image\":{\"@id\":\"https:\/\/horticom.ee\/e-pood\/toode\/putuka-feromoonpuunis-green-protect-ploomimahkurile\/#primaryimage\"},\"thumbnailUrl\":\"https:\/\/horticom.ee\/e-pood\/wp-content\/uploads\/2025\/05\/5060525030765.jpg\",\"datePublished\":\"2025-05-06T10:01:06+00:00\",\"dateModified\":\"2026-04-19T00:13:00+00:00\",\"breadcrumb\":{\"@id\":\"https:\/\/horticom.ee\/e-pood\/toode\/putuka-feromoonpuunis-green-protect-ploomimahkurile\/#breadcrumb\"},\"inLanguage\":\"ru-RU\",\"potentialAction\":[{\"@type\":\"ReadAction\",\"target\":[\"https:\/\/horticom.ee\/e-pood\/toode\/putuka-feromoonpuunis-green-protect-ploomimahkurile\/\"]}]},{\"@type\":\"ImageObject\",\"inLanguage\":\"ru-RU\",\"@id\":\"https:\/\/horticom.ee\/e-pood\/toode\/putuka-feromoonpuunis-green-protect-ploomimahkurile\/#primaryimage\",\"url\":\"https:\/\/horticom.ee\/e-pood\/wp-content\/uploads\/2025\/05\/5060525030765.jpg\",\"contentUrl\":\"https:\/\/horticom.ee\/e-pood\/wp-content\/uploads\/2025\/05\/5060525030765.jpg\",\"width\":1000,\"height\":1000},{\"@type\":\"BreadcrumbList\",\"@id\":\"https:\/\/horticom.ee\/e-pood\/toode\/putuka-feromoonpuunis-green-protect-ploomimahkurile\/#breadcrumb\",\"itemListElement\":[{\"@type\":\"ListItem\",\"position\":1,\"name\":\"Home\",\"item\":\"https:\/\/horticom.ee\/e-pood\/\"},{\"@type\":\"ListItem\",\"position\":2,\"name\":\"Pood\",\"item\":\"https:\/\/horticom.ee\/e-pood\/pood\/\"},{\"@type\":\"ListItem\",\"position\":3,\"name\":\"Putuka feromoonp\u00fc\u00fcnis Green Protect ploomim\u00e4hkurile\"}]},{\"@type\":\"WebSite\",\"@id\":\"https:\/\/horticom.ee\/e-pood\/#website\",\"url\":\"https:\/\/horticom.ee\/e-pood\/\",\"name\":\"Horticom.ee\",\"description\":\"Aianduskaubad ja kodukaubad nii harrastajatele kui professionaalidele\",\"potentialAction\":[{\"@type\":\"SearchAction\",\"target\":{\"@type\":\"EntryPoint\",\"urlTemplate\":\"https:\/\/horticom.ee\/e-pood\/?s={search_term_string}\"},\"query-input\":{\"@type\":\"PropertyValueSpecification\",\"valueRequired\":true,\"valueName\":\"search_term_string\"}}],\"inLanguage\":\"ru-RU\"}]}<\/script>\n<!-- \/ Yoast SEO plugin. -->","yoast_head_json":{"title":"Putuka feromoonp\u00fc\u00fcnis Green Protect ploomim\u00e4hkurile - Horticom","robots":{"index":"index","follow":"follow","max-snippet":"max-snippet:-1","max-image-preview":"max-image-preview:large","max-video-preview":"max-video-preview:-1"},"canonical":"https:\/\/horticom.ee\/e-pood\/toode\/putuka-feromoonpuunis-green-protect-ploomimahkurile\/","og_locale":"ru_RU","og_type":"article","og_title":"Putuka feromoonp\u00fc\u00fcnis Green Protect ploomim\u00e4hkurile - Horticom","og_description":"Putuka feromoonp\u00fc\u00fcnis Green Protect ploomim\u00e4hkurile Sisaldab: 1 l\u00f5ks, 2 liimplaati, 2 feromooni, 2 traati. 1 p\u00fc\u00fcnis \u00fche t\u00e4iskasvanud v\u00f5i kahe noore ploomipuu kohta. Putuka feromoonp\u00fc\u00fcnis Green Protect ploomim\u00e4hkurile (Cydia funebrana, ka Laspeyresia funebrana v\u00f5i Grapholita funebrana) on t\u00f5hus feromoonp\u00fc\u00fcnis, mis aitab v\u00e4ltida r\u00f6\u00f6vikute tekkimist ploomides, isasliblikad p\u00fc\u00fctakse p\u00fc\u00fcnisega kinni, sellega v\u00e4heneb emasliblikate viljastumisv\u00f5imalus. P\u00fc\u00fcnise abil [&hellip;]","og_url":"https:\/\/horticom.ee\/e-pood\/toode\/putuka-feromoonpuunis-green-protect-ploomimahkurile\/","og_site_name":"Horticom.ee","article_publisher":"https:\/\/www.facebook.com\/horticom.ee\/e-pood","article_modified_time":"2026-04-19T00:13:00+00:00","og_image":[{"width":1000,"height":1000,"url":"https:\/\/horticom.ee\/e-pood\/wp-content\/uploads\/2025\/05\/5060525030765.jpg","type":"image\/jpeg"}],"twitter_card":"summary_large_image","twitter_misc":{"\u041f\u0440\u0438\u043c\u0435\u0440\u043d\u043e\u0435 \u0432\u0440\u0435\u043c\u044f \u0434\u043b\u044f \u0447\u0442\u0435\u043d\u0438\u044f":"2 \u043c\u0438\u043d\u0443\u0442\u044b"},"schema":{"@context":"https:\/\/schema.org","@graph":[{"@type":"WebPage","@id":"https:\/\/horticom.ee\/e-pood\/toode\/putuka-feromoonpuunis-green-protect-ploomimahkurile\/","url":"https:\/\/horticom.ee\/e-pood\/toode\/putuka-feromoonpuunis-green-protect-ploomimahkurile\/","name":"Putuka feromoonp\u00fc\u00fcnis Green Protect ploomim\u00e4hkurile - Horticom","isPartOf":{"@id":"https:\/\/horticom.ee\/e-pood\/#website"},"primaryImageOfPage":{"@id":"https:\/\/horticom.ee\/e-pood\/toode\/putuka-feromoonpuunis-green-protect-ploomimahkurile\/#primaryimage"},"image":{"@id":"https:\/\/horticom.ee\/e-pood\/toode\/putuka-feromoonpuunis-green-protect-ploomimahkurile\/#primaryimage"},"thumbnailUrl":"https:\/\/horticom.ee\/e-pood\/wp-content\/uploads\/2025\/05\/5060525030765.jpg","datePublished":"2025-05-06T10:01:06+00:00","dateModified":"2026-04-19T00:13:00+00:00","breadcrumb":{"@id":"https:\/\/horticom.ee\/e-pood\/toode\/putuka-feromoonpuunis-green-protect-ploomimahkurile\/#breadcrumb"},"inLanguage":"ru-RU","potentialAction":[{"@type":"ReadAction","target":["https:\/\/horticom.ee\/e-pood\/toode\/putuka-feromoonpuunis-green-protect-ploomimahkurile\/"]}]},{"@type":"ImageObject","inLanguage":"ru-RU","@id":"https:\/\/horticom.ee\/e-pood\/toode\/putuka-feromoonpuunis-green-protect-ploomimahkurile\/#primaryimage","url":"https:\/\/horticom.ee\/e-pood\/wp-content\/uploads\/2025\/05\/5060525030765.jpg","contentUrl":"https:\/\/horticom.ee\/e-pood\/wp-content\/uploads\/2025\/05\/5060525030765.jpg","width":1000,"height":1000},{"@type":"BreadcrumbList","@id":"https:\/\/horticom.ee\/e-pood\/toode\/putuka-feromoonpuunis-green-protect-ploomimahkurile\/#breadcrumb","itemListElement":[{"@type":"ListItem","position":1,"name":"Home","item":"https:\/\/horticom.ee\/e-pood\/"},{"@type":"ListItem","position":2,"name":"Pood","item":"https:\/\/horticom.ee\/e-pood\/pood\/"},{"@type":"ListItem","position":3,"name":"Putuka feromoonp\u00fc\u00fcnis Green Protect ploomim\u00e4hkurile"}]},{"@type":"WebSite","@id":"https:\/\/horticom.ee\/e-pood\/#website","url":"https:\/\/horticom.ee\/e-pood\/","name":"Horticom.ee","description":"Aianduskaubad ja kodukaubad nii harrastajatele kui professionaalidele","potentialAction":[{"@type":"SearchAction","target":{"@type":"EntryPoint","urlTemplate":"https:\/\/horticom.ee\/e-pood\/?s={search_term_string}"},"query-input":{"@type":"PropertyValueSpecification","valueRequired":true,"valueName":"search_term_string"}}],"inLanguage":"ru-RU"}]}},"_links":{"self":[{"href":"https:\/\/horticom.ee\/e-pood\/ru\/wp-json\/wp\/v2\/product\/2398195","targetHints":{"allow":["GET"]}}],"collection":[{"href":"https:\/\/horticom.ee\/e-pood\/ru\/wp-json\/wp\/v2\/product"}],"about":[{"href":"https:\/\/horticom.ee\/e-pood\/ru\/wp-json\/wp\/v2\/types\/product"}],"replies":[{"embeddable":true,"href":"https:\/\/horticom.ee\/e-pood\/ru\/wp-json\/wp\/v2\/comments?post=2398195"}],"wp:featuredmedia":[{"embeddable":true,"href":"https:\/\/horticom.ee\/e-pood\/ru\/wp-json\/wp\/v2\/media\/2398501"}],"wp:attachment":[{"href":"https:\/\/horticom.ee\/e-pood\/ru\/wp-json\/wp\/v2\/media?parent=2398195"}],"wp:term":[{"taxonomy":"product_cat","embeddable":true,"href":"https:\/\/horticom.ee\/e-pood\/ru\/wp-json\/wp\/v2\/product_cat?post=2398195"},{"taxonomy":"product_tag","embeddable":true,"href":"https:\/\/horticom.ee\/e-pood\/ru\/wp-json\/wp\/v2\/product_tag?post=2398195"}],"curies":[{"name":"wp","href":"https:\/\/api.w.org\/{rel}","templated":true}]}}