{"id":2398196,"date":"2025-05-06T13:01:06","date_gmt":"2025-05-06T10:01:06","guid":{"rendered":"https:\/\/horticom.ee\/e-pood\/toode\/putuka-feromoonpuunis-green-protect-ouna-ja-pirnimahkurile\/"},"modified":"2026-04-19T03:13:00","modified_gmt":"2026-04-19T00:13:00","slug":"putuka-feromoonpuunis-green-protect-ouna-ja-pirnimahkurile","status":"publish","type":"product","link":"https:\/\/horticom.ee\/e-pood\/ru\/toode\/putuka-feromoonpuunis-green-protect-ouna-ja-pirnimahkurile\/","title":{"rendered":"Putuka feromoonp\u00fc\u00fcnis Green Protect \u00f5una-ja pirnim\u00e4hkurile"},"content":{"rendered":"<p>Putuka feromoonp\u00fc\u00fcnis Green Protect \u00f5una-ja pirnim\u00e4hkurile<br \/>\nSisaldab: 1 l\u00f5ks, 2 liimplaati, 2 feromooni, 2 traati.<br \/>\n1 p\u00fc\u00fcnis 1 \u00f5unapuu  v pirnipuu kohta<br \/>\nPutuka feromoonp\u00fc\u00fcnis Green Protect \u00f5una-ja pirnim\u00e4hkurile ( Cydia pomonella; Cydia pyrivora);  on t\u00f5hus feromoonp\u00fc\u00fcnis, mis aitab v\u00e4ltida r\u00f6\u00f6vikute  tekkimist \u00f5untes ja pirnides, isasliblikad p\u00fc\u00fctakse p\u00fc\u00fcnisega kinni, sellega v\u00e4heneb emasliblikate viljastumisv\u00f5imalus.<br \/>\nP\u00fc\u00fcnise abil saate avastada kahjuri olemasolu oma aias ning otsustada keemilise t\u00f5rje vajalikkuse \u00fcle. Kahjuri kohta: \u00d5unam\u00e4hkuri liblikad munevad \u00f5una- ja pirnipuude \u00f5iepungadesse seel\u00e4bi rikkudes vilja oma vastsetega. Liblikad toituvad nektarist ja sigivad kevadkuudel varakult. Vahetult p\u00e4rast puude \u00f5itsemist munevad nad viljapuu lehtedele ja \u00f5ite sisse. Munad kooruvad 8-14 p\u00e4eva p\u00e4rast. Valmikud elavad kaitstult vilja sees, kus nad toituvad s\u00fcdamikest. Nakatunud puuvili on t\u00e4idetud vastsete v\u00e4ljaheidetega, mis kiirendab lagunemisprotsessi ja vili hakkab aeglaselt m\u00e4danema. Vastsed on t\u00e4ielikult v\u00e4lja arenenud umbes 4 n\u00e4dala p\u00e4rast ja otsivad seej\u00e4rel talvekuudel elamiseks sobivat asukohta. Vastseid, mis on juba vilja sees, ei saa kontrollida. Tulevasi nakatumisi saab reguleerida vaid ennetavate meetmete abil, mis peavad toimuma kogu hooaja jooksul.<\/p>\n","protected":false},"excerpt":{"rendered":"<p>Putuka feromoonp\u00fc\u00fcnis Green Protect \u00f5una-ja pirnim\u00e4hkurile Sisaldab: 1 l\u00f5ks, 2 liimplaati, 2 feromooni, 2 traati. 1 p\u00fc\u00fcnis 1 \u00f5unapuu v pirnipuu kohta Putuka feromoonp\u00fc\u00fcnis Green Protect \u00f5una-ja pirnim\u00e4hkurile ( Cydia pomonella; Cydia pyrivora); on t\u00f5hus feromoonp\u00fc\u00fcnis, mis aitab v\u00e4ltida r\u00f6\u00f6vikute tekkimist \u00f5untes ja pirnides, isasliblikad p\u00fc\u00fctakse p\u00fc\u00fcnisega kinni, sellega v\u00e4heneb emasliblikate viljastumisv\u00f5imalus. P\u00fc\u00fcnise abil saate [&hellip;]<\/p>\n","protected":false},"featured_media":2398503,"comment_status":"closed","ping_status":"closed","template":"","meta":{"_themeisle_gutenberg_block_has_review":false},"product_cat":[18342],"product_tag":[],"class_list":{"0":"post-2398196","1":"product","2":"type-product","3":"status-publish","4":"has-post-thumbnail","6":"product_cat-feromoonpuunised","8":"first","9":"instock","10":"shipping-taxable","11":"purchasable","12":"product-type-simple"},"yoast_head":"<!-- This site is optimized with the Yoast SEO plugin v24.0 - https:\/\/yoast.com\/wordpress\/plugins\/seo\/ -->\n<title>Putuka feromoonp\u00fc\u00fcnis Green Protect \u00f5una-ja pirnim\u00e4hkurile - Horticom<\/title>\n<meta name=\"robots\" content=\"index, follow, max-snippet:-1, max-image-preview:large, max-video-preview:-1\" \/>\n<link rel=\"canonical\" href=\"https:\/\/horticom.ee\/e-pood\/toode\/putuka-feromoonpuunis-green-protect-ouna-ja-pirnimahkurile\/\" \/>\n<meta property=\"og:locale\" content=\"ru_RU\" \/>\n<meta property=\"og:type\" content=\"article\" \/>\n<meta property=\"og:title\" content=\"Putuka feromoonp\u00fc\u00fcnis Green Protect \u00f5una-ja pirnim\u00e4hkurile - Horticom\" \/>\n<meta property=\"og:description\" content=\"Putuka feromoonp\u00fc\u00fcnis Green Protect \u00f5una-ja pirnim\u00e4hkurile Sisaldab: 1 l\u00f5ks, 2 liimplaati, 2 feromooni, 2 traati. 1 p\u00fc\u00fcnis 1 \u00f5unapuu v pirnipuu kohta Putuka feromoonp\u00fc\u00fcnis Green Protect \u00f5una-ja pirnim\u00e4hkurile ( Cydia pomonella; Cydia pyrivora); on t\u00f5hus feromoonp\u00fc\u00fcnis, mis aitab v\u00e4ltida r\u00f6\u00f6vikute tekkimist \u00f5untes ja pirnides, isasliblikad p\u00fc\u00fctakse p\u00fc\u00fcnisega kinni, sellega v\u00e4heneb emasliblikate viljastumisv\u00f5imalus. P\u00fc\u00fcnise abil saate [&hellip;]\" \/>\n<meta property=\"og:url\" content=\"https:\/\/horticom.ee\/e-pood\/toode\/putuka-feromoonpuunis-green-protect-ouna-ja-pirnimahkurile\/\" \/>\n<meta property=\"og:site_name\" content=\"Horticom.ee\" \/>\n<meta property=\"article:publisher\" content=\"https:\/\/www.facebook.com\/horticom.ee\/e-pood\" \/>\n<meta property=\"article:modified_time\" content=\"2026-04-19T00:13:00+00:00\" \/>\n<meta property=\"og:image\" content=\"https:\/\/horticom.ee\/e-pood\/wp-content\/uploads\/2025\/05\/5060525030772.jpg\" \/>\n\t<meta property=\"og:image:width\" content=\"782\" \/>\n\t<meta property=\"og:image:height\" content=\"787\" \/>\n\t<meta property=\"og:image:type\" content=\"image\/jpeg\" \/>\n<meta name=\"twitter:card\" content=\"summary_large_image\" \/>\n<meta name=\"twitter:label1\" content=\"\u041f\u0440\u0438\u043c\u0435\u0440\u043d\u043e\u0435 \u0432\u0440\u0435\u043c\u044f \u0434\u043b\u044f \u0447\u0442\u0435\u043d\u0438\u044f\" \/>\n\t<meta name=\"twitter:data1\" content=\"2 \u043c\u0438\u043d\u0443\u0442\u044b\" \/>\n<script type=\"application\/ld+json\" class=\"yoast-schema-graph\">{\"@context\":\"https:\/\/schema.org\",\"@graph\":[{\"@type\":\"WebPage\",\"@id\":\"https:\/\/horticom.ee\/e-pood\/toode\/putuka-feromoonpuunis-green-protect-ouna-ja-pirnimahkurile\/\",\"url\":\"https:\/\/horticom.ee\/e-pood\/toode\/putuka-feromoonpuunis-green-protect-ouna-ja-pirnimahkurile\/\",\"name\":\"Putuka feromoonp\u00fc\u00fcnis Green Protect \u00f5una-ja pirnim\u00e4hkurile - Horticom\",\"isPartOf\":{\"@id\":\"https:\/\/horticom.ee\/e-pood\/#website\"},\"primaryImageOfPage\":{\"@id\":\"https:\/\/horticom.ee\/e-pood\/toode\/putuka-feromoonpuunis-green-protect-ouna-ja-pirnimahkurile\/#primaryimage\"},\"image\":{\"@id\":\"https:\/\/horticom.ee\/e-pood\/toode\/putuka-feromoonpuunis-green-protect-ouna-ja-pirnimahkurile\/#primaryimage\"},\"thumbnailUrl\":\"https:\/\/horticom.ee\/e-pood\/wp-content\/uploads\/2025\/05\/5060525030772.jpg\",\"datePublished\":\"2025-05-06T10:01:06+00:00\",\"dateModified\":\"2026-04-19T00:13:00+00:00\",\"breadcrumb\":{\"@id\":\"https:\/\/horticom.ee\/e-pood\/toode\/putuka-feromoonpuunis-green-protect-ouna-ja-pirnimahkurile\/#breadcrumb\"},\"inLanguage\":\"ru-RU\",\"potentialAction\":[{\"@type\":\"ReadAction\",\"target\":[\"https:\/\/horticom.ee\/e-pood\/toode\/putuka-feromoonpuunis-green-protect-ouna-ja-pirnimahkurile\/\"]}]},{\"@type\":\"ImageObject\",\"inLanguage\":\"ru-RU\",\"@id\":\"https:\/\/horticom.ee\/e-pood\/toode\/putuka-feromoonpuunis-green-protect-ouna-ja-pirnimahkurile\/#primaryimage\",\"url\":\"https:\/\/horticom.ee\/e-pood\/wp-content\/uploads\/2025\/05\/5060525030772.jpg\",\"contentUrl\":\"https:\/\/horticom.ee\/e-pood\/wp-content\/uploads\/2025\/05\/5060525030772.jpg\",\"width\":782,\"height\":787},{\"@type\":\"BreadcrumbList\",\"@id\":\"https:\/\/horticom.ee\/e-pood\/toode\/putuka-feromoonpuunis-green-protect-ouna-ja-pirnimahkurile\/#breadcrumb\",\"itemListElement\":[{\"@type\":\"ListItem\",\"position\":1,\"name\":\"Home\",\"item\":\"https:\/\/horticom.ee\/e-pood\/\"},{\"@type\":\"ListItem\",\"position\":2,\"name\":\"Pood\",\"item\":\"https:\/\/horticom.ee\/e-pood\/pood\/\"},{\"@type\":\"ListItem\",\"position\":3,\"name\":\"Putuka feromoonp\u00fc\u00fcnis Green Protect \u00f5una-ja pirnim\u00e4hkurile\"}]},{\"@type\":\"WebSite\",\"@id\":\"https:\/\/horticom.ee\/e-pood\/#website\",\"url\":\"https:\/\/horticom.ee\/e-pood\/\",\"name\":\"Horticom.ee\",\"description\":\"Aianduskaubad ja kodukaubad nii harrastajatele kui professionaalidele\",\"potentialAction\":[{\"@type\":\"SearchAction\",\"target\":{\"@type\":\"EntryPoint\",\"urlTemplate\":\"https:\/\/horticom.ee\/e-pood\/?s={search_term_string}\"},\"query-input\":{\"@type\":\"PropertyValueSpecification\",\"valueRequired\":true,\"valueName\":\"search_term_string\"}}],\"inLanguage\":\"ru-RU\"}]}<\/script>\n<!-- \/ Yoast SEO plugin. -->","yoast_head_json":{"title":"Putuka feromoonp\u00fc\u00fcnis Green Protect \u00f5una-ja pirnim\u00e4hkurile - Horticom","robots":{"index":"index","follow":"follow","max-snippet":"max-snippet:-1","max-image-preview":"max-image-preview:large","max-video-preview":"max-video-preview:-1"},"canonical":"https:\/\/horticom.ee\/e-pood\/toode\/putuka-feromoonpuunis-green-protect-ouna-ja-pirnimahkurile\/","og_locale":"ru_RU","og_type":"article","og_title":"Putuka feromoonp\u00fc\u00fcnis Green Protect \u00f5una-ja pirnim\u00e4hkurile - Horticom","og_description":"Putuka feromoonp\u00fc\u00fcnis Green Protect \u00f5una-ja pirnim\u00e4hkurile Sisaldab: 1 l\u00f5ks, 2 liimplaati, 2 feromooni, 2 traati. 1 p\u00fc\u00fcnis 1 \u00f5unapuu v pirnipuu kohta Putuka feromoonp\u00fc\u00fcnis Green Protect \u00f5una-ja pirnim\u00e4hkurile ( Cydia pomonella; Cydia pyrivora); on t\u00f5hus feromoonp\u00fc\u00fcnis, mis aitab v\u00e4ltida r\u00f6\u00f6vikute tekkimist \u00f5untes ja pirnides, isasliblikad p\u00fc\u00fctakse p\u00fc\u00fcnisega kinni, sellega v\u00e4heneb emasliblikate viljastumisv\u00f5imalus. P\u00fc\u00fcnise abil saate [&hellip;]","og_url":"https:\/\/horticom.ee\/e-pood\/toode\/putuka-feromoonpuunis-green-protect-ouna-ja-pirnimahkurile\/","og_site_name":"Horticom.ee","article_publisher":"https:\/\/www.facebook.com\/horticom.ee\/e-pood","article_modified_time":"2026-04-19T00:13:00+00:00","og_image":[{"width":782,"height":787,"url":"https:\/\/horticom.ee\/e-pood\/wp-content\/uploads\/2025\/05\/5060525030772.jpg","type":"image\/jpeg"}],"twitter_card":"summary_large_image","twitter_misc":{"\u041f\u0440\u0438\u043c\u0435\u0440\u043d\u043e\u0435 \u0432\u0440\u0435\u043c\u044f \u0434\u043b\u044f \u0447\u0442\u0435\u043d\u0438\u044f":"2 \u043c\u0438\u043d\u0443\u0442\u044b"},"schema":{"@context":"https:\/\/schema.org","@graph":[{"@type":"WebPage","@id":"https:\/\/horticom.ee\/e-pood\/toode\/putuka-feromoonpuunis-green-protect-ouna-ja-pirnimahkurile\/","url":"https:\/\/horticom.ee\/e-pood\/toode\/putuka-feromoonpuunis-green-protect-ouna-ja-pirnimahkurile\/","name":"Putuka feromoonp\u00fc\u00fcnis Green Protect \u00f5una-ja pirnim\u00e4hkurile - Horticom","isPartOf":{"@id":"https:\/\/horticom.ee\/e-pood\/#website"},"primaryImageOfPage":{"@id":"https:\/\/horticom.ee\/e-pood\/toode\/putuka-feromoonpuunis-green-protect-ouna-ja-pirnimahkurile\/#primaryimage"},"image":{"@id":"https:\/\/horticom.ee\/e-pood\/toode\/putuka-feromoonpuunis-green-protect-ouna-ja-pirnimahkurile\/#primaryimage"},"thumbnailUrl":"https:\/\/horticom.ee\/e-pood\/wp-content\/uploads\/2025\/05\/5060525030772.jpg","datePublished":"2025-05-06T10:01:06+00:00","dateModified":"2026-04-19T00:13:00+00:00","breadcrumb":{"@id":"https:\/\/horticom.ee\/e-pood\/toode\/putuka-feromoonpuunis-green-protect-ouna-ja-pirnimahkurile\/#breadcrumb"},"inLanguage":"ru-RU","potentialAction":[{"@type":"ReadAction","target":["https:\/\/horticom.ee\/e-pood\/toode\/putuka-feromoonpuunis-green-protect-ouna-ja-pirnimahkurile\/"]}]},{"@type":"ImageObject","inLanguage":"ru-RU","@id":"https:\/\/horticom.ee\/e-pood\/toode\/putuka-feromoonpuunis-green-protect-ouna-ja-pirnimahkurile\/#primaryimage","url":"https:\/\/horticom.ee\/e-pood\/wp-content\/uploads\/2025\/05\/5060525030772.jpg","contentUrl":"https:\/\/horticom.ee\/e-pood\/wp-content\/uploads\/2025\/05\/5060525030772.jpg","width":782,"height":787},{"@type":"BreadcrumbList","@id":"https:\/\/horticom.ee\/e-pood\/toode\/putuka-feromoonpuunis-green-protect-ouna-ja-pirnimahkurile\/#breadcrumb","itemListElement":[{"@type":"ListItem","position":1,"name":"Home","item":"https:\/\/horticom.ee\/e-pood\/"},{"@type":"ListItem","position":2,"name":"Pood","item":"https:\/\/horticom.ee\/e-pood\/pood\/"},{"@type":"ListItem","position":3,"name":"Putuka feromoonp\u00fc\u00fcnis Green Protect \u00f5una-ja pirnim\u00e4hkurile"}]},{"@type":"WebSite","@id":"https:\/\/horticom.ee\/e-pood\/#website","url":"https:\/\/horticom.ee\/e-pood\/","name":"Horticom.ee","description":"Aianduskaubad ja kodukaubad nii harrastajatele kui professionaalidele","potentialAction":[{"@type":"SearchAction","target":{"@type":"EntryPoint","urlTemplate":"https:\/\/horticom.ee\/e-pood\/?s={search_term_string}"},"query-input":{"@type":"PropertyValueSpecification","valueRequired":true,"valueName":"search_term_string"}}],"inLanguage":"ru-RU"}]}},"_links":{"self":[{"href":"https:\/\/horticom.ee\/e-pood\/ru\/wp-json\/wp\/v2\/product\/2398196","targetHints":{"allow":["GET"]}}],"collection":[{"href":"https:\/\/horticom.ee\/e-pood\/ru\/wp-json\/wp\/v2\/product"}],"about":[{"href":"https:\/\/horticom.ee\/e-pood\/ru\/wp-json\/wp\/v2\/types\/product"}],"replies":[{"embeddable":true,"href":"https:\/\/horticom.ee\/e-pood\/ru\/wp-json\/wp\/v2\/comments?post=2398196"}],"wp:featuredmedia":[{"embeddable":true,"href":"https:\/\/horticom.ee\/e-pood\/ru\/wp-json\/wp\/v2\/media\/2398503"}],"wp:attachment":[{"href":"https:\/\/horticom.ee\/e-pood\/ru\/wp-json\/wp\/v2\/media?parent=2398196"}],"wp:term":[{"taxonomy":"product_cat","embeddable":true,"href":"https:\/\/horticom.ee\/e-pood\/ru\/wp-json\/wp\/v2\/product_cat?post=2398196"},{"taxonomy":"product_tag","embeddable":true,"href":"https:\/\/horticom.ee\/e-pood\/ru\/wp-json\/wp\/v2\/product_tag?post=2398196"}],"curies":[{"name":"wp","href":"https:\/\/api.w.org\/{rel}","templated":true}]}}