{"id":2398796,"date":"2025-05-08T06:00:33","date_gmt":"2025-05-08T03:00:33","guid":{"rendered":"https:\/\/horticom.ee\/e-pood\/toode\/kindad-one4all-nr-7\/"},"modified":"2026-03-09T13:08:44","modified_gmt":"2026-03-09T11:08:44","slug":"kindad-one4all-nr-7","status":"publish","type":"product","link":"https:\/\/horticom.ee\/e-pood\/ru\/toode\/kindad-one4all-nr-7\/","title":{"rendered":"Kindad One4All nr 7"},"content":{"rendered":"<p>Kindad One4All &#8211;  kindad on kulumiskindlad ja v\u00e4ga mugavad, mitmeotstarbelised kindad. Need sobivad ideaalselt igap\u00e4evasteks aiat\u00f6\u00f6deks l\u00f5ikamiseks, istutamiseks ja rohimiseks. Peopesal olev k\u00e4rjekujuline muster tagab hea haarde. Sobib lateksi suhtes allergilistele inimestele. Elastne randmeosa teeb kinda k\u00e4es olemise mugavaks,  takistab mustuse sattumist kinnastesse ning k\u00e4te m\u00e4\u00e4rdumist v\u00f5i kahjustamist. Materjal nitriil, pol\u00fcamiid.<\/p>\n","protected":false},"excerpt":{"rendered":"<p>Kindad One4All &#8211; kindad on kulumiskindlad ja v\u00e4ga mugavad, mitmeotstarbelised kindad. Need sobivad ideaalselt igap\u00e4evasteks aiat\u00f6\u00f6deks l\u00f5ikamiseks, istutamiseks ja rohimiseks. Peopesal olev k\u00e4rjekujuline muster tagab hea haarde. Sobib lateksi suhtes allergilistele inimestele. Elastne randmeosa teeb kinda k\u00e4es olemise mugavaks, takistab mustuse sattumist kinnastesse ning k\u00e4te m\u00e4\u00e4rdumist v\u00f5i kahjustamist. Materjal nitriil, pol\u00fcamiid.<\/p>\n","protected":false},"featured_media":2427396,"comment_status":"closed","ping_status":"closed","template":"","meta":{"_themeisle_gutenberg_block_has_review":false},"product_cat":[13417],"product_tag":[],"class_list":{"0":"post-2398796","1":"product","2":"type-product","3":"status-publish","4":"has-post-thumbnail","6":"product_cat-kindad","8":"first","9":"instock","10":"shipping-taxable","11":"purchasable","12":"product-type-simple"},"yoast_head":"<!-- This site is optimized with the Yoast SEO plugin v24.0 - https:\/\/yoast.com\/wordpress\/plugins\/seo\/ -->\n<title>Kindad One4All nr 7 - Horticom<\/title>\n<meta name=\"robots\" content=\"index, follow, max-snippet:-1, max-image-preview:large, max-video-preview:-1\" \/>\n<link rel=\"canonical\" href=\"https:\/\/horticom.ee\/e-pood\/toode\/kindad-one4all-nr-7\/\" \/>\n<meta property=\"og:locale\" content=\"ru_RU\" \/>\n<meta property=\"og:type\" content=\"article\" \/>\n<meta property=\"og:title\" content=\"Kindad One4All nr 7 - Horticom\" \/>\n<meta property=\"og:description\" content=\"Kindad One4All &#8211; kindad on kulumiskindlad ja v\u00e4ga mugavad, mitmeotstarbelised kindad. Need sobivad ideaalselt igap\u00e4evasteks aiat\u00f6\u00f6deks l\u00f5ikamiseks, istutamiseks ja rohimiseks. Peopesal olev k\u00e4rjekujuline muster tagab hea haarde. Sobib lateksi suhtes allergilistele inimestele. Elastne randmeosa teeb kinda k\u00e4es olemise mugavaks, takistab mustuse sattumist kinnastesse ning k\u00e4te m\u00e4\u00e4rdumist v\u00f5i kahjustamist. Materjal nitriil, pol\u00fcamiid.\" \/>\n<meta property=\"og:url\" content=\"https:\/\/horticom.ee\/e-pood\/toode\/kindad-one4all-nr-7\/\" \/>\n<meta property=\"og:site_name\" content=\"Horticom.ee\" \/>\n<meta property=\"article:publisher\" content=\"https:\/\/www.facebook.com\/horticom.ee\/e-pood\" \/>\n<meta property=\"article:modified_time\" content=\"2026-03-09T11:08:44+00:00\" \/>\n<meta property=\"og:image\" content=\"https:\/\/horticom.ee\/e-pood\/wp-content\/uploads\/importedmedia\/product_2398796_0_201R89507.jpg\" \/>\n\t<meta property=\"og:image:width\" content=\"1000\" \/>\n\t<meta property=\"og:image:height\" content=\"932\" \/>\n\t<meta property=\"og:image:type\" content=\"image\/jpeg\" \/>\n<meta name=\"twitter:card\" content=\"summary_large_image\" \/>\n<script type=\"application\/ld+json\" class=\"yoast-schema-graph\">{\"@context\":\"https:\/\/schema.org\",\"@graph\":[{\"@type\":\"WebPage\",\"@id\":\"https:\/\/horticom.ee\/e-pood\/toode\/kindad-one4all-nr-7\/\",\"url\":\"https:\/\/horticom.ee\/e-pood\/toode\/kindad-one4all-nr-7\/\",\"name\":\"Kindad One4All nr 7 - Horticom\",\"isPartOf\":{\"@id\":\"https:\/\/horticom.ee\/e-pood\/#website\"},\"primaryImageOfPage\":{\"@id\":\"https:\/\/horticom.ee\/e-pood\/toode\/kindad-one4all-nr-7\/#primaryimage\"},\"image\":{\"@id\":\"https:\/\/horticom.ee\/e-pood\/toode\/kindad-one4all-nr-7\/#primaryimage\"},\"thumbnailUrl\":\"https:\/\/horticom.ee\/e-pood\/wp-content\/uploads\/importedmedia\/product_2398796_0_201R89507.jpg\",\"datePublished\":\"2025-05-08T03:00:33+00:00\",\"dateModified\":\"2026-03-09T11:08:44+00:00\",\"breadcrumb\":{\"@id\":\"https:\/\/horticom.ee\/e-pood\/toode\/kindad-one4all-nr-7\/#breadcrumb\"},\"inLanguage\":\"ru-RU\",\"potentialAction\":[{\"@type\":\"ReadAction\",\"target\":[\"https:\/\/horticom.ee\/e-pood\/toode\/kindad-one4all-nr-7\/\"]}]},{\"@type\":\"ImageObject\",\"inLanguage\":\"ru-RU\",\"@id\":\"https:\/\/horticom.ee\/e-pood\/toode\/kindad-one4all-nr-7\/#primaryimage\",\"url\":\"https:\/\/horticom.ee\/e-pood\/wp-content\/uploads\/importedmedia\/product_2398796_0_201R89507.jpg\",\"contentUrl\":\"https:\/\/horticom.ee\/e-pood\/wp-content\/uploads\/importedmedia\/product_2398796_0_201R89507.jpg\",\"width\":1000,\"height\":932},{\"@type\":\"BreadcrumbList\",\"@id\":\"https:\/\/horticom.ee\/e-pood\/toode\/kindad-one4all-nr-7\/#breadcrumb\",\"itemListElement\":[{\"@type\":\"ListItem\",\"position\":1,\"name\":\"Home\",\"item\":\"https:\/\/horticom.ee\/e-pood\/\"},{\"@type\":\"ListItem\",\"position\":2,\"name\":\"Pood\",\"item\":\"https:\/\/horticom.ee\/e-pood\/pood\/\"},{\"@type\":\"ListItem\",\"position\":3,\"name\":\"Kindad One4All nr 7\"}]},{\"@type\":\"WebSite\",\"@id\":\"https:\/\/horticom.ee\/e-pood\/#website\",\"url\":\"https:\/\/horticom.ee\/e-pood\/\",\"name\":\"Horticom.ee\",\"description\":\"Aianduskaubad ja kodukaubad nii harrastajatele kui professionaalidele\",\"potentialAction\":[{\"@type\":\"SearchAction\",\"target\":{\"@type\":\"EntryPoint\",\"urlTemplate\":\"https:\/\/horticom.ee\/e-pood\/?s={search_term_string}\"},\"query-input\":{\"@type\":\"PropertyValueSpecification\",\"valueRequired\":true,\"valueName\":\"search_term_string\"}}],\"inLanguage\":\"ru-RU\"}]}<\/script>\n<!-- \/ Yoast SEO plugin. -->","yoast_head_json":{"title":"Kindad One4All nr 7 - Horticom","robots":{"index":"index","follow":"follow","max-snippet":"max-snippet:-1","max-image-preview":"max-image-preview:large","max-video-preview":"max-video-preview:-1"},"canonical":"https:\/\/horticom.ee\/e-pood\/toode\/kindad-one4all-nr-7\/","og_locale":"ru_RU","og_type":"article","og_title":"Kindad One4All nr 7 - Horticom","og_description":"Kindad One4All &#8211; kindad on kulumiskindlad ja v\u00e4ga mugavad, mitmeotstarbelised kindad. Need sobivad ideaalselt igap\u00e4evasteks aiat\u00f6\u00f6deks l\u00f5ikamiseks, istutamiseks ja rohimiseks. Peopesal olev k\u00e4rjekujuline muster tagab hea haarde. Sobib lateksi suhtes allergilistele inimestele. Elastne randmeosa teeb kinda k\u00e4es olemise mugavaks, takistab mustuse sattumist kinnastesse ning k\u00e4te m\u00e4\u00e4rdumist v\u00f5i kahjustamist. Materjal nitriil, pol\u00fcamiid.","og_url":"https:\/\/horticom.ee\/e-pood\/toode\/kindad-one4all-nr-7\/","og_site_name":"Horticom.ee","article_publisher":"https:\/\/www.facebook.com\/horticom.ee\/e-pood","article_modified_time":"2026-03-09T11:08:44+00:00","og_image":[{"width":1000,"height":932,"url":"https:\/\/horticom.ee\/e-pood\/wp-content\/uploads\/importedmedia\/product_2398796_0_201R89507.jpg","type":"image\/jpeg"}],"twitter_card":"summary_large_image","schema":{"@context":"https:\/\/schema.org","@graph":[{"@type":"WebPage","@id":"https:\/\/horticom.ee\/e-pood\/toode\/kindad-one4all-nr-7\/","url":"https:\/\/horticom.ee\/e-pood\/toode\/kindad-one4all-nr-7\/","name":"Kindad One4All nr 7 - Horticom","isPartOf":{"@id":"https:\/\/horticom.ee\/e-pood\/#website"},"primaryImageOfPage":{"@id":"https:\/\/horticom.ee\/e-pood\/toode\/kindad-one4all-nr-7\/#primaryimage"},"image":{"@id":"https:\/\/horticom.ee\/e-pood\/toode\/kindad-one4all-nr-7\/#primaryimage"},"thumbnailUrl":"https:\/\/horticom.ee\/e-pood\/wp-content\/uploads\/importedmedia\/product_2398796_0_201R89507.jpg","datePublished":"2025-05-08T03:00:33+00:00","dateModified":"2026-03-09T11:08:44+00:00","breadcrumb":{"@id":"https:\/\/horticom.ee\/e-pood\/toode\/kindad-one4all-nr-7\/#breadcrumb"},"inLanguage":"ru-RU","potentialAction":[{"@type":"ReadAction","target":["https:\/\/horticom.ee\/e-pood\/toode\/kindad-one4all-nr-7\/"]}]},{"@type":"ImageObject","inLanguage":"ru-RU","@id":"https:\/\/horticom.ee\/e-pood\/toode\/kindad-one4all-nr-7\/#primaryimage","url":"https:\/\/horticom.ee\/e-pood\/wp-content\/uploads\/importedmedia\/product_2398796_0_201R89507.jpg","contentUrl":"https:\/\/horticom.ee\/e-pood\/wp-content\/uploads\/importedmedia\/product_2398796_0_201R89507.jpg","width":1000,"height":932},{"@type":"BreadcrumbList","@id":"https:\/\/horticom.ee\/e-pood\/toode\/kindad-one4all-nr-7\/#breadcrumb","itemListElement":[{"@type":"ListItem","position":1,"name":"Home","item":"https:\/\/horticom.ee\/e-pood\/"},{"@type":"ListItem","position":2,"name":"Pood","item":"https:\/\/horticom.ee\/e-pood\/pood\/"},{"@type":"ListItem","position":3,"name":"Kindad One4All nr 7"}]},{"@type":"WebSite","@id":"https:\/\/horticom.ee\/e-pood\/#website","url":"https:\/\/horticom.ee\/e-pood\/","name":"Horticom.ee","description":"Aianduskaubad ja kodukaubad nii harrastajatele kui professionaalidele","potentialAction":[{"@type":"SearchAction","target":{"@type":"EntryPoint","urlTemplate":"https:\/\/horticom.ee\/e-pood\/?s={search_term_string}"},"query-input":{"@type":"PropertyValueSpecification","valueRequired":true,"valueName":"search_term_string"}}],"inLanguage":"ru-RU"}]}},"_links":{"self":[{"href":"https:\/\/horticom.ee\/e-pood\/ru\/wp-json\/wp\/v2\/product\/2398796","targetHints":{"allow":["GET"]}}],"collection":[{"href":"https:\/\/horticom.ee\/e-pood\/ru\/wp-json\/wp\/v2\/product"}],"about":[{"href":"https:\/\/horticom.ee\/e-pood\/ru\/wp-json\/wp\/v2\/types\/product"}],"replies":[{"embeddable":true,"href":"https:\/\/horticom.ee\/e-pood\/ru\/wp-json\/wp\/v2\/comments?post=2398796"}],"wp:featuredmedia":[{"embeddable":true,"href":"https:\/\/horticom.ee\/e-pood\/ru\/wp-json\/wp\/v2\/media\/2427396"}],"wp:attachment":[{"href":"https:\/\/horticom.ee\/e-pood\/ru\/wp-json\/wp\/v2\/media?parent=2398796"}],"wp:term":[{"taxonomy":"product_cat","embeddable":true,"href":"https:\/\/horticom.ee\/e-pood\/ru\/wp-json\/wp\/v2\/product_cat?post=2398796"},{"taxonomy":"product_tag","embeddable":true,"href":"https:\/\/horticom.ee\/e-pood\/ru\/wp-json\/wp\/v2\/product_tag?post=2398796"}],"curies":[{"name":"wp","href":"https:\/\/api.w.org\/{rel}","templated":true}]}}