{"id":2407195,"date":"2025-06-04T13:00:41","date_gmt":"2025-06-04T10:00:41","guid":{"rendered":"https:\/\/horticom.ee\/e-pood\/toode\/lohnastatud-kuunal-matis-klaasis-4-tahiga-20h-lavendel-apelsiniois\/"},"modified":"2026-04-29T03:11:45","modified_gmt":"2026-04-29T00:11:45","slug":"lohnastatud-kuunal-matis-klaasis-4-tahiga-20h-lavendel-apelsiniois","status":"publish","type":"product","link":"https:\/\/horticom.ee\/e-pood\/ru\/toode\/lohnastatud-kuunal-matis-klaasis-4-tahiga-20h-lavendel-apelsiniois\/","title":{"rendered":"L\u00f5hnastatud k\u00fc\u00fcnal matis klaasis 4 tahiga 20h lavendel-apelsini\u00f5is"},"content":{"rendered":"<p>Mahedas s\u00fcgis\/talvises v\u00e4rvitoonis l\u00e4bikumavas matis klaasis l\u00f5hnak\u00fc\u00fcnal, mis p\u00f5leb ereda ja stabiilse leegiga. K\u00f5rgema l\u00f5hnasisaldusega ning toormest \u00fcle 70% on taimset p\u00e4ritolu. Kvaliteetsed k\u00fc\u00fcnlad firmalt, kellel on 150+ aastat kogemust valmistamaks parimatest saadaolevatest koostisosadest h\u00e4sti p\u00f5levaid k\u00fc\u00fcnlaid, mis ei saasta \u00f5hku ega ole tervisele ohtlikud.<\/p>\n","protected":false},"excerpt":{"rendered":"<p>Mahedas s\u00fcgis\/talvises v\u00e4rvitoonis l\u00e4bikumavas matis klaasis l\u00f5hnak\u00fc\u00fcnal, mis p\u00f5leb ereda ja stabiilse leegiga. K\u00f5rgema l\u00f5hnasisaldusega ning toormest \u00fcle 70% on taimset p\u00e4ritolu. Kvaliteetsed k\u00fc\u00fcnlad firmalt, kellel on 150+ aastat kogemust valmistamaks parimatest saadaolevatest koostisosadest h\u00e4sti p\u00f5levaid k\u00fc\u00fcnlaid, mis ei saasta \u00f5hku ega ole tervisele ohtlikud.<\/p>\n","protected":false},"featured_media":2409159,"comment_status":"closed","ping_status":"closed","template":"","meta":{"_themeisle_gutenberg_block_has_review":false},"product_cat":[13453],"product_tag":[],"class_list":{"0":"post-2407195","1":"product","2":"type-product","3":"status-publish","4":"has-post-thumbnail","6":"product_cat-lohnakuunlad","8":"first","9":"instock","10":"sale","11":"shipping-taxable","12":"purchasable","13":"product-type-simple"},"yoast_head":"<!-- This site is optimized with the Yoast SEO plugin v24.0 - https:\/\/yoast.com\/wordpress\/plugins\/seo\/ -->\n<title>L\u00f5hnastatud k\u00fc\u00fcnal matis klaasis 4 tahiga 20h lavendel-apelsini\u00f5is - Horticom<\/title>\n<meta name=\"robots\" content=\"index, follow, max-snippet:-1, max-image-preview:large, max-video-preview:-1\" \/>\n<link rel=\"canonical\" href=\"https:\/\/horticom.ee\/e-pood\/toode\/lohnastatud-kuunal-matis-klaasis-4-tahiga-20h-lavendel-apelsiniois\/\" \/>\n<meta property=\"og:locale\" content=\"ru_RU\" \/>\n<meta property=\"og:type\" content=\"article\" \/>\n<meta property=\"og:title\" content=\"L\u00f5hnastatud k\u00fc\u00fcnal matis klaasis 4 tahiga 20h lavendel-apelsini\u00f5is - Horticom\" \/>\n<meta property=\"og:description\" content=\"Mahedas s\u00fcgis\/talvises v\u00e4rvitoonis l\u00e4bikumavas matis klaasis l\u00f5hnak\u00fc\u00fcnal, mis p\u00f5leb ereda ja stabiilse leegiga. K\u00f5rgema l\u00f5hnasisaldusega ning toormest \u00fcle 70% on taimset p\u00e4ritolu. Kvaliteetsed k\u00fc\u00fcnlad firmalt, kellel on 150+ aastat kogemust valmistamaks parimatest saadaolevatest koostisosadest h\u00e4sti p\u00f5levaid k\u00fc\u00fcnlaid, mis ei saasta \u00f5hku ega ole tervisele ohtlikud.\" \/>\n<meta property=\"og:url\" content=\"https:\/\/horticom.ee\/e-pood\/toode\/lohnastatud-kuunal-matis-klaasis-4-tahiga-20h-lavendel-apelsiniois\/\" \/>\n<meta property=\"og:site_name\" content=\"Horticom.ee\" \/>\n<meta property=\"article:publisher\" content=\"https:\/\/www.facebook.com\/horticom.ee\/e-pood\" \/>\n<meta property=\"article:modified_time\" content=\"2026-04-29T00:11:45+00:00\" \/>\n<meta property=\"og:image\" content=\"https:\/\/horticom.ee\/e-pood\/wp-content\/uploads\/2025\/06\/5411708191672-scaled.jpg\" \/>\n\t<meta property=\"og:image:width\" content=\"2560\" \/>\n\t<meta property=\"og:image:height\" content=\"2560\" \/>\n\t<meta property=\"og:image:type\" content=\"image\/jpeg\" \/>\n<meta name=\"twitter:card\" content=\"summary_large_image\" \/>\n<meta name=\"twitter:label1\" content=\"\u041f\u0440\u0438\u043c\u0435\u0440\u043d\u043e\u0435 \u0432\u0440\u0435\u043c\u044f \u0434\u043b\u044f \u0447\u0442\u0435\u043d\u0438\u044f\" \/>\n\t<meta name=\"twitter:data1\" content=\"1 \u043c\u0438\u043d\u0443\u0442\u0430\" \/>\n<script type=\"application\/ld+json\" class=\"yoast-schema-graph\">{\"@context\":\"https:\/\/schema.org\",\"@graph\":[{\"@type\":\"WebPage\",\"@id\":\"https:\/\/horticom.ee\/e-pood\/toode\/lohnastatud-kuunal-matis-klaasis-4-tahiga-20h-lavendel-apelsiniois\/\",\"url\":\"https:\/\/horticom.ee\/e-pood\/toode\/lohnastatud-kuunal-matis-klaasis-4-tahiga-20h-lavendel-apelsiniois\/\",\"name\":\"L\u00f5hnastatud k\u00fc\u00fcnal matis klaasis 4 tahiga 20h lavendel-apelsini\u00f5is - Horticom\",\"isPartOf\":{\"@id\":\"https:\/\/horticom.ee\/e-pood\/#website\"},\"primaryImageOfPage\":{\"@id\":\"https:\/\/horticom.ee\/e-pood\/toode\/lohnastatud-kuunal-matis-klaasis-4-tahiga-20h-lavendel-apelsiniois\/#primaryimage\"},\"image\":{\"@id\":\"https:\/\/horticom.ee\/e-pood\/toode\/lohnastatud-kuunal-matis-klaasis-4-tahiga-20h-lavendel-apelsiniois\/#primaryimage\"},\"thumbnailUrl\":\"https:\/\/horticom.ee\/e-pood\/wp-content\/uploads\/2025\/06\/5411708191672-scaled.jpg\",\"datePublished\":\"2025-06-04T10:00:41+00:00\",\"dateModified\":\"2026-04-29T00:11:45+00:00\",\"breadcrumb\":{\"@id\":\"https:\/\/horticom.ee\/e-pood\/toode\/lohnastatud-kuunal-matis-klaasis-4-tahiga-20h-lavendel-apelsiniois\/#breadcrumb\"},\"inLanguage\":\"ru-RU\",\"potentialAction\":[{\"@type\":\"ReadAction\",\"target\":[\"https:\/\/horticom.ee\/e-pood\/toode\/lohnastatud-kuunal-matis-klaasis-4-tahiga-20h-lavendel-apelsiniois\/\"]}]},{\"@type\":\"ImageObject\",\"inLanguage\":\"ru-RU\",\"@id\":\"https:\/\/horticom.ee\/e-pood\/toode\/lohnastatud-kuunal-matis-klaasis-4-tahiga-20h-lavendel-apelsiniois\/#primaryimage\",\"url\":\"https:\/\/horticom.ee\/e-pood\/wp-content\/uploads\/2025\/06\/5411708191672-scaled.jpg\",\"contentUrl\":\"https:\/\/horticom.ee\/e-pood\/wp-content\/uploads\/2025\/06\/5411708191672-scaled.jpg\",\"width\":2560,\"height\":2560},{\"@type\":\"BreadcrumbList\",\"@id\":\"https:\/\/horticom.ee\/e-pood\/toode\/lohnastatud-kuunal-matis-klaasis-4-tahiga-20h-lavendel-apelsiniois\/#breadcrumb\",\"itemListElement\":[{\"@type\":\"ListItem\",\"position\":1,\"name\":\"Home\",\"item\":\"https:\/\/horticom.ee\/e-pood\/\"},{\"@type\":\"ListItem\",\"position\":2,\"name\":\"Pood\",\"item\":\"https:\/\/horticom.ee\/e-pood\/pood\/\"},{\"@type\":\"ListItem\",\"position\":3,\"name\":\"L\u00f5hnastatud k\u00fc\u00fcnal matis klaasis 4 tahiga 20h lavendel-apelsini\u00f5is\"}]},{\"@type\":\"WebSite\",\"@id\":\"https:\/\/horticom.ee\/e-pood\/#website\",\"url\":\"https:\/\/horticom.ee\/e-pood\/\",\"name\":\"Horticom.ee\",\"description\":\"Aianduskaubad ja kodukaubad nii harrastajatele kui professionaalidele\",\"potentialAction\":[{\"@type\":\"SearchAction\",\"target\":{\"@type\":\"EntryPoint\",\"urlTemplate\":\"https:\/\/horticom.ee\/e-pood\/?s={search_term_string}\"},\"query-input\":{\"@type\":\"PropertyValueSpecification\",\"valueRequired\":true,\"valueName\":\"search_term_string\"}}],\"inLanguage\":\"ru-RU\"}]}<\/script>\n<!-- \/ Yoast SEO plugin. -->","yoast_head_json":{"title":"L\u00f5hnastatud k\u00fc\u00fcnal matis klaasis 4 tahiga 20h lavendel-apelsini\u00f5is - Horticom","robots":{"index":"index","follow":"follow","max-snippet":"max-snippet:-1","max-image-preview":"max-image-preview:large","max-video-preview":"max-video-preview:-1"},"canonical":"https:\/\/horticom.ee\/e-pood\/toode\/lohnastatud-kuunal-matis-klaasis-4-tahiga-20h-lavendel-apelsiniois\/","og_locale":"ru_RU","og_type":"article","og_title":"L\u00f5hnastatud k\u00fc\u00fcnal matis klaasis 4 tahiga 20h lavendel-apelsini\u00f5is - Horticom","og_description":"Mahedas s\u00fcgis\/talvises v\u00e4rvitoonis l\u00e4bikumavas matis klaasis l\u00f5hnak\u00fc\u00fcnal, mis p\u00f5leb ereda ja stabiilse leegiga. K\u00f5rgema l\u00f5hnasisaldusega ning toormest \u00fcle 70% on taimset p\u00e4ritolu. Kvaliteetsed k\u00fc\u00fcnlad firmalt, kellel on 150+ aastat kogemust valmistamaks parimatest saadaolevatest koostisosadest h\u00e4sti p\u00f5levaid k\u00fc\u00fcnlaid, mis ei saasta \u00f5hku ega ole tervisele ohtlikud.","og_url":"https:\/\/horticom.ee\/e-pood\/toode\/lohnastatud-kuunal-matis-klaasis-4-tahiga-20h-lavendel-apelsiniois\/","og_site_name":"Horticom.ee","article_publisher":"https:\/\/www.facebook.com\/horticom.ee\/e-pood","article_modified_time":"2026-04-29T00:11:45+00:00","og_image":[{"width":2560,"height":2560,"url":"https:\/\/horticom.ee\/e-pood\/wp-content\/uploads\/2025\/06\/5411708191672-scaled.jpg","type":"image\/jpeg"}],"twitter_card":"summary_large_image","twitter_misc":{"\u041f\u0440\u0438\u043c\u0435\u0440\u043d\u043e\u0435 \u0432\u0440\u0435\u043c\u044f \u0434\u043b\u044f \u0447\u0442\u0435\u043d\u0438\u044f":"1 \u043c\u0438\u043d\u0443\u0442\u0430"},"schema":{"@context":"https:\/\/schema.org","@graph":[{"@type":"WebPage","@id":"https:\/\/horticom.ee\/e-pood\/toode\/lohnastatud-kuunal-matis-klaasis-4-tahiga-20h-lavendel-apelsiniois\/","url":"https:\/\/horticom.ee\/e-pood\/toode\/lohnastatud-kuunal-matis-klaasis-4-tahiga-20h-lavendel-apelsiniois\/","name":"L\u00f5hnastatud k\u00fc\u00fcnal matis klaasis 4 tahiga 20h lavendel-apelsini\u00f5is - Horticom","isPartOf":{"@id":"https:\/\/horticom.ee\/e-pood\/#website"},"primaryImageOfPage":{"@id":"https:\/\/horticom.ee\/e-pood\/toode\/lohnastatud-kuunal-matis-klaasis-4-tahiga-20h-lavendel-apelsiniois\/#primaryimage"},"image":{"@id":"https:\/\/horticom.ee\/e-pood\/toode\/lohnastatud-kuunal-matis-klaasis-4-tahiga-20h-lavendel-apelsiniois\/#primaryimage"},"thumbnailUrl":"https:\/\/horticom.ee\/e-pood\/wp-content\/uploads\/2025\/06\/5411708191672-scaled.jpg","datePublished":"2025-06-04T10:00:41+00:00","dateModified":"2026-04-29T00:11:45+00:00","breadcrumb":{"@id":"https:\/\/horticom.ee\/e-pood\/toode\/lohnastatud-kuunal-matis-klaasis-4-tahiga-20h-lavendel-apelsiniois\/#breadcrumb"},"inLanguage":"ru-RU","potentialAction":[{"@type":"ReadAction","target":["https:\/\/horticom.ee\/e-pood\/toode\/lohnastatud-kuunal-matis-klaasis-4-tahiga-20h-lavendel-apelsiniois\/"]}]},{"@type":"ImageObject","inLanguage":"ru-RU","@id":"https:\/\/horticom.ee\/e-pood\/toode\/lohnastatud-kuunal-matis-klaasis-4-tahiga-20h-lavendel-apelsiniois\/#primaryimage","url":"https:\/\/horticom.ee\/e-pood\/wp-content\/uploads\/2025\/06\/5411708191672-scaled.jpg","contentUrl":"https:\/\/horticom.ee\/e-pood\/wp-content\/uploads\/2025\/06\/5411708191672-scaled.jpg","width":2560,"height":2560},{"@type":"BreadcrumbList","@id":"https:\/\/horticom.ee\/e-pood\/toode\/lohnastatud-kuunal-matis-klaasis-4-tahiga-20h-lavendel-apelsiniois\/#breadcrumb","itemListElement":[{"@type":"ListItem","position":1,"name":"Home","item":"https:\/\/horticom.ee\/e-pood\/"},{"@type":"ListItem","position":2,"name":"Pood","item":"https:\/\/horticom.ee\/e-pood\/pood\/"},{"@type":"ListItem","position":3,"name":"L\u00f5hnastatud k\u00fc\u00fcnal matis klaasis 4 tahiga 20h lavendel-apelsini\u00f5is"}]},{"@type":"WebSite","@id":"https:\/\/horticom.ee\/e-pood\/#website","url":"https:\/\/horticom.ee\/e-pood\/","name":"Horticom.ee","description":"Aianduskaubad ja kodukaubad nii harrastajatele kui professionaalidele","potentialAction":[{"@type":"SearchAction","target":{"@type":"EntryPoint","urlTemplate":"https:\/\/horticom.ee\/e-pood\/?s={search_term_string}"},"query-input":{"@type":"PropertyValueSpecification","valueRequired":true,"valueName":"search_term_string"}}],"inLanguage":"ru-RU"}]}},"_links":{"self":[{"href":"https:\/\/horticom.ee\/e-pood\/ru\/wp-json\/wp\/v2\/product\/2407195","targetHints":{"allow":["GET"]}}],"collection":[{"href":"https:\/\/horticom.ee\/e-pood\/ru\/wp-json\/wp\/v2\/product"}],"about":[{"href":"https:\/\/horticom.ee\/e-pood\/ru\/wp-json\/wp\/v2\/types\/product"}],"replies":[{"embeddable":true,"href":"https:\/\/horticom.ee\/e-pood\/ru\/wp-json\/wp\/v2\/comments?post=2407195"}],"wp:featuredmedia":[{"embeddable":true,"href":"https:\/\/horticom.ee\/e-pood\/ru\/wp-json\/wp\/v2\/media\/2409159"}],"wp:attachment":[{"href":"https:\/\/horticom.ee\/e-pood\/ru\/wp-json\/wp\/v2\/media?parent=2407195"}],"wp:term":[{"taxonomy":"product_cat","embeddable":true,"href":"https:\/\/horticom.ee\/e-pood\/ru\/wp-json\/wp\/v2\/product_cat?post=2407195"},{"taxonomy":"product_tag","embeddable":true,"href":"https:\/\/horticom.ee\/e-pood\/ru\/wp-json\/wp\/v2\/product_tag?post=2407195"}],"curies":[{"name":"wp","href":"https:\/\/api.w.org\/{rel}","templated":true}]}}