{"id":2407895,"date":"2025-06-06T13:00:59","date_gmt":"2025-06-06T10:00:59","guid":{"rendered":"https:\/\/horticom.ee\/e-pood\/toode\/aeduba-contender-phaseolus-vulgaris\/"},"modified":"2025-12-03T17:00:30","modified_gmt":"2025-12-03T15:00:30","slug":"aeduba-contender-phaseolus-vulgaris","status":"publish","type":"product","link":"https:\/\/horticom.ee\/e-pood\/ru\/toode\/aeduba-contender-phaseolus-vulgaris\/","title":{"rendered":"Aeduba Contender Phaseolus vulgaris"},"content":{"rendered":"<p>Aeduba Contender annab hea saagi viljakatel, huumusrikastel, soojadel ja l\u00e4bilaskvatel muldadel. Koristamisperioodi pikendamiseks k\u00fclvata pidevalt iga 10 -14 p\u00e4eva atagant juuli keskpaigani. Varajane, v\u00e4ga viljakas k\u00e4\u00e4bussort pikkade, maitsvate kaunadega. Ajavahemik istutamisest kuni saagini umbes 50 p\u00e4eva. Vastupidav haiguste suhtes. Sorti iseloomustab pikk korjeperiood. Vahetuks tarbimiseks, k\u00fclmutamiseks ja hoidiste valmistamiseks.<\/p>\n","protected":false},"excerpt":{"rendered":"<p>Aeduba Contender annab hea saagi viljakatel, huumusrikastel, soojadel ja l\u00e4bilaskvatel muldadel. Koristamisperioodi pikendamiseks k\u00fclvata pidevalt iga 10 -14 p\u00e4eva atagant juuli keskpaigani. Varajane, v\u00e4ga viljakas k\u00e4\u00e4bussort pikkade, maitsvate kaunadega. Ajavahemik istutamisest kuni saagini umbes 50 p\u00e4eva. Vastupidav haiguste suhtes. Sorti iseloomustab pikk korjeperiood. Vahetuks tarbimiseks, k\u00fclmutamiseks ja hoidiste valmistamiseks.<\/p>\n","protected":false},"featured_media":2426928,"comment_status":"closed","ping_status":"closed","template":"","meta":{"_themeisle_gutenberg_block_has_review":false},"product_cat":[13480],"product_tag":[],"class_list":{"0":"post-2407895","1":"product","2":"type-product","3":"status-publish","4":"has-post-thumbnail","6":"product_cat-uba","8":"first","9":"outofstock","10":"shipping-taxable","11":"purchasable","12":"product-type-simple"},"yoast_head":"<!-- This site is optimized with the Yoast SEO plugin v24.0 - https:\/\/yoast.com\/wordpress\/plugins\/seo\/ -->\n<title>Aeduba Contender Phaseolus vulgaris - Horticom<\/title>\n<meta name=\"robots\" content=\"index, follow, max-snippet:-1, max-image-preview:large, max-video-preview:-1\" \/>\n<link rel=\"canonical\" href=\"https:\/\/horticom.ee\/e-pood\/toode\/aeduba-contender-phaseolus-vulgaris\/\" \/>\n<meta property=\"og:locale\" content=\"ru_RU\" \/>\n<meta property=\"og:type\" content=\"article\" \/>\n<meta property=\"og:title\" content=\"Aeduba Contender Phaseolus vulgaris - Horticom\" \/>\n<meta property=\"og:description\" content=\"Aeduba Contender annab hea saagi viljakatel, huumusrikastel, soojadel ja l\u00e4bilaskvatel muldadel. Koristamisperioodi pikendamiseks k\u00fclvata pidevalt iga 10 -14 p\u00e4eva atagant juuli keskpaigani. Varajane, v\u00e4ga viljakas k\u00e4\u00e4bussort pikkade, maitsvate kaunadega. Ajavahemik istutamisest kuni saagini umbes 50 p\u00e4eva. Vastupidav haiguste suhtes. Sorti iseloomustab pikk korjeperiood. Vahetuks tarbimiseks, k\u00fclmutamiseks ja hoidiste valmistamiseks.\" \/>\n<meta property=\"og:url\" content=\"https:\/\/horticom.ee\/e-pood\/toode\/aeduba-contender-phaseolus-vulgaris\/\" \/>\n<meta property=\"og:site_name\" content=\"Horticom.ee\" \/>\n<meta property=\"article:publisher\" content=\"https:\/\/www.facebook.com\/horticom.ee\/e-pood\" \/>\n<meta property=\"article:modified_time\" content=\"2025-12-03T15:00:30+00:00\" \/>\n<meta property=\"og:image\" content=\"https:\/\/horticom.ee\/e-pood\/wp-content\/uploads\/importedmedia\/product_2407895_0_VC911.jpg\" \/>\n\t<meta property=\"og:image:width\" content=\"999\" \/>\n\t<meta property=\"og:image:height\" content=\"1298\" \/>\n\t<meta property=\"og:image:type\" content=\"image\/jpeg\" \/>\n<meta name=\"twitter:card\" content=\"summary_large_image\" \/>\n<script type=\"application\/ld+json\" class=\"yoast-schema-graph\">{\"@context\":\"https:\/\/schema.org\",\"@graph\":[{\"@type\":\"WebPage\",\"@id\":\"https:\/\/horticom.ee\/e-pood\/toode\/aeduba-contender-phaseolus-vulgaris\/\",\"url\":\"https:\/\/horticom.ee\/e-pood\/toode\/aeduba-contender-phaseolus-vulgaris\/\",\"name\":\"Aeduba Contender Phaseolus vulgaris - Horticom\",\"isPartOf\":{\"@id\":\"https:\/\/horticom.ee\/e-pood\/#website\"},\"primaryImageOfPage\":{\"@id\":\"https:\/\/horticom.ee\/e-pood\/toode\/aeduba-contender-phaseolus-vulgaris\/#primaryimage\"},\"image\":{\"@id\":\"https:\/\/horticom.ee\/e-pood\/toode\/aeduba-contender-phaseolus-vulgaris\/#primaryimage\"},\"thumbnailUrl\":\"https:\/\/horticom.ee\/e-pood\/wp-content\/uploads\/importedmedia\/product_2407895_0_VC911.jpg\",\"datePublished\":\"2025-06-06T10:00:59+00:00\",\"dateModified\":\"2025-12-03T15:00:30+00:00\",\"breadcrumb\":{\"@id\":\"https:\/\/horticom.ee\/e-pood\/toode\/aeduba-contender-phaseolus-vulgaris\/#breadcrumb\"},\"inLanguage\":\"ru-RU\",\"potentialAction\":[{\"@type\":\"ReadAction\",\"target\":[\"https:\/\/horticom.ee\/e-pood\/toode\/aeduba-contender-phaseolus-vulgaris\/\"]}]},{\"@type\":\"ImageObject\",\"inLanguage\":\"ru-RU\",\"@id\":\"https:\/\/horticom.ee\/e-pood\/toode\/aeduba-contender-phaseolus-vulgaris\/#primaryimage\",\"url\":\"https:\/\/horticom.ee\/e-pood\/wp-content\/uploads\/importedmedia\/product_2407895_0_VC911.jpg\",\"contentUrl\":\"https:\/\/horticom.ee\/e-pood\/wp-content\/uploads\/importedmedia\/product_2407895_0_VC911.jpg\",\"width\":999,\"height\":1298},{\"@type\":\"BreadcrumbList\",\"@id\":\"https:\/\/horticom.ee\/e-pood\/toode\/aeduba-contender-phaseolus-vulgaris\/#breadcrumb\",\"itemListElement\":[{\"@type\":\"ListItem\",\"position\":1,\"name\":\"Home\",\"item\":\"https:\/\/horticom.ee\/e-pood\/\"},{\"@type\":\"ListItem\",\"position\":2,\"name\":\"Pood\",\"item\":\"https:\/\/horticom.ee\/e-pood\/pood\/\"},{\"@type\":\"ListItem\",\"position\":3,\"name\":\"Aeduba Contender Phaseolus vulgaris\"}]},{\"@type\":\"WebSite\",\"@id\":\"https:\/\/horticom.ee\/e-pood\/#website\",\"url\":\"https:\/\/horticom.ee\/e-pood\/\",\"name\":\"Horticom.ee\",\"description\":\"Aianduskaubad ja kodukaubad nii harrastajatele kui professionaalidele\",\"potentialAction\":[{\"@type\":\"SearchAction\",\"target\":{\"@type\":\"EntryPoint\",\"urlTemplate\":\"https:\/\/horticom.ee\/e-pood\/?s={search_term_string}\"},\"query-input\":{\"@type\":\"PropertyValueSpecification\",\"valueRequired\":true,\"valueName\":\"search_term_string\"}}],\"inLanguage\":\"ru-RU\"}]}<\/script>\n<!-- \/ Yoast SEO plugin. -->","yoast_head_json":{"title":"Aeduba Contender Phaseolus vulgaris - Horticom","robots":{"index":"index","follow":"follow","max-snippet":"max-snippet:-1","max-image-preview":"max-image-preview:large","max-video-preview":"max-video-preview:-1"},"canonical":"https:\/\/horticom.ee\/e-pood\/toode\/aeduba-contender-phaseolus-vulgaris\/","og_locale":"ru_RU","og_type":"article","og_title":"Aeduba Contender Phaseolus vulgaris - Horticom","og_description":"Aeduba Contender annab hea saagi viljakatel, huumusrikastel, soojadel ja l\u00e4bilaskvatel muldadel. Koristamisperioodi pikendamiseks k\u00fclvata pidevalt iga 10 -14 p\u00e4eva atagant juuli keskpaigani. Varajane, v\u00e4ga viljakas k\u00e4\u00e4bussort pikkade, maitsvate kaunadega. Ajavahemik istutamisest kuni saagini umbes 50 p\u00e4eva. Vastupidav haiguste suhtes. Sorti iseloomustab pikk korjeperiood. Vahetuks tarbimiseks, k\u00fclmutamiseks ja hoidiste valmistamiseks.","og_url":"https:\/\/horticom.ee\/e-pood\/toode\/aeduba-contender-phaseolus-vulgaris\/","og_site_name":"Horticom.ee","article_publisher":"https:\/\/www.facebook.com\/horticom.ee\/e-pood","article_modified_time":"2025-12-03T15:00:30+00:00","og_image":[{"width":999,"height":1298,"url":"https:\/\/horticom.ee\/e-pood\/wp-content\/uploads\/importedmedia\/product_2407895_0_VC911.jpg","type":"image\/jpeg"}],"twitter_card":"summary_large_image","schema":{"@context":"https:\/\/schema.org","@graph":[{"@type":"WebPage","@id":"https:\/\/horticom.ee\/e-pood\/toode\/aeduba-contender-phaseolus-vulgaris\/","url":"https:\/\/horticom.ee\/e-pood\/toode\/aeduba-contender-phaseolus-vulgaris\/","name":"Aeduba Contender Phaseolus vulgaris - Horticom","isPartOf":{"@id":"https:\/\/horticom.ee\/e-pood\/#website"},"primaryImageOfPage":{"@id":"https:\/\/horticom.ee\/e-pood\/toode\/aeduba-contender-phaseolus-vulgaris\/#primaryimage"},"image":{"@id":"https:\/\/horticom.ee\/e-pood\/toode\/aeduba-contender-phaseolus-vulgaris\/#primaryimage"},"thumbnailUrl":"https:\/\/horticom.ee\/e-pood\/wp-content\/uploads\/importedmedia\/product_2407895_0_VC911.jpg","datePublished":"2025-06-06T10:00:59+00:00","dateModified":"2025-12-03T15:00:30+00:00","breadcrumb":{"@id":"https:\/\/horticom.ee\/e-pood\/toode\/aeduba-contender-phaseolus-vulgaris\/#breadcrumb"},"inLanguage":"ru-RU","potentialAction":[{"@type":"ReadAction","target":["https:\/\/horticom.ee\/e-pood\/toode\/aeduba-contender-phaseolus-vulgaris\/"]}]},{"@type":"ImageObject","inLanguage":"ru-RU","@id":"https:\/\/horticom.ee\/e-pood\/toode\/aeduba-contender-phaseolus-vulgaris\/#primaryimage","url":"https:\/\/horticom.ee\/e-pood\/wp-content\/uploads\/importedmedia\/product_2407895_0_VC911.jpg","contentUrl":"https:\/\/horticom.ee\/e-pood\/wp-content\/uploads\/importedmedia\/product_2407895_0_VC911.jpg","width":999,"height":1298},{"@type":"BreadcrumbList","@id":"https:\/\/horticom.ee\/e-pood\/toode\/aeduba-contender-phaseolus-vulgaris\/#breadcrumb","itemListElement":[{"@type":"ListItem","position":1,"name":"Home","item":"https:\/\/horticom.ee\/e-pood\/"},{"@type":"ListItem","position":2,"name":"Pood","item":"https:\/\/horticom.ee\/e-pood\/pood\/"},{"@type":"ListItem","position":3,"name":"Aeduba Contender Phaseolus vulgaris"}]},{"@type":"WebSite","@id":"https:\/\/horticom.ee\/e-pood\/#website","url":"https:\/\/horticom.ee\/e-pood\/","name":"Horticom.ee","description":"Aianduskaubad ja kodukaubad nii harrastajatele kui professionaalidele","potentialAction":[{"@type":"SearchAction","target":{"@type":"EntryPoint","urlTemplate":"https:\/\/horticom.ee\/e-pood\/?s={search_term_string}"},"query-input":{"@type":"PropertyValueSpecification","valueRequired":true,"valueName":"search_term_string"}}],"inLanguage":"ru-RU"}]}},"_links":{"self":[{"href":"https:\/\/horticom.ee\/e-pood\/ru\/wp-json\/wp\/v2\/product\/2407895","targetHints":{"allow":["GET"]}}],"collection":[{"href":"https:\/\/horticom.ee\/e-pood\/ru\/wp-json\/wp\/v2\/product"}],"about":[{"href":"https:\/\/horticom.ee\/e-pood\/ru\/wp-json\/wp\/v2\/types\/product"}],"replies":[{"embeddable":true,"href":"https:\/\/horticom.ee\/e-pood\/ru\/wp-json\/wp\/v2\/comments?post=2407895"}],"wp:featuredmedia":[{"embeddable":true,"href":"https:\/\/horticom.ee\/e-pood\/ru\/wp-json\/wp\/v2\/media\/2426928"}],"wp:attachment":[{"href":"https:\/\/horticom.ee\/e-pood\/ru\/wp-json\/wp\/v2\/media?parent=2407895"}],"wp:term":[{"taxonomy":"product_cat","embeddable":true,"href":"https:\/\/horticom.ee\/e-pood\/ru\/wp-json\/wp\/v2\/product_cat?post=2407895"},{"taxonomy":"product_tag","embeddable":true,"href":"https:\/\/horticom.ee\/e-pood\/ru\/wp-json\/wp\/v2\/product_tag?post=2407895"}],"curies":[{"name":"wp","href":"https:\/\/api.w.org\/{rel}","templated":true}]}}