{"id":2411852,"date":"2025-06-20T13:00:18","date_gmt":"2025-06-20T10:00:18","guid":{"rendered":"https:\/\/horticom.ee\/e-pood\/toode\/altkastmissusteem-mona-tank-10-umar\/"},"modified":"2026-05-03T03:00:41","modified_gmt":"2026-05-03T00:00:41","slug":"altkastmissusteem-mona-tank-10-umar","status":"publish","type":"product","link":"https:\/\/horticom.ee\/e-pood\/ru\/toode\/altkastmissusteem-mona-tank-10-umar\/","title":{"rendered":"Altkastmiss\u00fcsteem Mona Tank 10 \u00fcmar"},"content":{"rendered":"<p>See nutikas kastmiss\u00fcsteem hoolitseb sinu taimede eest ka siis, kui sul endal pole aega neid iga p\u00e4ev kasta. Mona Tank on v\u00e4ga hea lahendus kastmaks taimi peenardes ja suurtes haljastusprojektides. Tank 10 &#8211; 39cm x 10cm &#8211; 59cm \u00f5hutustoruga. Vee mahutavus 10L. Sobib pottidesse mahutavusega 30L &#8211; 100L ja peenardesse. 10-liitrine veereservuaar tagab taimedele vajaliku niiskuse pikemaks ajaks, aidates neil paremini juurduda ja stressivabalt kasvada. Tulemuseks on tugevamad ja tervemad taimed v\u00e4iksema vaevaga!<\/p>\n","protected":false},"excerpt":{"rendered":"<p>See nutikas kastmiss\u00fcsteem hoolitseb sinu taimede eest ka siis, kui sul endal pole aega neid iga p\u00e4ev kasta. Mona Tank on v\u00e4ga hea lahendus kastmaks taimi peenardes ja suurtes haljastusprojektides. Tank 10 &#8211; 39cm x 10cm &#8211; 59cm \u00f5hutustoruga. Vee mahutavus 10L. Sobib pottidesse mahutavusega 30L &#8211; 100L ja peenardesse. 10-liitrine veereservuaar tagab taimedele vajaliku [&hellip;]<\/p>\n","protected":false},"featured_media":2592741,"comment_status":"closed","ping_status":"closed","template":"","meta":{"_themeisle_gutenberg_block_has_review":false},"product_cat":[13388,13644],"product_tag":[],"class_list":{"0":"post-2411852","1":"product","2":"type-product","3":"status-publish","4":"has-post-thumbnail","6":"product_cat-altkastmine","7":"product_cat-altkastmissusteemid","9":"first","10":"instock","11":"shipping-taxable","12":"purchasable","13":"product-type-simple"},"yoast_head":"<!-- This site is optimized with the Yoast SEO plugin v24.0 - https:\/\/yoast.com\/wordpress\/plugins\/seo\/ -->\n<title>Altkastmiss\u00fcsteem Mona Tank 10 \u00fcmar - Horticom<\/title>\n<meta name=\"robots\" content=\"index, follow, max-snippet:-1, max-image-preview:large, max-video-preview:-1\" \/>\n<link rel=\"canonical\" href=\"https:\/\/horticom.ee\/e-pood\/toode\/altkastmissusteem-mona-tank-10-umar\/\" \/>\n<meta property=\"og:locale\" content=\"ru_RU\" \/>\n<meta property=\"og:type\" content=\"article\" \/>\n<meta property=\"og:title\" content=\"Altkastmiss\u00fcsteem Mona Tank 10 \u00fcmar - Horticom\" \/>\n<meta property=\"og:description\" content=\"See nutikas kastmiss\u00fcsteem hoolitseb sinu taimede eest ka siis, kui sul endal pole aega neid iga p\u00e4ev kasta. Mona Tank on v\u00e4ga hea lahendus kastmaks taimi peenardes ja suurtes haljastusprojektides. Tank 10 &#8211; 39cm x 10cm &#8211; 59cm \u00f5hutustoruga. Vee mahutavus 10L. Sobib pottidesse mahutavusega 30L &#8211; 100L ja peenardesse. 10-liitrine veereservuaar tagab taimedele vajaliku [&hellip;]\" \/>\n<meta property=\"og:url\" content=\"https:\/\/horticom.ee\/e-pood\/toode\/altkastmissusteem-mona-tank-10-umar\/\" \/>\n<meta property=\"og:site_name\" content=\"Horticom.ee\" \/>\n<meta property=\"article:publisher\" content=\"https:\/\/www.facebook.com\/horticom.ee\/e-pood\" \/>\n<meta property=\"article:modified_time\" content=\"2026-05-03T00:00:41+00:00\" \/>\n<meta property=\"og:image\" content=\"https:\/\/horticom.ee\/e-pood\/wp-content\/uploads\/2025\/06\/643076.jpg\" \/>\n\t<meta property=\"og:image:width\" content=\"1512\" \/>\n\t<meta property=\"og:image:height\" content=\"1512\" \/>\n\t<meta property=\"og:image:type\" content=\"image\/jpeg\" \/>\n<meta name=\"twitter:card\" content=\"summary_large_image\" \/>\n<meta name=\"twitter:label1\" content=\"\u041f\u0440\u0438\u043c\u0435\u0440\u043d\u043e\u0435 \u0432\u0440\u0435\u043c\u044f \u0434\u043b\u044f \u0447\u0442\u0435\u043d\u0438\u044f\" \/>\n\t<meta name=\"twitter:data1\" content=\"1 \u043c\u0438\u043d\u0443\u0442\u0430\" \/>\n<script type=\"application\/ld+json\" class=\"yoast-schema-graph\">{\"@context\":\"https:\/\/schema.org\",\"@graph\":[{\"@type\":\"WebPage\",\"@id\":\"https:\/\/horticom.ee\/e-pood\/toode\/altkastmissusteem-mona-tank-10-umar\/\",\"url\":\"https:\/\/horticom.ee\/e-pood\/toode\/altkastmissusteem-mona-tank-10-umar\/\",\"name\":\"Altkastmiss\u00fcsteem Mona Tank 10 \u00fcmar - Horticom\",\"isPartOf\":{\"@id\":\"https:\/\/horticom.ee\/e-pood\/#website\"},\"primaryImageOfPage\":{\"@id\":\"https:\/\/horticom.ee\/e-pood\/toode\/altkastmissusteem-mona-tank-10-umar\/#primaryimage\"},\"image\":{\"@id\":\"https:\/\/horticom.ee\/e-pood\/toode\/altkastmissusteem-mona-tank-10-umar\/#primaryimage\"},\"thumbnailUrl\":\"https:\/\/horticom.ee\/e-pood\/wp-content\/uploads\/2025\/06\/643076.jpg\",\"datePublished\":\"2025-06-20T10:00:18+00:00\",\"dateModified\":\"2026-05-03T00:00:41+00:00\",\"breadcrumb\":{\"@id\":\"https:\/\/horticom.ee\/e-pood\/toode\/altkastmissusteem-mona-tank-10-umar\/#breadcrumb\"},\"inLanguage\":\"ru-RU\",\"potentialAction\":[{\"@type\":\"ReadAction\",\"target\":[\"https:\/\/horticom.ee\/e-pood\/toode\/altkastmissusteem-mona-tank-10-umar\/\"]}]},{\"@type\":\"ImageObject\",\"inLanguage\":\"ru-RU\",\"@id\":\"https:\/\/horticom.ee\/e-pood\/toode\/altkastmissusteem-mona-tank-10-umar\/#primaryimage\",\"url\":\"https:\/\/horticom.ee\/e-pood\/wp-content\/uploads\/2025\/06\/643076.jpg\",\"contentUrl\":\"https:\/\/horticom.ee\/e-pood\/wp-content\/uploads\/2025\/06\/643076.jpg\",\"width\":1512,\"height\":1512},{\"@type\":\"BreadcrumbList\",\"@id\":\"https:\/\/horticom.ee\/e-pood\/toode\/altkastmissusteem-mona-tank-10-umar\/#breadcrumb\",\"itemListElement\":[{\"@type\":\"ListItem\",\"position\":1,\"name\":\"Home\",\"item\":\"https:\/\/horticom.ee\/e-pood\/\"},{\"@type\":\"ListItem\",\"position\":2,\"name\":\"Pood\",\"item\":\"https:\/\/horticom.ee\/e-pood\/pood\/\"},{\"@type\":\"ListItem\",\"position\":3,\"name\":\"Altkastmiss\u00fcsteem Mona Tank 10 \u00fcmar\"}]},{\"@type\":\"WebSite\",\"@id\":\"https:\/\/horticom.ee\/e-pood\/#website\",\"url\":\"https:\/\/horticom.ee\/e-pood\/\",\"name\":\"Horticom.ee\",\"description\":\"Aianduskaubad ja kodukaubad nii harrastajatele kui professionaalidele\",\"potentialAction\":[{\"@type\":\"SearchAction\",\"target\":{\"@type\":\"EntryPoint\",\"urlTemplate\":\"https:\/\/horticom.ee\/e-pood\/?s={search_term_string}\"},\"query-input\":{\"@type\":\"PropertyValueSpecification\",\"valueRequired\":true,\"valueName\":\"search_term_string\"}}],\"inLanguage\":\"ru-RU\"}]}<\/script>\n<!-- \/ Yoast SEO plugin. -->","yoast_head_json":{"title":"Altkastmiss\u00fcsteem Mona Tank 10 \u00fcmar - Horticom","robots":{"index":"index","follow":"follow","max-snippet":"max-snippet:-1","max-image-preview":"max-image-preview:large","max-video-preview":"max-video-preview:-1"},"canonical":"https:\/\/horticom.ee\/e-pood\/toode\/altkastmissusteem-mona-tank-10-umar\/","og_locale":"ru_RU","og_type":"article","og_title":"Altkastmiss\u00fcsteem Mona Tank 10 \u00fcmar - Horticom","og_description":"See nutikas kastmiss\u00fcsteem hoolitseb sinu taimede eest ka siis, kui sul endal pole aega neid iga p\u00e4ev kasta. Mona Tank on v\u00e4ga hea lahendus kastmaks taimi peenardes ja suurtes haljastusprojektides. Tank 10 &#8211; 39cm x 10cm &#8211; 59cm \u00f5hutustoruga. Vee mahutavus 10L. Sobib pottidesse mahutavusega 30L &#8211; 100L ja peenardesse. 10-liitrine veereservuaar tagab taimedele vajaliku [&hellip;]","og_url":"https:\/\/horticom.ee\/e-pood\/toode\/altkastmissusteem-mona-tank-10-umar\/","og_site_name":"Horticom.ee","article_publisher":"https:\/\/www.facebook.com\/horticom.ee\/e-pood","article_modified_time":"2026-05-03T00:00:41+00:00","og_image":[{"width":1512,"height":1512,"url":"https:\/\/horticom.ee\/e-pood\/wp-content\/uploads\/2025\/06\/643076.jpg","type":"image\/jpeg"}],"twitter_card":"summary_large_image","twitter_misc":{"\u041f\u0440\u0438\u043c\u0435\u0440\u043d\u043e\u0435 \u0432\u0440\u0435\u043c\u044f \u0434\u043b\u044f \u0447\u0442\u0435\u043d\u0438\u044f":"1 \u043c\u0438\u043d\u0443\u0442\u0430"},"schema":{"@context":"https:\/\/schema.org","@graph":[{"@type":"WebPage","@id":"https:\/\/horticom.ee\/e-pood\/toode\/altkastmissusteem-mona-tank-10-umar\/","url":"https:\/\/horticom.ee\/e-pood\/toode\/altkastmissusteem-mona-tank-10-umar\/","name":"Altkastmiss\u00fcsteem Mona Tank 10 \u00fcmar - Horticom","isPartOf":{"@id":"https:\/\/horticom.ee\/e-pood\/#website"},"primaryImageOfPage":{"@id":"https:\/\/horticom.ee\/e-pood\/toode\/altkastmissusteem-mona-tank-10-umar\/#primaryimage"},"image":{"@id":"https:\/\/horticom.ee\/e-pood\/toode\/altkastmissusteem-mona-tank-10-umar\/#primaryimage"},"thumbnailUrl":"https:\/\/horticom.ee\/e-pood\/wp-content\/uploads\/2025\/06\/643076.jpg","datePublished":"2025-06-20T10:00:18+00:00","dateModified":"2026-05-03T00:00:41+00:00","breadcrumb":{"@id":"https:\/\/horticom.ee\/e-pood\/toode\/altkastmissusteem-mona-tank-10-umar\/#breadcrumb"},"inLanguage":"ru-RU","potentialAction":[{"@type":"ReadAction","target":["https:\/\/horticom.ee\/e-pood\/toode\/altkastmissusteem-mona-tank-10-umar\/"]}]},{"@type":"ImageObject","inLanguage":"ru-RU","@id":"https:\/\/horticom.ee\/e-pood\/toode\/altkastmissusteem-mona-tank-10-umar\/#primaryimage","url":"https:\/\/horticom.ee\/e-pood\/wp-content\/uploads\/2025\/06\/643076.jpg","contentUrl":"https:\/\/horticom.ee\/e-pood\/wp-content\/uploads\/2025\/06\/643076.jpg","width":1512,"height":1512},{"@type":"BreadcrumbList","@id":"https:\/\/horticom.ee\/e-pood\/toode\/altkastmissusteem-mona-tank-10-umar\/#breadcrumb","itemListElement":[{"@type":"ListItem","position":1,"name":"Home","item":"https:\/\/horticom.ee\/e-pood\/"},{"@type":"ListItem","position":2,"name":"Pood","item":"https:\/\/horticom.ee\/e-pood\/pood\/"},{"@type":"ListItem","position":3,"name":"Altkastmiss\u00fcsteem Mona Tank 10 \u00fcmar"}]},{"@type":"WebSite","@id":"https:\/\/horticom.ee\/e-pood\/#website","url":"https:\/\/horticom.ee\/e-pood\/","name":"Horticom.ee","description":"Aianduskaubad ja kodukaubad nii harrastajatele kui professionaalidele","potentialAction":[{"@type":"SearchAction","target":{"@type":"EntryPoint","urlTemplate":"https:\/\/horticom.ee\/e-pood\/?s={search_term_string}"},"query-input":{"@type":"PropertyValueSpecification","valueRequired":true,"valueName":"search_term_string"}}],"inLanguage":"ru-RU"}]}},"_links":{"self":[{"href":"https:\/\/horticom.ee\/e-pood\/ru\/wp-json\/wp\/v2\/product\/2411852","targetHints":{"allow":["GET"]}}],"collection":[{"href":"https:\/\/horticom.ee\/e-pood\/ru\/wp-json\/wp\/v2\/product"}],"about":[{"href":"https:\/\/horticom.ee\/e-pood\/ru\/wp-json\/wp\/v2\/types\/product"}],"replies":[{"embeddable":true,"href":"https:\/\/horticom.ee\/e-pood\/ru\/wp-json\/wp\/v2\/comments?post=2411852"}],"wp:featuredmedia":[{"embeddable":true,"href":"https:\/\/horticom.ee\/e-pood\/ru\/wp-json\/wp\/v2\/media\/2592741"}],"wp:attachment":[{"href":"https:\/\/horticom.ee\/e-pood\/ru\/wp-json\/wp\/v2\/media?parent=2411852"}],"wp:term":[{"taxonomy":"product_cat","embeddable":true,"href":"https:\/\/horticom.ee\/e-pood\/ru\/wp-json\/wp\/v2\/product_cat?post=2411852"},{"taxonomy":"product_tag","embeddable":true,"href":"https:\/\/horticom.ee\/e-pood\/ru\/wp-json\/wp\/v2\/product_tag?post=2411852"}],"curies":[{"name":"wp","href":"https:\/\/api.w.org\/{rel}","templated":true}]}}