{"id":2422222,"date":"2025-08-01T13:01:43","date_gmt":"2025-08-01T10:01:43","guid":{"rendered":"https:\/\/horticom.ee\/e-pood\/toode\/muruseeme-turbo-compo-26kg\/"},"modified":"2026-03-13T13:01:04","modified_gmt":"2026-03-13T11:01:04","slug":"muruseeme-turbo-compo-26kg","status":"publish","type":"product","link":"https:\/\/horticom.ee\/e-pood\/ru\/toode\/muruseeme-turbo-compo-26kg\/","title":{"rendered":"Muruseeme Turbo Compo 2,6kg"},"content":{"rendered":"<p>Ideaalne k\u00f5ikide muruliikide paranduseks. \u00c4\u00e4rmiselt kiire idanemise ja kasvuga muruseeme, mida saab mitu korda hooajal kasutada. H\u00f5re ja eba\u00fchtlane muru kasvab kiirelt tihedaks. Muruseeme sobib erineva otstarbega muruplatsidele.<br \/>\nMuruseemnesegus on erinevas vahekorras tugevat tallamist taluvaid ja tiheda kasvulisi sorte. Segu toetab tumerohelise ja tiheda muruvaiba moodustumist. Osa seemetest on madalama ja aeglasema kasvuga, mis v\u00e4hendab oluliselt niitmisvajadust.<br \/>\nKulunorm 2,6kg=130m\u00b2. Muruseemnek\u00fclv tuleks teha, kui \u00f6\u00f6p\u00e4eva keskmine temperatuur on v\u00e4hemalt 10\u00b0C.<\/p>\n","protected":false},"excerpt":{"rendered":"<p>Ideaalne k\u00f5ikide muruliikide paranduseks. \u00c4\u00e4rmiselt kiire idanemise ja kasvuga muruseeme, mida saab mitu korda hooajal kasutada. H\u00f5re ja eba\u00fchtlane muru kasvab kiirelt tihedaks. Muruseeme sobib erineva otstarbega muruplatsidele. Muruseemnesegus on erinevas vahekorras tugevat tallamist taluvaid ja tiheda kasvulisi sorte. Segu toetab tumerohelise ja tiheda muruvaiba moodustumist. Osa seemetest on madalama ja aeglasema kasvuga, mis v\u00e4hendab [&hellip;]<\/p>\n","protected":false},"featured_media":2566711,"comment_status":"closed","ping_status":"closed","template":"","meta":{"_themeisle_gutenberg_block_has_review":false},"product_cat":[13539],"product_tag":[],"class_list":{"0":"post-2422222","1":"product","2":"type-product","3":"status-publish","4":"has-post-thumbnail","6":"product_cat-koduaiamurud","8":"first","9":"instock","10":"shipping-taxable","11":"purchasable","12":"product-type-simple"},"yoast_head":"<!-- This site is optimized with the Yoast SEO plugin v24.0 - https:\/\/yoast.com\/wordpress\/plugins\/seo\/ -->\n<title>Muruseeme Turbo Compo 2,6kg - Horticom<\/title>\n<meta name=\"robots\" content=\"index, follow, max-snippet:-1, max-image-preview:large, max-video-preview:-1\" \/>\n<link rel=\"canonical\" href=\"https:\/\/horticom.ee\/e-pood\/toode\/muruseeme-turbo-compo-26kg\/\" \/>\n<meta property=\"og:locale\" content=\"ru_RU\" \/>\n<meta property=\"og:type\" content=\"article\" \/>\n<meta property=\"og:title\" content=\"Muruseeme Turbo Compo 2,6kg - Horticom\" \/>\n<meta property=\"og:description\" content=\"Ideaalne k\u00f5ikide muruliikide paranduseks. \u00c4\u00e4rmiselt kiire idanemise ja kasvuga muruseeme, mida saab mitu korda hooajal kasutada. H\u00f5re ja eba\u00fchtlane muru kasvab kiirelt tihedaks. Muruseeme sobib erineva otstarbega muruplatsidele. Muruseemnesegus on erinevas vahekorras tugevat tallamist taluvaid ja tiheda kasvulisi sorte. Segu toetab tumerohelise ja tiheda muruvaiba moodustumist. Osa seemetest on madalama ja aeglasema kasvuga, mis v\u00e4hendab [&hellip;]\" \/>\n<meta property=\"og:url\" content=\"https:\/\/horticom.ee\/e-pood\/toode\/muruseeme-turbo-compo-26kg\/\" \/>\n<meta property=\"og:site_name\" content=\"Horticom.ee\" \/>\n<meta property=\"article:publisher\" content=\"https:\/\/www.facebook.com\/horticom.ee\/e-pood\" \/>\n<meta property=\"article:modified_time\" content=\"2026-03-13T11:01:04+00:00\" \/>\n<meta property=\"og:image\" content=\"https:\/\/horticom.ee\/e-pood\/wp-content\/uploads\/importedmedia\/product_2422222_0_67056985.jpg\" \/>\n\t<meta property=\"og:image:width\" content=\"999\" \/>\n\t<meta property=\"og:image:height\" content=\"1167\" \/>\n\t<meta property=\"og:image:type\" content=\"image\/jpeg\" \/>\n<meta name=\"twitter:card\" content=\"summary_large_image\" \/>\n<script type=\"application\/ld+json\" class=\"yoast-schema-graph\">{\"@context\":\"https:\/\/schema.org\",\"@graph\":[{\"@type\":\"WebPage\",\"@id\":\"https:\/\/horticom.ee\/e-pood\/toode\/muruseeme-turbo-compo-26kg\/\",\"url\":\"https:\/\/horticom.ee\/e-pood\/toode\/muruseeme-turbo-compo-26kg\/\",\"name\":\"Muruseeme Turbo Compo 2,6kg - Horticom\",\"isPartOf\":{\"@id\":\"https:\/\/horticom.ee\/e-pood\/#website\"},\"primaryImageOfPage\":{\"@id\":\"https:\/\/horticom.ee\/e-pood\/toode\/muruseeme-turbo-compo-26kg\/#primaryimage\"},\"image\":{\"@id\":\"https:\/\/horticom.ee\/e-pood\/toode\/muruseeme-turbo-compo-26kg\/#primaryimage\"},\"thumbnailUrl\":\"https:\/\/horticom.ee\/e-pood\/wp-content\/uploads\/importedmedia\/product_2422222_0_67056985.jpg\",\"datePublished\":\"2025-08-01T10:01:43+00:00\",\"dateModified\":\"2026-03-13T11:01:04+00:00\",\"breadcrumb\":{\"@id\":\"https:\/\/horticom.ee\/e-pood\/toode\/muruseeme-turbo-compo-26kg\/#breadcrumb\"},\"inLanguage\":\"ru-RU\",\"potentialAction\":[{\"@type\":\"ReadAction\",\"target\":[\"https:\/\/horticom.ee\/e-pood\/toode\/muruseeme-turbo-compo-26kg\/\"]}]},{\"@type\":\"ImageObject\",\"inLanguage\":\"ru-RU\",\"@id\":\"https:\/\/horticom.ee\/e-pood\/toode\/muruseeme-turbo-compo-26kg\/#primaryimage\",\"url\":\"https:\/\/horticom.ee\/e-pood\/wp-content\/uploads\/importedmedia\/product_2422222_0_67056985.jpg\",\"contentUrl\":\"https:\/\/horticom.ee\/e-pood\/wp-content\/uploads\/importedmedia\/product_2422222_0_67056985.jpg\",\"width\":999,\"height\":1167},{\"@type\":\"BreadcrumbList\",\"@id\":\"https:\/\/horticom.ee\/e-pood\/toode\/muruseeme-turbo-compo-26kg\/#breadcrumb\",\"itemListElement\":[{\"@type\":\"ListItem\",\"position\":1,\"name\":\"Home\",\"item\":\"https:\/\/horticom.ee\/e-pood\/\"},{\"@type\":\"ListItem\",\"position\":2,\"name\":\"Pood\",\"item\":\"https:\/\/horticom.ee\/e-pood\/pood\/\"},{\"@type\":\"ListItem\",\"position\":3,\"name\":\"Muruseeme Turbo Compo 2,6kg\"}]},{\"@type\":\"WebSite\",\"@id\":\"https:\/\/horticom.ee\/e-pood\/#website\",\"url\":\"https:\/\/horticom.ee\/e-pood\/\",\"name\":\"Horticom.ee\",\"description\":\"Aianduskaubad ja kodukaubad nii harrastajatele kui professionaalidele\",\"potentialAction\":[{\"@type\":\"SearchAction\",\"target\":{\"@type\":\"EntryPoint\",\"urlTemplate\":\"https:\/\/horticom.ee\/e-pood\/?s={search_term_string}\"},\"query-input\":{\"@type\":\"PropertyValueSpecification\",\"valueRequired\":true,\"valueName\":\"search_term_string\"}}],\"inLanguage\":\"ru-RU\"}]}<\/script>\n<!-- \/ Yoast SEO plugin. -->","yoast_head_json":{"title":"Muruseeme Turbo Compo 2,6kg - Horticom","robots":{"index":"index","follow":"follow","max-snippet":"max-snippet:-1","max-image-preview":"max-image-preview:large","max-video-preview":"max-video-preview:-1"},"canonical":"https:\/\/horticom.ee\/e-pood\/toode\/muruseeme-turbo-compo-26kg\/","og_locale":"ru_RU","og_type":"article","og_title":"Muruseeme Turbo Compo 2,6kg - Horticom","og_description":"Ideaalne k\u00f5ikide muruliikide paranduseks. \u00c4\u00e4rmiselt kiire idanemise ja kasvuga muruseeme, mida saab mitu korda hooajal kasutada. H\u00f5re ja eba\u00fchtlane muru kasvab kiirelt tihedaks. Muruseeme sobib erineva otstarbega muruplatsidele. Muruseemnesegus on erinevas vahekorras tugevat tallamist taluvaid ja tiheda kasvulisi sorte. Segu toetab tumerohelise ja tiheda muruvaiba moodustumist. Osa seemetest on madalama ja aeglasema kasvuga, mis v\u00e4hendab [&hellip;]","og_url":"https:\/\/horticom.ee\/e-pood\/toode\/muruseeme-turbo-compo-26kg\/","og_site_name":"Horticom.ee","article_publisher":"https:\/\/www.facebook.com\/horticom.ee\/e-pood","article_modified_time":"2026-03-13T11:01:04+00:00","og_image":[{"width":999,"height":1167,"url":"https:\/\/horticom.ee\/e-pood\/wp-content\/uploads\/importedmedia\/product_2422222_0_67056985.jpg","type":"image\/jpeg"}],"twitter_card":"summary_large_image","schema":{"@context":"https:\/\/schema.org","@graph":[{"@type":"WebPage","@id":"https:\/\/horticom.ee\/e-pood\/toode\/muruseeme-turbo-compo-26kg\/","url":"https:\/\/horticom.ee\/e-pood\/toode\/muruseeme-turbo-compo-26kg\/","name":"Muruseeme Turbo Compo 2,6kg - Horticom","isPartOf":{"@id":"https:\/\/horticom.ee\/e-pood\/#website"},"primaryImageOfPage":{"@id":"https:\/\/horticom.ee\/e-pood\/toode\/muruseeme-turbo-compo-26kg\/#primaryimage"},"image":{"@id":"https:\/\/horticom.ee\/e-pood\/toode\/muruseeme-turbo-compo-26kg\/#primaryimage"},"thumbnailUrl":"https:\/\/horticom.ee\/e-pood\/wp-content\/uploads\/importedmedia\/product_2422222_0_67056985.jpg","datePublished":"2025-08-01T10:01:43+00:00","dateModified":"2026-03-13T11:01:04+00:00","breadcrumb":{"@id":"https:\/\/horticom.ee\/e-pood\/toode\/muruseeme-turbo-compo-26kg\/#breadcrumb"},"inLanguage":"ru-RU","potentialAction":[{"@type":"ReadAction","target":["https:\/\/horticom.ee\/e-pood\/toode\/muruseeme-turbo-compo-26kg\/"]}]},{"@type":"ImageObject","inLanguage":"ru-RU","@id":"https:\/\/horticom.ee\/e-pood\/toode\/muruseeme-turbo-compo-26kg\/#primaryimage","url":"https:\/\/horticom.ee\/e-pood\/wp-content\/uploads\/importedmedia\/product_2422222_0_67056985.jpg","contentUrl":"https:\/\/horticom.ee\/e-pood\/wp-content\/uploads\/importedmedia\/product_2422222_0_67056985.jpg","width":999,"height":1167},{"@type":"BreadcrumbList","@id":"https:\/\/horticom.ee\/e-pood\/toode\/muruseeme-turbo-compo-26kg\/#breadcrumb","itemListElement":[{"@type":"ListItem","position":1,"name":"Home","item":"https:\/\/horticom.ee\/e-pood\/"},{"@type":"ListItem","position":2,"name":"Pood","item":"https:\/\/horticom.ee\/e-pood\/pood\/"},{"@type":"ListItem","position":3,"name":"Muruseeme Turbo Compo 2,6kg"}]},{"@type":"WebSite","@id":"https:\/\/horticom.ee\/e-pood\/#website","url":"https:\/\/horticom.ee\/e-pood\/","name":"Horticom.ee","description":"Aianduskaubad ja kodukaubad nii harrastajatele kui professionaalidele","potentialAction":[{"@type":"SearchAction","target":{"@type":"EntryPoint","urlTemplate":"https:\/\/horticom.ee\/e-pood\/?s={search_term_string}"},"query-input":{"@type":"PropertyValueSpecification","valueRequired":true,"valueName":"search_term_string"}}],"inLanguage":"ru-RU"}]}},"_links":{"self":[{"href":"https:\/\/horticom.ee\/e-pood\/ru\/wp-json\/wp\/v2\/product\/2422222","targetHints":{"allow":["GET"]}}],"collection":[{"href":"https:\/\/horticom.ee\/e-pood\/ru\/wp-json\/wp\/v2\/product"}],"about":[{"href":"https:\/\/horticom.ee\/e-pood\/ru\/wp-json\/wp\/v2\/types\/product"}],"replies":[{"embeddable":true,"href":"https:\/\/horticom.ee\/e-pood\/ru\/wp-json\/wp\/v2\/comments?post=2422222"}],"wp:featuredmedia":[{"embeddable":true,"href":"https:\/\/horticom.ee\/e-pood\/ru\/wp-json\/wp\/v2\/media\/2566711"}],"wp:attachment":[{"href":"https:\/\/horticom.ee\/e-pood\/ru\/wp-json\/wp\/v2\/media?parent=2422222"}],"wp:term":[{"taxonomy":"product_cat","embeddable":true,"href":"https:\/\/horticom.ee\/e-pood\/ru\/wp-json\/wp\/v2\/product_cat?post=2422222"},{"taxonomy":"product_tag","embeddable":true,"href":"https:\/\/horticom.ee\/e-pood\/ru\/wp-json\/wp\/v2\/product_tag?post=2422222"}],"curies":[{"name":"wp","href":"https:\/\/api.w.org\/{rel}","templated":true}]}}