{"id":2472259,"date":"2025-10-14T06:00:27","date_gmt":"2025-10-14T03:00:27","guid":{"rendered":"https:\/\/horticom.ee\/e-pood\/toode\/rodukast-elho-loft-urban-green-wall-duo-28-x-15-x-132cm-34l-antratsiit\/"},"modified":"2026-04-29T03:11:04","modified_gmt":"2026-04-29T00:11:04","slug":"rodukast-elho-loft-urban-green-wall-duo-28-x-15-x-132cm-34l-antratsiit","status":"publish","type":"product","link":"https:\/\/horticom.ee\/e-pood\/ru\/toode\/rodukast-elho-loft-urban-green-wall-duo-28-x-15-x-132cm-34l-antratsiit\/","title":{"rendered":"R\u00f5dukast Elho Loft Urban Green Wall Duo 28 x 15 x 13,2cm 3,4L antratsiit"},"content":{"rendered":"<p>Istutuspott alusraamile Loft urban Duo on saanud oma inspiratsiooni linna r\u00f5dudest ja terassidest. Potile on sisse ehitatud vee reservuaar, et taim saaks k\u00e4tte vajaliku vee. See pott sobib Loft urbani alusraamile. Toote valmistamisel kasutatakse erilisi v\u00e4rvipigmente, mist\u00f5ttu toodetel p\u00fcsib originaalv\u00e4rv kauem.<\/p>\n","protected":false},"excerpt":{"rendered":"<p>Istutuspott alusraamile Loft urban Duo on saanud oma inspiratsiooni linna r\u00f5dudest ja terassidest. Potile on sisse ehitatud vee reservuaar, et taim saaks k\u00e4tte vajaliku vee. See pott sobib Loft urbani alusraamile. Toote valmistamisel kasutatakse erilisi v\u00e4rvipigmente, mist\u00f5ttu toodetel p\u00fcsib originaalv\u00e4rv kauem.<\/p>\n","protected":false},"featured_media":2472791,"comment_status":"closed","ping_status":"closed","template":"","meta":{"_themeisle_gutenberg_block_has_review":false},"product_cat":[13444],"product_tag":[],"class_list":{"0":"post-2472259","1":"product","2":"type-product","3":"status-publish","4":"has-post-thumbnail","6":"product_cat-rodukastid","8":"first","9":"instock","10":"sale","11":"shipping-taxable","12":"purchasable","13":"product-type-simple"},"yoast_head":"<!-- This site is optimized with the Yoast SEO plugin v24.0 - https:\/\/yoast.com\/wordpress\/plugins\/seo\/ -->\n<title>R\u00f5dukast Elho Loft Urban Green Wall Duo 28 x 15 x 13,2cm 3,4L antratsiit - Horticom<\/title>\n<meta name=\"robots\" content=\"index, follow, max-snippet:-1, max-image-preview:large, max-video-preview:-1\" \/>\n<link rel=\"canonical\" href=\"https:\/\/horticom.ee\/e-pood\/toode\/rodukast-elho-loft-urban-green-wall-duo-28-x-15-x-132cm-34l-antratsiit\/\" \/>\n<meta property=\"og:locale\" content=\"ru_RU\" \/>\n<meta property=\"og:type\" content=\"article\" \/>\n<meta property=\"og:title\" content=\"R\u00f5dukast Elho Loft Urban Green Wall Duo 28 x 15 x 13,2cm 3,4L antratsiit - Horticom\" \/>\n<meta property=\"og:description\" content=\"Istutuspott alusraamile Loft urban Duo on saanud oma inspiratsiooni linna r\u00f5dudest ja terassidest. Potile on sisse ehitatud vee reservuaar, et taim saaks k\u00e4tte vajaliku vee. See pott sobib Loft urbani alusraamile. Toote valmistamisel kasutatakse erilisi v\u00e4rvipigmente, mist\u00f5ttu toodetel p\u00fcsib originaalv\u00e4rv kauem.\" \/>\n<meta property=\"og:url\" content=\"https:\/\/horticom.ee\/e-pood\/toode\/rodukast-elho-loft-urban-green-wall-duo-28-x-15-x-132cm-34l-antratsiit\/\" \/>\n<meta property=\"og:site_name\" content=\"Horticom.ee\" \/>\n<meta property=\"article:publisher\" content=\"https:\/\/www.facebook.com\/horticom.ee\/e-pood\" \/>\n<meta property=\"article:modified_time\" content=\"2026-04-29T00:11:04+00:00\" \/>\n<meta property=\"og:image\" content=\"https:\/\/horticom.ee\/e-pood\/wp-content\/uploads\/importedmedia\/product_2472259_0_6431136_425.jpg\" \/>\n\t<meta property=\"og:image:width\" content=\"1000\" \/>\n\t<meta property=\"og:image:height\" content=\"1000\" \/>\n\t<meta property=\"og:image:type\" content=\"image\/jpeg\" \/>\n<meta name=\"twitter:card\" content=\"summary_large_image\" \/>\n<script type=\"application\/ld+json\" class=\"yoast-schema-graph\">{\"@context\":\"https:\/\/schema.org\",\"@graph\":[{\"@type\":\"WebPage\",\"@id\":\"https:\/\/horticom.ee\/e-pood\/toode\/rodukast-elho-loft-urban-green-wall-duo-28-x-15-x-132cm-34l-antratsiit\/\",\"url\":\"https:\/\/horticom.ee\/e-pood\/toode\/rodukast-elho-loft-urban-green-wall-duo-28-x-15-x-132cm-34l-antratsiit\/\",\"name\":\"R\u00f5dukast Elho Loft Urban Green Wall Duo 28 x 15 x 13,2cm 3,4L antratsiit - Horticom\",\"isPartOf\":{\"@id\":\"https:\/\/horticom.ee\/e-pood\/#website\"},\"primaryImageOfPage\":{\"@id\":\"https:\/\/horticom.ee\/e-pood\/toode\/rodukast-elho-loft-urban-green-wall-duo-28-x-15-x-132cm-34l-antratsiit\/#primaryimage\"},\"image\":{\"@id\":\"https:\/\/horticom.ee\/e-pood\/toode\/rodukast-elho-loft-urban-green-wall-duo-28-x-15-x-132cm-34l-antratsiit\/#primaryimage\"},\"thumbnailUrl\":\"https:\/\/horticom.ee\/e-pood\/wp-content\/uploads\/importedmedia\/product_2472259_0_6431136_425.jpg\",\"datePublished\":\"2025-10-14T03:00:27+00:00\",\"dateModified\":\"2026-04-29T00:11:04+00:00\",\"breadcrumb\":{\"@id\":\"https:\/\/horticom.ee\/e-pood\/toode\/rodukast-elho-loft-urban-green-wall-duo-28-x-15-x-132cm-34l-antratsiit\/#breadcrumb\"},\"inLanguage\":\"ru-RU\",\"potentialAction\":[{\"@type\":\"ReadAction\",\"target\":[\"https:\/\/horticom.ee\/e-pood\/toode\/rodukast-elho-loft-urban-green-wall-duo-28-x-15-x-132cm-34l-antratsiit\/\"]}]},{\"@type\":\"ImageObject\",\"inLanguage\":\"ru-RU\",\"@id\":\"https:\/\/horticom.ee\/e-pood\/toode\/rodukast-elho-loft-urban-green-wall-duo-28-x-15-x-132cm-34l-antratsiit\/#primaryimage\",\"url\":\"https:\/\/horticom.ee\/e-pood\/wp-content\/uploads\/importedmedia\/product_2472259_0_6431136_425.jpg\",\"contentUrl\":\"https:\/\/horticom.ee\/e-pood\/wp-content\/uploads\/importedmedia\/product_2472259_0_6431136_425.jpg\",\"width\":1000,\"height\":1000},{\"@type\":\"BreadcrumbList\",\"@id\":\"https:\/\/horticom.ee\/e-pood\/toode\/rodukast-elho-loft-urban-green-wall-duo-28-x-15-x-132cm-34l-antratsiit\/#breadcrumb\",\"itemListElement\":[{\"@type\":\"ListItem\",\"position\":1,\"name\":\"Home\",\"item\":\"https:\/\/horticom.ee\/e-pood\/\"},{\"@type\":\"ListItem\",\"position\":2,\"name\":\"Pood\",\"item\":\"https:\/\/horticom.ee\/e-pood\/pood\/\"},{\"@type\":\"ListItem\",\"position\":3,\"name\":\"R\u00f5dukast Elho Loft Urban Green Wall Duo 28 x 15 x 13,2cm 3,4L antratsiit\"}]},{\"@type\":\"WebSite\",\"@id\":\"https:\/\/horticom.ee\/e-pood\/#website\",\"url\":\"https:\/\/horticom.ee\/e-pood\/\",\"name\":\"Horticom.ee\",\"description\":\"Aianduskaubad ja kodukaubad nii harrastajatele kui professionaalidele\",\"potentialAction\":[{\"@type\":\"SearchAction\",\"target\":{\"@type\":\"EntryPoint\",\"urlTemplate\":\"https:\/\/horticom.ee\/e-pood\/?s={search_term_string}\"},\"query-input\":{\"@type\":\"PropertyValueSpecification\",\"valueRequired\":true,\"valueName\":\"search_term_string\"}}],\"inLanguage\":\"ru-RU\"}]}<\/script>\n<!-- \/ Yoast SEO plugin. -->","yoast_head_json":{"title":"R\u00f5dukast Elho Loft Urban Green Wall Duo 28 x 15 x 13,2cm 3,4L antratsiit - Horticom","robots":{"index":"index","follow":"follow","max-snippet":"max-snippet:-1","max-image-preview":"max-image-preview:large","max-video-preview":"max-video-preview:-1"},"canonical":"https:\/\/horticom.ee\/e-pood\/toode\/rodukast-elho-loft-urban-green-wall-duo-28-x-15-x-132cm-34l-antratsiit\/","og_locale":"ru_RU","og_type":"article","og_title":"R\u00f5dukast Elho Loft Urban Green Wall Duo 28 x 15 x 13,2cm 3,4L antratsiit - Horticom","og_description":"Istutuspott alusraamile Loft urban Duo on saanud oma inspiratsiooni linna r\u00f5dudest ja terassidest. Potile on sisse ehitatud vee reservuaar, et taim saaks k\u00e4tte vajaliku vee. See pott sobib Loft urbani alusraamile. Toote valmistamisel kasutatakse erilisi v\u00e4rvipigmente, mist\u00f5ttu toodetel p\u00fcsib originaalv\u00e4rv kauem.","og_url":"https:\/\/horticom.ee\/e-pood\/toode\/rodukast-elho-loft-urban-green-wall-duo-28-x-15-x-132cm-34l-antratsiit\/","og_site_name":"Horticom.ee","article_publisher":"https:\/\/www.facebook.com\/horticom.ee\/e-pood","article_modified_time":"2026-04-29T00:11:04+00:00","og_image":[{"width":1000,"height":1000,"url":"https:\/\/horticom.ee\/e-pood\/wp-content\/uploads\/importedmedia\/product_2472259_0_6431136_425.jpg","type":"image\/jpeg"}],"twitter_card":"summary_large_image","schema":{"@context":"https:\/\/schema.org","@graph":[{"@type":"WebPage","@id":"https:\/\/horticom.ee\/e-pood\/toode\/rodukast-elho-loft-urban-green-wall-duo-28-x-15-x-132cm-34l-antratsiit\/","url":"https:\/\/horticom.ee\/e-pood\/toode\/rodukast-elho-loft-urban-green-wall-duo-28-x-15-x-132cm-34l-antratsiit\/","name":"R\u00f5dukast Elho Loft Urban Green Wall Duo 28 x 15 x 13,2cm 3,4L antratsiit - Horticom","isPartOf":{"@id":"https:\/\/horticom.ee\/e-pood\/#website"},"primaryImageOfPage":{"@id":"https:\/\/horticom.ee\/e-pood\/toode\/rodukast-elho-loft-urban-green-wall-duo-28-x-15-x-132cm-34l-antratsiit\/#primaryimage"},"image":{"@id":"https:\/\/horticom.ee\/e-pood\/toode\/rodukast-elho-loft-urban-green-wall-duo-28-x-15-x-132cm-34l-antratsiit\/#primaryimage"},"thumbnailUrl":"https:\/\/horticom.ee\/e-pood\/wp-content\/uploads\/importedmedia\/product_2472259_0_6431136_425.jpg","datePublished":"2025-10-14T03:00:27+00:00","dateModified":"2026-04-29T00:11:04+00:00","breadcrumb":{"@id":"https:\/\/horticom.ee\/e-pood\/toode\/rodukast-elho-loft-urban-green-wall-duo-28-x-15-x-132cm-34l-antratsiit\/#breadcrumb"},"inLanguage":"ru-RU","potentialAction":[{"@type":"ReadAction","target":["https:\/\/horticom.ee\/e-pood\/toode\/rodukast-elho-loft-urban-green-wall-duo-28-x-15-x-132cm-34l-antratsiit\/"]}]},{"@type":"ImageObject","inLanguage":"ru-RU","@id":"https:\/\/horticom.ee\/e-pood\/toode\/rodukast-elho-loft-urban-green-wall-duo-28-x-15-x-132cm-34l-antratsiit\/#primaryimage","url":"https:\/\/horticom.ee\/e-pood\/wp-content\/uploads\/importedmedia\/product_2472259_0_6431136_425.jpg","contentUrl":"https:\/\/horticom.ee\/e-pood\/wp-content\/uploads\/importedmedia\/product_2472259_0_6431136_425.jpg","width":1000,"height":1000},{"@type":"BreadcrumbList","@id":"https:\/\/horticom.ee\/e-pood\/toode\/rodukast-elho-loft-urban-green-wall-duo-28-x-15-x-132cm-34l-antratsiit\/#breadcrumb","itemListElement":[{"@type":"ListItem","position":1,"name":"Home","item":"https:\/\/horticom.ee\/e-pood\/"},{"@type":"ListItem","position":2,"name":"Pood","item":"https:\/\/horticom.ee\/e-pood\/pood\/"},{"@type":"ListItem","position":3,"name":"R\u00f5dukast Elho Loft Urban Green Wall Duo 28 x 15 x 13,2cm 3,4L antratsiit"}]},{"@type":"WebSite","@id":"https:\/\/horticom.ee\/e-pood\/#website","url":"https:\/\/horticom.ee\/e-pood\/","name":"Horticom.ee","description":"Aianduskaubad ja kodukaubad nii harrastajatele kui professionaalidele","potentialAction":[{"@type":"SearchAction","target":{"@type":"EntryPoint","urlTemplate":"https:\/\/horticom.ee\/e-pood\/?s={search_term_string}"},"query-input":{"@type":"PropertyValueSpecification","valueRequired":true,"valueName":"search_term_string"}}],"inLanguage":"ru-RU"}]}},"_links":{"self":[{"href":"https:\/\/horticom.ee\/e-pood\/ru\/wp-json\/wp\/v2\/product\/2472259","targetHints":{"allow":["GET"]}}],"collection":[{"href":"https:\/\/horticom.ee\/e-pood\/ru\/wp-json\/wp\/v2\/product"}],"about":[{"href":"https:\/\/horticom.ee\/e-pood\/ru\/wp-json\/wp\/v2\/types\/product"}],"replies":[{"embeddable":true,"href":"https:\/\/horticom.ee\/e-pood\/ru\/wp-json\/wp\/v2\/comments?post=2472259"}],"wp:featuredmedia":[{"embeddable":true,"href":"https:\/\/horticom.ee\/e-pood\/ru\/wp-json\/wp\/v2\/media\/2472791"}],"wp:attachment":[{"href":"https:\/\/horticom.ee\/e-pood\/ru\/wp-json\/wp\/v2\/media?parent=2472259"}],"wp:term":[{"taxonomy":"product_cat","embeddable":true,"href":"https:\/\/horticom.ee\/e-pood\/ru\/wp-json\/wp\/v2\/product_cat?post=2472259"},{"taxonomy":"product_tag","embeddable":true,"href":"https:\/\/horticom.ee\/e-pood\/ru\/wp-json\/wp\/v2\/product_tag?post=2472259"}],"curies":[{"name":"wp","href":"https:\/\/api.w.org\/{rel}","templated":true}]}}