{"id":2477358,"date":"2025-10-22T13:00:37","date_gmt":"2025-10-22T10:00:37","guid":{"rendered":"https:\/\/horticom.ee\/e-pood\/toode\/bio-kaaliumvaetis-vinasse-extract-0-0-38-k2o-viano-25kg\/"},"modified":"2026-05-02T03:11:13","modified_gmt":"2026-05-02T00:11:13","slug":"bio-kaaliumvaetis-vinasse-extract-0-0-38-k2o-viano-25kg","status":"publish","type":"product","link":"https:\/\/horticom.ee\/e-pood\/ru\/toode\/bio-kaaliumvaetis-vinasse-extract-0-0-38-k2o-viano-25kg\/","title":{"rendered":"BIO Kaaliumv\u00e4etis Vinasse extract 0-0-38 % K2O Viano 25kg"},"content":{"rendered":"<p>Vinasse on kaaliumirikas (K) v\u00e4etis ja 100% looduslik. Seda v\u00e4etist kasutatakse erinevatel kultuuridel, kuid peamiselt mugulataimedel (sibul, tulp, redis, peet, kartul jne) ja viljakandvatel kultuuridel (maasikas, tomat jne). Vinasse tagab viljade pikema s\u00e4ilimise p\u00e4rast koristamist. Pulber segatakse peamiselt mulda enne istutamise ja\/v\u00f5i k\u00fclvamise alustamist. Toode on saadud suhkrupeedist v\u00f5i suhkruroost.<\/p>\n","protected":false},"excerpt":{"rendered":"<p>Vinasse on kaaliumirikas (K) v\u00e4etis ja 100% looduslik. Seda v\u00e4etist kasutatakse erinevatel kultuuridel, kuid peamiselt mugulataimedel (sibul, tulp, redis, peet, kartul jne) ja viljakandvatel kultuuridel (maasikas, tomat jne). Vinasse tagab viljade pikema s\u00e4ilimise p\u00e4rast koristamist. Pulber segatakse peamiselt mulda enne istutamise ja\/v\u00f5i k\u00fclvamise alustamist. Toode on saadud suhkrupeedist v\u00f5i suhkruroost.<\/p>\n","protected":false},"featured_media":2477792,"comment_status":"closed","ping_status":"closed","template":"","meta":{"_themeisle_gutenberg_block_has_review":false},"product_cat":[16965,16966],"product_tag":[],"class_list":{"0":"post-2477358","1":"product","2":"type-product","3":"status-publish","4":"has-post-thumbnail","6":"product_cat-koogiviljadele-ja-maitsetaimedele","7":"product_cat-marjadele-ja-puuviljadele","9":"first","10":"instock","11":"shipping-taxable","12":"purchasable","13":"product-type-simple"},"yoast_head":"<!-- This site is optimized with the Yoast SEO plugin v24.0 - https:\/\/yoast.com\/wordpress\/plugins\/seo\/ -->\n<title>BIO Kaaliumv\u00e4etis Vinasse extract 0-0-38 % K2O Viano 25kg - Horticom<\/title>\n<meta name=\"robots\" content=\"index, follow, max-snippet:-1, max-image-preview:large, max-video-preview:-1\" \/>\n<link rel=\"canonical\" href=\"https:\/\/horticom.ee\/e-pood\/toode\/bio-kaaliumvaetis-vinasse-extract-0-0-38-k2o-viano-25kg\/\" \/>\n<meta property=\"og:locale\" content=\"ru_RU\" \/>\n<meta property=\"og:type\" content=\"article\" \/>\n<meta property=\"og:title\" content=\"BIO Kaaliumv\u00e4etis Vinasse extract 0-0-38 % K2O Viano 25kg - Horticom\" \/>\n<meta property=\"og:description\" content=\"Vinasse on kaaliumirikas (K) v\u00e4etis ja 100% looduslik. Seda v\u00e4etist kasutatakse erinevatel kultuuridel, kuid peamiselt mugulataimedel (sibul, tulp, redis, peet, kartul jne) ja viljakandvatel kultuuridel (maasikas, tomat jne). Vinasse tagab viljade pikema s\u00e4ilimise p\u00e4rast koristamist. Pulber segatakse peamiselt mulda enne istutamise ja\/v\u00f5i k\u00fclvamise alustamist. Toode on saadud suhkrupeedist v\u00f5i suhkruroost.\" \/>\n<meta property=\"og:url\" content=\"https:\/\/horticom.ee\/e-pood\/toode\/bio-kaaliumvaetis-vinasse-extract-0-0-38-k2o-viano-25kg\/\" \/>\n<meta property=\"og:site_name\" content=\"Horticom.ee\" \/>\n<meta property=\"article:publisher\" content=\"https:\/\/www.facebook.com\/horticom.ee\/e-pood\" \/>\n<meta property=\"article:modified_time\" content=\"2026-05-02T00:11:13+00:00\" \/>\n<meta property=\"og:image\" content=\"https:\/\/horticom.ee\/e-pood\/wp-content\/uploads\/importedmedia\/product_2477358_0_PFVIN25.jpg\" \/>\n\t<meta property=\"og:image:width\" content=\"999\" \/>\n\t<meta property=\"og:image:height\" content=\"1746\" \/>\n\t<meta property=\"og:image:type\" content=\"image\/jpeg\" \/>\n<meta name=\"twitter:card\" content=\"summary_large_image\" \/>\n<script type=\"application\/ld+json\" class=\"yoast-schema-graph\">{\"@context\":\"https:\/\/schema.org\",\"@graph\":[{\"@type\":\"WebPage\",\"@id\":\"https:\/\/horticom.ee\/e-pood\/toode\/bio-kaaliumvaetis-vinasse-extract-0-0-38-k2o-viano-25kg\/\",\"url\":\"https:\/\/horticom.ee\/e-pood\/toode\/bio-kaaliumvaetis-vinasse-extract-0-0-38-k2o-viano-25kg\/\",\"name\":\"BIO Kaaliumv\u00e4etis Vinasse extract 0-0-38 % K2O Viano 25kg - Horticom\",\"isPartOf\":{\"@id\":\"https:\/\/horticom.ee\/e-pood\/#website\"},\"primaryImageOfPage\":{\"@id\":\"https:\/\/horticom.ee\/e-pood\/toode\/bio-kaaliumvaetis-vinasse-extract-0-0-38-k2o-viano-25kg\/#primaryimage\"},\"image\":{\"@id\":\"https:\/\/horticom.ee\/e-pood\/toode\/bio-kaaliumvaetis-vinasse-extract-0-0-38-k2o-viano-25kg\/#primaryimage\"},\"thumbnailUrl\":\"https:\/\/horticom.ee\/e-pood\/wp-content\/uploads\/importedmedia\/product_2477358_0_PFVIN25.jpg\",\"datePublished\":\"2025-10-22T10:00:37+00:00\",\"dateModified\":\"2026-05-02T00:11:13+00:00\",\"breadcrumb\":{\"@id\":\"https:\/\/horticom.ee\/e-pood\/toode\/bio-kaaliumvaetis-vinasse-extract-0-0-38-k2o-viano-25kg\/#breadcrumb\"},\"inLanguage\":\"ru-RU\",\"potentialAction\":[{\"@type\":\"ReadAction\",\"target\":[\"https:\/\/horticom.ee\/e-pood\/toode\/bio-kaaliumvaetis-vinasse-extract-0-0-38-k2o-viano-25kg\/\"]}]},{\"@type\":\"ImageObject\",\"inLanguage\":\"ru-RU\",\"@id\":\"https:\/\/horticom.ee\/e-pood\/toode\/bio-kaaliumvaetis-vinasse-extract-0-0-38-k2o-viano-25kg\/#primaryimage\",\"url\":\"https:\/\/horticom.ee\/e-pood\/wp-content\/uploads\/importedmedia\/product_2477358_0_PFVIN25.jpg\",\"contentUrl\":\"https:\/\/horticom.ee\/e-pood\/wp-content\/uploads\/importedmedia\/product_2477358_0_PFVIN25.jpg\",\"width\":999,\"height\":1746},{\"@type\":\"BreadcrumbList\",\"@id\":\"https:\/\/horticom.ee\/e-pood\/toode\/bio-kaaliumvaetis-vinasse-extract-0-0-38-k2o-viano-25kg\/#breadcrumb\",\"itemListElement\":[{\"@type\":\"ListItem\",\"position\":1,\"name\":\"Home\",\"item\":\"https:\/\/horticom.ee\/e-pood\/\"},{\"@type\":\"ListItem\",\"position\":2,\"name\":\"Pood\",\"item\":\"https:\/\/horticom.ee\/e-pood\/pood\/\"},{\"@type\":\"ListItem\",\"position\":3,\"name\":\"BIO Kaaliumv\u00e4etis Vinasse extract 0-0-38 % K2O Viano 25kg\"}]},{\"@type\":\"WebSite\",\"@id\":\"https:\/\/horticom.ee\/e-pood\/#website\",\"url\":\"https:\/\/horticom.ee\/e-pood\/\",\"name\":\"Horticom.ee\",\"description\":\"Aianduskaubad ja kodukaubad nii harrastajatele kui professionaalidele\",\"potentialAction\":[{\"@type\":\"SearchAction\",\"target\":{\"@type\":\"EntryPoint\",\"urlTemplate\":\"https:\/\/horticom.ee\/e-pood\/?s={search_term_string}\"},\"query-input\":{\"@type\":\"PropertyValueSpecification\",\"valueRequired\":true,\"valueName\":\"search_term_string\"}}],\"inLanguage\":\"ru-RU\"}]}<\/script>\n<!-- \/ Yoast SEO plugin. -->","yoast_head_json":{"title":"BIO Kaaliumv\u00e4etis Vinasse extract 0-0-38 % K2O Viano 25kg - Horticom","robots":{"index":"index","follow":"follow","max-snippet":"max-snippet:-1","max-image-preview":"max-image-preview:large","max-video-preview":"max-video-preview:-1"},"canonical":"https:\/\/horticom.ee\/e-pood\/toode\/bio-kaaliumvaetis-vinasse-extract-0-0-38-k2o-viano-25kg\/","og_locale":"ru_RU","og_type":"article","og_title":"BIO Kaaliumv\u00e4etis Vinasse extract 0-0-38 % K2O Viano 25kg - Horticom","og_description":"Vinasse on kaaliumirikas (K) v\u00e4etis ja 100% looduslik. Seda v\u00e4etist kasutatakse erinevatel kultuuridel, kuid peamiselt mugulataimedel (sibul, tulp, redis, peet, kartul jne) ja viljakandvatel kultuuridel (maasikas, tomat jne). Vinasse tagab viljade pikema s\u00e4ilimise p\u00e4rast koristamist. Pulber segatakse peamiselt mulda enne istutamise ja\/v\u00f5i k\u00fclvamise alustamist. Toode on saadud suhkrupeedist v\u00f5i suhkruroost.","og_url":"https:\/\/horticom.ee\/e-pood\/toode\/bio-kaaliumvaetis-vinasse-extract-0-0-38-k2o-viano-25kg\/","og_site_name":"Horticom.ee","article_publisher":"https:\/\/www.facebook.com\/horticom.ee\/e-pood","article_modified_time":"2026-05-02T00:11:13+00:00","og_image":[{"width":999,"height":1746,"url":"https:\/\/horticom.ee\/e-pood\/wp-content\/uploads\/importedmedia\/product_2477358_0_PFVIN25.jpg","type":"image\/jpeg"}],"twitter_card":"summary_large_image","schema":{"@context":"https:\/\/schema.org","@graph":[{"@type":"WebPage","@id":"https:\/\/horticom.ee\/e-pood\/toode\/bio-kaaliumvaetis-vinasse-extract-0-0-38-k2o-viano-25kg\/","url":"https:\/\/horticom.ee\/e-pood\/toode\/bio-kaaliumvaetis-vinasse-extract-0-0-38-k2o-viano-25kg\/","name":"BIO Kaaliumv\u00e4etis Vinasse extract 0-0-38 % K2O Viano 25kg - Horticom","isPartOf":{"@id":"https:\/\/horticom.ee\/e-pood\/#website"},"primaryImageOfPage":{"@id":"https:\/\/horticom.ee\/e-pood\/toode\/bio-kaaliumvaetis-vinasse-extract-0-0-38-k2o-viano-25kg\/#primaryimage"},"image":{"@id":"https:\/\/horticom.ee\/e-pood\/toode\/bio-kaaliumvaetis-vinasse-extract-0-0-38-k2o-viano-25kg\/#primaryimage"},"thumbnailUrl":"https:\/\/horticom.ee\/e-pood\/wp-content\/uploads\/importedmedia\/product_2477358_0_PFVIN25.jpg","datePublished":"2025-10-22T10:00:37+00:00","dateModified":"2026-05-02T00:11:13+00:00","breadcrumb":{"@id":"https:\/\/horticom.ee\/e-pood\/toode\/bio-kaaliumvaetis-vinasse-extract-0-0-38-k2o-viano-25kg\/#breadcrumb"},"inLanguage":"ru-RU","potentialAction":[{"@type":"ReadAction","target":["https:\/\/horticom.ee\/e-pood\/toode\/bio-kaaliumvaetis-vinasse-extract-0-0-38-k2o-viano-25kg\/"]}]},{"@type":"ImageObject","inLanguage":"ru-RU","@id":"https:\/\/horticom.ee\/e-pood\/toode\/bio-kaaliumvaetis-vinasse-extract-0-0-38-k2o-viano-25kg\/#primaryimage","url":"https:\/\/horticom.ee\/e-pood\/wp-content\/uploads\/importedmedia\/product_2477358_0_PFVIN25.jpg","contentUrl":"https:\/\/horticom.ee\/e-pood\/wp-content\/uploads\/importedmedia\/product_2477358_0_PFVIN25.jpg","width":999,"height":1746},{"@type":"BreadcrumbList","@id":"https:\/\/horticom.ee\/e-pood\/toode\/bio-kaaliumvaetis-vinasse-extract-0-0-38-k2o-viano-25kg\/#breadcrumb","itemListElement":[{"@type":"ListItem","position":1,"name":"Home","item":"https:\/\/horticom.ee\/e-pood\/"},{"@type":"ListItem","position":2,"name":"Pood","item":"https:\/\/horticom.ee\/e-pood\/pood\/"},{"@type":"ListItem","position":3,"name":"BIO Kaaliumv\u00e4etis Vinasse extract 0-0-38 % K2O Viano 25kg"}]},{"@type":"WebSite","@id":"https:\/\/horticom.ee\/e-pood\/#website","url":"https:\/\/horticom.ee\/e-pood\/","name":"Horticom.ee","description":"Aianduskaubad ja kodukaubad nii harrastajatele kui professionaalidele","potentialAction":[{"@type":"SearchAction","target":{"@type":"EntryPoint","urlTemplate":"https:\/\/horticom.ee\/e-pood\/?s={search_term_string}"},"query-input":{"@type":"PropertyValueSpecification","valueRequired":true,"valueName":"search_term_string"}}],"inLanguage":"ru-RU"}]}},"_links":{"self":[{"href":"https:\/\/horticom.ee\/e-pood\/ru\/wp-json\/wp\/v2\/product\/2477358","targetHints":{"allow":["GET"]}}],"collection":[{"href":"https:\/\/horticom.ee\/e-pood\/ru\/wp-json\/wp\/v2\/product"}],"about":[{"href":"https:\/\/horticom.ee\/e-pood\/ru\/wp-json\/wp\/v2\/types\/product"}],"replies":[{"embeddable":true,"href":"https:\/\/horticom.ee\/e-pood\/ru\/wp-json\/wp\/v2\/comments?post=2477358"}],"wp:featuredmedia":[{"embeddable":true,"href":"https:\/\/horticom.ee\/e-pood\/ru\/wp-json\/wp\/v2\/media\/2477792"}],"wp:attachment":[{"href":"https:\/\/horticom.ee\/e-pood\/ru\/wp-json\/wp\/v2\/media?parent=2477358"}],"wp:term":[{"taxonomy":"product_cat","embeddable":true,"href":"https:\/\/horticom.ee\/e-pood\/ru\/wp-json\/wp\/v2\/product_cat?post=2477358"},{"taxonomy":"product_tag","embeddable":true,"href":"https:\/\/horticom.ee\/e-pood\/ru\/wp-json\/wp\/v2\/product_tag?post=2477358"}],"curies":[{"name":"wp","href":"https:\/\/api.w.org\/{rel}","templated":true}]}}