{"id":2485345,"date":"2025-10-31T06:00:12","date_gmt":"2025-10-31T04:00:12","guid":{"rendered":"https:\/\/horticom.ee\/e-pood\/toode\/luisk-felco-902-10cm-korund\/"},"modified":"2026-05-03T03:04:14","modified_gmt":"2026-05-03T00:04:14","slug":"luisk-felco-902-10cm-korund","status":"publish","type":"product","link":"https:\/\/horticom.ee\/e-pood\/ru\/toode\/luisk-felco-902-10cm-korund\/","title":{"rendered":"Luisk Felco 902 10cm \/ korund"},"content":{"rendered":"<p>Korundist terituskivi, mis annab k\u00f5rge tulemuse minimaalse pingutuse eest. Kahepoolne, keskmise ja peene tekstuuriga, k\u00f5rge puhtusastmega luisk. Lihtne kasutada, hoiab oma kuju ning on ideaalne erinevatele k\u00e4\u00e4ridele. Tera peab olema terituskivi suhtes \u00f5ige nurga all, tavaliselt 15\u201320\u00b0. Luisk 10cm pikk.<\/p>\n","protected":false},"excerpt":{"rendered":"<p>Korundist terituskivi, mis annab k\u00f5rge tulemuse minimaalse pingutuse eest. Kahepoolne, keskmise ja peene tekstuuriga, k\u00f5rge puhtusastmega luisk. Lihtne kasutada, hoiab oma kuju ning on ideaalne erinevatele k\u00e4\u00e4ridele. Tera peab olema terituskivi suhtes \u00f5ige nurga all, tavaliselt 15\u201320\u00b0. Luisk 10cm pikk.<\/p>\n","protected":false},"featured_media":2485917,"comment_status":"closed","ping_status":"closed","template":"","meta":{"_themeisle_gutenberg_block_has_review":false},"product_cat":[13339,13622],"product_tag":[],"class_list":{"0":"post-2485345","1":"product","2":"type-product","3":"status-publish","4":"has-post-thumbnail","6":"product_cat-hooldusvahendid","7":"product_cat-aiatooriistad-tootjale","9":"first","10":"instock","11":"shipping-taxable","12":"purchasable","13":"product-type-simple"},"yoast_head":"<!-- This site is optimized with the Yoast SEO plugin v24.0 - https:\/\/yoast.com\/wordpress\/plugins\/seo\/ -->\n<title>Luisk Felco 902 10cm \/ korund - Horticom<\/title>\n<meta name=\"robots\" content=\"index, follow, max-snippet:-1, max-image-preview:large, max-video-preview:-1\" \/>\n<link rel=\"canonical\" href=\"https:\/\/horticom.ee\/e-pood\/toode\/luisk-felco-902-10cm-korund\/\" \/>\n<meta property=\"og:locale\" content=\"ru_RU\" \/>\n<meta property=\"og:type\" content=\"article\" \/>\n<meta property=\"og:title\" content=\"Luisk Felco 902 10cm \/ korund - Horticom\" \/>\n<meta property=\"og:description\" content=\"Korundist terituskivi, mis annab k\u00f5rge tulemuse minimaalse pingutuse eest. Kahepoolne, keskmise ja peene tekstuuriga, k\u00f5rge puhtusastmega luisk. Lihtne kasutada, hoiab oma kuju ning on ideaalne erinevatele k\u00e4\u00e4ridele. Tera peab olema terituskivi suhtes \u00f5ige nurga all, tavaliselt 15\u201320\u00b0. Luisk 10cm pikk.\" \/>\n<meta property=\"og:url\" content=\"https:\/\/horticom.ee\/e-pood\/toode\/luisk-felco-902-10cm-korund\/\" \/>\n<meta property=\"og:site_name\" content=\"Horticom.ee\" \/>\n<meta property=\"article:publisher\" content=\"https:\/\/www.facebook.com\/horticom.ee\/e-pood\" \/>\n<meta property=\"article:modified_time\" content=\"2026-05-03T00:04:14+00:00\" \/>\n<meta property=\"og:image\" content=\"https:\/\/horticom.ee\/e-pood\/wp-content\/uploads\/importedmedia\/product_2485345_0_3600086.jpg\" \/>\n\t<meta property=\"og:image:width\" content=\"1000\" \/>\n\t<meta property=\"og:image:height\" content=\"1666\" \/>\n\t<meta property=\"og:image:type\" content=\"image\/jpeg\" \/>\n<meta name=\"twitter:card\" content=\"summary_large_image\" \/>\n<script type=\"application\/ld+json\" class=\"yoast-schema-graph\">{\"@context\":\"https:\/\/schema.org\",\"@graph\":[{\"@type\":\"WebPage\",\"@id\":\"https:\/\/horticom.ee\/e-pood\/toode\/luisk-felco-902-10cm-korund\/\",\"url\":\"https:\/\/horticom.ee\/e-pood\/toode\/luisk-felco-902-10cm-korund\/\",\"name\":\"Luisk Felco 902 10cm \/ korund - Horticom\",\"isPartOf\":{\"@id\":\"https:\/\/horticom.ee\/e-pood\/#website\"},\"primaryImageOfPage\":{\"@id\":\"https:\/\/horticom.ee\/e-pood\/toode\/luisk-felco-902-10cm-korund\/#primaryimage\"},\"image\":{\"@id\":\"https:\/\/horticom.ee\/e-pood\/toode\/luisk-felco-902-10cm-korund\/#primaryimage\"},\"thumbnailUrl\":\"https:\/\/horticom.ee\/e-pood\/wp-content\/uploads\/importedmedia\/product_2485345_0_3600086.jpg\",\"datePublished\":\"2025-10-31T04:00:12+00:00\",\"dateModified\":\"2026-05-03T00:04:14+00:00\",\"breadcrumb\":{\"@id\":\"https:\/\/horticom.ee\/e-pood\/toode\/luisk-felco-902-10cm-korund\/#breadcrumb\"},\"inLanguage\":\"ru-RU\",\"potentialAction\":[{\"@type\":\"ReadAction\",\"target\":[\"https:\/\/horticom.ee\/e-pood\/toode\/luisk-felco-902-10cm-korund\/\"]}]},{\"@type\":\"ImageObject\",\"inLanguage\":\"ru-RU\",\"@id\":\"https:\/\/horticom.ee\/e-pood\/toode\/luisk-felco-902-10cm-korund\/#primaryimage\",\"url\":\"https:\/\/horticom.ee\/e-pood\/wp-content\/uploads\/importedmedia\/product_2485345_0_3600086.jpg\",\"contentUrl\":\"https:\/\/horticom.ee\/e-pood\/wp-content\/uploads\/importedmedia\/product_2485345_0_3600086.jpg\",\"width\":1000,\"height\":1666},{\"@type\":\"BreadcrumbList\",\"@id\":\"https:\/\/horticom.ee\/e-pood\/toode\/luisk-felco-902-10cm-korund\/#breadcrumb\",\"itemListElement\":[{\"@type\":\"ListItem\",\"position\":1,\"name\":\"Home\",\"item\":\"https:\/\/horticom.ee\/e-pood\/\"},{\"@type\":\"ListItem\",\"position\":2,\"name\":\"Pood\",\"item\":\"https:\/\/horticom.ee\/e-pood\/pood\/\"},{\"@type\":\"ListItem\",\"position\":3,\"name\":\"Luisk Felco 902 10cm \/ korund\"}]},{\"@type\":\"WebSite\",\"@id\":\"https:\/\/horticom.ee\/e-pood\/#website\",\"url\":\"https:\/\/horticom.ee\/e-pood\/\",\"name\":\"Horticom.ee\",\"description\":\"Aianduskaubad ja kodukaubad nii harrastajatele kui professionaalidele\",\"potentialAction\":[{\"@type\":\"SearchAction\",\"target\":{\"@type\":\"EntryPoint\",\"urlTemplate\":\"https:\/\/horticom.ee\/e-pood\/?s={search_term_string}\"},\"query-input\":{\"@type\":\"PropertyValueSpecification\",\"valueRequired\":true,\"valueName\":\"search_term_string\"}}],\"inLanguage\":\"ru-RU\"}]}<\/script>\n<!-- \/ Yoast SEO plugin. -->","yoast_head_json":{"title":"Luisk Felco 902 10cm \/ korund - Horticom","robots":{"index":"index","follow":"follow","max-snippet":"max-snippet:-1","max-image-preview":"max-image-preview:large","max-video-preview":"max-video-preview:-1"},"canonical":"https:\/\/horticom.ee\/e-pood\/toode\/luisk-felco-902-10cm-korund\/","og_locale":"ru_RU","og_type":"article","og_title":"Luisk Felco 902 10cm \/ korund - Horticom","og_description":"Korundist terituskivi, mis annab k\u00f5rge tulemuse minimaalse pingutuse eest. Kahepoolne, keskmise ja peene tekstuuriga, k\u00f5rge puhtusastmega luisk. Lihtne kasutada, hoiab oma kuju ning on ideaalne erinevatele k\u00e4\u00e4ridele. Tera peab olema terituskivi suhtes \u00f5ige nurga all, tavaliselt 15\u201320\u00b0. Luisk 10cm pikk.","og_url":"https:\/\/horticom.ee\/e-pood\/toode\/luisk-felco-902-10cm-korund\/","og_site_name":"Horticom.ee","article_publisher":"https:\/\/www.facebook.com\/horticom.ee\/e-pood","article_modified_time":"2026-05-03T00:04:14+00:00","og_image":[{"width":1000,"height":1666,"url":"https:\/\/horticom.ee\/e-pood\/wp-content\/uploads\/importedmedia\/product_2485345_0_3600086.jpg","type":"image\/jpeg"}],"twitter_card":"summary_large_image","schema":{"@context":"https:\/\/schema.org","@graph":[{"@type":"WebPage","@id":"https:\/\/horticom.ee\/e-pood\/toode\/luisk-felco-902-10cm-korund\/","url":"https:\/\/horticom.ee\/e-pood\/toode\/luisk-felco-902-10cm-korund\/","name":"Luisk Felco 902 10cm \/ korund - Horticom","isPartOf":{"@id":"https:\/\/horticom.ee\/e-pood\/#website"},"primaryImageOfPage":{"@id":"https:\/\/horticom.ee\/e-pood\/toode\/luisk-felco-902-10cm-korund\/#primaryimage"},"image":{"@id":"https:\/\/horticom.ee\/e-pood\/toode\/luisk-felco-902-10cm-korund\/#primaryimage"},"thumbnailUrl":"https:\/\/horticom.ee\/e-pood\/wp-content\/uploads\/importedmedia\/product_2485345_0_3600086.jpg","datePublished":"2025-10-31T04:00:12+00:00","dateModified":"2026-05-03T00:04:14+00:00","breadcrumb":{"@id":"https:\/\/horticom.ee\/e-pood\/toode\/luisk-felco-902-10cm-korund\/#breadcrumb"},"inLanguage":"ru-RU","potentialAction":[{"@type":"ReadAction","target":["https:\/\/horticom.ee\/e-pood\/toode\/luisk-felco-902-10cm-korund\/"]}]},{"@type":"ImageObject","inLanguage":"ru-RU","@id":"https:\/\/horticom.ee\/e-pood\/toode\/luisk-felco-902-10cm-korund\/#primaryimage","url":"https:\/\/horticom.ee\/e-pood\/wp-content\/uploads\/importedmedia\/product_2485345_0_3600086.jpg","contentUrl":"https:\/\/horticom.ee\/e-pood\/wp-content\/uploads\/importedmedia\/product_2485345_0_3600086.jpg","width":1000,"height":1666},{"@type":"BreadcrumbList","@id":"https:\/\/horticom.ee\/e-pood\/toode\/luisk-felco-902-10cm-korund\/#breadcrumb","itemListElement":[{"@type":"ListItem","position":1,"name":"Home","item":"https:\/\/horticom.ee\/e-pood\/"},{"@type":"ListItem","position":2,"name":"Pood","item":"https:\/\/horticom.ee\/e-pood\/pood\/"},{"@type":"ListItem","position":3,"name":"Luisk Felco 902 10cm \/ korund"}]},{"@type":"WebSite","@id":"https:\/\/horticom.ee\/e-pood\/#website","url":"https:\/\/horticom.ee\/e-pood\/","name":"Horticom.ee","description":"Aianduskaubad ja kodukaubad nii harrastajatele kui professionaalidele","potentialAction":[{"@type":"SearchAction","target":{"@type":"EntryPoint","urlTemplate":"https:\/\/horticom.ee\/e-pood\/?s={search_term_string}"},"query-input":{"@type":"PropertyValueSpecification","valueRequired":true,"valueName":"search_term_string"}}],"inLanguage":"ru-RU"}]}},"_links":{"self":[{"href":"https:\/\/horticom.ee\/e-pood\/ru\/wp-json\/wp\/v2\/product\/2485345","targetHints":{"allow":["GET"]}}],"collection":[{"href":"https:\/\/horticom.ee\/e-pood\/ru\/wp-json\/wp\/v2\/product"}],"about":[{"href":"https:\/\/horticom.ee\/e-pood\/ru\/wp-json\/wp\/v2\/types\/product"}],"replies":[{"embeddable":true,"href":"https:\/\/horticom.ee\/e-pood\/ru\/wp-json\/wp\/v2\/comments?post=2485345"}],"wp:featuredmedia":[{"embeddable":true,"href":"https:\/\/horticom.ee\/e-pood\/ru\/wp-json\/wp\/v2\/media\/2485917"}],"wp:attachment":[{"href":"https:\/\/horticom.ee\/e-pood\/ru\/wp-json\/wp\/v2\/media?parent=2485345"}],"wp:term":[{"taxonomy":"product_cat","embeddable":true,"href":"https:\/\/horticom.ee\/e-pood\/ru\/wp-json\/wp\/v2\/product_cat?post=2485345"},{"taxonomy":"product_tag","embeddable":true,"href":"https:\/\/horticom.ee\/e-pood\/ru\/wp-json\/wp\/v2\/product_tag?post=2485345"}],"curies":[{"name":"wp","href":"https:\/\/api.w.org\/{rel}","templated":true}]}}